{"id":3974,"date":"2025-03-09T13:18:59","date_gmt":"2025-03-09T13:18:59","guid":{"rendered":"https:\/\/artstella-elixirs-floraux.com\/product\/phoque-a-e-15-ml-phi\/"},"modified":"2025-06-08T12:51:49","modified_gmt":"2025-06-08T12:51:49","slug":"phoque-a-e-15-ml-phi","status":"publish","type":"product","link":"https:\/\/artstella-elixirs-floraux.com\/en\/product\/phoque-a-e-15-ml-phi\/","title":{"rendered":"PHOQUE A.E 15 ML PHI"},"content":{"rendered":"<p><strong><em>Phoque (Phoca vitulina) Seehund <\/em><\/strong>Am\u00e9liore la compr\u00e9hension pour le jeu. Nous apprenons \u00e0 glisser \u00e0 travers la vie et \u00e0 contourner les obstacles, \u00e0 \u00eatre plus contents et joyeux. Il convient pour les personnes qui n\u2019ont pas encore d\u00e9velopp\u00e9 ce potentiel et qui se sentent bloqu\u00e9s par les obstacles. Il lib\u00e8re des soucis et de la peur et am\u00e8ne un peu de \u00ab\u00a0jeu\u00a0\u00bb dans le s\u00e9rieux de la vie.<\/p>","protected":false},"excerpt":{"rendered":"<p><strong><em>Phoque (Phoca vitulina) Seehund <\/em><\/strong>Am\u00e9liore la compr\u00e9hension pour le jeu.<\/p>","protected":false},"featured_media":3975,"template":"","meta":[],"product_brand":[],"product_cat":[137],"product_tag":[],"class_list":{"0":"post-3974","1":"product","2":"type-product","3":"status-publish","4":"has-post-thumbnail","6":"product_cat-les-elixirs-d-animlaux-europeens","8":"first","9":"instock","10":"taxable","11":"shipping-taxable","12":"purchasable","13":"product-type-simple"},"etheme_brands":{"errors":{"invalid_taxonomy":["Invalid taxonomy."]},"error_data":[]},"jetpack_sharing_enabled":true,"jetpack-related-posts":[{"id":4267,"url":"https:\/\/artstella-elixirs-floraux.com\/en\/product\/seal-phoque-wea-30-ml\/","url_meta":{"origin":3974,"position":0},"title":"SEAL\/PHOQUE WEA 30 ML","author":"eveapprill","date":"9 March 2025","format":false,"excerpt":"Seal (phoque) En grand Ma\u00eetre de la facilit\u00e9 et de l\u2019aisance, Seal aide \u00e0 faire l\u2019effort et ensuite \u00e0 permettre aux choses de se d\u00e9rouler naturellement. Pour traverser la vie avec gr\u00e2ce et aisance, et pour se sentir bien et \u00e0 l\u2019aise dans son corps.","rel":"","context":"Similar post","block_context":{"text":"Similar post","link":""},"img":{"alt_text":"","src":"","width":0,"height":0},"classes":[]},{"id":4561,"url":"https:\/\/artstella-elixirs-floraux.com\/en\/product\/coffret-20-elixirs-danimaux-europeens\/","url_meta":{"origin":3974,"position":1},"title":"COFFRET 20 \u00e9lixirs d&rsquo;ANIMAUX EUROPEENS","author":"eveapprill","date":"9 March 2025","format":false,"excerpt":"Contient 20 \u00e9lixirs d'animaux europ\u00e9ens. Ours, Salamandre, Grenouille, Lapin, Libellule, Papillon de Nuit, Paon, Cheval, Chevreuil, Boeuf, Mouton, Papillon, Cygne, Phoque, Araign\u00e9e, Bouquetin, Cigogne, Grand duc, Bison, Loup","rel":"","context":"Similar post","block_context":{"text":"Similar post","link":""},"img":{"alt_text":"","src":"https:\/\/i0.wp.com\/artstella-elixirs-floraux.com\/wp-content\/uploads\/2025\/03\/wp-image1163.png?resize=350%2C200&ssl=1","width":350,"height":200,"srcset":"https:\/\/i0.wp.com\/artstella-elixirs-floraux.com\/wp-content\/uploads\/2025\/03\/wp-image1163.png?resize=350%2C200&ssl=1 1x, https:\/\/i0.wp.com\/artstella-elixirs-floraux.com\/wp-content\/uploads\/2025\/03\/wp-image1163.png?resize=525%2C300&ssl=1 1.5x, https:\/\/i0.wp.com\/artstella-elixirs-floraux.com\/wp-content\/uploads\/2025\/03\/wp-image1163.png?resize=700%2C400&ssl=1 2x"},"classes":[]},{"id":6268,"url":"https:\/\/artstella-elixirs-floraux.com\/en\/product\/abutilon-sylfos-15ml\/","url_meta":{"origin":3974,"position":2},"title":"ABUTILON SYLFOS 15ML","author":"eveapprill","date":"9 March 2025","format":false,"excerpt":"ABUTILON (Abutilon pictum) Compr\u00e9hension et Appr\u00e9ciation de l\u2019exp\u00e9rience Permet l'expression du chagrin. Active les souvenirs profonds. Am\u00e9liore la cr\u00e9ativit\u00e9. Nettoie le chagrin qui obscurcit nos racines originelles, permettant une meilleure compr\u00e9hension de notre v\u00e9ritable t\u00e2che dans la vie.","rel":"","context":"Similar post","block_context":{"text":"Similar post","link":""},"img":{"alt_text":"","src":"https:\/\/i0.wp.com\/artstella-elixirs-floraux.com\/wp-content\/uploads\/2025\/03\/wp-image2224.png?resize=350%2C200&ssl=1","width":350,"height":200},"classes":[]},{"id":5988,"url":"https:\/\/artstella-elixirs-floraux.com\/en\/product\/belladonna-sylfos-15-ml\/","url_meta":{"origin":3974,"position":3},"title":"BELLADONNA SYLFOS 15 ML","author":"eveapprill","date":"9 March 2025","format":false,"excerpt":"BELLADONNA\u00a0 Belladone atropa\u00a0 \u00a0Ouverture du c\u0153ur - Nettoyage spirituel interne et externe.\u00a0 Aide \u00e0 se lib\u00e9rer des formes-pens\u00e9es n\u00e9gatives. Permet de voir les raisons pour lesquelles nous mettons des obstacles dans notre vie et de d\u00e9couvrir comment les surmonter.","rel":"","context":"Similar post","block_context":{"text":"Similar post","link":""},"img":{"alt_text":"","src":"https:\/\/i0.wp.com\/artstella-elixirs-floraux.com\/wp-content\/uploads\/2025\/03\/wp-image2013.png?resize=350%2C200&ssl=1","width":350,"height":200},"classes":[]},{"id":5576,"url":"https:\/\/artstella-elixirs-floraux.com\/en\/product\/retriever-joie-et-jeu-30ml\/","url_meta":{"origin":3974,"position":4},"title":"Retriever \/ joie et jeu 30ml","author":"eveapprill","date":"9 March 2025","format":false,"excerpt":"Retriever \/ joie et jeu Pour exp\u00e9rimenter la joie et l\u2019exub\u00e9rance d\u2019\u00eatre en vie. Pour les sentiments de gaiet\u00e9, joie et enchantement enfantin. \u00ab Allons jouer ! \u00bb. Pour vivre chaque moment avec enthousiasme et joie. Aide \u00e0 accomplir les t\u00e2ches r\u00e9p\u00e9titives avec bonheur et grande joie plut\u00f4t qu\u2019avec ennui\u2026","rel":"","context":"Similar post","block_context":{"text":"Similar post","link":""},"img":{"alt_text":"","src":"https:\/\/i0.wp.com\/artstella-elixirs-floraux.com\/wp-content\/uploads\/2025\/03\/3e1c3a1f-62a4-4440-8a10-b0c766b16052.jpg?resize=350%2C200&ssl=1","width":350,"height":200,"srcset":"https:\/\/i0.wp.com\/artstella-elixirs-floraux.com\/wp-content\/uploads\/2025\/03\/3e1c3a1f-62a4-4440-8a10-b0c766b16052.jpg?resize=350%2C200&ssl=1 1x, https:\/\/i0.wp.com\/artstella-elixirs-floraux.com\/wp-content\/uploads\/2025\/03\/3e1c3a1f-62a4-4440-8a10-b0c766b16052.jpg?resize=525%2C300&ssl=1 1.5x, https:\/\/i0.wp.com\/artstella-elixirs-floraux.com\/wp-content\/uploads\/2025\/03\/3e1c3a1f-62a4-4440-8a10-b0c766b16052.jpg?resize=700%2C400&ssl=1 2x"},"classes":[]},{"id":5418,"url":"https:\/\/artstella-elixirs-floraux.com\/en\/product\/clematite-bosrank-10ml\/","url_meta":{"origin":3974,"position":5},"title":"Cl\u00e9matite BOSRANK 10ML","author":"eveapprill","date":"9 March 2025","format":false,"excerpt":"Cet \u00e9lixir a \u00e9t\u00e9 pr\u00e9par\u00e9 dans les montagnes entre la France et l\u2019Espagne. Cette cl\u00e9matite sert non seulement \u00e0 \u00eatre plus \u00e9veill\u00e9 mais apporte une compr\u00e9hension claire de nos actions.\u00a0","rel":"","context":"Similar post","block_context":{"text":"Similar post","link":""},"img":{"alt_text":"","src":"","width":0,"height":0},"classes":[]}],"_links":{"self":[{"href":"https:\/\/artstella-elixirs-floraux.com\/en\/wp-json\/wp\/v2\/product\/3974","targetHints":{"allow":["GET"]}}],"collection":[{"href":"https:\/\/artstella-elixirs-floraux.com\/en\/wp-json\/wp\/v2\/product"}],"about":[{"href":"https:\/\/artstella-elixirs-floraux.com\/en\/wp-json\/wp\/v2\/types\/product"}],"version-history":[{"count":0,"href":"https:\/\/artstella-elixirs-floraux.com\/en\/wp-json\/wp\/v2\/product\/3974\/revisions"}],"wp:featuredmedia":[{"embeddable":true,"href":"https:\/\/artstella-elixirs-floraux.com\/en\/wp-json\/wp\/v2\/media\/3975"}],"wp:attachment":[{"href":"https:\/\/artstella-elixirs-floraux.com\/en\/wp-json\/wp\/v2\/media?parent=3974"}],"wp:term":[{"taxonomy":"product_brand","embeddable":true,"href":"https:\/\/artstella-elixirs-floraux.com\/en\/wp-json\/wp\/v2\/product_brand?post=3974"},{"taxonomy":"product_cat","embeddable":true,"href":"https:\/\/artstella-elixirs-floraux.com\/en\/wp-json\/wp\/v2\/product_cat?post=3974"},{"taxonomy":"product_tag","embeddable":true,"href":"https:\/\/artstella-elixirs-floraux.com\/en\/wp-json\/wp\/v2\/product_tag?post=3974"}],"curies":[{"name":"wp","href":"https:\/\/api.w.org\/{rel}","templated":true}]}}