{"id":3976,"date":"2025-03-09T13:19:00","date_gmt":"2025-03-09T13:19:00","guid":{"rendered":"https:\/\/artstella-elixirs-floraux.com\/product\/elephant-15-ml-phi\/"},"modified":"2025-06-08T12:51:49","modified_gmt":"2025-06-08T12:51:49","slug":"elephant-15-ml-phi","status":"publish","type":"product","link":"https:\/\/artstella-elixirs-floraux.com\/en\/product\/elephant-15-ml-phi\/","title":{"rendered":"ELEPHANT 15 ML PHI"},"content":{"rendered":"<p><strong><em>\u00c9l\u00e9phant (Loxodonta africana) <\/em><\/strong>aide les personnes sensibles qui hyper-r\u00e9agissent face \u00e0 leur environnement, \u00e0 mieux se prot\u00e9ger et d\u00e9fendre leurs limites. Il aide \u00e0 avoir la \u00ab\u00a0peau \u00e9paisse\u00a0\u00bb. Il aide \u00e9galement \u00e0 d\u00e9velopper le c\u00f4t\u00e9 noble en l\u2019homme, pour plus de d\u00e9licatesse et de sentiments. Pour avoir les oreilles grandes ouvertes sur ce qui se passe autour de nous.<\/p>","protected":false},"excerpt":{"rendered":"<p><strong><em>\u00c9l\u00e9phant (Loxodonta africana) <\/em><\/strong>aide les personnes sensibles qui hyper-r\u00e9agissent face \u00e0 leur environnement, \u00e0 mieux se prot\u00e9ger et d\u00e9fendre leurs limites. Il aide \u00e0 avoir la \u00ab\u00a0peau \u00e9paisse\u00a0\u00bb.<\/p>","protected":false},"featured_media":3977,"template":"","meta":[],"product_brand":[],"product_cat":[102],"product_tag":[],"class_list":{"0":"post-3976","1":"product","2":"type-product","3":"status-publish","4":"has-post-thumbnail","6":"product_cat-les-elixirs-d-animaux-d-afrique","8":"first","9":"instock","10":"taxable","11":"shipping-taxable","12":"purchasable","13":"product-type-simple"},"etheme_brands":{"errors":{"invalid_taxonomy":["Invalid taxonomy."]},"error_data":[]},"jetpack_sharing_enabled":true,"jetpack-related-posts":[{"id":4227,"url":"https:\/\/artstella-elixirs-floraux.com\/en\/product\/elephant-wea-30-ml\/","url_meta":{"origin":3976,"position":0},"title":"ELEPHANT WEA 30 ML","author":"eveapprill","date":"9 March 2025","format":false,"excerpt":"Elephant Pour \u00e9tablir un ancrage profond et une expansion spirituelle. Favorise la communication t\u00e9l\u00e9pathique au-del\u00e0 des distances, et aide \u00e0 \u00e9couter les autres et soi-m\u00eame. Pour se souvenir de ce qui est important.","rel":"","context":"Similar post","block_context":{"text":"Similar post","link":""},"img":{"alt_text":"","src":"https:\/\/i0.wp.com\/artstella-elixirs-floraux.com\/wp-content\/uploads\/2025\/03\/wp-image2257.png?resize=350%2C200&ssl=1","width":350,"height":200,"srcset":"https:\/\/i0.wp.com\/artstella-elixirs-floraux.com\/wp-content\/uploads\/2025\/03\/wp-image2257.png?resize=350%2C200&ssl=1 1x, https:\/\/i0.wp.com\/artstella-elixirs-floraux.com\/wp-content\/uploads\/2025\/03\/wp-image2257.png?resize=525%2C300&ssl=1 1.5x, https:\/\/i0.wp.com\/artstella-elixirs-floraux.com\/wp-content\/uploads\/2025\/03\/wp-image2257.png?resize=700%2C400&ssl=1 2x, https:\/\/i0.wp.com\/artstella-elixirs-floraux.com\/wp-content\/uploads\/2025\/03\/wp-image2257.png?resize=1050%2C600&ssl=1 3x"},"classes":[]},{"id":4088,"url":"https:\/\/artstella-elixirs-floraux.com\/en\/product\/arbol-de-mariposa-fleur-sylfos-15ml\/","url_meta":{"origin":3976,"position":1},"title":"ARBOL DE MARIPOSA FLEUR SYLFOS 15ML","author":"eveapprill","date":"9 March 2025","format":false,"excerpt":"ARBRE\u00a0 AUX PAPILLONS \/ ARBOL DE MARIPOSAS Butterfly-Bush\u00a0\u00a0\u00a0\u00a0Buddleja davidii Pour ceux qui ont besoin de faire un changement dans leur vie et qui reconnaissent avoir besoin d\u2019une aide spirituelle. Recommand\u00e9 pour les personnes qui n\u2019arrivent pas \u00e0 avancer \u00e0 cause de l\u2019orgueil ou qui r\u00e9agissent de fa\u00e7on n\u00e9gative face aux\u2026","rel":"","context":"Similar post","block_context":{"text":"Similar post","link":""},"img":{"alt_text":"","src":"","width":0,"height":0},"classes":[]},{"id":5283,"url":"https:\/\/artstella-elixirs-floraux.com\/en\/product\/complexe-n4-protection-emotionelle-deva-30ml\/","url_meta":{"origin":3976,"position":2},"title":"COMPLEXE N\u00b04 Protection \u00e9motionelle DEVA 30ml","author":"eveapprill","date":"9 March 2025","format":false,"excerpt":"COMPLEXE N\u00b04 PROTECTION \u00c9MOTIONNELLE est conseill\u00e9 \u00e0 ceux qui se sentent vuln\u00e9rables, fragiles, en ins\u00e9curit\u00e9 face aux autres et \u00e0 leur environnement. Recommand\u00e9 aux personnes \u00e9motives, sensibles ou facilement influen\u00e7ables. Il aide \u00e0 se prot\u00e9ger de le n\u00e9gativit\u00e9 ambiante.","rel":"","context":"Similar post","block_context":{"text":"Similar post","link":""},"img":{"alt_text":"","src":"https:\/\/i0.wp.com\/artstella-elixirs-floraux.com\/wp-content\/uploads\/2025\/03\/cb8ab318-97e5-4fe9-8283-e7796df4bc23.jpg?resize=350%2C200&ssl=1","width":350,"height":200,"srcset":"https:\/\/i0.wp.com\/artstella-elixirs-floraux.com\/wp-content\/uploads\/2025\/03\/cb8ab318-97e5-4fe9-8283-e7796df4bc23.jpg?resize=350%2C200&ssl=1 1x, https:\/\/i0.wp.com\/artstella-elixirs-floraux.com\/wp-content\/uploads\/2025\/03\/cb8ab318-97e5-4fe9-8283-e7796df4bc23.jpg?resize=525%2C300&ssl=1 1.5x, https:\/\/i0.wp.com\/artstella-elixirs-floraux.com\/wp-content\/uploads\/2025\/03\/cb8ab318-97e5-4fe9-8283-e7796df4bc23.jpg?resize=700%2C400&ssl=1 2x"},"classes":[]},{"id":12351,"url":"https:\/\/artstella-elixirs-floraux.com\/en\/product\/lapis-lazuli-15-ml-sylfos\/","url_meta":{"origin":3976,"position":3},"title":"LAPIS LAZULI 15 ml Sylfos","author":"eveapprill","date":"16 March 2026","format":false,"excerpt":"La labradorite prot\u00e8ge le champ \u00e9nerg\u00e9tique et renforce l'intuition. Elle est utile pour les personnes sensibles ou dans les environnements charg\u00e9s. Elle aide \u00e0 \u00e9viter l'absorption \u00e9motionnelle externe et \u00e0 faire confiance \u00e0 sa propre perception. Son \u00e9nergie apporte clart\u00e9, protection et \u00e9quilibre.","rel":"","context":"Similar post","block_context":{"text":"Similar post","link":""},"img":{"alt_text":"","src":"https:\/\/i0.wp.com\/artstella-elixirs-floraux.com\/wp-content\/uploads\/2026\/03\/LapisLazuli_1.png?resize=350%2C200&ssl=1","width":350,"height":200},"classes":[]},{"id":5446,"url":"https:\/\/artstella-elixirs-floraux.com\/en\/product\/sensitive-mimosa-pudica-10-ml-bl\/","url_meta":{"origin":3976,"position":4},"title":"Sensitive &#8211; Mimosa pudica 10 ML BL","author":"eveapprill","date":"9 March 2025","format":false,"excerpt":"Mimosa \/ Mimosa pudica (sensitive weed)\u00a0\u00a0\u00a0\u00a0\u00a0\u00a0\u00a0\u00a0\u00a0 Stimule l\u2019\u00e2me et apporte stabilit\u00e9, clart\u00e9 et force du mental. Pour choisir son chemin avec certitude et ne pas se laisser d\u00e9vier. Quand on se sent \u00e9touff\u00e9 par l\u2019autre ou pris dans un espace trop \u00e9troit.","rel":"","context":"Similar post","block_context":{"text":"Similar post","link":""},"img":{"alt_text":"","src":"","width":0,"height":0},"classes":[]},{"id":5160,"url":"https:\/\/artstella-elixirs-floraux.com\/en\/product\/corail-de-feu-millepora-dichotoma-feuerkoralle\/","url_meta":{"origin":3976,"position":5},"title":"Corail de feu (Millepora dichotoma) Feuerkoralle","author":"eveapprill","date":"9 March 2025","format":false,"excerpt":"Corail de feu\u00a0\u00a0 (Millepora dichotoma) Feuerkoralle\u00a0\u00a0 Cet \u00e9lixir exerce une action \u00e9nerg\u00e9tique sur la peau. Il soutient en cas d\u2019hypersensibilit\u00e9, de r\u00e9actions conditionn\u00e9es ou de r\u00e9pulsions.","rel":"","context":"Similar post","block_context":{"text":"Similar post","link":""},"img":{"alt_text":"","src":"","width":0,"height":0},"classes":[]}],"_links":{"self":[{"href":"https:\/\/artstella-elixirs-floraux.com\/en\/wp-json\/wp\/v2\/product\/3976","targetHints":{"allow":["GET"]}}],"collection":[{"href":"https:\/\/artstella-elixirs-floraux.com\/en\/wp-json\/wp\/v2\/product"}],"about":[{"href":"https:\/\/artstella-elixirs-floraux.com\/en\/wp-json\/wp\/v2\/types\/product"}],"version-history":[{"count":0,"href":"https:\/\/artstella-elixirs-floraux.com\/en\/wp-json\/wp\/v2\/product\/3976\/revisions"}],"wp:featuredmedia":[{"embeddable":true,"href":"https:\/\/artstella-elixirs-floraux.com\/en\/wp-json\/wp\/v2\/media\/3977"}],"wp:attachment":[{"href":"https:\/\/artstella-elixirs-floraux.com\/en\/wp-json\/wp\/v2\/media?parent=3976"}],"wp:term":[{"taxonomy":"product_brand","embeddable":true,"href":"https:\/\/artstella-elixirs-floraux.com\/en\/wp-json\/wp\/v2\/product_brand?post=3976"},{"taxonomy":"product_cat","embeddable":true,"href":"https:\/\/artstella-elixirs-floraux.com\/en\/wp-json\/wp\/v2\/product_cat?post=3976"},{"taxonomy":"product_tag","embeddable":true,"href":"https:\/\/artstella-elixirs-floraux.com\/en\/wp-json\/wp\/v2\/product_tag?post=3976"}],"curies":[{"name":"wp","href":"https:\/\/api.w.org\/{rel}","templated":true}]}}