{"id":3978,"date":"2025-03-09T13:19:01","date_gmt":"2025-03-09T13:19:01","guid":{"rendered":"https:\/\/artstella-elixirs-floraux.com\/product\/abeille-phi-15ml\/"},"modified":"2025-06-08T12:51:48","modified_gmt":"2025-06-08T12:51:48","slug":"abeille-phi-15ml","status":"publish","type":"product","link":"https:\/\/artstella-elixirs-floraux.com\/en\/product\/abeille-phi-15ml\/","title":{"rendered":"ABEILLE PHI 15ML"},"content":{"rendered":"","protected":false},"excerpt":{"rendered":"<p><strong><em>Abeille<\/em><\/strong> (Apis) Biene L\u2019\u00e9lixir apporte l\u00e9g\u00e8ret\u00e9, chaleur et force, ainsi que le sens du travail en commun.Il est actuellement test\u00e9 pour soutenir les abeilles.<\/p>\n<p>\u00a0<\/p>","protected":false},"featured_media":3979,"template":"","meta":[],"product_brand":[],"product_cat":[101],"product_tag":[],"class_list":{"0":"post-3978","1":"product","2":"type-product","3":"status-publish","4":"has-post-thumbnail","6":"product_cat-divers","8":"first","9":"instock","10":"taxable","11":"shipping-taxable","12":"purchasable","13":"product-type-simple"},"etheme_brands":{"errors":{"invalid_taxonomy":["Invalid taxonomy."]},"error_data":[]},"jetpack_sharing_enabled":true,"jetpack-related-posts":[{"id":5866,"url":"https:\/\/artstella-elixirs-floraux.com\/en\/product\/abeille-bee-apis-mellifera-15-ml-phi\/","url_meta":{"origin":3978,"position":0},"title":"Abeille &#8211; Bee (Apis mellifera) 15 ml PHI","author":"eveapprill","date":"9 March 2025","format":false,"excerpt":"Abeille - Bee (Apis mellifera) Cet \u00e9lixir \u00e9nerg\u00e9tique nous ouvre \u00e0 la joie et \u00e0 lumi\u00e8re int\u00e9rieure. Il aide \u00e0 \u00e9quilibrer \u00e9nerg\u00e9tiquement le sucre dans le corps. Nous apprenons \u00e0 ouvrir notre c\u0153ur et \u00e0 appr\u00e9cier la douceur de la vie.","rel":"","context":"Similar post","block_context":{"text":"Similar post","link":""},"img":{"alt_text":"","src":"","width":0,"height":0},"classes":[]},{"id":5532,"url":"https:\/\/artstella-elixirs-floraux.com\/en\/product\/coffret-10-animaux-n2-phi-15ml\/","url_meta":{"origin":3978,"position":1},"title":"COFFRET 10 ANIMAUX N\u00b02 PHI 15ML","author":"eveapprill","date":"9 March 2025","format":false,"excerpt":"Coffret n\u00b0 2 10 \u00e9lixirs d'animaux Contient : Alligator, Lamantin, Anaconda, Fourmi, Abeille, Chameau, Flamant rouge, Gibbon, Girafe, Gorille.","rel":"","context":"Similar post","block_context":{"text":"Similar post","link":""},"img":{"alt_text":"","src":"https:\/\/i0.wp.com\/artstella-elixirs-floraux.com\/wp-content\/uploads\/2025\/03\/wp-image1761.png?resize=350%2C200&ssl=1","width":350,"height":200},"classes":[]},{"id":3598,"url":"https:\/\/artstella-elixirs-floraux.com\/en\/product\/lessaim-du-paradis-ltoe-15-ml\/","url_meta":{"origin":3978,"position":2},"title":"L\u2019essaim du Paradis LTOE 15 ml","author":"eveapprill","date":"9 March 2025","format":false,"excerpt":"Hive of Heaven \/ L\u2019essaim du Paradis Les fleurs de cette tr\u00e8s petite orchid\u00e9e d\u2019Afrique centrale, ressemblent aux abeilles en essaim.\u00a0","rel":"","context":"Similar post","block_context":{"text":"Similar post","link":""},"img":{"alt_text":"","src":"https:\/\/i0.wp.com\/artstella-elixirs-floraux.com\/wp-content\/uploads\/2025\/03\/42766b56-eb8d-47f2-8c5e-fff3c1021007.jpg?resize=350%2C200&ssl=1","width":350,"height":200,"srcset":"https:\/\/i0.wp.com\/artstella-elixirs-floraux.com\/wp-content\/uploads\/2025\/03\/42766b56-eb8d-47f2-8c5e-fff3c1021007.jpg?resize=350%2C200&ssl=1 1x, https:\/\/i0.wp.com\/artstella-elixirs-floraux.com\/wp-content\/uploads\/2025\/03\/42766b56-eb8d-47f2-8c5e-fff3c1021007.jpg?resize=525%2C300&ssl=1 1.5x, https:\/\/i0.wp.com\/artstella-elixirs-floraux.com\/wp-content\/uploads\/2025\/03\/42766b56-eb8d-47f2-8c5e-fff3c1021007.jpg?resize=700%2C400&ssl=1 2x"},"classes":[]}],"_links":{"self":[{"href":"https:\/\/artstella-elixirs-floraux.com\/en\/wp-json\/wp\/v2\/product\/3978","targetHints":{"allow":["GET"]}}],"collection":[{"href":"https:\/\/artstella-elixirs-floraux.com\/en\/wp-json\/wp\/v2\/product"}],"about":[{"href":"https:\/\/artstella-elixirs-floraux.com\/en\/wp-json\/wp\/v2\/types\/product"}],"version-history":[{"count":0,"href":"https:\/\/artstella-elixirs-floraux.com\/en\/wp-json\/wp\/v2\/product\/3978\/revisions"}],"wp:featuredmedia":[{"embeddable":true,"href":"https:\/\/artstella-elixirs-floraux.com\/en\/wp-json\/wp\/v2\/media\/3979"}],"wp:attachment":[{"href":"https:\/\/artstella-elixirs-floraux.com\/en\/wp-json\/wp\/v2\/media?parent=3978"}],"wp:term":[{"taxonomy":"product_brand","embeddable":true,"href":"https:\/\/artstella-elixirs-floraux.com\/en\/wp-json\/wp\/v2\/product_brand?post=3978"},{"taxonomy":"product_cat","embeddable":true,"href":"https:\/\/artstella-elixirs-floraux.com\/en\/wp-json\/wp\/v2\/product_cat?post=3978"},{"taxonomy":"product_tag","embeddable":true,"href":"https:\/\/artstella-elixirs-floraux.com\/en\/wp-json\/wp\/v2\/product_tag?post=3978"}],"curies":[{"name":"wp","href":"https:\/\/api.w.org\/{rel}","templated":true}]}}