{"id":3980,"date":"2025-03-09T13:19:02","date_gmt":"2025-03-09T13:19:02","guid":{"rendered":"https:\/\/artstella-elixirs-floraux.com\/product\/alfalfa-lotus-10-ml-sylfos\/"},"modified":"2025-08-07T07:47:08","modified_gmt":"2025-08-07T07:47:08","slug":"alfalfa-lotus-10-ml-sylfos","status":"publish","type":"product","link":"https:\/\/artstella-elixirs-floraux.com\/en\/product\/alfalfa-lotus-10-ml-sylfos\/","title":{"rendered":"ALFALFA \/ LOTUS CORNICULE SYLFOS"},"content":{"rendered":"","protected":false},"excerpt":{"rendered":"<p><strong>ALFALFA CHILOTA <\/strong>Lotus cornicolatus<\/p>\n<p>Compr\u00e9hension, communication, apaisement. Pour les personnes renferm\u00e9es sur elles-m\u00eames. Facilite la compr\u00e9hension des \u00e9v\u00e9nements et des comportements humains. Aide \u00e0 ne pas se perdre dans les d\u00e9tails et \u00e0 se focaliser sur l\u2019essentiel. Pour la tendance aux pens\u00e9es r\u00e9p\u00e9titives fig\u00e9es dans les d\u00e9tails au d\u00e9triment de la vue d\u2019ensemble.<\/p>","protected":false},"featured_media":3981,"template":"","meta":[],"product_brand":[],"product_cat":[104],"product_tag":[],"class_list":{"0":"post-3980","1":"product","2":"type-product","3":"status-publish","4":"has-post-thumbnail","6":"product_cat-les-fleurs-andines","8":"first","9":"instock","10":"taxable","11":"shipping-taxable","12":"purchasable","13":"product-type-variable"},"etheme_brands":{"errors":{"invalid_taxonomy":["Invalid taxonomy."]},"error_data":[]},"jetpack_sharing_enabled":true,"jetpack-related-posts":[{"id":5229,"url":"https:\/\/artstella-elixirs-floraux.com\/en\/product\/creme-lotus\/","url_meta":{"origin":3980,"position":0},"title":"Cr\u00e8me Lotus","author":"eveapprill","date":"9 March 2025","format":false,"excerpt":"Cr\u00e8me Lotus La Cr\u00e8me de Lotus est r\u00e9alis\u00e9e avec l\u2019\u00e9nergie de la fleur de lotus, du lilas et de l\u2019orchid\u00e9e Limodorum abortivum. Vous pouvez utiliser cette cr\u00e8me pour vos soins corporels et de visage quotidiens. Elle r\u00e9tablit l'\u00e9quilibre \u00e9nerg\u00e9tique de la peau et contribue par son action de d\u00e9tente \u00e0\u2026","rel":"","context":"Similar post","block_context":{"text":"Similar post","link":""},"img":{"alt_text":"","src":"https:\/\/i0.wp.com\/artstella-elixirs-floraux.com\/wp-content\/uploads\/2025\/03\/aea4d170-3831-49f5-b2aa-2524b51c96de.jpg?resize=350%2C200&ssl=1","width":350,"height":200,"srcset":"https:\/\/i0.wp.com\/artstella-elixirs-floraux.com\/wp-content\/uploads\/2025\/03\/aea4d170-3831-49f5-b2aa-2524b51c96de.jpg?resize=350%2C200&ssl=1 1x, https:\/\/i0.wp.com\/artstella-elixirs-floraux.com\/wp-content\/uploads\/2025\/03\/aea4d170-3831-49f5-b2aa-2524b51c96de.jpg?resize=525%2C300&ssl=1 1.5x, https:\/\/i0.wp.com\/artstella-elixirs-floraux.com\/wp-content\/uploads\/2025\/03\/aea4d170-3831-49f5-b2aa-2524b51c96de.jpg?resize=700%2C400&ssl=1 2x"},"classes":[]},{"id":3254,"url":"https:\/\/artstella-elixirs-floraux.com\/en\/product\/lotus-15-ml-phi\/","url_meta":{"origin":3980,"position":1},"title":"LOTUS 15 ML PHI","author":"eveapprill","date":"9 March 2025","format":false,"excerpt":"Lotus (Nelumbo nucifera) (Lotus) Pour l'harmonie dans tous les domaines. Le lotus peut \u00eatre consid\u00e9r\u00e9 comme une fleur universelle. Il lib\u00e8re le chakra coronal pour la communication avec les chakras sup\u00e9rieurs.","rel":"","context":"Similar post","block_context":{"text":"Similar post","link":""},"img":{"alt_text":"","src":"","width":0,"height":0},"classes":[]},{"id":5718,"url":"https:\/\/artstella-elixirs-floraux.com\/en\/product\/lotus-15-ml-deva\/","url_meta":{"origin":3980,"position":2},"title":"Lotus 15 ml DEVA","author":"eveapprill","date":"9 March 2025","format":false,"excerpt":"Lotus Epanouissement, ouverture spirituelle. Elixir universel s\u2019adressant \u00e0 tous les aspects de l\u2019\u00eatre humain. Dynamise et amplifie les autres rem\u00e8des.","rel":"","context":"Similar post","block_context":{"text":"Similar post","link":""},"img":{"alt_text":"","src":"https:\/\/i0.wp.com\/artstella-elixirs-floraux.com\/wp-content\/uploads\/2025\/03\/wp-image2416.png?resize=350%2C200&ssl=1","width":350,"height":200},"classes":[]},{"id":4518,"url":"https:\/\/artstella-elixirs-floraux.com\/en\/product\/rq7\/","url_meta":{"origin":3980,"position":3},"title":"RQ7","author":"eveapprill","date":"27 May 2025","format":false,"excerpt":"RQ7 M\u00e9lange de fleurs faisant partie de la gamme des fleurs classiques mises au point par le Dr Bach. Cet \u00e9lixir correspond au rem\u00e8de d\u2019urgence traditionnel. A. Korte y a ajout\u00e9 le Lotus pour l\u2019harmonisation et la Brunelle pour l\u2019auto gu\u00e9rison. Cet \u00e9lixir combat le stress, r\u00e9\u00e9quilibre et r\u00e9 harmonise\u2026","rel":"","context":"Similar post","block_context":{"text":"Similar post","link":""},"img":{"alt_text":"","src":"","width":0,"height":0},"classes":[]},{"id":2915,"url":"https:\/\/artstella-elixirs-floraux.com\/en\/product\/rq7-phi\/","url_meta":{"origin":3980,"position":4},"title":"RQ7 PHI","author":"eveapprill","date":"9 March 2025","format":false,"excerpt":"\u00a0RQ7 - Rem\u00e8de d\u2019urgence aux sept fleurs Ce m\u00e9lange comprend les cinq fleurs du RQ5 ainsi que la brunelle qui active les forces d'auto gu\u00e9rison et le lotus, pour son action harmonisante. Il s'utilise dans les cas d'urgence et de stress prolong\u00e9. On peut \u00e9galement l\u2019utiliser sous forme de spray\u2026","rel":"","context":"Similar post","block_context":{"text":"Similar post","link":""},"img":{"alt_text":"","src":"https:\/\/i0.wp.com\/artstella-elixirs-floraux.com\/wp-content\/uploads\/2025\/03\/wp-image1108.png?resize=350%2C200&ssl=1","width":350,"height":200},"classes":[]},{"id":5327,"url":"https:\/\/artstella-elixirs-floraux.com\/en\/product\/creme-assistance\/","url_meta":{"origin":3980,"position":5},"title":"cr\u00e8me \u00ab\u00a0Assistance\u00a0\u00bb","author":"eveapprill","date":"9 March 2025","format":false,"excerpt":"La cr\u00e8me ASSISTANCE soutient l'organisme durant les situations de crise et aide \u00e0 surmonter tout \u00e9v\u00e9nement stressant. La cr\u00e8me ASSISTANCE est une pr\u00e9paration essentielle de premier soin pour la peau, qui aide \u00e0 surmonter les petits chocs de la vie quotidienne.","rel":"","context":"Similar post","block_context":{"text":"Similar post","link":""},"img":{"alt_text":"","src":"https:\/\/i0.wp.com\/artstella-elixirs-floraux.com\/wp-content\/uploads\/2025\/03\/wp-image1599.png?resize=350%2C200&ssl=1","width":350,"height":200},"classes":[]}],"_links":{"self":[{"href":"https:\/\/artstella-elixirs-floraux.com\/en\/wp-json\/wp\/v2\/product\/3980","targetHints":{"allow":["GET"]}}],"collection":[{"href":"https:\/\/artstella-elixirs-floraux.com\/en\/wp-json\/wp\/v2\/product"}],"about":[{"href":"https:\/\/artstella-elixirs-floraux.com\/en\/wp-json\/wp\/v2\/types\/product"}],"version-history":[{"count":2,"href":"https:\/\/artstella-elixirs-floraux.com\/en\/wp-json\/wp\/v2\/product\/3980\/revisions"}],"predecessor-version":[{"id":11164,"href":"https:\/\/artstella-elixirs-floraux.com\/en\/wp-json\/wp\/v2\/product\/3980\/revisions\/11164"}],"wp:featuredmedia":[{"embeddable":true,"href":"https:\/\/artstella-elixirs-floraux.com\/en\/wp-json\/wp\/v2\/media\/3981"}],"wp:attachment":[{"href":"https:\/\/artstella-elixirs-floraux.com\/en\/wp-json\/wp\/v2\/media?parent=3980"}],"wp:term":[{"taxonomy":"product_brand","embeddable":true,"href":"https:\/\/artstella-elixirs-floraux.com\/en\/wp-json\/wp\/v2\/product_brand?post=3980"},{"taxonomy":"product_cat","embeddable":true,"href":"https:\/\/artstella-elixirs-floraux.com\/en\/wp-json\/wp\/v2\/product_cat?post=3980"},{"taxonomy":"product_tag","embeddable":true,"href":"https:\/\/artstella-elixirs-floraux.com\/en\/wp-json\/wp\/v2\/product_tag?post=3980"}],"curies":[{"name":"wp","href":"https:\/\/api.w.org\/{rel}","templated":true}]}}