{"id":3993,"date":"2025-03-09T13:19:14","date_gmt":"2025-03-09T13:19:14","guid":{"rendered":"https:\/\/artstella-elixirs-floraux.com\/product\/arbol-del-peru-poivre-15-ml-sylfos\/"},"modified":"2025-08-07T07:51:46","modified_gmt":"2025-08-07T07:51:46","slug":"arbol-del-peru-poivre-15-ml-sylfos","status":"publish","type":"product","link":"https:\/\/artstella-elixirs-floraux.com\/en\/product\/arbol-del-peru-poivre-15-ml-sylfos\/","title":{"rendered":"ARBOL DEL PERU\/POIVRE D&rsquo;AMERIQUE SYLFOS"},"content":{"rendered":"<p><strong>ARBOL DEL PER\u00da \/ POIVRE D&rsquo;AMERIQUE <\/strong>Schinus molle<\/p>\n<p>Flexibilit\u00e9, communication. Favorise la communication sans pr\u00e9jug\u00e9s, \u00e0 partir de l\u2019ouverture du c\u0153ur. Recommand\u00e9 dans les situations o\u00f9 l\u2019\u00e9change et la communication imposent le respect, l\u2019harmonie et la fluidit\u00e9 de l\u2019expression. Aide \u00e0 se lib\u00e9rer des sch\u00e9mas mentaux, des id\u00e9es et des concepts archa\u00efques et n\u00e9gatifs qui ne sont plus d\u2019aucune utilit\u00e9.<\/p>","protected":false},"excerpt":{"rendered":"<p><strong>ARBOL DEL PER\u00da <\/strong>Schinus molle Flexibilit\u00e9, communication. Favorise la communication sans pr\u00e9jug\u00e9s, \u00e0 partir de l\u2019ouverture du coeur.<\/p>","protected":false},"featured_media":3994,"template":"","meta":[],"product_brand":[],"product_cat":[104],"product_tag":[],"class_list":{"0":"post-3993","1":"product","2":"type-product","3":"status-publish","4":"has-post-thumbnail","6":"product_cat-les-fleurs-andines","8":"first","9":"instock","10":"taxable","11":"shipping-taxable","12":"purchasable","13":"product-type-variable"},"etheme_brands":{"errors":{"invalid_taxonomy":["Invalid taxonomy."]},"error_data":[]},"jetpack_sharing_enabled":true,"jetpack-related-posts":[{"id":6270,"url":"https:\/\/artstella-elixirs-floraux.com\/en\/product\/arbol-santo-sylfos-15ml\/","url_meta":{"origin":3993,"position":0},"title":"ARBOL SANTO SYLFOS 15ML","author":"eveapprill","date":"9 March 2025","format":false,"excerpt":"ARBOL SANTO \/ Lilas de Perse(Melia azedarach) \u00a0 Compr\u00e9hension, Compassion C'est l\u2019\u00e9lixir m\u00eame de la charit\u00e9, de l'amour et du don. Il apporte le changement et la compr\u00e9hension, et nous aide \u00e0 comprendre du fond du c\u0153ur les processus du donner et du recevoir.","rel":"","context":"Similar post","block_context":{"text":"Similar post","link":""},"img":{"alt_text":"","src":"https:\/\/i0.wp.com\/artstella-elixirs-floraux.com\/wp-content\/uploads\/2025\/03\/wp-image2225.png?resize=350%2C200&ssl=1","width":350,"height":200},"classes":[]},{"id":4088,"url":"https:\/\/artstella-elixirs-floraux.com\/en\/product\/arbol-de-mariposa-fleur-sylfos-15ml\/","url_meta":{"origin":3993,"position":1},"title":"ARBOL DE MARIPOSA FLEUR SYLFOS 15ML","author":"eveapprill","date":"9 March 2025","format":false,"excerpt":"ARBRE\u00a0 AUX PAPILLONS \/ ARBOL DE MARIPOSAS Butterfly-Bush\u00a0\u00a0\u00a0\u00a0Buddleja davidii Pour ceux qui ont besoin de faire un changement dans leur vie et qui reconnaissent avoir besoin d\u2019une aide spirituelle. Recommand\u00e9 pour les personnes qui n\u2019arrivent pas \u00e0 avancer \u00e0 cause de l\u2019orgueil ou qui r\u00e9agissent de fa\u00e7on n\u00e9gative face aux\u2026","rel":"","context":"Similar post","block_context":{"text":"Similar post","link":""},"img":{"alt_text":"","src":"","width":0,"height":0},"classes":[]},{"id":6266,"url":"https:\/\/artstella-elixirs-floraux.com\/en\/product\/arbol-de-josue-15-ml-sylfos\/","url_meta":{"origin":3993,"position":2},"title":"ARBOL DE JOSUE 15 ML SYLFOS","author":"eveapprill","date":"9 March 2025","format":false,"excerpt":"Arbre de Josue Lib\u00e9ration des sch\u00e9mas h\u00e9rit\u00e9s - Karma g\u00e9n\u00e9rationnel Gu\u00e9rir son propre arbre g\u00e9n\u00e9rationnel, se lib\u00e9rer des sch\u00e9mas h\u00e9rit\u00e9s g\u00e9n\u00e9ration apr\u00e8s g\u00e9n\u00e9ration, sans renier ses origines. Permet d'int\u00e9grer l'h\u00e9ritage, la lign\u00e9e, sans \u00eatre esclave des traditions familiales.","rel":"","context":"Similar post","block_context":{"text":"Similar post","link":""},"img":{"alt_text":"","src":"https:\/\/i0.wp.com\/artstella-elixirs-floraux.com\/wp-content\/uploads\/2025\/03\/wp-image2223.png?resize=350%2C200&ssl=1","width":350,"height":200},"classes":[]},{"id":5858,"url":"https:\/\/artstella-elixirs-floraux.com\/en\/product\/rorqual-commun-finnwal-15-ml-phi\/","url_meta":{"origin":3993,"position":3},"title":"Rorqual commun &#8211; Finnwal 15 ml PHI","author":"eveapprill","date":"9 March 2025","format":false,"excerpt":"Rorqual commun - Finnwal Ouvre notre conscience \u00e0 la quatri\u00e8me et cinqui\u00e8me dimension. Au del\u00e0 du temps et de l espace. Nous r\u00e9alisons la conscience de la matrice. Le principe de la concr\u00e9tisation des pens\u00e9es dans la mati\u00e8re","rel":"","context":"Similar post","block_context":{"text":"Similar post","link":""},"img":{"alt_text":"","src":"","width":0,"height":0},"classes":[]},{"id":2680,"url":"https:\/\/artstella-elixirs-floraux.com\/en\/product\/beyond-words\/","url_meta":{"origin":3993,"position":4},"title":"BEYOND WORDS","author":"eveapprill","date":"9 March 2025","format":false,"excerpt":"Beyond Words\u00a0 (Au-del\u00e0 des mots) Gouttes uniquement Contient : Azurite \u2022 Devil's Club \u2022 Lamb's Quarters \u2022 Lapis Lazuli \u2022 Sweetgale \u2022 Twinflower \u2022 Yellow Violet Permet d'augmenter la capacit\u00e9 d'expression verbale et non- verbale. Facilite l'\u00e9change du flux d'informations et d'id\u00e9es entre deux personnes et donc la compr\u00e9hension.","rel":"","context":"Similar post","block_context":{"text":"Similar post","link":""},"img":{"alt_text":"","src":"https:\/\/i0.wp.com\/artstella-elixirs-floraux.com\/wp-content\/uploads\/2025\/03\/1b8b47cb-0680-4a76-aa14-035469736d97.jpg?resize=350%2C200&ssl=1","width":350,"height":200,"srcset":"https:\/\/i0.wp.com\/artstella-elixirs-floraux.com\/wp-content\/uploads\/2025\/03\/1b8b47cb-0680-4a76-aa14-035469736d97.jpg?resize=350%2C200&ssl=1 1x, https:\/\/i0.wp.com\/artstella-elixirs-floraux.com\/wp-content\/uploads\/2025\/03\/1b8b47cb-0680-4a76-aa14-035469736d97.jpg?resize=525%2C300&ssl=1 1.5x, https:\/\/i0.wp.com\/artstella-elixirs-floraux.com\/wp-content\/uploads\/2025\/03\/1b8b47cb-0680-4a76-aa14-035469736d97.jpg?resize=700%2C400&ssl=1 2x"},"classes":[]},{"id":4227,"url":"https:\/\/artstella-elixirs-floraux.com\/en\/product\/elephant-wea-30-ml\/","url_meta":{"origin":3993,"position":5},"title":"ELEPHANT WEA 30 ML","author":"eveapprill","date":"9 March 2025","format":false,"excerpt":"Elephant Pour \u00e9tablir un ancrage profond et une expansion spirituelle. Favorise la communication t\u00e9l\u00e9pathique au-del\u00e0 des distances, et aide \u00e0 \u00e9couter les autres et soi-m\u00eame. Pour se souvenir de ce qui est important.","rel":"","context":"Similar post","block_context":{"text":"Similar post","link":""},"img":{"alt_text":"","src":"https:\/\/i0.wp.com\/artstella-elixirs-floraux.com\/wp-content\/uploads\/2025\/03\/wp-image2257.png?resize=350%2C200&ssl=1","width":350,"height":200,"srcset":"https:\/\/i0.wp.com\/artstella-elixirs-floraux.com\/wp-content\/uploads\/2025\/03\/wp-image2257.png?resize=350%2C200&ssl=1 1x, https:\/\/i0.wp.com\/artstella-elixirs-floraux.com\/wp-content\/uploads\/2025\/03\/wp-image2257.png?resize=525%2C300&ssl=1 1.5x, https:\/\/i0.wp.com\/artstella-elixirs-floraux.com\/wp-content\/uploads\/2025\/03\/wp-image2257.png?resize=700%2C400&ssl=1 2x, https:\/\/i0.wp.com\/artstella-elixirs-floraux.com\/wp-content\/uploads\/2025\/03\/wp-image2257.png?resize=1050%2C600&ssl=1 3x"},"classes":[]}],"_links":{"self":[{"href":"https:\/\/artstella-elixirs-floraux.com\/en\/wp-json\/wp\/v2\/product\/3993","targetHints":{"allow":["GET"]}}],"collection":[{"href":"https:\/\/artstella-elixirs-floraux.com\/en\/wp-json\/wp\/v2\/product"}],"about":[{"href":"https:\/\/artstella-elixirs-floraux.com\/en\/wp-json\/wp\/v2\/types\/product"}],"version-history":[{"count":2,"href":"https:\/\/artstella-elixirs-floraux.com\/en\/wp-json\/wp\/v2\/product\/3993\/revisions"}],"predecessor-version":[{"id":11168,"href":"https:\/\/artstella-elixirs-floraux.com\/en\/wp-json\/wp\/v2\/product\/3993\/revisions\/11168"}],"wp:featuredmedia":[{"embeddable":true,"href":"https:\/\/artstella-elixirs-floraux.com\/en\/wp-json\/wp\/v2\/media\/3994"}],"wp:attachment":[{"href":"https:\/\/artstella-elixirs-floraux.com\/en\/wp-json\/wp\/v2\/media?parent=3993"}],"wp:term":[{"taxonomy":"product_brand","embeddable":true,"href":"https:\/\/artstella-elixirs-floraux.com\/en\/wp-json\/wp\/v2\/product_brand?post=3993"},{"taxonomy":"product_cat","embeddable":true,"href":"https:\/\/artstella-elixirs-floraux.com\/en\/wp-json\/wp\/v2\/product_cat?post=3993"},{"taxonomy":"product_tag","embeddable":true,"href":"https:\/\/artstella-elixirs-floraux.com\/en\/wp-json\/wp\/v2\/product_tag?post=3993"}],"curies":[{"name":"wp","href":"https:\/\/api.w.org\/{rel}","templated":true}]}}