{"id":3997,"date":"2025-03-09T13:19:18","date_gmt":"2025-03-09T13:19:18","guid":{"rendered":"https:\/\/artstella-elixirs-floraux.com\/product\/ave-del-paraisio-10-ml-sylfos\/"},"modified":"2025-08-07T08:01:50","modified_gmt":"2025-08-07T08:01:50","slug":"ave-del-paraisio-10-ml-sylfos","status":"publish","type":"product","link":"https:\/\/artstella-elixirs-floraux.com\/en\/product\/ave-del-paraisio-10-ml-sylfos\/","title":{"rendered":"AVE DEL PARAISO \/ OISEAU DU PARADIS SYLFOS"},"content":{"rendered":"<p><strong>AVE DEL PARAISO \/ OISEAU DU PARADIS <\/strong>Strelitzia reginae<\/p>\n<p>Acceptation, cr\u00e9ativit\u00e9. Aide \u00e0 surmonter l\u2019inertie par l\u2019\u00e9veil de la cr\u00e9ativit\u00e9 et par l\u2019acceptation de soi et du v\u00e9cu quotidien. Equilibre l\u2019ego par la prise de conscience des aspects n\u00e9gatifs de la personnalit\u00e9 (possessivit\u00e9, \u00e9go\u00efsme). Aide \u00e0 d\u00e9couvrir la beaut\u00e9 int\u00e9rieure de l\u2019\u00eatre par l\u2019\u00e9veil d\u2019une sensibilit\u00e9 \u00e9loign\u00e9e du mat\u00e9riel.Pour accepter ce qui nous limite, ce qui nous fait souffrir, ce que nous trouvons injuste, douloureux ou excessif. Aide \u00e0 \u00e9liminer les d\u00e9sirs fictifs qui ne nous appartiennent pas.<\/p>","protected":false},"excerpt":{"rendered":"<p><strong>AVE DEL PARAISO <\/strong>Strelitzia reginae . Acceptation, cr\u00e9ativit\u00e9. Aide \u00e0 surmonter l\u2019inertie par l\u2019\u00e9veil de la cr\u00e9ativit\u00e9 et par l\u2019acceptation de soi et du v\u00e9cu quotidien.<\/p>","protected":false},"featured_media":3998,"template":"","meta":[],"product_brand":[],"product_cat":[104],"product_tag":[],"class_list":{"0":"post-3997","1":"product","2":"type-product","3":"status-publish","4":"has-post-thumbnail","6":"product_cat-les-fleurs-andines","8":"first","9":"instock","10":"taxable","11":"shipping-taxable","12":"purchasable","13":"product-type-variable"},"etheme_brands":{"errors":{"invalid_taxonomy":["Invalid taxonomy."]},"error_data":[]},"jetpack_sharing_enabled":true,"jetpack-related-posts":[{"id":4072,"url":"https:\/\/artstella-elixirs-floraux.com\/en\/product\/toloache-15-ml-sylfos\/","url_meta":{"origin":3997,"position":0},"title":"TOLOACHE \/ TROMPETTE DU JUGEMENT DERNIER SYLFOS","author":"eveapprill","date":"9 March 2025","format":false,"excerpt":"TOLOACHE Datura arborea Courage, foi. Aide \u00e0 surmonter la peur de la mort et la peur de l\u2019inconnu. Pour accepter le d\u00e9part d\u2019un \u00eatre cher avec compr\u00e9hension et compassion, en se lib\u00e9rant des attachements \u00e9motionnels...","rel":"","context":"Similar post","block_context":{"text":"Similar post","link":""},"img":{"alt_text":"","src":"","width":0,"height":0},"classes":[]},{"id":4068,"url":"https:\/\/artstella-elixirs-floraux.com\/en\/product\/quintral-gui-15-ml-sylfos\/","url_meta":{"origin":3997,"position":1},"title":"QUINTRAL \/ GUI A FLEURS ROUGES SYLFOS","author":"eveapprill","date":"9 March 2025","format":false,"excerpt":"QUINTRAL Tristerix tetrandrus Peurs ancestrales, acceptation et compr\u00e9hension de nos croyances. Aide \u00e0 surmonter les peurs archa\u00efques, profondes et ancestrales, qui sont ancr\u00e9es dans le corps et qui influencent nos croyances profondes","rel":"","context":"Similar post","block_context":{"text":"Similar post","link":""},"img":{"alt_text":"","src":"","width":0,"height":0},"classes":[]},{"id":2763,"url":"https:\/\/artstella-elixirs-floraux.com\/en\/product\/angelic-angelique-bush-white-light\/","url_meta":{"origin":3997,"position":2},"title":"ANGELIC (Ang\u00e9lique) BUSH WHITE LIGHT","author":"eveapprill","date":"9 March 2025","format":false,"excerpt":"L'\u00c9LIXIR ANG\u00c9LIQUE (ANGELIC ESSENCE) a \u00e9t\u00e9 cr\u00e9\u00e9 au P\u00e9rou, au sommet de la montagne sacr\u00e9e Putucusi, directement en face du Machu Picchu. Il aide \u00e0 s'ouvrir pour recevoir d'en haut les vibrations ang\u00e9liques d'inspiration, d\u2019amour, d'\u00e9veil, de communication, de guidanc...","rel":"","context":"Similar post","block_context":{"text":"Similar post","link":""},"img":{"alt_text":"","src":"https:\/\/i0.wp.com\/artstella-elixirs-floraux.com\/wp-content\/uploads\/2025\/03\/1cc5f192-dd2a-4e65-b324-54165c532471.jpg?resize=350%2C200&ssl=1","width":350,"height":200,"srcset":"https:\/\/i0.wp.com\/artstella-elixirs-floraux.com\/wp-content\/uploads\/2025\/03\/1cc5f192-dd2a-4e65-b324-54165c532471.jpg?resize=350%2C200&ssl=1 1x, https:\/\/i0.wp.com\/artstella-elixirs-floraux.com\/wp-content\/uploads\/2025\/03\/1cc5f192-dd2a-4e65-b324-54165c532471.jpg?resize=525%2C300&ssl=1 1.5x, https:\/\/i0.wp.com\/artstella-elixirs-floraux.com\/wp-content\/uploads\/2025\/03\/1cc5f192-dd2a-4e65-b324-54165c532471.jpg?resize=700%2C400&ssl=1 2x"},"classes":[]},{"id":4042,"url":"https:\/\/artstella-elixirs-floraux.com\/en\/product\/libertia-15-ml-sylfos\/","url_meta":{"origin":3997,"position":3},"title":"LIBERTIA SYLFOS","author":"eveapprill","date":"9 March 2025","format":false,"excerpt":"LIBERTIA Libertia sessiliflora Protection, confiance, foi en la vie. D\u00e9veloppe le sentiment de protection et favorise l\u2019acceptation de l\u2019incarnation en prenant conscience des blessures originelles de l\u2019enfant int\u00e9rieur confront\u00e9 \u00e0 la peur de l\u2019abandon.","rel":"","context":"Similar post","block_context":{"text":"Similar post","link":""},"img":{"alt_text":"","src":"","width":0,"height":0},"classes":[]},{"id":12375,"url":"https:\/\/artstella-elixirs-floraux.com\/en\/product\/rubis-rubi-15ml-sylfos\/","url_meta":{"origin":3997,"position":4},"title":"RUBIS &#8211; RUBI 15ml Sylfos","author":"eveapprill","date":"16 March 2026","format":false,"excerpt":"Le rubis active la force vitale et \u00e9veille une profonde motivation face \u00e0 la vie. Il est utile en cas d'apathie, de d\u00e9couragement ou de d\u00e9connexion \u00e9motionnelle. Il aide \u00e0 retrouver \u00e9nergie, passion et direction int\u00e9rieure. Son action transforme l'inertie en \u00e9lan vital plein de sens.","rel":"","context":"Similar post","block_context":{"text":"Similar post","link":""},"img":{"alt_text":"","src":"https:\/\/i0.wp.com\/artstella-elixirs-floraux.com\/wp-content\/uploads\/2026\/03\/Rubi_1.png?resize=350%2C200&ssl=1","width":350,"height":200},"classes":[]},{"id":12355,"url":"https:\/\/artstella-elixirs-floraux.com\/en\/product\/opale-andine-opalo-andino\/","url_meta":{"origin":3997,"position":5},"title":"OPALE ANDINE &#8211; OPALO ANDINO","author":"eveapprill","date":"16 March 2026","format":false,"excerpt":"Le lapis-lazuli \u00e9veille la sagesse int\u00e9rieure et favorise l'expression claire de la v\u00e9rit\u00e9. Il aide \u00e0 surmonter la confusion mentale et \u00e0 prendre des d\u00e9cisions conscientes. Il est utile dans les processus d'introspection ou de communication authentique. Son \u00e9nergie apporte coh\u00e9rence, clart\u00e9 et confiance.","rel":"","context":"Similar post","block_context":{"text":"Similar post","link":""},"img":{"alt_text":"","src":"https:\/\/i0.wp.com\/artstella-elixirs-floraux.com\/wp-content\/uploads\/2026\/03\/OpaloAndino_1.png?resize=350%2C200&ssl=1","width":350,"height":200},"classes":[]}],"_links":{"self":[{"href":"https:\/\/artstella-elixirs-floraux.com\/en\/wp-json\/wp\/v2\/product\/3997","targetHints":{"allow":["GET"]}}],"collection":[{"href":"https:\/\/artstella-elixirs-floraux.com\/en\/wp-json\/wp\/v2\/product"}],"about":[{"href":"https:\/\/artstella-elixirs-floraux.com\/en\/wp-json\/wp\/v2\/types\/product"}],"version-history":[{"count":3,"href":"https:\/\/artstella-elixirs-floraux.com\/en\/wp-json\/wp\/v2\/product\/3997\/revisions"}],"predecessor-version":[{"id":11169,"href":"https:\/\/artstella-elixirs-floraux.com\/en\/wp-json\/wp\/v2\/product\/3997\/revisions\/11169"}],"wp:featuredmedia":[{"embeddable":true,"href":"https:\/\/artstella-elixirs-floraux.com\/en\/wp-json\/wp\/v2\/media\/3998"}],"wp:attachment":[{"href":"https:\/\/artstella-elixirs-floraux.com\/en\/wp-json\/wp\/v2\/media?parent=3997"}],"wp:term":[{"taxonomy":"product_brand","embeddable":true,"href":"https:\/\/artstella-elixirs-floraux.com\/en\/wp-json\/wp\/v2\/product_brand?post=3997"},{"taxonomy":"product_cat","embeddable":true,"href":"https:\/\/artstella-elixirs-floraux.com\/en\/wp-json\/wp\/v2\/product_cat?post=3997"},{"taxonomy":"product_tag","embeddable":true,"href":"https:\/\/artstella-elixirs-floraux.com\/en\/wp-json\/wp\/v2\/product_tag?post=3997"}],"curies":[{"name":"wp","href":"https:\/\/api.w.org\/{rel}","templated":true}]}}