{"id":4022,"date":"2025-03-09T13:19:42","date_gmt":"2025-03-09T13:19:42","guid":{"rendered":"https:\/\/artstella-elixirs-floraux.com\/product\/cola-de-zorro-15-ml-sylfos\/"},"modified":"2025-08-06T17:29:08","modified_gmt":"2025-08-06T17:29:08","slug":"cola-de-zorro-15-ml-sylfos","status":"publish","type":"product","link":"https:\/\/artstella-elixirs-floraux.com\/en\/product\/cola-de-zorro-15-ml-sylfos\/","title":{"rendered":"COLA DE ZORRO \/ HERBE DE LA PAMPA SYLFOS"},"content":{"rendered":"<p><strong>COLA DE ZORRO \/ HERBE DE LA PAMPA <\/strong>Cortaderia araucana<\/p>\n<p>Purification et \u00e9quilibre des \u00e9motions<\/p>\n<p>Aide \u00e0 se lib\u00e9rer des \u00e9motions n\u00e9gatives et \u00e0 surmonter la d\u00e9tresse \u00e9motionnelle, l\u2019amertume, la frustration, la haine\u2026 Recommand\u00e9 aux temp\u00e9raments hypersensibles sur le plan \u00e9motionnel. Favorise une expression de soi, positive, saine et vigoureuse. D\u00e9veloppe le charisme naturel au sein d\u2019un groupe ou d\u2019une collectivit\u00e9.<br \/>\nSur le plan physique, lib\u00e8re les tensions au niveau de la t\u00eate et de la m\u00e2choire.<\/p>","protected":false},"excerpt":{"rendered":"<p><strong>COLA DE ZORRO <\/strong>Cortaderia araucana Purification et \u00e9quilibre des \u00e9motions<\/p>\n<p>Aide \u00e0 se lib\u00e9rer des \u00e9motions n\u00e9gatives et \u00e0 surmonter la d\u00e9tresse \u00e9motionnelle, l\u2019amertume, la frustration, la haine\u2026<\/p>","protected":false},"featured_media":4023,"template":"","meta":[],"product_brand":[],"product_cat":[104],"product_tag":[],"class_list":{"0":"post-4022","1":"product","2":"type-product","3":"status-publish","4":"has-post-thumbnail","6":"product_cat-les-fleurs-andines","8":"first","9":"instock","10":"taxable","11":"shipping-taxable","12":"purchasable","13":"product-type-variable"},"etheme_brands":{"errors":{"invalid_taxonomy":["Invalid taxonomy."]},"error_data":[]},"jetpack_sharing_enabled":true,"jetpack-related-posts":[{"id":4001,"url":"https:\/\/artstella-elixirs-floraux.com\/en\/product\/boldo-15-ml-sylfos\/","url_meta":{"origin":4022,"position":0},"title":"BOLDO \/ BOLDO SYLFOS","author":"eveapprill","date":"9 March 2025","format":false,"excerpt":"BOLDO Boldea fragans R\u00e9conciliation avec soi, gu\u00e9rison des \u00e9motions. Aide \u00e0 surmonter l\u2019amertume, la culpabilit\u00e9, le manque d\u2019int\u00e9r\u00eat pour la vie et pour soi,","rel":"","context":"Similar post","block_context":{"text":"Similar post","link":""},"img":{"alt_text":"","src":"","width":0,"height":0},"classes":[]},{"id":4046,"url":"https:\/\/artstella-elixirs-floraux.com\/en\/product\/mayu-genet-15-ml-sylfos\/","url_meta":{"origin":4022,"position":1},"title":"MAYU \/ GENET DE NOUVELLE ZELANDE SYLFOS","author":"eveapprill","date":"9 March 2025","format":false,"excerpt":"MAY\u00da Sophora macrocarpa Communication, concentration, \u00e9quilibre \u00e9motionnel Aide \u00e0 verbaliser les \u00e9motions.","rel":"","context":"Similar post","block_context":{"text":"Similar post","link":""},"img":{"alt_text":"","src":"","width":0,"height":0},"classes":[]},{"id":5032,"url":"https:\/\/artstella-elixirs-floraux.com\/en\/product\/amazonite-7-5-ml-alas-gem-sup\/","url_meta":{"origin":4022,"position":2},"title":"AMAZONITE 7.5 ML ALAS GEM SUP","author":"eveapprill","date":"9 March 2025","format":false,"excerpt":"Amazonite \u00a0 Indications : congestion \u00e9motionnelle ; traitement des difficult\u00e9s et en lib\u00e9rant les \u00e9motions d'un pass\u00e9 lointain ; attitude d\u00e9faitiste ; sentiment accabl\u00e9 par la vie.","rel":"","context":"Similar post","block_context":{"text":"Similar post","link":""},"img":{"alt_text":"","src":"https:\/\/i0.wp.com\/artstella-elixirs-floraux.com\/wp-content\/uploads\/2025\/03\/wp-image1370.png?resize=350%2C200&ssl=1","width":350,"height":200},"classes":[]},{"id":5442,"url":"https:\/\/artstella-elixirs-floraux.com\/en\/product\/coprin-little-inky-cap-10-ml\/","url_meta":{"origin":4022,"position":3},"title":"Coprin &#8211; Little Inky Cap 10 ML","author":"eveapprill","date":"9 March 2025","format":false,"excerpt":"Coprin \/ Coprinus xanthotrix (little inky cap\/Coprin) Ce petit champignon aide \u00e0 se lib\u00e9rer des \u00e9motions. \u00a0telle la col\u00e8re ainsi que des sch\u00e9mas familiaux souvent inconscients. A ceux qui se sentent vuln\u00e9rables, l\u2019\u00e9lixir apporte de la force \u00e9motionnelle\u00a0","rel":"","context":"Similar post","block_context":{"text":"Similar post","link":""},"img":{"alt_text":"","src":"","width":0,"height":0},"classes":[]},{"id":5300,"url":"https:\/\/artstella-elixirs-floraux.com\/en\/product\/complexe-n10-emotions-de-grossesse-deva-30ml\/","url_meta":{"origin":4022,"position":4},"title":"COMPLEXE N\u00b010 Emotions de Grossesse DEVA 30ML","author":"eveapprill","date":"9 March 2025","format":false,"excerpt":"COMPLEXE N\u00b010 Emotions de la Grossesse 30ml aide \u00e0 surmonter la sensibilit\u00e9 \u00e9motionnelle et l'inqui\u00e9tude chez la femme enceinte. Il optimisme les qualit\u00e9s maternelles et d\u00e9veloppe la confiance dans sa capacit\u00e9 \u00e0 \u00eatre m\u00e8re.","rel":"","context":"Similar post","block_context":{"text":"Similar post","link":""},"img":{"alt_text":"","src":"https:\/\/i0.wp.com\/artstella-elixirs-floraux.com\/wp-content\/uploads\/2025\/03\/ce77edc3-42f0-44cb-8d3f-84e70aaa2e0a.jpg?resize=350%2C200&ssl=1","width":350,"height":200,"srcset":"https:\/\/i0.wp.com\/artstella-elixirs-floraux.com\/wp-content\/uploads\/2025\/03\/ce77edc3-42f0-44cb-8d3f-84e70aaa2e0a.jpg?resize=350%2C200&ssl=1 1x, https:\/\/i0.wp.com\/artstella-elixirs-floraux.com\/wp-content\/uploads\/2025\/03\/ce77edc3-42f0-44cb-8d3f-84e70aaa2e0a.jpg?resize=525%2C300&ssl=1 1.5x, https:\/\/i0.wp.com\/artstella-elixirs-floraux.com\/wp-content\/uploads\/2025\/03\/ce77edc3-42f0-44cb-8d3f-84e70aaa2e0a.jpg?resize=700%2C400&ssl=1 2x"},"classes":[]},{"id":4072,"url":"https:\/\/artstella-elixirs-floraux.com\/en\/product\/toloache-15-ml-sylfos\/","url_meta":{"origin":4022,"position":5},"title":"TOLOACHE \/ TROMPETTE DU JUGEMENT DERNIER SYLFOS","author":"eveapprill","date":"9 March 2025","format":false,"excerpt":"TOLOACHE Datura arborea Courage, foi. Aide \u00e0 surmonter la peur de la mort et la peur de l\u2019inconnu. Pour accepter le d\u00e9part d\u2019un \u00eatre cher avec compr\u00e9hension et compassion, en se lib\u00e9rant des attachements \u00e9motionnels...","rel":"","context":"Similar post","block_context":{"text":"Similar post","link":""},"img":{"alt_text":"","src":"","width":0,"height":0},"classes":[]}],"_links":{"self":[{"href":"https:\/\/artstella-elixirs-floraux.com\/en\/wp-json\/wp\/v2\/product\/4022","targetHints":{"allow":["GET"]}}],"collection":[{"href":"https:\/\/artstella-elixirs-floraux.com\/en\/wp-json\/wp\/v2\/product"}],"about":[{"href":"https:\/\/artstella-elixirs-floraux.com\/en\/wp-json\/wp\/v2\/types\/product"}],"version-history":[{"count":2,"href":"https:\/\/artstella-elixirs-floraux.com\/en\/wp-json\/wp\/v2\/product\/4022\/revisions"}],"predecessor-version":[{"id":11146,"href":"https:\/\/artstella-elixirs-floraux.com\/en\/wp-json\/wp\/v2\/product\/4022\/revisions\/11146"}],"wp:featuredmedia":[{"embeddable":true,"href":"https:\/\/artstella-elixirs-floraux.com\/en\/wp-json\/wp\/v2\/media\/4023"}],"wp:attachment":[{"href":"https:\/\/artstella-elixirs-floraux.com\/en\/wp-json\/wp\/v2\/media?parent=4022"}],"wp:term":[{"taxonomy":"product_brand","embeddable":true,"href":"https:\/\/artstella-elixirs-floraux.com\/en\/wp-json\/wp\/v2\/product_brand?post=4022"},{"taxonomy":"product_cat","embeddable":true,"href":"https:\/\/artstella-elixirs-floraux.com\/en\/wp-json\/wp\/v2\/product_cat?post=4022"},{"taxonomy":"product_tag","embeddable":true,"href":"https:\/\/artstella-elixirs-floraux.com\/en\/wp-json\/wp\/v2\/product_tag?post=4022"}],"curies":[{"name":"wp","href":"https:\/\/api.w.org\/{rel}","templated":true}]}}