{"id":4026,"date":"2025-03-09T13:19:46","date_gmt":"2025-03-09T13:19:46","guid":{"rendered":"https:\/\/artstella-elixirs-floraux.com\/product\/copihue-lys-du-chili-15-ml-sylfos\/"},"modified":"2025-08-06T17:25:07","modified_gmt":"2025-08-06T17:25:07","slug":"copihue-lys-du-chili-15-ml-sylfos","status":"publish","type":"product","link":"https:\/\/artstella-elixirs-floraux.com\/en\/product\/copihue-lys-du-chili-15-ml-sylfos\/","title":{"rendered":"COPIHUE \/ LYS DU CHILI SYLFOS"},"content":{"rendered":"<p><strong>COPIHUE \/ LYS DU CHILI<\/strong> Lapageria rosea<\/p>\n<p>Joie int\u00e9rieure. Aide \u00e0 retrouver la joie int\u00e9rieure. Elixir recommand\u00e9 aux temp\u00e9raments pessimistes, qui se plaignent en permanence, qui ont tendance \u00e0 se faire constamment des reproches et qui critiquent ceux qui les entourent. Favorise l\u2019autocritique positive, en relation avec le Moi profond. Egalement conseill\u00e9 aux personnes qui souffrent de maladies \u201cpr\u00e9textes\u201d et qui sont convaincues d\u2019\u00eatre inf\u00e9rieures aux autres, vacillant avant m\u00eame de commencer toute nouvelle t\u00e2che.<\/p>","protected":false},"excerpt":{"rendered":"<p><strong>COPIHUE\/ LYS DU CHILI\u00a0 <\/strong>Lapageria rosea<\/p>\n<p>Joie int\u00e9rieure. Aide \u00e0 retrouver la joie int\u00e9rieure. Elixir recommand\u00e9 aux temp\u00e9raments pessimistes,<\/p>","protected":false},"featured_media":4027,"template":"","meta":[],"product_brand":[],"product_cat":[104],"product_tag":[],"class_list":{"0":"post-4026","1":"product","2":"type-product","3":"status-publish","4":"has-post-thumbnail","6":"product_cat-les-fleurs-andines","8":"first","9":"instock","10":"taxable","11":"shipping-taxable","12":"purchasable","13":"product-type-variable"},"etheme_brands":{"errors":{"invalid_taxonomy":["Invalid taxonomy."]},"error_data":[]},"jetpack_sharing_enabled":true,"jetpack-related-posts":[{"id":5220,"url":"https:\/\/artstella-elixirs-floraux.com\/en\/product\/beluga\/","url_meta":{"origin":4026,"position":0},"title":"Beluga","author":"eveapprill","date":"9 March 2025","format":false,"excerpt":"Cet \u00e9lixir nous rappelle la joie et la l\u00e9g\u00e8ret\u00e9 enfantine. Il nous apprend \u00e0 ne pas prendre la vie trop au s\u00e9rieux et \u00e0 rester enjou\u00e9","rel":"","context":"Similar post","block_context":{"text":"Similar post","link":""},"img":{"alt_text":"","src":"https:\/\/i0.wp.com\/artstella-elixirs-floraux.com\/wp-content\/uploads\/2025\/03\/wp-image1501.png?resize=350%2C200&ssl=1","width":350,"height":200},"classes":[]},{"id":5510,"url":"https:\/\/artstella-elixirs-floraux.com\/en\/product\/beluga-2\/","url_meta":{"origin":4026,"position":1},"title":"BELUGA","author":"eveapprill","date":"9 March 2025","format":false,"excerpt":"BELUGA \u00a0- Wei\u00dfwal \u00a0\u00a0(Delphinapterus leucas) Cet \u00e9lixir nous rappelle la joie et la l\u00e9g\u00e8ret\u00e9 enfantine. Il nous apprend \u00e0 ne pas prendre la vie trop au s\u00e9rieux et \u00e0 rester enjou\u00e9. L\u2019\u00e9lixir aide \u00e9motionnellement les personnes qui ont souffert de blocages, de chocs ou d\u2019\u00e9motions n\u00e9gatives pendant la vie f\u0153tale\u2026","rel":"","context":"Similar post","block_context":{"text":"Similar post","link":""},"img":{"alt_text":"","src":"https:\/\/i0.wp.com\/artstella-elixirs-floraux.com\/wp-content\/uploads\/2025\/03\/wp-image1750.png?resize=350%2C200&ssl=1","width":350,"height":200},"classes":[]},{"id":4051,"url":"https:\/\/artstella-elixirs-floraux.com\/en\/product\/notro-arbre-de-feu-15-ml-sylfos\/","url_meta":{"origin":4026,"position":2},"title":"NOTRO \/ ARBRE DE FEU DU CHILI SYLFOS","author":"eveapprill","date":"9 March 2025","format":false,"excerpt":"NOTRO Embothrium coccineum Paix int\u00e9rieure. Arbre sacr\u00e9 des indiens Mapuche favorisant l\u2019ouverture spirituelle. Aide \u00e0 prendre conscience et \u00e0 transmuter les \u00e9nergies de bas instincts,","rel":"","context":"Similar post","block_context":{"text":"Similar post","link":""},"img":{"alt_text":"","src":"","width":0,"height":0},"classes":[]},{"id":2773,"url":"https:\/\/artstella-elixirs-floraux.com\/en\/product\/lac-baikal-bush-lf\/","url_meta":{"origin":4026,"position":3},"title":"LAC BAIKAL BUSH LF","author":"eveapprill","date":"9 March 2025","format":false,"excerpt":"Lake Baikal Essence\u2013 Elixir du lac Ba\u00efkal Aide \u00e0 r\u00e9unir les corps mental et \u00e9motionnel, favorise la gu\u00e9rison int\u00e9rieure, int\u00e8gre le masculin et le f\u00e9minin Divins de chacun et peut ramener la joie dans le coeur et dans l\u2019\u00e2me.","rel":"","context":"Similar post","block_context":{"text":"Similar post","link":""},"img":{"alt_text":"","src":"https:\/\/i0.wp.com\/artstella-elixirs-floraux.com\/wp-content\/uploads\/2025\/03\/aa91b964-46de-4b2e-8951-385a8475c42a.jpg?resize=350%2C200&ssl=1","width":350,"height":200,"srcset":"https:\/\/i0.wp.com\/artstella-elixirs-floraux.com\/wp-content\/uploads\/2025\/03\/aa91b964-46de-4b2e-8951-385a8475c42a.jpg?resize=350%2C200&ssl=1 1x, https:\/\/i0.wp.com\/artstella-elixirs-floraux.com\/wp-content\/uploads\/2025\/03\/aa91b964-46de-4b2e-8951-385a8475c42a.jpg?resize=525%2C300&ssl=1 1.5x, https:\/\/i0.wp.com\/artstella-elixirs-floraux.com\/wp-content\/uploads\/2025\/03\/aa91b964-46de-4b2e-8951-385a8475c42a.jpg?resize=700%2C400&ssl=1 2x"},"classes":[]},{"id":5576,"url":"https:\/\/artstella-elixirs-floraux.com\/en\/product\/retriever-joie-et-jeu-30ml\/","url_meta":{"origin":4026,"position":4},"title":"Retriever \/ joie et jeu 30ml","author":"eveapprill","date":"9 March 2025","format":false,"excerpt":"Retriever \/ joie et jeu Pour exp\u00e9rimenter la joie et l\u2019exub\u00e9rance d\u2019\u00eatre en vie. Pour les sentiments de gaiet\u00e9, joie et enchantement enfantin. \u00ab Allons jouer ! \u00bb. Pour vivre chaque moment avec enthousiasme et joie. Aide \u00e0 accomplir les t\u00e2ches r\u00e9p\u00e9titives avec bonheur et grande joie plut\u00f4t qu\u2019avec ennui\u2026","rel":"","context":"Similar post","block_context":{"text":"Similar post","link":""},"img":{"alt_text":"","src":"https:\/\/i0.wp.com\/artstella-elixirs-floraux.com\/wp-content\/uploads\/2025\/03\/3e1c3a1f-62a4-4440-8a10-b0c766b16052.jpg?resize=350%2C200&ssl=1","width":350,"height":200,"srcset":"https:\/\/i0.wp.com\/artstella-elixirs-floraux.com\/wp-content\/uploads\/2025\/03\/3e1c3a1f-62a4-4440-8a10-b0c766b16052.jpg?resize=350%2C200&ssl=1 1x, https:\/\/i0.wp.com\/artstella-elixirs-floraux.com\/wp-content\/uploads\/2025\/03\/3e1c3a1f-62a4-4440-8a10-b0c766b16052.jpg?resize=525%2C300&ssl=1 1.5x, https:\/\/i0.wp.com\/artstella-elixirs-floraux.com\/wp-content\/uploads\/2025\/03\/3e1c3a1f-62a4-4440-8a10-b0c766b16052.jpg?resize=700%2C400&ssl=1 2x"},"classes":[]},{"id":6337,"url":"https:\/\/artstella-elixirs-floraux.com\/en\/product\/espinillo-mimosa-du-chili-15-ml-sylfos\/","url_meta":{"origin":4026,"position":5},"title":"ESPINILLO \u2013 MIMOSA DU CHILI 15 ml SYLFOS","author":"eveapprill","date":"9 March 2025","format":false,"excerpt":"ESPINILLO \u2013 MIMOSA DU CHILI\u00a0 Vachellia caven Amertume, vuln\u00e9rabilit\u00e9, incapacit\u00e9 \u00e0 se pardonner, sensibilit\u00e9 excessive. Le Mimosa du Chili agit comme un antid\u00e9presseur et poss\u00e8de une action \u00e9nergisante naturelle. Il sera recommand\u00e9 en cas d'incapacit\u00e9 \u00e0 se pardonner et lorsque la personne a besoin d'\u00eatre surla d\u00e9fensive face \u00e0 toute\u2026","rel":"","context":"Similar post","block_context":{"text":"Similar post","link":""},"img":{"alt_text":"","src":"https:\/\/i0.wp.com\/artstella-elixirs-floraux.com\/wp-content\/uploads\/2025\/03\/ESPINILLO.jpg?resize=350%2C200&ssl=1","width":350,"height":200},"classes":[]}],"_links":{"self":[{"href":"https:\/\/artstella-elixirs-floraux.com\/en\/wp-json\/wp\/v2\/product\/4026","targetHints":{"allow":["GET"]}}],"collection":[{"href":"https:\/\/artstella-elixirs-floraux.com\/en\/wp-json\/wp\/v2\/product"}],"about":[{"href":"https:\/\/artstella-elixirs-floraux.com\/en\/wp-json\/wp\/v2\/types\/product"}],"version-history":[{"count":2,"href":"https:\/\/artstella-elixirs-floraux.com\/en\/wp-json\/wp\/v2\/product\/4026\/revisions"}],"predecessor-version":[{"id":11144,"href":"https:\/\/artstella-elixirs-floraux.com\/en\/wp-json\/wp\/v2\/product\/4026\/revisions\/11144"}],"wp:featuredmedia":[{"embeddable":true,"href":"https:\/\/artstella-elixirs-floraux.com\/en\/wp-json\/wp\/v2\/media\/4027"}],"wp:attachment":[{"href":"https:\/\/artstella-elixirs-floraux.com\/en\/wp-json\/wp\/v2\/media?parent=4026"}],"wp:term":[{"taxonomy":"product_brand","embeddable":true,"href":"https:\/\/artstella-elixirs-floraux.com\/en\/wp-json\/wp\/v2\/product_brand?post=4026"},{"taxonomy":"product_cat","embeddable":true,"href":"https:\/\/artstella-elixirs-floraux.com\/en\/wp-json\/wp\/v2\/product_cat?post=4026"},{"taxonomy":"product_tag","embeddable":true,"href":"https:\/\/artstella-elixirs-floraux.com\/en\/wp-json\/wp\/v2\/product_tag?post=4026"}],"curies":[{"name":"wp","href":"https:\/\/api.w.org\/{rel}","templated":true}]}}