{"id":4034,"date":"2025-03-09T13:19:54","date_gmt":"2025-03-09T13:19:54","guid":{"rendered":"https:\/\/artstella-elixirs-floraux.com\/product\/don-diego-de-noche-15-ml-sylfos\/"},"modified":"2025-08-06T17:17:38","modified_gmt":"2025-08-06T17:17:38","slug":"don-diego-de-noche-15-ml-sylfos","status":"publish","type":"product","link":"https:\/\/artstella-elixirs-floraux.com\/en\/product\/don-diego-de-noche-15-ml-sylfos\/","title":{"rendered":"DON DIEGO DE NOCHE \/ ONAGRE SYLFOS"},"content":{"rendered":"<p><strong>DONDIEGO DE NOCHE \/ ONAGRE <\/strong>Oenothera affinis<\/p>\n<p>Equilibre affectif. Aide \u00e0 r\u00e9soudre les traumatismes de la petite enfance dont l\u2019origine se trouve dans le v\u00e9cu maternel de douleurs \u00e9motionnelles et de profonde tristesse, durant la grossesse ou dans les mois suivant l\u2019accouchement. Travaille sur l\u2019information cellulaire pour red\u00e9couvrir le sentiment de survivance. Aide \u00e0 surmonter les peurs appartenant au patrimoine ancestral. Permet de cr\u00e9er des liens ainsi qu\u2019une relation affective saine et \u00e9quilibr\u00e9e. R\u00e9concilie avec l\u2019image maternelle.<\/p>","protected":false},"excerpt":{"rendered":"<p><strong>DONDIEGO DE NOCHE <\/strong>Oenothera affinis<\/p>\n<p>Equilibre affectif. Aide \u00e0 r\u00e9soudre les traumatismes de la petite enfance dont l\u2019origine se trouve dans le v\u00e9cu maternel de douleurs \u00e9motionnelles<\/p>","protected":false},"featured_media":4035,"template":"","meta":[],"product_brand":[],"product_cat":[104],"product_tag":[],"class_list":{"0":"post-4034","1":"product","2":"type-product","3":"status-publish","4":"has-post-thumbnail","6":"product_cat-les-fleurs-andines","8":"first","9":"instock","10":"taxable","11":"shipping-taxable","12":"purchasable","13":"product-type-variable"},"etheme_brands":{"errors":{"invalid_taxonomy":["Invalid taxonomy."]},"error_data":[]},"jetpack_sharing_enabled":true,"jetpack-related-posts":[{"id":4868,"url":"https:\/\/artstella-elixirs-floraux.com\/en\/product\/alpine-arnica-alas-f-sup\/","url_meta":{"origin":4034,"position":0},"title":"ALPINE ARNICA ALAS F SUP","author":"eveapprill","date":"9 March 2025","format":false,"excerpt":"Alpine Arnica Indications : au cours de l'identification avec les traumatismes \u00e9motionnels et les blessures du pass\u00e9 ; douleur sans comprendre.","rel":"","context":"Similar post","block_context":{"text":"Similar post","link":""},"img":{"alt_text":"","src":"https:\/\/i0.wp.com\/artstella-elixirs-floraux.com\/wp-content\/uploads\/2025\/03\/wp-image1372.png?resize=350%2C200&ssl=1","width":350,"height":200},"classes":[]},{"id":5548,"url":"https:\/\/artstella-elixirs-floraux.com\/en\/product\/cornouillier-dog-wood-sylfos-15-ml\/","url_meta":{"origin":4034,"position":1},"title":"CORNOUILLIER DOG WOOD SYLFOS 15 ML","author":"eveapprill","date":"9 March 2025","format":false,"excerpt":"Cornouiller du Pacifique Cornus nuttallii\u00a0\u00a0\u00a0 Pacific Dogwood Lib\u00e9ration des douleurs \u00e9motionnelles\u00a0 Trop de peines. Abus. Traumatismes du pass\u00e9.\u00a0","rel":"","context":"Similar post","block_context":{"text":"Similar post","link":""},"img":{"alt_text":"","src":"","width":0,"height":0},"classes":[]},{"id":4148,"url":"https:\/\/artstella-elixirs-floraux.com\/en\/product\/pruna-sylfos-15ml-pap\/","url_meta":{"origin":4034,"position":2},"title":"PRUNA SYLFOS 15ML PAP","author":"eveapprill","date":"9 March 2025","format":false,"excerpt":"PRUNA Satyrium pruni \u00a0Rem\u00e8de d\u2019urgence Il s\u2019agit l\u00e0 d\u2019un autre \u00e9lixir fondamental pour toutes les situations de crises et d\u2019urgences, afin d\u2019adoucir les traumatismes car il suspend la douleur \u00e9motionnelle, ce qui permet de se centrer de nouveau afin de pouvoir prendre...","rel":"","context":"Similar post","block_context":{"text":"Similar post","link":""},"img":{"alt_text":"","src":"https:\/\/i0.wp.com\/artstella-elixirs-floraux.com\/wp-content\/uploads\/2025\/03\/f515f618-f396-4f08-afd9-24892856f420.jpg?resize=350%2C200&ssl=1","width":350,"height":200,"srcset":"https:\/\/i0.wp.com\/artstella-elixirs-floraux.com\/wp-content\/uploads\/2025\/03\/f515f618-f396-4f08-afd9-24892856f420.jpg?resize=350%2C200&ssl=1 1x, https:\/\/i0.wp.com\/artstella-elixirs-floraux.com\/wp-content\/uploads\/2025\/03\/f515f618-f396-4f08-afd9-24892856f420.jpg?resize=525%2C300&ssl=1 1.5x, https:\/\/i0.wp.com\/artstella-elixirs-floraux.com\/wp-content\/uploads\/2025\/03\/f515f618-f396-4f08-afd9-24892856f420.jpg?resize=700%2C400&ssl=1 2x"},"classes":[]},{"id":5134,"url":"https:\/\/artstella-elixirs-floraux.com\/en\/product\/mater\/","url_meta":{"origin":4034,"position":3},"title":"MATER","author":"eveapprill","date":"9 March 2025","format":false,"excerpt":"MATER Pour se reconnecter au sch\u00e9ma \u00e9motionnel de la \" M\u00e8re Int\u00e9rieur \".\u00a0Aide \u00e0 clarifier la lign\u00e9e maternelle, aussi bien ascendante que descendante. Apporte soutien et sensibilit\u00e9 physique et psychique \u00e0 la m\u00e8re et d\u00e9veloppe \u00a0l'union et la r\u00e9conciliation m\u00e8re\/enfant. Permet une relation saine \u00e0 l\u2019aspect nourricier aussi bien aux\u2026","rel":"","context":"Similar post","block_context":{"text":"Similar post","link":""},"img":{"alt_text":"","src":"https:\/\/i0.wp.com\/artstella-elixirs-floraux.com\/wp-content\/uploads\/2025\/03\/a6cfe814-5c3a-4495-93cc-4857c3bf04fb.jpg?resize=350%2C200&ssl=1","width":350,"height":200,"srcset":"https:\/\/i0.wp.com\/artstella-elixirs-floraux.com\/wp-content\/uploads\/2025\/03\/a6cfe814-5c3a-4495-93cc-4857c3bf04fb.jpg?resize=350%2C200&ssl=1 1x, https:\/\/i0.wp.com\/artstella-elixirs-floraux.com\/wp-content\/uploads\/2025\/03\/a6cfe814-5c3a-4495-93cc-4857c3bf04fb.jpg?resize=525%2C300&ssl=1 1.5x, https:\/\/i0.wp.com\/artstella-elixirs-floraux.com\/wp-content\/uploads\/2025\/03\/a6cfe814-5c3a-4495-93cc-4857c3bf04fb.jpg?resize=700%2C400&ssl=1 2x"},"classes":[]},{"id":5434,"url":"https:\/\/artstella-elixirs-floraux.com\/en\/product\/belle-de-nuit-onagre-10ml\/","url_meta":{"origin":4034,"position":4},"title":"BELLE DE NUIT Onagre 10ml","author":"eveapprill","date":"9 March 2025","format":false,"excerpt":"Belle de nuit - Onagre - Oenothera lamarcki\u00e6na - Evening primrose Pour ressentir les forces cr\u00e9atrices lunaires. Aide \u00e0 (re)d\u00e9couvrir et \u00e0 \u00e9tablir une connexion avec la source de la confiance en soi et de la valeur du f\u00e9minin. Il soutient ceux qui ont subi des incestes, viols, ou probl\u00e8mes\u2026","rel":"","context":"Similar post","block_context":{"text":"Similar post","link":""},"img":{"alt_text":"","src":"","width":0,"height":0},"classes":[]},{"id":12348,"url":"https:\/\/artstella-elixirs-floraux.com\/en\/product\/labradorite-labradorita-15ml-sylfos\/","url_meta":{"origin":4034,"position":5},"title":"LABRADORITE &#8211; LABRADORITA 15ml Sylfos","author":"eveapprill","date":"16 March 2026","format":false,"excerpt":"Le Quartz rose apaise la douleur \u00e9motionnelle et aide \u00e0 gu\u00e9rir les blessures du c\u0153ur. Il favorise l'amour de soi, le pardon et l'ouverture affective. Il est utile en cas de deuil, de rupture ou de difficult\u00e9s relationnelles. Son \u00e9nergie transforme la duret\u00e9 en tendresse et la tristesse en r\u00e9conciliation.","rel":"","context":"Similar post","block_context":{"text":"Similar post","link":""},"img":{"alt_text":"","src":"https:\/\/i0.wp.com\/artstella-elixirs-floraux.com\/wp-content\/uploads\/2026\/03\/Labradorita_1.png?resize=350%2C200&ssl=1","width":350,"height":200},"classes":[]}],"_links":{"self":[{"href":"https:\/\/artstella-elixirs-floraux.com\/en\/wp-json\/wp\/v2\/product\/4034","targetHints":{"allow":["GET"]}}],"collection":[{"href":"https:\/\/artstella-elixirs-floraux.com\/en\/wp-json\/wp\/v2\/product"}],"about":[{"href":"https:\/\/artstella-elixirs-floraux.com\/en\/wp-json\/wp\/v2\/types\/product"}],"version-history":[{"count":1,"href":"https:\/\/artstella-elixirs-floraux.com\/en\/wp-json\/wp\/v2\/product\/4034\/revisions"}],"predecessor-version":[{"id":11139,"href":"https:\/\/artstella-elixirs-floraux.com\/en\/wp-json\/wp\/v2\/product\/4034\/revisions\/11139"}],"wp:featuredmedia":[{"embeddable":true,"href":"https:\/\/artstella-elixirs-floraux.com\/en\/wp-json\/wp\/v2\/media\/4035"}],"wp:attachment":[{"href":"https:\/\/artstella-elixirs-floraux.com\/en\/wp-json\/wp\/v2\/media?parent=4034"}],"wp:term":[{"taxonomy":"product_brand","embeddable":true,"href":"https:\/\/artstella-elixirs-floraux.com\/en\/wp-json\/wp\/v2\/product_brand?post=4034"},{"taxonomy":"product_cat","embeddable":true,"href":"https:\/\/artstella-elixirs-floraux.com\/en\/wp-json\/wp\/v2\/product_cat?post=4034"},{"taxonomy":"product_tag","embeddable":true,"href":"https:\/\/artstella-elixirs-floraux.com\/en\/wp-json\/wp\/v2\/product_tag?post=4034"}],"curies":[{"name":"wp","href":"https:\/\/api.w.org\/{rel}","templated":true}]}}