{"id":4038,"date":"2025-03-09T13:19:58","date_gmt":"2025-03-09T13:19:58","guid":{"rendered":"https:\/\/artstella-elixirs-floraux.com\/product\/flor-de-un-dia-15-ml-sylfos\/"},"modified":"2025-08-07T08:14:02","modified_gmt":"2025-08-07T08:14:02","slug":"flor-de-un-dia-15-ml-sylfos","status":"publish","type":"product","link":"https:\/\/artstella-elixirs-floraux.com\/en\/product\/flor-de-un-dia-15-ml-sylfos\/","title":{"rendered":"FLOR DE UN DIA \/ FLEUR DU TIGRE SYLFOS"},"content":{"rendered":"<p><strong>FLOR DE UN DIA \/ FLEUR DU TIGRE <\/strong>Tigridia pavonea<\/p>\n<p>R\u00e9veil du Guerrier Int\u00e9rieur, oser, courage. Aide \u00e0 sortir de son cocon pseudo-protecteur tout en se sentant fort et prot\u00e9g\u00e9. \u00c9loigne la peur et \u00e9veille l\u2019\u00e9nergie n\u00e9cessaire pour \u00eatre pr\u00e9sent et \u00e9quilibr\u00e9 dans le quotidien. Apporte force, courage et protection \u00e0 ceux qui ont tendance \u00e0 fuir la r\u00e9alit\u00e9 en laissant de c\u00f4t\u00e9 ce qu\u2019ils entreprennent et en s\u2019enfermant dans des protections illusoires. Se d\u00e9valorisant et manifestant de la tristesse, de la peur et m\u00eame de la panique, ils sont enclins \u00e0 passer inaper\u00e7us dans la vie.<\/p>","protected":false},"excerpt":{"rendered":"<p><strong>FLOR DE UN D\u00cdA <\/strong>\/ <strong>FLEUR DU TIGRE<\/strong> Tigridia pavonea<\/p>\n<p>R\u00e9veil du Guerrier Int\u00e9rieur, oser, courage. Aide \u00e0 sortir de son cocon pseudo-protecteur tout en se sentant fort et prot\u00e9g\u00e9.<\/p>","protected":false},"featured_media":4039,"template":"","meta":[],"product_brand":[],"product_cat":[104],"product_tag":[],"class_list":{"0":"post-4038","1":"product","2":"type-product","3":"status-publish","4":"has-post-thumbnail","6":"product_cat-les-fleurs-andines","8":"first","9":"instock","10":"taxable","11":"shipping-taxable","12":"purchasable","13":"product-type-variable"},"etheme_brands":{"errors":{"invalid_taxonomy":["Invalid taxonomy."]},"error_data":[]},"jetpack_sharing_enabled":true,"jetpack-related-posts":[{"id":3586,"url":"https:\/\/artstella-elixirs-floraux.com\/en\/product\/protecteur-du-voyage-interieur-15-ml\/","url_meta":{"origin":4038,"position":0},"title":"Protecteur du voyage int\u00e9rieur 15 ml","author":"eveapprill","date":"9 March 2025","format":false,"excerpt":"Guardian of the inner journey \/Protecteur du voyage int\u00e9rieur Il apporte le courage de voir notre ombre et les peurs qui inhibent notre \u00e9volution spirituelle. Un \u00e9lixir \"s\u00e9rieux\" qui nous aide dans les pratiques de m\u00e9ditation. Il correspond \u00e9nerg\u00e9tiquement \u00e0 \"Walking to the Earth rythm\" qui peut \u00eatre pris \u00e0\u2026","rel":"","context":"Similar post","block_context":{"text":"Similar post","link":""},"img":{"alt_text":"","src":"https:\/\/i0.wp.com\/artstella-elixirs-floraux.com\/wp-content\/uploads\/2025\/03\/be484e02-a99a-4749-8338-486dd12f7498.jpg?resize=350%2C200&ssl=1","width":350,"height":200,"srcset":"https:\/\/i0.wp.com\/artstella-elixirs-floraux.com\/wp-content\/uploads\/2025\/03\/be484e02-a99a-4749-8338-486dd12f7498.jpg?resize=350%2C200&ssl=1 1x, https:\/\/i0.wp.com\/artstella-elixirs-floraux.com\/wp-content\/uploads\/2025\/03\/be484e02-a99a-4749-8338-486dd12f7498.jpg?resize=525%2C300&ssl=1 1.5x, https:\/\/i0.wp.com\/artstella-elixirs-floraux.com\/wp-content\/uploads\/2025\/03\/be484e02-a99a-4749-8338-486dd12f7498.jpg?resize=700%2C400&ssl=1 2x"},"classes":[]},{"id":6276,"url":"https:\/\/artstella-elixirs-floraux.com\/en\/product\/flor-de-lis-sylfos-15ml\/","url_meta":{"origin":4038,"position":1},"title":"FLOR de LIS SYLFOS 15ML","author":"eveapprill","date":"9 March 2025","format":false,"excerpt":"FLOR de LIS \/ LYS des AZTEQUES (Spekeliaformosissima) V\u00e9rit\u00e9 et Concentration. Protection psychique Convient \u00e0 ceux qui se trompent sur eux-m\u00eames ; \u00e0 ceux qui sont incapables de concentrer leur attention, de sorte qu'ils interrompent ce qu'ils font ou se perdent dans des pr\u00e9occupations sans rapport avec l'activit\u00e9 en cours,\u2026","rel":"","context":"Similar post","block_context":{"text":"Similar post","link":""},"img":{"alt_text":"","src":"https:\/\/i0.wp.com\/artstella-elixirs-floraux.com\/wp-content\/uploads\/2025\/03\/wp-image2227.png?resize=350%2C200&ssl=1","width":350,"height":200},"classes":[]},{"id":4042,"url":"https:\/\/artstella-elixirs-floraux.com\/en\/product\/libertia-15-ml-sylfos\/","url_meta":{"origin":4038,"position":2},"title":"LIBERTIA SYLFOS","author":"eveapprill","date":"9 March 2025","format":false,"excerpt":"LIBERTIA Libertia sessiliflora Protection, confiance, foi en la vie. D\u00e9veloppe le sentiment de protection et favorise l\u2019acceptation de l\u2019incarnation en prenant conscience des blessures originelles de l\u2019enfant int\u00e9rieur confront\u00e9 \u00e0 la peur de l\u2019abandon.","rel":"","context":"Similar post","block_context":{"text":"Similar post","link":""},"img":{"alt_text":"","src":"","width":0,"height":0},"classes":[]},{"id":4872,"url":"https:\/\/artstella-elixirs-floraux.com\/en\/product\/angelica-alas-f-sup\/","url_meta":{"origin":4038,"position":3},"title":"ANGELICA ALAS F SUP","author":"eveapprill","date":"9 March 2025","format":false,"excerpt":"Angelica Indications : se sentir perdus ou abandonn\u00e9s et sans protection spirituelle ; isol\u00e9 dans son anxi\u00e9t\u00e9 ; d\u00e9bord\u00e9s par la vie.","rel":"","context":"Similar post","block_context":{"text":"Similar post","link":""},"img":{"alt_text":"","src":"https:\/\/i0.wp.com\/artstella-elixirs-floraux.com\/wp-content\/uploads\/2025\/03\/wp-image1373.png?resize=350%2C200&ssl=1","width":350,"height":200},"classes":[]},{"id":5546,"url":"https:\/\/artstella-elixirs-floraux.com\/en\/product\/cardo-chardon-sylfos-15-ml\/","url_meta":{"origin":4038,"position":4},"title":"CARDO \/ CHARDON Sylfos 15 ml","author":"eveapprill","date":"9 March 2025","format":false,"excerpt":"CARDO \/ CHARDON\u00a0 Cirsium vulgare \u00a0Un \u00e9lixir de courage qui nous aide \u00e0 trouver notre v\u00e9ritable valeur dans les p\u00e9riodes adverses et qui nous permet de r\u00e9pondre avec une action positive.","rel":"","context":"Similar post","block_context":{"text":"Similar post","link":""},"img":{"alt_text":"","src":"","width":0,"height":0},"classes":[]},{"id":4072,"url":"https:\/\/artstella-elixirs-floraux.com\/en\/product\/toloache-15-ml-sylfos\/","url_meta":{"origin":4038,"position":5},"title":"TOLOACHE \/ TROMPETTE DU JUGEMENT DERNIER SYLFOS","author":"eveapprill","date":"9 March 2025","format":false,"excerpt":"TOLOACHE Datura arborea Courage, foi. Aide \u00e0 surmonter la peur de la mort et la peur de l\u2019inconnu. Pour accepter le d\u00e9part d\u2019un \u00eatre cher avec compr\u00e9hension et compassion, en se lib\u00e9rant des attachements \u00e9motionnels...","rel":"","context":"Similar post","block_context":{"text":"Similar post","link":""},"img":{"alt_text":"","src":"","width":0,"height":0},"classes":[]}],"_links":{"self":[{"href":"https:\/\/artstella-elixirs-floraux.com\/en\/wp-json\/wp\/v2\/product\/4038","targetHints":{"allow":["GET"]}}],"collection":[{"href":"https:\/\/artstella-elixirs-floraux.com\/en\/wp-json\/wp\/v2\/product"}],"about":[{"href":"https:\/\/artstella-elixirs-floraux.com\/en\/wp-json\/wp\/v2\/types\/product"}],"version-history":[{"count":4,"href":"https:\/\/artstella-elixirs-floraux.com\/en\/wp-json\/wp\/v2\/product\/4038\/revisions"}],"predecessor-version":[{"id":11138,"href":"https:\/\/artstella-elixirs-floraux.com\/en\/wp-json\/wp\/v2\/product\/4038\/revisions\/11138"}],"wp:featuredmedia":[{"embeddable":true,"href":"https:\/\/artstella-elixirs-floraux.com\/en\/wp-json\/wp\/v2\/media\/4039"}],"wp:attachment":[{"href":"https:\/\/artstella-elixirs-floraux.com\/en\/wp-json\/wp\/v2\/media?parent=4038"}],"wp:term":[{"taxonomy":"product_brand","embeddable":true,"href":"https:\/\/artstella-elixirs-floraux.com\/en\/wp-json\/wp\/v2\/product_brand?post=4038"},{"taxonomy":"product_cat","embeddable":true,"href":"https:\/\/artstella-elixirs-floraux.com\/en\/wp-json\/wp\/v2\/product_cat?post=4038"},{"taxonomy":"product_tag","embeddable":true,"href":"https:\/\/artstella-elixirs-floraux.com\/en\/wp-json\/wp\/v2\/product_tag?post=4038"}],"curies":[{"name":"wp","href":"https:\/\/api.w.org\/{rel}","templated":true}]}}