{"id":4042,"date":"2025-03-09T13:20:01","date_gmt":"2025-03-09T13:20:01","guid":{"rendered":"https:\/\/artstella-elixirs-floraux.com\/product\/libertia-15-ml-sylfos\/"},"modified":"2025-08-06T17:08:14","modified_gmt":"2025-08-06T17:08:14","slug":"libertia-15-ml-sylfos","status":"publish","type":"product","link":"https:\/\/artstella-elixirs-floraux.com\/en\/product\/libertia-15-ml-sylfos\/","title":{"rendered":"LIBERTIA SYLFOS"},"content":{"rendered":"<p><strong>LIBERTIA <\/strong>Libertia sessiliflora<\/p>\n<p>Protection, confiance, foi en la vie. D\u00e9veloppe le sentiment de protection et favorise l\u2019acceptation de l\u2019incarnation en prenant conscience des blessures originelles de l\u2019enfant int\u00e9rieur confront\u00e9 \u00e0 la peur de l\u2019abandon. Elixir des grands changements de la vie aidant \u00e0 rester centr\u00e9 sur les objectifs, en \u00e9vitant la dispersion et les tentations futiles. Favorise la m\u00e9ditation. Aide \u00e0 surmonter la peur de la mort en d\u00e9veloppant la confiance en la vie.<\/p>","protected":false},"excerpt":{"rendered":"<p><strong>LIBERTIA <\/strong>Libertia sessiliflora<\/p>\n<p>Protection, confiance, foi en la vie. D\u00e9veloppe le sentiment de protection et favorise l\u2019acceptation de l\u2019incarnation en prenant conscience des blessures originelles de l\u2019enfant int\u00e9rieur confront\u00e9 \u00e0 la peur de l\u2019abandon.<\/p>","protected":false},"featured_media":4043,"template":"","meta":[],"product_brand":[],"product_cat":[104],"product_tag":[],"class_list":{"0":"post-4042","1":"product","2":"type-product","3":"status-publish","4":"has-post-thumbnail","6":"product_cat-les-fleurs-andines","8":"first","9":"instock","10":"taxable","11":"shipping-taxable","12":"purchasable","13":"product-type-variable"},"etheme_brands":{"errors":{"invalid_taxonomy":["Invalid taxonomy."]},"error_data":[]},"jetpack_sharing_enabled":true,"jetpack-related-posts":[{"id":5420,"url":"https:\/\/artstella-elixirs-floraux.com\/en\/product\/angelique-engelwortel-10ml\/","url_meta":{"origin":4042,"position":0},"title":"Ang\u00e9lique ENGELWORTEL 10ML","author":"eveapprill","date":"9 March 2025","format":false,"excerpt":"Angelica archangelica(Ang\u00e9lique)\u00a0Engelwortel Apporte la protection des royaumes spirituels et l\u2019aide des forces b\u00e9n\u00e9fiques d\u2019en haut, la protection des \u201canges\u201d, et notamment dans des situations o\u00f9 l\u2019on traverse la s\u00e9paration avec \u00ab\u00a0l\u2019autre c\u00f4t\u00e9\u00a0\u00bb","rel":"","context":"Similar post","block_context":{"text":"Similar post","link":""},"img":{"alt_text":"","src":"","width":0,"height":0},"classes":[]},{"id":5518,"url":"https:\/\/artstella-elixirs-floraux.com\/en\/product\/orque\/","url_meta":{"origin":4042,"position":1},"title":"ORQUE","author":"eveapprill","date":"9 March 2025","format":false,"excerpt":"ORQUE - Orca (Orcinus Orca) Cet \u00e9lixir a une forte action au niveau du chakra du c\u0153ur et nous relie \u00e0 la cinqui\u00e8me dimension. Il nous relie \u00e0 notre force int\u00e9rieure et nous permet de puiser dans notre potentiel de cr\u00e9ation, pour nous relier \u00e0 la lumi\u00e8re. Dans cette dimension,\u2026","rel":"","context":"Similar post","block_context":{"text":"Similar post","link":""},"img":{"alt_text":"","src":"https:\/\/i0.wp.com\/artstella-elixirs-floraux.com\/wp-content\/uploads\/2025\/03\/wp-image1754.png?resize=350%2C200&ssl=1","width":350,"height":200},"classes":[]},{"id":4872,"url":"https:\/\/artstella-elixirs-floraux.com\/en\/product\/angelica-alas-f-sup\/","url_meta":{"origin":4042,"position":2},"title":"ANGELICA ALAS F SUP","author":"eveapprill","date":"9 March 2025","format":false,"excerpt":"Angelica Indications : se sentir perdus ou abandonn\u00e9s et sans protection spirituelle ; isol\u00e9 dans son anxi\u00e9t\u00e9 ; d\u00e9bord\u00e9s par la vie.","rel":"","context":"Similar post","block_context":{"text":"Similar post","link":""},"img":{"alt_text":"","src":"https:\/\/i0.wp.com\/artstella-elixirs-floraux.com\/wp-content\/uploads\/2025\/03\/wp-image1373.png?resize=350%2C200&ssl=1","width":350,"height":200},"classes":[]},{"id":5066,"url":"https:\/\/artstella-elixirs-floraux.com\/en\/product\/diopside-7-5ml-alaska-gem-sup\/","url_meta":{"origin":4042,"position":3},"title":"DIOPSIDE 7.5ML ALASKA GEM SUP","author":"eveapprill","date":"9 March 2025","format":false,"excerpt":"Diopside \u2013 Diopside Indication\u00a0: peur de l\u2019abandon, de dispara\u00eetre, mauvaise estime de soi et de sa valeur\u00a0; attitudes compulsives et n\u00e9gatives envers soi-m\u00eame\u00a0; surcompensation \u00e0 cause d\u2019un sentiment d\u2019inf\u00e9riorit\u00e9\u00a0; manque d\u2019intimit\u00e9 dans les relations avec les autres et soi-m\u00eame.","rel":"","context":"Similar post","block_context":{"text":"Similar post","link":""},"img":{"alt_text":"","src":"","width":0,"height":0},"classes":[]},{"id":4072,"url":"https:\/\/artstella-elixirs-floraux.com\/en\/product\/toloache-15-ml-sylfos\/","url_meta":{"origin":4042,"position":4},"title":"TOLOACHE \/ TROMPETTE DU JUGEMENT DERNIER SYLFOS","author":"eveapprill","date":"9 March 2025","format":false,"excerpt":"TOLOACHE Datura arborea Courage, foi. Aide \u00e0 surmonter la peur de la mort et la peur de l\u2019inconnu. Pour accepter le d\u00e9part d\u2019un \u00eatre cher avec compr\u00e9hension et compassion, en se lib\u00e9rant des attachements \u00e9motionnels...","rel":"","context":"Similar post","block_context":{"text":"Similar post","link":""},"img":{"alt_text":"","src":"","width":0,"height":0},"classes":[]},{"id":4014,"url":"https:\/\/artstella-elixirs-floraux.com\/en\/product\/cedron-verveine-15-ml-sylfos\/","url_meta":{"origin":4042,"position":5},"title":"CEDRON \/ VERVEINE ODORANTE SYLFOS","author":"eveapprill","date":"9 March 2025","format":false,"excerpt":"CEDRONAloysia citriodorata Confiance en soi, pers\u00e9v\u00e9rance. D\u00e9veloppe la confiance en soi, la sociabilit\u00e9, la compr\u00e9hension, l\u201dempathie, le respect d\u2019autrui et la compassion.","rel":"","context":"Similar post","block_context":{"text":"Similar post","link":""},"img":{"alt_text":"","src":"","width":0,"height":0},"classes":[]}],"_links":{"self":[{"href":"https:\/\/artstella-elixirs-floraux.com\/en\/wp-json\/wp\/v2\/product\/4042","targetHints":{"allow":["GET"]}}],"collection":[{"href":"https:\/\/artstella-elixirs-floraux.com\/en\/wp-json\/wp\/v2\/product"}],"about":[{"href":"https:\/\/artstella-elixirs-floraux.com\/en\/wp-json\/wp\/v2\/types\/product"}],"version-history":[{"count":2,"href":"https:\/\/artstella-elixirs-floraux.com\/en\/wp-json\/wp\/v2\/product\/4042\/revisions"}],"predecessor-version":[{"id":11134,"href":"https:\/\/artstella-elixirs-floraux.com\/en\/wp-json\/wp\/v2\/product\/4042\/revisions\/11134"}],"wp:featuredmedia":[{"embeddable":true,"href":"https:\/\/artstella-elixirs-floraux.com\/en\/wp-json\/wp\/v2\/media\/4043"}],"wp:attachment":[{"href":"https:\/\/artstella-elixirs-floraux.com\/en\/wp-json\/wp\/v2\/media?parent=4042"}],"wp:term":[{"taxonomy":"product_brand","embeddable":true,"href":"https:\/\/artstella-elixirs-floraux.com\/en\/wp-json\/wp\/v2\/product_brand?post=4042"},{"taxonomy":"product_cat","embeddable":true,"href":"https:\/\/artstella-elixirs-floraux.com\/en\/wp-json\/wp\/v2\/product_cat?post=4042"},{"taxonomy":"product_tag","embeddable":true,"href":"https:\/\/artstella-elixirs-floraux.com\/en\/wp-json\/wp\/v2\/product_tag?post=4042"}],"curies":[{"name":"wp","href":"https:\/\/api.w.org\/{rel}","templated":true}]}}