{"id":4046,"date":"2025-03-09T13:20:17","date_gmt":"2025-03-09T13:20:17","guid":{"rendered":"https:\/\/artstella-elixirs-floraux.com\/product\/mayu-genet-15-ml-sylfos\/"},"modified":"2025-08-06T17:04:01","modified_gmt":"2025-08-06T17:04:01","slug":"mayu-genet-15-ml-sylfos","status":"publish","type":"product","link":"https:\/\/artstella-elixirs-floraux.com\/en\/product\/mayu-genet-15-ml-sylfos\/","title":{"rendered":"MAYU \/ GENET DE NOUVELLE ZELANDE SYLFOS"},"content":{"rendered":"<p><strong>MAY\u00da \/ GENET DE NOUVELLE ZELANDE<\/strong> Sophora macrocarpa<\/p>\n<p>Communication, concentration, \u00e9quilibre \u00e9motionnel<\/p>\n<p>Aide \u00e0 verbaliser les \u00e9motions. Stabilisateur \u00e9motionnel permettant de concentrer l\u2019attention sur un point particulier en apportant tranquillit\u00e9 et s\u00e9curit\u00e9 (pr\u00e9paration aux examens par ex.). Elixir recommand\u00e9 aux personnes ironiques ou sarcastiques, ainsi qu\u2019aux personnes exalt\u00e9es dont il \u00e9quilibre et att\u00e9nue les exc\u00e8s \u00e9motionnels. Conseill\u00e9 pour travailler la frustration en favorisant prise de conscience et clart\u00e9 mentale.<\/p>","protected":false},"excerpt":{"rendered":"<p><strong>MAY\u00da <\/strong>Sophora macrocarpa Communication, concentration, \u00e9quilibre \u00e9motionnel<\/p>\n<p>Aide \u00e0 verbaliser les \u00e9motions.<\/p>","protected":false},"featured_media":4047,"template":"","meta":[],"product_brand":[],"product_cat":[104],"product_tag":[],"class_list":{"0":"post-4046","1":"product","2":"type-product","3":"status-publish","4":"has-post-thumbnail","6":"product_cat-les-fleurs-andines","8":"first","9":"instock","10":"taxable","11":"shipping-taxable","12":"purchasable","13":"product-type-variable"},"etheme_brands":{"errors":{"invalid_taxonomy":["Invalid taxonomy."]},"error_data":[]},"jetpack_sharing_enabled":true,"jetpack-related-posts":[{"id":4022,"url":"https:\/\/artstella-elixirs-floraux.com\/en\/product\/cola-de-zorro-15-ml-sylfos\/","url_meta":{"origin":4046,"position":0},"title":"COLA DE ZORRO \/ HERBE DE LA PAMPA SYLFOS","author":"eveapprill","date":"9 March 2025","format":false,"excerpt":"COLA DE ZORRO Cortaderia araucana Purification et \u00e9quilibre des \u00e9motions Aide \u00e0 se lib\u00e9rer des \u00e9motions n\u00e9gatives et \u00e0 surmonter la d\u00e9tresse \u00e9motionnelle, l\u2019amertume, la frustration, la haine\u2026","rel":"","context":"Similar post","block_context":{"text":"Similar post","link":""},"img":{"alt_text":"","src":"","width":0,"height":0},"classes":[]},{"id":12245,"url":"https:\/\/artstella-elixirs-floraux.com\/en\/product\/4-orchidee-de-lequilibre-phragmipedium-longifolium-sylfos\/","url_meta":{"origin":4046,"position":1},"title":"04. ORCHID\u00c9E DE L\u2019\u00c9QUILIBRE Phragmipedium longifolium Sylfos","author":"eveapprill","date":"13 March 2026","format":false,"excerpt":"Orchid\u00e9e de l\u2019\u00c9quilibre \u2013 Phragmipedium longifolium \u00c9lixir de\u00a0paix int\u00e9rieure et d\u2019harmonisation \u00e9motionnelle. Stabilise les \u00e9motions, clarifie l\u2019esprit et aide \u00e0 transformer les tensions affectives en s\u00e9r\u00e9nit\u00e9 et maturit\u00e9.","rel":"","context":"Similar post","block_context":{"text":"Similar post","link":""},"img":{"alt_text":"","src":"https:\/\/i0.wp.com\/artstella-elixirs-floraux.com\/wp-content\/uploads\/2026\/03\/4_EQUILIBRIO_-WEB.png?resize=350%2C200&ssl=1","width":350,"height":200},"classes":[]},{"id":2536,"url":"https:\/\/artstella-elixirs-floraux.com\/en\/product\/hematite\/","url_meta":{"origin":4046,"position":2},"title":"HEMATITE","author":"eveapprill","date":"9 March 2025","format":false,"excerpt":"HEMATITE Renforce les fronti\u00e8res dans le corps \u00e9motionnel ; soutient l\u2019ind\u00e9pendance \u00e9motionnelle plut\u00f4t que la d\u00e9pendance ; aide \u00e0 maintenir un d\u00e9tachement compassionn\u00e9 en observant des \u00e9motions intenses chez les autres ; aide \u00e0 contenir nos propres \u00e9motions de fa\u00e7on responsable.","rel":"","context":"Similar post","block_context":{"text":"Similar post","link":""},"img":{"alt_text":"","src":"https:\/\/i0.wp.com\/artstella-elixirs-floraux.com\/wp-content\/uploads\/2025\/03\/wp-image208.png?resize=350%2C200&ssl=1","width":350,"height":200,"srcset":"https:\/\/i0.wp.com\/artstella-elixirs-floraux.com\/wp-content\/uploads\/2025\/03\/wp-image208.png?resize=350%2C200&ssl=1 1x, https:\/\/i0.wp.com\/artstella-elixirs-floraux.com\/wp-content\/uploads\/2025\/03\/wp-image208.png?resize=525%2C300&ssl=1 1.5x"},"classes":[]},{"id":2106,"url":"https:\/\/artstella-elixirs-floraux.com\/en\/product\/bunchberry-alaska\/","url_meta":{"origin":4046,"position":3},"title":"BUNCHBERRY ALASKA","author":"eveapprill","date":"9 March 2025","format":false,"excerpt":"BUNCHBERRY ALASKA Manque de concentration ; facilement distrait ou pris par l'agitation \u00e9motionnelle des autres, impression de toujours manquer de temps. Facilite une pens\u00e9e coh\u00e9rente, aide \u00e0 \u00eatre \u00e0 l'\u00e9coute et donc moins distrait ; favorise la constance mentale et la clart\u00e9 \u00e9motionnelle dans les moments o\u00f9 l'on est tr\u00e8s\u2026","rel":"","context":"Similar post","block_context":{"text":"Similar post","link":""},"img":{"alt_text":"","src":"https:\/\/i0.wp.com\/artstella-elixirs-floraux.com\/wp-content\/uploads\/2025\/03\/wp-image46.png?resize=350%2C200&ssl=1","width":350,"height":200},"classes":[]},{"id":12282,"url":"https:\/\/artstella-elixirs-floraux.com\/en\/product\/13-orchidee-equilibre-et-stabilite-habenella-petalodes-sylfos\/","url_meta":{"origin":4046,"position":4},"title":"13. ORCHID\u00c9E \u00c9QUILIBRE ET STABILIT\u00c9 Habenella petalodes Sylfos","author":"eveapprill","date":"13 March 2026","format":false,"excerpt":"\u00c9lixir d\u2019ancrage et de stabilisation \u00e9motionnelle. Aide \u00e0 retrouver son centre, \u00e0 calmer l\u2019anxi\u00e9t\u00e9 et \u00e0 aligner les corps \u00e9nerg\u00e9tiques en p\u00e9riode de stress ou de crise","rel":"","context":"Similar post","block_context":{"text":"Similar post","link":""},"img":{"alt_text":"","src":"https:\/\/i0.wp.com\/artstella-elixirs-floraux.com\/wp-content\/uploads\/2026\/03\/habenella.jpeg?resize=350%2C200&ssl=1","width":350,"height":200,"srcset":"https:\/\/i0.wp.com\/artstella-elixirs-floraux.com\/wp-content\/uploads\/2026\/03\/habenella.jpeg?resize=350%2C200&ssl=1 1x, https:\/\/i0.wp.com\/artstella-elixirs-floraux.com\/wp-content\/uploads\/2026\/03\/habenella.jpeg?resize=525%2C300&ssl=1 1.5x, https:\/\/i0.wp.com\/artstella-elixirs-floraux.com\/wp-content\/uploads\/2026\/03\/habenella.jpeg?resize=700%2C400&ssl=1 2x, https:\/\/i0.wp.com\/artstella-elixirs-floraux.com\/wp-content\/uploads\/2026\/03\/habenella.jpeg?resize=1050%2C600&ssl=1 3x"},"classes":[]},{"id":5884,"url":"https:\/\/artstella-elixirs-floraux.com\/en\/product\/complexe-n17-cycle-feminin-30-ml\/","url_meta":{"origin":4046,"position":5},"title":"COMPLEXE N\u00b017 Cycle f\u00e9minin 30 ml","author":"eveapprill","date":"9 March 2025","format":false,"excerpt":"Compos\u00e9 n\u00b017 Cycle f\u00e9minin DEVA 30ml Stabilit\u00e9s d'humeurs Att\u00e9nue les d\u00e9sagr\u00e9ments \u00e9motionnels li\u00e9s au syndrome pr\u00e9menstruel. Il pr\u00e9serve l'\u00e9quilibre et l'harmonie \u00e9motionnels de la femme tout au long de son cycle.","rel":"","context":"Similar post","block_context":{"text":"Similar post","link":""},"img":{"alt_text":"","src":"https:\/\/i0.wp.com\/artstella-elixirs-floraux.com\/wp-content\/uploads\/2025\/03\/3b2d9c25-2c8f-46c2-a60b-0f17e95c282c.jpg?resize=350%2C200&ssl=1","width":350,"height":200,"srcset":"https:\/\/i0.wp.com\/artstella-elixirs-floraux.com\/wp-content\/uploads\/2025\/03\/3b2d9c25-2c8f-46c2-a60b-0f17e95c282c.jpg?resize=350%2C200&ssl=1 1x, https:\/\/i0.wp.com\/artstella-elixirs-floraux.com\/wp-content\/uploads\/2025\/03\/3b2d9c25-2c8f-46c2-a60b-0f17e95c282c.jpg?resize=525%2C300&ssl=1 1.5x, https:\/\/i0.wp.com\/artstella-elixirs-floraux.com\/wp-content\/uploads\/2025\/03\/3b2d9c25-2c8f-46c2-a60b-0f17e95c282c.jpg?resize=700%2C400&ssl=1 2x"},"classes":[]}],"_links":{"self":[{"href":"https:\/\/artstella-elixirs-floraux.com\/en\/wp-json\/wp\/v2\/product\/4046","targetHints":{"allow":["GET"]}}],"collection":[{"href":"https:\/\/artstella-elixirs-floraux.com\/en\/wp-json\/wp\/v2\/product"}],"about":[{"href":"https:\/\/artstella-elixirs-floraux.com\/en\/wp-json\/wp\/v2\/types\/product"}],"version-history":[{"count":4,"href":"https:\/\/artstella-elixirs-floraux.com\/en\/wp-json\/wp\/v2\/product\/4046\/revisions"}],"predecessor-version":[{"id":11132,"href":"https:\/\/artstella-elixirs-floraux.com\/en\/wp-json\/wp\/v2\/product\/4046\/revisions\/11132"}],"wp:featuredmedia":[{"embeddable":true,"href":"https:\/\/artstella-elixirs-floraux.com\/en\/wp-json\/wp\/v2\/media\/4047"}],"wp:attachment":[{"href":"https:\/\/artstella-elixirs-floraux.com\/en\/wp-json\/wp\/v2\/media?parent=4046"}],"wp:term":[{"taxonomy":"product_brand","embeddable":true,"href":"https:\/\/artstella-elixirs-floraux.com\/en\/wp-json\/wp\/v2\/product_brand?post=4046"},{"taxonomy":"product_cat","embeddable":true,"href":"https:\/\/artstella-elixirs-floraux.com\/en\/wp-json\/wp\/v2\/product_cat?post=4046"},{"taxonomy":"product_tag","embeddable":true,"href":"https:\/\/artstella-elixirs-floraux.com\/en\/wp-json\/wp\/v2\/product_tag?post=4046"}],"curies":[{"name":"wp","href":"https:\/\/api.w.org\/{rel}","templated":true}]}}