{"id":4060,"date":"2025-03-09T13:20:29","date_gmt":"2025-03-09T13:20:29","guid":{"rendered":"https:\/\/artstella-elixirs-floraux.com\/product\/palo-borracho-15-ml-sylfos\/"},"modified":"2025-08-06T16:40:12","modified_gmt":"2025-08-06T16:40:12","slug":"palo-borracho-15-ml-sylfos","status":"publish","type":"product","link":"https:\/\/artstella-elixirs-floraux.com\/en\/product\/palo-borracho-15-ml-sylfos\/","title":{"rendered":"PALO BORRACHO  SYLFOS"},"content":{"rendered":"<p><strong>PALO BORRACHO <\/strong>Chorisia speciosa<\/p>\n<p>L\u00e2cher prise, acceptation de soi, confiance. Pour les personnes qui se prot\u00e8gent en adoptant une attitude ferm\u00e9e et antipathique envers leur environnement et leur entourage. Derri\u00e8re ce masque rigide se cachent des caract\u00e8res doux et agr\u00e9ables qui, par honte, par peur d\u2019\u00eatre bless\u00e9s ou par incapacit\u00e9 \u00e0 accepter leur propre corps, adoptent cette attitude d\u00e9fensive.<br \/>\nD\u00e9veloppe la confiance, l\u2019acceptation de soi et le courage pour aller de l\u2019avant.<\/p>","protected":false},"excerpt":{"rendered":"<p><strong>PALO BORRACHO <\/strong>Chorisia speciosa<\/p>\n<p>L\u00e2cher prise, acceptation de soi, confiance. Pour les personnes qui se prot\u00e8gent en adoptant une attitude ferm\u00e9e et antipathique envers leur environnement et leur entourage.<\/p>","protected":false},"featured_media":4061,"template":"","meta":[],"product_brand":[],"product_cat":[104],"product_tag":[],"class_list":{"0":"post-4060","1":"product","2":"type-product","3":"status-publish","4":"has-post-thumbnail","6":"product_cat-les-fleurs-andines","8":"first","9":"instock","10":"taxable","11":"shipping-taxable","12":"purchasable","13":"product-type-variable"},"etheme_brands":{"errors":{"invalid_taxonomy":["Invalid taxonomy."]},"error_data":[]},"jetpack_sharing_enabled":true,"jetpack-related-posts":[{"id":6284,"url":"https:\/\/artstella-elixirs-floraux.com\/en\/product\/lierre-veneneux-poison-oak-sylfos-15ml\/","url_meta":{"origin":4060,"position":0},"title":"LIERRE V\u00c9N\u00c9NEUX \/ POISON OAK Sylfos 15ML","author":"eveapprill","date":"9 March 2025","format":false,"excerpt":"Lierre v\u00e9n\u00e9neux (Toxicodendron diversiloba) Confiance \u2013 Sexualit\u00e9 - Ancrage Pour ceux qui manquent de confiance parce qu'ils ne reconnaissent pas les limites entre eux et les autres. Ils ont tendance \u00e0 mettre une barri\u00e8re envers leurs contacts intimes, par peur du rejet et\/ou d'une \u00e9ventuelle douleur physique notamment dans leurs\u2026","rel":"","context":"Similar post","block_context":{"text":"Similar post","link":""},"img":{"alt_text":"","src":"https:\/\/i0.wp.com\/artstella-elixirs-floraux.com\/wp-content\/uploads\/2025\/03\/wp-image2230.png?resize=350%2C200&ssl=1","width":350,"height":200},"classes":[]},{"id":2721,"url":"https:\/\/artstella-elixirs-floraux.com\/en\/product\/calm-and-clear-serenite-bush-30ml\/","url_meta":{"origin":4060,"position":1},"title":"CALM AND CLEAR S\u00e9r\u00e9nit\u00e9 BUSH 30ml","author":"eveapprill","date":"9 March 2025","format":false,"excerpt":"Calm and Clear -\u00a0S\u00e9r\u00e9nit\u00e9 Destin\u00e9 \u00e0 ceux qui en font trop, s'oubliant volontiers dans l'agitation quotidienne. Pour favoriser l'acceptation du l\u00e2cher-prise, trouver du temps pour soi, d\u00e9compresser et prendre plaisir \u00e0 se d\u00e9tendre.","rel":"","context":"Similar post","block_context":{"text":"Similar post","link":""},"img":{"alt_text":"","src":"https:\/\/i0.wp.com\/artstella-elixirs-floraux.com\/wp-content\/uploads\/2025\/03\/d750407b-2703-4a0a-b346-dcf0fc4d3072.jpg?resize=350%2C200&ssl=1","width":350,"height":200,"srcset":"https:\/\/i0.wp.com\/artstella-elixirs-floraux.com\/wp-content\/uploads\/2025\/03\/d750407b-2703-4a0a-b346-dcf0fc4d3072.jpg?resize=350%2C200&ssl=1 1x, https:\/\/i0.wp.com\/artstella-elixirs-floraux.com\/wp-content\/uploads\/2025\/03\/d750407b-2703-4a0a-b346-dcf0fc4d3072.jpg?resize=525%2C300&ssl=1 1.5x, https:\/\/i0.wp.com\/artstella-elixirs-floraux.com\/wp-content\/uploads\/2025\/03\/d750407b-2703-4a0a-b346-dcf0fc4d3072.jpg?resize=700%2C400&ssl=1 2x"},"classes":[]},{"id":2631,"url":"https:\/\/artstella-elixirs-floraux.com\/en\/product\/bluebell-bush-15ml\/","url_meta":{"origin":4060,"position":2},"title":"BLUEBELL BUSH 15ml","author":"eveapprill","date":"9 March 2025","format":false,"excerpt":"BLUEBELL\u00a0 Attitude ferm\u00e9e, peur de manquer, avarice. Ouverture de c\u0153ur, \u00eatre g\u00e9n\u00e9reux.","rel":"","context":"Similar post","block_context":{"text":"Similar post","link":""},"img":{"alt_text":"","src":"https:\/\/i0.wp.com\/artstella-elixirs-floraux.com\/wp-content\/uploads\/2025\/03\/wp-image245.png?resize=350%2C200&ssl=1","width":350,"height":200},"classes":[]},{"id":5294,"url":"https:\/\/artstella-elixirs-floraux.com\/en\/product\/complexe-n7-lacher-prise-deva-30ml\/","url_meta":{"origin":4060,"position":3},"title":"COMPLEXE N\u00b07 Lacher prise DEVA 30ML","author":"eveapprill","date":"9 March 2025","format":false,"excerpt":"Le compos\u00e9 floral n\u00b0 07 LACHER PRISE\u00a0est conseill\u00e9 aux personnes en situations de surmenage. Il apporte la capacit\u00e9\u00a0de l\u00e2cher prise et le discernement pour trouver un juste \u00e9quilibre de leurs responsabilit\u00e9s. Il donne un regain de vitalit\u00e9 pour faire face au quotidien.","rel":"","context":"Similar post","block_context":{"text":"Similar post","link":""},"img":{"alt_text":"","src":"https:\/\/i0.wp.com\/artstella-elixirs-floraux.com\/wp-content\/uploads\/2025\/03\/cf8119d9-d108-4252-b32d-6727b6e09ed1.jpg?resize=350%2C200&ssl=1","width":350,"height":200,"srcset":"https:\/\/i0.wp.com\/artstella-elixirs-floraux.com\/wp-content\/uploads\/2025\/03\/cf8119d9-d108-4252-b32d-6727b6e09ed1.jpg?resize=350%2C200&ssl=1 1x, https:\/\/i0.wp.com\/artstella-elixirs-floraux.com\/wp-content\/uploads\/2025\/03\/cf8119d9-d108-4252-b32d-6727b6e09ed1.jpg?resize=525%2C300&ssl=1 1.5x, https:\/\/i0.wp.com\/artstella-elixirs-floraux.com\/wp-content\/uploads\/2025\/03\/cf8119d9-d108-4252-b32d-6727b6e09ed1.jpg?resize=700%2C400&ssl=1 2x"},"classes":[]},{"id":6203,"url":"https:\/\/artstella-elixirs-floraux.com\/en\/product\/elixir-ocean-n-22-phi-15ml\/","url_meta":{"origin":4060,"position":4},"title":"ELIXIR OCEAN N\u00b0 22 PHI 15ml","author":"eveapprill","date":"9 March 2025","format":false,"excerpt":"ELIXIR OCEAN N\u00b0 22\u00a0 aide \u00e0 se centrer \u00e9motionnellement et \u00e0 s'harmoniser. Il aide les personnes ayant tendance \u00e0 vouloir contr\u00f4ler les autres \u00e0 pouvoir l\u00e2cher prise. Il favorise \u00e9nerg\u00e9tiquement la lib\u00e9ration de peurs telle la perte de contr\u00f4le.","rel":"","context":"Similar post","block_context":{"text":"Similar post","link":""},"img":{"alt_text":"","src":"https:\/\/i0.wp.com\/artstella-elixirs-floraux.com\/wp-content\/uploads\/2025\/03\/wp-image2196.png?resize=350%2C200&ssl=1","width":350,"height":200},"classes":[]},{"id":3855,"url":"https:\/\/artstella-elixirs-floraux.com\/en\/product\/blennie-15-ml-phi\/","url_meta":{"origin":4060,"position":5},"title":"BLENNIE 15 ML PHI","author":"eveapprill","date":"9 March 2025","format":false,"excerpt":"Blennie\u00a0(Blennius sanguinolentus) Schleimfish L\u2019\u00e9lixir aide \u00e0 l\u00e2cher les tensions qui proviennent de nos sentiments.","rel":"","context":"Similar post","block_context":{"text":"Similar post","link":""},"img":{"alt_text":"","src":"","width":0,"height":0},"classes":[]}],"_links":{"self":[{"href":"https:\/\/artstella-elixirs-floraux.com\/en\/wp-json\/wp\/v2\/product\/4060","targetHints":{"allow":["GET"]}}],"collection":[{"href":"https:\/\/artstella-elixirs-floraux.com\/en\/wp-json\/wp\/v2\/product"}],"about":[{"href":"https:\/\/artstella-elixirs-floraux.com\/en\/wp-json\/wp\/v2\/types\/product"}],"version-history":[{"count":2,"href":"https:\/\/artstella-elixirs-floraux.com\/en\/wp-json\/wp\/v2\/product\/4060\/revisions"}],"predecessor-version":[{"id":11121,"href":"https:\/\/artstella-elixirs-floraux.com\/en\/wp-json\/wp\/v2\/product\/4060\/revisions\/11121"}],"wp:featuredmedia":[{"embeddable":true,"href":"https:\/\/artstella-elixirs-floraux.com\/en\/wp-json\/wp\/v2\/media\/4061"}],"wp:attachment":[{"href":"https:\/\/artstella-elixirs-floraux.com\/en\/wp-json\/wp\/v2\/media?parent=4060"}],"wp:term":[{"taxonomy":"product_brand","embeddable":true,"href":"https:\/\/artstella-elixirs-floraux.com\/en\/wp-json\/wp\/v2\/product_brand?post=4060"},{"taxonomy":"product_cat","embeddable":true,"href":"https:\/\/artstella-elixirs-floraux.com\/en\/wp-json\/wp\/v2\/product_cat?post=4060"},{"taxonomy":"product_tag","embeddable":true,"href":"https:\/\/artstella-elixirs-floraux.com\/en\/wp-json\/wp\/v2\/product_tag?post=4060"}],"curies":[{"name":"wp","href":"https:\/\/api.w.org\/{rel}","templated":true}]}}