{"id":4064,"date":"2025-03-09T13:20:33","date_gmt":"2025-03-09T13:20:33","guid":{"rendered":"https:\/\/artstella-elixirs-floraux.com\/product\/quinoa-15-ml-sylfos\/"},"modified":"2025-08-06T16:35:52","modified_gmt":"2025-08-06T16:35:52","slug":"quinoa-15-ml-sylfos","status":"publish","type":"product","link":"https:\/\/artstella-elixirs-floraux.com\/en\/product\/quinoa-15-ml-sylfos\/","title":{"rendered":"QUINOA SYLFOS"},"content":{"rendered":"<p><strong>QUINOA <\/strong>Chenopodium quinoa<\/p>\n<p>Ouverture du coeur, compassion. Favorise une ouverture du coeur profonde et sinc\u00e8re en d\u00e9veloppant l\u2019acceptation de soi et la compassion envers autrui. Equilibre les p\u00f4les \u00e9nerg\u00e9tiques (chakra racine et chakra coronaire) en harmonisant le centre cardiaque.<\/p>","protected":false},"excerpt":{"rendered":"<p><strong>QUINOA <\/strong>Chenopodium quinoa<\/p>\n<p>Ouverture du coeur, compassion. Favorise une ouverture du coeur profonde et sinc\u00e8re en d\u00e9veloppant l\u2019acceptation de soi et la compassion envers autrui.<\/p>","protected":false},"featured_media":4065,"template":"","meta":[],"product_brand":[],"product_cat":[104],"product_tag":[],"class_list":{"0":"post-4064","1":"product","2":"type-product","3":"status-publish","4":"has-post-thumbnail","6":"product_cat-les-fleurs-andines","8":"first","9":"instock","10":"taxable","11":"shipping-taxable","12":"purchasable","13":"product-type-variable"},"etheme_brands":{"errors":{"invalid_taxonomy":["Invalid taxonomy."]},"error_data":[]},"jetpack_sharing_enabled":true,"jetpack-related-posts":[{"id":3697,"url":"https:\/\/artstella-elixirs-floraux.com\/en\/product\/75-wisdom-of-compassion-ltoe-15-ml\/","url_meta":{"origin":4064,"position":0},"title":"75. WISDOM OF COMPASSION LTOE 15 ML","author":"eveapprill","date":"9 March 2025","format":false,"excerpt":"Wisdom of Compassion\/ Sagesse et compassion il fut cr\u00e9\u00e9 un soir de pleine lune, je jour anniversaire de l\u2019illumination du Bouddha. L\u2019orchid\u00e9e a demand\u00e9 doucement, mais clairement, qu\u2019on en fasse un \u00e9lixir afin de partager son message de compassion envers tous.","rel":"","context":"Similar post","block_context":{"text":"Similar post","link":""},"img":{"alt_text":"","src":"https:\/\/i0.wp.com\/artstella-elixirs-floraux.com\/wp-content\/uploads\/2025\/03\/cb85053d-2957-46e4-aff2-8c69846c56ad.jpg?resize=350%2C200&ssl=1","width":350,"height":200,"srcset":"https:\/\/i0.wp.com\/artstella-elixirs-floraux.com\/wp-content\/uploads\/2025\/03\/cb85053d-2957-46e4-aff2-8c69846c56ad.jpg?resize=350%2C200&ssl=1 1x, https:\/\/i0.wp.com\/artstella-elixirs-floraux.com\/wp-content\/uploads\/2025\/03\/cb85053d-2957-46e4-aff2-8c69846c56ad.jpg?resize=525%2C300&ssl=1 1.5x, https:\/\/i0.wp.com\/artstella-elixirs-floraux.com\/wp-content\/uploads\/2025\/03\/cb85053d-2957-46e4-aff2-8c69846c56ad.jpg?resize=700%2C400&ssl=1 2x"},"classes":[]},{"id":4014,"url":"https:\/\/artstella-elixirs-floraux.com\/en\/product\/cedron-verveine-15-ml-sylfos\/","url_meta":{"origin":4064,"position":1},"title":"CEDRON \/ VERVEINE ODORANTE SYLFOS","author":"eveapprill","date":"9 March 2025","format":false,"excerpt":"CEDRONAloysia citriodorata Confiance en soi, pers\u00e9v\u00e9rance. D\u00e9veloppe la confiance en soi, la sociabilit\u00e9, la compr\u00e9hension, l\u201dempathie, le respect d\u2019autrui et la compassion.","rel":"","context":"Similar post","block_context":{"text":"Similar post","link":""},"img":{"alt_text":"","src":"","width":0,"height":0},"classes":[]},{"id":4179,"url":"https:\/\/artstella-elixirs-floraux.com\/en\/product\/zadkiel-messagers-sylfos-15ml\/","url_meta":{"origin":4064,"position":2},"title":"ZADKIEL (MESSAGERS) SYLFOS 15ML","author":"eveapprill","date":"9 March 2025","format":false,"excerpt":"ZADKIEL Pardon, Mis\u00e9ricorde, Compassion, Amour, Transmutation, Transformation. Permet de trouver le pardon pour soi-m\u00eame comme pour les autres, de se lib\u00e9rer de la col\u00e8re","rel":"","context":"Similar post","block_context":{"text":"Similar post","link":""},"img":{"alt_text":"","src":"","width":0,"height":0},"classes":[]},{"id":4876,"url":"https:\/\/artstella-elixirs-floraux.com\/en\/product\/bleeding-heart-alaskan\/","url_meta":{"origin":4064,"position":3},"title":"BLEEDING HEART ALASKAN","author":"eveapprill","date":"9 March 2025","format":false,"excerpt":"BLEEDING HEART Indications : sentiment rejet\u00e9 par l'individu ; coeur ferm\u00e9 aux autres ; manque de compassion pour nous-m\u00eames et les autres ; divisions dans nos relations.","rel":"","context":"Similar post","block_context":{"text":"Similar post","link":""},"img":{"alt_text":"","src":"https:\/\/i0.wp.com\/artstella-elixirs-floraux.com\/wp-content\/uploads\/2025\/03\/wp-image1374.png?resize=350%2C200&ssl=1","width":350,"height":200},"classes":[]},{"id":4527,"url":"https:\/\/artstella-elixirs-floraux.com\/en\/product\/collier-baleine-phi\/","url_meta":{"origin":4064,"position":4},"title":"COLLIER BALEINE PHI","author":"eveapprill","date":"9 March 2025","format":false,"excerpt":"Le pendentif \"Baleine\" En verre souffl\u00e9 bleu. L\u2019\u00e9lixir apporte une sensation de protection qui favorise l\u2019ouverture du c\u0153ur et permet de vivre plus consciemment et d\u2019\u2019\u00eatre plus conscient des buts de notre vie.","rel":"","context":"Similar post","block_context":{"text":"Similar post","link":""},"img":{"alt_text":"","src":"https:\/\/i0.wp.com\/artstella-elixirs-floraux.com\/wp-content\/uploads\/2025\/03\/wp-image2481.png?resize=350%2C200&ssl=1","width":350,"height":200},"classes":[]},{"id":3659,"url":"https:\/\/artstella-elixirs-floraux.com\/en\/product\/54-secret-wisdom-ltoe-15-ml\/","url_meta":{"origin":4064,"position":5},"title":"54. SECRET WISDOM LTOE 15 ML","author":"eveapprill","date":"9 March 2025","format":false,"excerpt":"Secret Wisdom \/Sagesse secrete : oriente l\u2019attention vers la divinit\u00e9 int\u00e9rieure, au niveau de la chambre int\u00e9rieure du chakra du c\u0153ur.","rel":"","context":"Similar post","block_context":{"text":"Similar post","link":""},"img":{"alt_text":"","src":"https:\/\/i0.wp.com\/artstella-elixirs-floraux.com\/wp-content\/uploads\/2025\/03\/0291e82f-9c29-418d-a2ef-b20a6361b50a.jpg?resize=350%2C200&ssl=1","width":350,"height":200,"srcset":"https:\/\/i0.wp.com\/artstella-elixirs-floraux.com\/wp-content\/uploads\/2025\/03\/0291e82f-9c29-418d-a2ef-b20a6361b50a.jpg?resize=350%2C200&ssl=1 1x, https:\/\/i0.wp.com\/artstella-elixirs-floraux.com\/wp-content\/uploads\/2025\/03\/0291e82f-9c29-418d-a2ef-b20a6361b50a.jpg?resize=525%2C300&ssl=1 1.5x, https:\/\/i0.wp.com\/artstella-elixirs-floraux.com\/wp-content\/uploads\/2025\/03\/0291e82f-9c29-418d-a2ef-b20a6361b50a.jpg?resize=700%2C400&ssl=1 2x"},"classes":[]}],"_links":{"self":[{"href":"https:\/\/artstella-elixirs-floraux.com\/en\/wp-json\/wp\/v2\/product\/4064","targetHints":{"allow":["GET"]}}],"collection":[{"href":"https:\/\/artstella-elixirs-floraux.com\/en\/wp-json\/wp\/v2\/product"}],"about":[{"href":"https:\/\/artstella-elixirs-floraux.com\/en\/wp-json\/wp\/v2\/types\/product"}],"version-history":[{"count":3,"href":"https:\/\/artstella-elixirs-floraux.com\/en\/wp-json\/wp\/v2\/product\/4064\/revisions"}],"predecessor-version":[{"id":11119,"href":"https:\/\/artstella-elixirs-floraux.com\/en\/wp-json\/wp\/v2\/product\/4064\/revisions\/11119"}],"wp:featuredmedia":[{"embeddable":true,"href":"https:\/\/artstella-elixirs-floraux.com\/en\/wp-json\/wp\/v2\/media\/4065"}],"wp:attachment":[{"href":"https:\/\/artstella-elixirs-floraux.com\/en\/wp-json\/wp\/v2\/media?parent=4064"}],"wp:term":[{"taxonomy":"product_brand","embeddable":true,"href":"https:\/\/artstella-elixirs-floraux.com\/en\/wp-json\/wp\/v2\/product_brand?post=4064"},{"taxonomy":"product_cat","embeddable":true,"href":"https:\/\/artstella-elixirs-floraux.com\/en\/wp-json\/wp\/v2\/product_cat?post=4064"},{"taxonomy":"product_tag","embeddable":true,"href":"https:\/\/artstella-elixirs-floraux.com\/en\/wp-json\/wp\/v2\/product_tag?post=4064"}],"curies":[{"name":"wp","href":"https:\/\/api.w.org\/{rel}","templated":true}]}}