{"id":4090,"date":"2025-03-09T13:20:56","date_gmt":"2025-03-09T13:20:56","guid":{"rendered":"https:\/\/artstella-elixirs-floraux.com\/product\/avocatier-15ml-fleur-sylfos\/"},"modified":"2025-04-30T20:51:35","modified_gmt":"2025-04-30T20:51:35","slug":"avocatier-15ml-fleur-sylfos","status":"publish","type":"product","link":"https:\/\/artstella-elixirs-floraux.com\/en\/product\/avocatier-15ml-fleur-sylfos\/","title":{"rendered":"AVOCATIER 15ML FLEUR SYLFOS"},"content":{"rendered":"<div>\n<table cellspacing=\"0\" cellpadding=\"0\" align=\"left\">\n<tbody>\n<tr>\n<td align=\"left\" valign=\"top\">\n<p><strong>AVOCATIER \/ PALTO\u00a0\u00a0\u00a0\u00a0 Avocado<\/strong>\u00a0\u00a0\u00a0<em>Persea americana<\/em>\u00a0<strong><\/strong><\/p>\n<\/td>\n<\/tr>\n<\/tbody>\n<\/table>\n<\/div>\n<p>\u00a0<\/p>\n<p>\u00a0<\/p>\n<p>Stabilise les fluctuations \u00e9motionnelles. Utile pour ceux qui ont des difficult\u00e9s \u00e0 exp\u00e9rimenter le plaisir. Permet de retrouver la confiance en soi-m\u00eame et dans les autres\u00a0; aide \u00e0 d\u00e9velopper les capacit\u00e9s t\u00e9l\u00e9pathiques, l\u2019intuition ainsi que la capacit\u00e9 \u00e0 voir le travail des \u00e9nergies subtiles\u00a0; d\u00e9veloppe \u00e9galement un sens aigu du touch\u00e9. Soutient la concentration et la m\u00e9moire notamment pour la pr\u00e9parer les examens et cultiver le plaisir d\u2019apprendre. Action restructurant la peau et des cheveux.<\/p>","protected":false},"excerpt":{"rendered":"<div>\n<table cellspacing=\"0\" cellpadding=\"0\" align=\"left\">\n<tbody>\n<tr>\n<td align=\"left\" valign=\"top\">\n<p><strong>AVOCATIER \/ PALTO\u00a0\u00a0\u00a0\u00a0 Avocado<\/strong>\u00a0\u00a0 <em>Persea americana<\/em> <strong><\/strong><\/p>\n<\/td>\n<\/tr>\n<\/tbody>\n<\/table>\n<\/div>\n<p>\u00a0<\/p>\n<p>\u00a0<\/p>\n<p>Stabilise les fluctuations \u00e9motionnelles. Utile pour ceux qui ont des difficult\u00e9s \u00e0 exp\u00e9rimenter le plaisir. Permet de retrouver la confiance en soi-m\u00eame et dans les autres\u00a0;\u00a0<\/p>","protected":false},"featured_media":4091,"template":"","meta":[],"product_brand":[],"product_cat":[139],"product_tag":[],"class_list":{"0":"post-4090","1":"product","2":"type-product","3":"status-publish","4":"has-post-thumbnail","6":"product_cat-les-fleurs-andiness-upplementaires-compose","8":"first","9":"instock","10":"taxable","11":"shipping-taxable","12":"purchasable","13":"product-type-simple"},"etheme_brands":{"errors":{"invalid_taxonomy":["Invalid taxonomy."]},"error_data":[]},"jetpack_sharing_enabled":true,"jetpack-related-posts":[{"id":5450,"url":"https:\/\/artstella-elixirs-floraux.com\/en\/product\/perce-neige-sneeuwwklokje\/","url_meta":{"origin":4090,"position":0},"title":"Perce-neige &#8211; SNEEUWWKLOKJE","author":"eveapprill","date":"9 March 2025","format":false,"excerpt":"Perce-neige \/ Galanthus nivalis (snow drop) Lib\u00e8re des douleurs profondes, larmes et traumas qui ont \u00e9t\u00e9 emmagasin\u00e9s depuis longtemps, surtout s\u2019ils ont pour origine une difficult\u00e9 \u00e0 suivre son c\u0153ur et \u00e0 faire respecter ses sentiments.","rel":"","context":"Similar post","block_context":{"text":"Similar post","link":""},"img":{"alt_text":"","src":"","width":0,"height":0},"classes":[]},{"id":5556,"url":"https:\/\/artstella-elixirs-floraux.com\/en\/product\/nemophile-bleu-sylfos-15-ml\/","url_meta":{"origin":4090,"position":1},"title":"NEMOPHILE BLEU SYLFOS 15 ML","author":"eveapprill","date":"9 March 2025","format":false,"excerpt":"NEMOPHILE BLEU\u00a0 Nemophila menziesii BEBE DE OJOS AZULES \u00a0 \u00a0 Pour ceux qui ne se sentent pas s\u00fbrs d\u2019eux-m\u00eames et sont incapables de faire confiance \u00e0 la bont\u00e9 des autres ou du monde\u00a0","rel":"","context":"Similar post","block_context":{"text":"Similar post","link":""},"img":{"alt_text":"","src":"","width":0,"height":0},"classes":[]},{"id":3695,"url":"https:\/\/artstella-elixirs-floraux.com\/en\/product\/winged-messenger-ltoe-15ml\/","url_meta":{"origin":4090,"position":2},"title":"WINGED MESSENGER LTOE 15ML","author":"eveapprill","date":"9 March 2025","format":false,"excerpt":". Winged Messenger\/ Messager volant Remarquable pour atteindre ses buts, tout en apportant de la joie au c\u0153ur et de l\u2019ancrage.","rel":"","context":"Similar post","block_context":{"text":"Similar post","link":""},"img":{"alt_text":"","src":"https:\/\/i0.wp.com\/artstella-elixirs-floraux.com\/wp-content\/uploads\/2025\/03\/49d267dd-96d5-4648-be19-bb0c9e87820b.jpg?resize=350%2C200&ssl=1","width":350,"height":200,"srcset":"https:\/\/i0.wp.com\/artstella-elixirs-floraux.com\/wp-content\/uploads\/2025\/03\/49d267dd-96d5-4648-be19-bb0c9e87820b.jpg?resize=350%2C200&ssl=1 1x, https:\/\/i0.wp.com\/artstella-elixirs-floraux.com\/wp-content\/uploads\/2025\/03\/49d267dd-96d5-4648-be19-bb0c9e87820b.jpg?resize=525%2C300&ssl=1 1.5x, https:\/\/i0.wp.com\/artstella-elixirs-floraux.com\/wp-content\/uploads\/2025\/03\/49d267dd-96d5-4648-be19-bb0c9e87820b.jpg?resize=700%2C400&ssl=1 2x"},"classes":[]},{"id":5160,"url":"https:\/\/artstella-elixirs-floraux.com\/en\/product\/corail-de-feu-millepora-dichotoma-feuerkoralle\/","url_meta":{"origin":4090,"position":3},"title":"Corail de feu (Millepora dichotoma) Feuerkoralle","author":"eveapprill","date":"9 March 2025","format":false,"excerpt":"Corail de feu\u00a0\u00a0 (Millepora dichotoma) Feuerkoralle\u00a0\u00a0 Cet \u00e9lixir exerce une action \u00e9nerg\u00e9tique sur la peau. Il soutient en cas d\u2019hypersensibilit\u00e9, de r\u00e9actions conditionn\u00e9es ou de r\u00e9pulsions.","rel":"","context":"Similar post","block_context":{"text":"Similar post","link":""},"img":{"alt_text":"","src":"","width":0,"height":0},"classes":[]},{"id":3577,"url":"https:\/\/artstella-elixirs-floraux.com\/en\/product\/16-direct-vision-ltoe-15-ml\/","url_meta":{"origin":4090,"position":4},"title":"16. DIRECT VISION LTOE 15 ML","author":"eveapprill","date":"9 March 2025","format":false,"excerpt":"Direct Vision \/Vision directe : Permet d'exp\u00e9rimenter le 3eme \u0152il. L'\u00e9lixir peut \u00eatre utile dans une qu\u00eate de vision.","rel":"","context":"Similar post","block_context":{"text":"Similar post","link":""},"img":{"alt_text":"","src":"https:\/\/i0.wp.com\/artstella-elixirs-floraux.com\/wp-content\/uploads\/2025\/03\/5dba4f93-ea81-4db0-9d9e-51f896a3ffba.jpg?resize=350%2C200&ssl=1","width":350,"height":200,"srcset":"https:\/\/i0.wp.com\/artstella-elixirs-floraux.com\/wp-content\/uploads\/2025\/03\/5dba4f93-ea81-4db0-9d9e-51f896a3ffba.jpg?resize=350%2C200&ssl=1 1x, https:\/\/i0.wp.com\/artstella-elixirs-floraux.com\/wp-content\/uploads\/2025\/03\/5dba4f93-ea81-4db0-9d9e-51f896a3ffba.jpg?resize=525%2C300&ssl=1 1.5x, https:\/\/i0.wp.com\/artstella-elixirs-floraux.com\/wp-content\/uploads\/2025\/03\/5dba4f93-ea81-4db0-9d9e-51f896a3ffba.jpg?resize=700%2C400&ssl=1 2x"},"classes":[]},{"id":2150,"url":"https:\/\/artstella-elixirs-floraux.com\/en\/product\/forget-me-not-alaska\/","url_meta":{"origin":4090,"position":5},"title":"FORGET ME NOT ALASKA","author":"eveapprill","date":"9 March 2025","format":false,"excerpt":"FORGET ME NOT ALASKA Sensation d'\u00eatre s\u00e9par\u00e9 ; difficult\u00e9 \u00e0 connecter la dimension spirituelle, connexion aux autres bloqu\u00e9e par des peurs inconscientes, sensation de culpabilit\u00e9 en rapport avec des actions du pass\u00e9. Permet de rel\u00e2cher les peurs, sentiments de culpabilit\u00e9 et souffrances subconscientes, permet de retrouver respect et compassion envers\u2026","rel":"","context":"Similar post","block_context":{"text":"Similar post","link":""},"img":{"alt_text":"","src":"https:\/\/i0.wp.com\/artstella-elixirs-floraux.com\/wp-content\/uploads\/2025\/03\/wp-image561.png?resize=350%2C200&ssl=1","width":350,"height":200},"classes":[]}],"_links":{"self":[{"href":"https:\/\/artstella-elixirs-floraux.com\/en\/wp-json\/wp\/v2\/product\/4090","targetHints":{"allow":["GET"]}}],"collection":[{"href":"https:\/\/artstella-elixirs-floraux.com\/en\/wp-json\/wp\/v2\/product"}],"about":[{"href":"https:\/\/artstella-elixirs-floraux.com\/en\/wp-json\/wp\/v2\/types\/product"}],"version-history":[{"count":0,"href":"https:\/\/artstella-elixirs-floraux.com\/en\/wp-json\/wp\/v2\/product\/4090\/revisions"}],"wp:featuredmedia":[{"embeddable":true,"href":"https:\/\/artstella-elixirs-floraux.com\/en\/wp-json\/wp\/v2\/media\/4091"}],"wp:attachment":[{"href":"https:\/\/artstella-elixirs-floraux.com\/en\/wp-json\/wp\/v2\/media?parent=4090"}],"wp:term":[{"taxonomy":"product_brand","embeddable":true,"href":"https:\/\/artstella-elixirs-floraux.com\/en\/wp-json\/wp\/v2\/product_brand?post=4090"},{"taxonomy":"product_cat","embeddable":true,"href":"https:\/\/artstella-elixirs-floraux.com\/en\/wp-json\/wp\/v2\/product_cat?post=4090"},{"taxonomy":"product_tag","embeddable":true,"href":"https:\/\/artstella-elixirs-floraux.com\/en\/wp-json\/wp\/v2\/product_tag?post=4090"}],"curies":[{"name":"wp","href":"https:\/\/api.w.org\/{rel}","templated":true}]}}