{"id":4092,"date":"2025-03-09T13:20:57","date_gmt":"2025-03-09T13:20:57","guid":{"rendered":"https:\/\/artstella-elixirs-floraux.com\/product\/canne-a-sucre-15-ml-fleur-sylfos\/"},"modified":"2025-04-30T20:50:59","modified_gmt":"2025-04-30T20:50:59","slug":"canne-a-sucre-15-ml-fleur-sylfos","status":"publish","type":"product","link":"https:\/\/artstella-elixirs-floraux.com\/en\/product\/canne-a-sucre-15-ml-fleur-sylfos\/","title":{"rendered":"CANNE A SUCRE 15 ML FLEUR SYLFOS"},"content":{"rendered":"","protected":false},"excerpt":{"rendered":"<div>\n<table cellspacing=\"0\" cellpadding=\"0\" align=\"left\">\n<tbody>\n<tr>\n<td align=\"left\" valign=\"top\">\n<p><strong>CANNE A SUCRE \/CA\u00d1A DE AZUCAR\u00a0\u00a0\u00a0 Sugarcane<\/strong><strong> <\/strong>\u00a0<em>Saccharum officinarum <\/em><strong><\/strong><\/p>\n<\/td>\n<\/tr>\n<\/tbody>\n<\/table>\n<\/div>\n<p>\u00a0<\/p>\n<p>\u00a0<\/p>\n<p>Qui sait donner\u2026 sait recevoir. Voil\u00e0 un des enseignements de cet \u00e9lixir. Pour ceux qui se sont endurcis pour affronter l\u2019adversit\u00e9\u2026 mais qui restent tendres \u00e0 l\u2019int\u00e9rieur, comme l\u2019est la plante.<\/p>","protected":false},"featured_media":4093,"template":"","meta":[],"product_brand":[],"product_cat":[139],"product_tag":[],"class_list":{"0":"post-4092","1":"product","2":"type-product","3":"status-publish","4":"has-post-thumbnail","6":"product_cat-les-fleurs-andiness-upplementaires-compose","8":"first","9":"instock","10":"taxable","11":"shipping-taxable","12":"purchasable","13":"product-type-simple"},"etheme_brands":{"errors":{"invalid_taxonomy":["Invalid taxonomy."]},"error_data":[]},"jetpack_sharing_enabled":true,"jetpack-related-posts":[{"id":3681,"url":"https:\/\/artstella-elixirs-floraux.com\/en\/product\/67-unveiling-affection-ltoe-15-ml\/","url_meta":{"origin":4092,"position":0},"title":"67. UNVEILING AFFECTION LTOE 15 ML","author":"eveapprill","date":"9 March 2025","format":false,"excerpt":"Unveiling Affection\/ Affection d\u00e9voil\u00e9e : Le tout premier des \u00e9lixirs LT. Avec lui, on d\u00e9couvre et ressent la tendresse au fond du c\u0153ur \u2013 pour soi et pour les autres. Il aide \u00e0 s\u2019aimer et \u00e0 \u00eatre aim\u00e9. Il est donc tout indiqu\u00e9 pour quiconque a d\u00e9j\u00e0 ressenti un vide\u2026","rel":"","context":"Similar post","block_context":{"text":"Similar post","link":""},"img":{"alt_text":"","src":"https:\/\/i0.wp.com\/artstella-elixirs-floraux.com\/wp-content\/uploads\/2025\/03\/28c00914-0777-42f6-9cd1-8facb5c5400f.jpg?resize=350%2C200&ssl=1","width":350,"height":200,"srcset":"https:\/\/i0.wp.com\/artstella-elixirs-floraux.com\/wp-content\/uploads\/2025\/03\/28c00914-0777-42f6-9cd1-8facb5c5400f.jpg?resize=350%2C200&ssl=1 1x, https:\/\/i0.wp.com\/artstella-elixirs-floraux.com\/wp-content\/uploads\/2025\/03\/28c00914-0777-42f6-9cd1-8facb5c5400f.jpg?resize=525%2C300&ssl=1 1.5x, https:\/\/i0.wp.com\/artstella-elixirs-floraux.com\/wp-content\/uploads\/2025\/03\/28c00914-0777-42f6-9cd1-8facb5c5400f.jpg?resize=700%2C400&ssl=1 2x"},"classes":[]},{"id":5866,"url":"https:\/\/artstella-elixirs-floraux.com\/en\/product\/abeille-bee-apis-mellifera-15-ml-phi\/","url_meta":{"origin":4092,"position":1},"title":"Abeille &#8211; Bee (Apis mellifera) 15 ml PHI","author":"eveapprill","date":"9 March 2025","format":false,"excerpt":"Abeille - Bee (Apis mellifera) Cet \u00e9lixir \u00e9nerg\u00e9tique nous ouvre \u00e0 la joie et \u00e0 lumi\u00e8re int\u00e9rieure. Il aide \u00e0 \u00e9quilibrer \u00e9nerg\u00e9tiquement le sucre dans le corps. Nous apprenons \u00e0 ouvrir notre c\u0153ur et \u00e0 appr\u00e9cier la douceur de la vie.","rel":"","context":"Similar post","block_context":{"text":"Similar post","link":""},"img":{"alt_text":"","src":"","width":0,"height":0},"classes":[]},{"id":2820,"url":"https:\/\/artstella-elixirs-floraux.com\/en\/product\/chicory-phi-15-ml\/","url_meta":{"origin":4092,"position":2},"title":"CHICORY PHI 15 ML","author":"eveapprill","date":"9 March 2025","format":false,"excerpt":"Chicory (Cichorium intybus) (Chicor\u00e9e) Nous lib\u00e8re des attentes envers les autres. Pour l'amour vrai qui sait donner et recevoir.","rel":"","context":"Similar post","block_context":{"text":"Similar post","link":""},"img":{"alt_text":"","src":"https:\/\/i0.wp.com\/artstella-elixirs-floraux.com\/wp-content\/uploads\/2025\/03\/wp-image340.png?resize=350%2C200&ssl=1","width":350,"height":200},"classes":[]},{"id":5462,"url":"https:\/\/artstella-elixirs-floraux.com\/en\/product\/strophaire-a-anneau-rugueux-10ml-bl\/","url_meta":{"origin":4092,"position":3},"title":"Strophaire \u00e0 anneau rugueux 10ml BL","author":"eveapprill","date":"9 March 2025","format":false,"excerpt":"Strophaire \u00e0 anneau rugueux \/ Stropharia rugoso annulata\u00a0\u00a0\u00a0\u00a0\u00a0\u00a0\u00a0\u00a0\u00a0\u00a0\u00a0\u00a0\u00a0\u00a0 Peut atteindre 40 \u00e0 50 cm de circonf\u00e9rence. Pour trouver de nouvelles intuitions dans ses activit\u00e9s.","rel":"","context":"Similar post","block_context":{"text":"Similar post","link":""},"img":{"alt_text":"","src":"","width":0,"height":0},"classes":[]},{"id":2186,"url":"https:\/\/artstella-elixirs-floraux.com\/en\/product\/harebell-alaskan\/","url_meta":{"origin":4092,"position":4},"title":"Harebell Alaskan","author":"eveapprill","date":"9 March 2025","format":false,"excerpt":"Harebell. Campanula lasiocarpa. Campanule Ne se sent pas aim\u00e9 et coup\u00e9 de la Source ; \u00e0 la recherche de l\u2019amour \u00e0 l'ext\u00e9rieur.","rel":"","context":"Similar post","block_context":{"text":"Similar post","link":""},"img":{"alt_text":"","src":"https:\/\/i0.wp.com\/artstella-elixirs-floraux.com\/wp-content\/uploads\/2025\/03\/wp-image542.png?resize=350%2C200&ssl=1","width":350,"height":200},"classes":[]},{"id":5840,"url":"https:\/\/artstella-elixirs-floraux.com\/en\/product\/paresseux-a-deux-doigts-15-ml-phi\/","url_meta":{"origin":4092,"position":5},"title":"Paresseux \u00e0 deux doigts 15 ml PHI","author":"eveapprill","date":"9 March 2025","format":false,"excerpt":"Paresseux \u00e0 deux doigts - Southern two toed Sloth (Choloepus didactylus) Cet animal nous aide \u00e0 d\u00e9velopper une meilleure relation au temps et \u00e0 la relaxation. Il nous aide \u00e0 mieux g\u00e9rer des situations de stress, en prenant les choses plus l\u00e9g\u00e8rement et de fa\u00e7on plus d\u00e9tendue. Il nous aide\u2026","rel":"","context":"Similar post","block_context":{"text":"Similar post","link":""},"img":{"alt_text":"","src":"","width":0,"height":0},"classes":[]}],"_links":{"self":[{"href":"https:\/\/artstella-elixirs-floraux.com\/en\/wp-json\/wp\/v2\/product\/4092","targetHints":{"allow":["GET"]}}],"collection":[{"href":"https:\/\/artstella-elixirs-floraux.com\/en\/wp-json\/wp\/v2\/product"}],"about":[{"href":"https:\/\/artstella-elixirs-floraux.com\/en\/wp-json\/wp\/v2\/types\/product"}],"version-history":[{"count":0,"href":"https:\/\/artstella-elixirs-floraux.com\/en\/wp-json\/wp\/v2\/product\/4092\/revisions"}],"wp:featuredmedia":[{"embeddable":true,"href":"https:\/\/artstella-elixirs-floraux.com\/en\/wp-json\/wp\/v2\/media\/4093"}],"wp:attachment":[{"href":"https:\/\/artstella-elixirs-floraux.com\/en\/wp-json\/wp\/v2\/media?parent=4092"}],"wp:term":[{"taxonomy":"product_brand","embeddable":true,"href":"https:\/\/artstella-elixirs-floraux.com\/en\/wp-json\/wp\/v2\/product_brand?post=4092"},{"taxonomy":"product_cat","embeddable":true,"href":"https:\/\/artstella-elixirs-floraux.com\/en\/wp-json\/wp\/v2\/product_cat?post=4092"},{"taxonomy":"product_tag","embeddable":true,"href":"https:\/\/artstella-elixirs-floraux.com\/en\/wp-json\/wp\/v2\/product_tag?post=4092"}],"curies":[{"name":"wp","href":"https:\/\/api.w.org\/{rel}","templated":true}]}}