{"id":4099,"date":"2025-03-09T13:21:01","date_gmt":"2025-03-09T13:21:01","guid":{"rendered":"https:\/\/artstella-elixirs-floraux.com\/product\/lama-el-chamaniques-15ml\/"},"modified":"2025-07-21T15:05:44","modified_gmt":"2025-07-21T15:05:44","slug":"lama-el-chamaniques-15ml","status":"publish","type":"product","link":"https:\/\/artstella-elixirs-floraux.com\/en\/product\/lama-el-chamaniques-15ml\/","title":{"rendered":"LAMA EL CHAMANIQUES 15ML"},"content":{"rendered":"<p><strong>LAMA<\/strong> <strong><em>Protection \u2013 Renforce le c\u00f4t\u00e9 f\u00e9minin \u2013 R\u00e9confort de l\u2019inconscient.<\/em><\/strong><\/p>\n<p>Elixir de protection permettant d\u2019affronter et de nettoyer les \u00e9nergies n\u00e9gatives qui nous entourent. Elixir tr\u00e8s f\u00e9minin, et chaleureux, accompagnant les processus de croissance et aidant \u00e0 supporter les peines. R\u00e9conforte au niveau de l\u2019inconscient. Soutient la lucidit\u00e9, \u00e9liminant les illusions du mat\u00e9rialisme. Gardien du \u201cyin\u201d, de la sagesse qui prend soin de la communaut\u00e9 et de l\u2019esp\u00e8ce. Utile pour les personnes sensibles \u00e9nerg\u00e9tiquement et qui ne peuvent ou une savent pas contr\u00f4ler ce don.<\/p>","protected":false},"excerpt":{"rendered":"<p><strong>LAMA<\/strong> <strong><em>Protection \u2013 Renforce le c\u00f4t\u00e9 f\u00e9minin \u2013 R\u00e9confort de l\u2019inconscient.<\/em><\/strong><\/p>\n<p>Elixir de protection permettant d\u2019affronter et de nettoyer les \u00e9nergies n\u00e9gatives qui nous entourent.<\/p>","protected":false},"featured_media":4100,"template":"","meta":[],"product_brand":[],"product_cat":[140],"product_tag":[],"class_list":{"0":"post-4099","1":"product","2":"type-product","3":"status-publish","4":"has-post-thumbnail","6":"product_cat-les-elixirs-d-animaux-chamanique","8":"first","9":"instock","10":"taxable","11":"shipping-taxable","12":"purchasable","13":"product-type-simple"},"etheme_brands":{"errors":{"invalid_taxonomy":["Invalid taxonomy."]},"error_data":[]},"jetpack_sharing_enabled":true,"jetpack-related-posts":[{"id":3575,"url":"https:\/\/artstella-elixirs-floraux.com\/en\/product\/protection-de-lobscurite-ltoe-15-ml\/","url_meta":{"origin":4099,"position":0},"title":"Protection de l\u2019obscurit\u00e9 LTOE 15 ml","author":"eveapprill","date":"9 March 2025","format":false,"excerpt":"Protection de l\u2019obscurit\u00e9 L\u2019\u00e9lixir connecte fortement\u00a0 le 1er chakra \u00e0 la terre \u00e0 travers les chakras de la vo\u00fbte plantaire. L\u2019abdomen et la poitrine sont comme prot\u00e9g\u00e9s par une armure. L\u2019\u00e9lixir nous prot\u00e8ge jusqu\u2019au c\u0153ur des \u00e9nergies de nos \u00ab\u00a0d\u00e9mons\u00a0\u00bb conscients ou inconscients","rel":"","context":"Similar post","block_context":{"text":"Similar post","link":""},"img":{"alt_text":"","src":"https:\/\/i0.wp.com\/artstella-elixirs-floraux.com\/wp-content\/uploads\/2025\/03\/68615fd6-50d6-4881-8541-288343b719b2.jpg?resize=350%2C200&ssl=1","width":350,"height":200,"srcset":"https:\/\/i0.wp.com\/artstella-elixirs-floraux.com\/wp-content\/uploads\/2025\/03\/68615fd6-50d6-4881-8541-288343b719b2.jpg?resize=350%2C200&ssl=1 1x, https:\/\/i0.wp.com\/artstella-elixirs-floraux.com\/wp-content\/uploads\/2025\/03\/68615fd6-50d6-4881-8541-288343b719b2.jpg?resize=525%2C300&ssl=1 1.5x, https:\/\/i0.wp.com\/artstella-elixirs-floraux.com\/wp-content\/uploads\/2025\/03\/68615fd6-50d6-4881-8541-288343b719b2.jpg?resize=700%2C400&ssl=1 2x"},"classes":[]},{"id":6255,"url":"https:\/\/artstella-elixirs-floraux.com\/en\/product\/elixir-ocean-n37-phi\/","url_meta":{"origin":4099,"position":1},"title":"ELIXIR OCEAN N\u00b037 PHI","author":"eveapprill","date":"9 March 2025","format":false,"excerpt":"L\u2019\u00e9lixir nous relie \u00e0 notre inconscient cellulaire. Exerce un effet purifiant . En apportant de la transparence. Les \u00e9motions n\u00e9gatives peuvent \u00eatre clarifi\u00e9es et d\u2019anciennes charges au niveau inconscient peuvent \u00eatre lib\u00e9r\u00e9es.","rel":"","context":"Similar post","block_context":{"text":"Similar post","link":""},"img":{"alt_text":"","src":"https:\/\/i0.wp.com\/artstella-elixirs-floraux.com\/wp-content\/uploads\/2025\/03\/wp-image2218.png?resize=350%2C200&ssl=1","width":350,"height":200},"classes":[]},{"id":3344,"url":"https:\/\/artstella-elixirs-floraux.com\/en\/product\/release-cactus-15ml-phi\/","url_meta":{"origin":4099,"position":2},"title":"RELEASE CACTUS 15ML PHI","author":"eveapprill","date":"9 March 2025","format":false,"excerpt":"Release Cactus (Ceropegia Fusca) Il aide \u00e0 nous lib\u00e9rer d'anciens sch\u00e9mas ressentis comme n\u00e9gatifs. L'\u00e9lixir agit tr\u00e8s en profondeur : il atteint l'inconscient et la conscience cellulaire. Il permet de nettoyer les blocages et contribue \u00e0 nous r\u00e9g\u00e9n\u00e9rer.","rel":"","context":"Similar post","block_context":{"text":"Similar post","link":""},"img":{"alt_text":"","src":"https:\/\/i0.wp.com\/artstella-elixirs-floraux.com\/wp-content\/uploads\/2025\/03\/wp-image357.png?resize=350%2C200&ssl=1","width":350,"height":200},"classes":[]},{"id":6259,"url":"https:\/\/artstella-elixirs-floraux.com\/en\/product\/elixir-ocean-n40-phi\/","url_meta":{"origin":4099,"position":3},"title":"ELIXIR OCEAN N\u00b040 PHI","author":"eveapprill","date":"9 March 2025","format":false,"excerpt":"L\u2019\u00e9lixir agit profond\u00e9ment sur l\u2019inconscient et nous aide \u00e0 prendre conscience de nos peurs et ins\u00e9curit\u00e9s anciennes, qui peuvent \u00eatre lib\u00e9r\u00e9es d\u2019une fa\u00e7on aimante.","rel":"","context":"Similar post","block_context":{"text":"Similar post","link":""},"img":{"alt_text":"","src":"https:\/\/i0.wp.com\/artstella-elixirs-floraux.com\/wp-content\/uploads\/2025\/03\/wp-image2220.png?resize=350%2C200&ssl=1","width":350,"height":200},"classes":[]},{"id":2773,"url":"https:\/\/artstella-elixirs-floraux.com\/en\/product\/lac-baikal-bush-lf\/","url_meta":{"origin":4099,"position":4},"title":"LAC BAIKAL BUSH LF","author":"eveapprill","date":"9 March 2025","format":false,"excerpt":"Lake Baikal Essence\u2013 Elixir du lac Ba\u00efkal Aide \u00e0 r\u00e9unir les corps mental et \u00e9motionnel, favorise la gu\u00e9rison int\u00e9rieure, int\u00e8gre le masculin et le f\u00e9minin Divins de chacun et peut ramener la joie dans le coeur et dans l\u2019\u00e2me.","rel":"","context":"Similar post","block_context":{"text":"Similar post","link":""},"img":{"alt_text":"","src":"https:\/\/i0.wp.com\/artstella-elixirs-floraux.com\/wp-content\/uploads\/2025\/03\/aa91b964-46de-4b2e-8951-385a8475c42a.jpg?resize=350%2C200&ssl=1","width":350,"height":200,"srcset":"https:\/\/i0.wp.com\/artstella-elixirs-floraux.com\/wp-content\/uploads\/2025\/03\/aa91b964-46de-4b2e-8951-385a8475c42a.jpg?resize=350%2C200&ssl=1 1x, https:\/\/i0.wp.com\/artstella-elixirs-floraux.com\/wp-content\/uploads\/2025\/03\/aa91b964-46de-4b2e-8951-385a8475c42a.jpg?resize=525%2C300&ssl=1 1.5x, https:\/\/i0.wp.com\/artstella-elixirs-floraux.com\/wp-content\/uploads\/2025\/03\/aa91b964-46de-4b2e-8951-385a8475c42a.jpg?resize=700%2C400&ssl=1 2x"},"classes":[]},{"id":6227,"url":"https:\/\/artstella-elixirs-floraux.com\/en\/product\/elixir-ocean-n34-phi-15ml\/","url_meta":{"origin":4099,"position":5},"title":"ELIXIR OCEAN N\u00b034 PHI 15ml","author":"eveapprill","date":"9 March 2025","format":false,"excerpt":"ELIXIR OCEAN N\u00b034\u00a0 s\u2019adresse aux \u00eatres sensibles, leur apportant un sentiment de s\u00e9curit\u00e9 et une plus grande la confiance dans leur exp\u00e9rience. Il agit \u00e9galement comme une protection \u00e9nerg\u00e9tique, permettant de renforcer nos limites par rapport \u00e0 l\u2019ext\u00e9rieur. Au niveau cellulaire, l\u2019\u00e9lixir agit comme un protecteur \u00e9nerg\u00e9tique par rapport \u00e0\u2026","rel":"","context":"Similar post","block_context":{"text":"Similar post","link":""},"img":{"alt_text":"","src":"https:\/\/i0.wp.com\/artstella-elixirs-floraux.com\/wp-content\/uploads\/2025\/03\/wp-image2208.png?resize=350%2C200&ssl=1","width":350,"height":200},"classes":[]}],"_links":{"self":[{"href":"https:\/\/artstella-elixirs-floraux.com\/en\/wp-json\/wp\/v2\/product\/4099","targetHints":{"allow":["GET"]}}],"collection":[{"href":"https:\/\/artstella-elixirs-floraux.com\/en\/wp-json\/wp\/v2\/product"}],"about":[{"href":"https:\/\/artstella-elixirs-floraux.com\/en\/wp-json\/wp\/v2\/types\/product"}],"version-history":[{"count":1,"href":"https:\/\/artstella-elixirs-floraux.com\/en\/wp-json\/wp\/v2\/product\/4099\/revisions"}],"predecessor-version":[{"id":11059,"href":"https:\/\/artstella-elixirs-floraux.com\/en\/wp-json\/wp\/v2\/product\/4099\/revisions\/11059"}],"wp:featuredmedia":[{"embeddable":true,"href":"https:\/\/artstella-elixirs-floraux.com\/en\/wp-json\/wp\/v2\/media\/4100"}],"wp:attachment":[{"href":"https:\/\/artstella-elixirs-floraux.com\/en\/wp-json\/wp\/v2\/media?parent=4099"}],"wp:term":[{"taxonomy":"product_brand","embeddable":true,"href":"https:\/\/artstella-elixirs-floraux.com\/en\/wp-json\/wp\/v2\/product_brand?post=4099"},{"taxonomy":"product_cat","embeddable":true,"href":"https:\/\/artstella-elixirs-floraux.com\/en\/wp-json\/wp\/v2\/product_cat?post=4099"},{"taxonomy":"product_tag","embeddable":true,"href":"https:\/\/artstella-elixirs-floraux.com\/en\/wp-json\/wp\/v2\/product_tag?post=4099"}],"curies":[{"name":"wp","href":"https:\/\/api.w.org\/{rel}","templated":true}]}}