{"id":4101,"date":"2025-03-09T13:21:03","date_gmt":"2025-03-09T13:21:03","guid":{"rendered":"https:\/\/artstella-elixirs-floraux.com\/product\/serpiente-serpent-transmutation-15ml\/"},"modified":"2025-07-21T14:42:17","modified_gmt":"2025-07-21T14:42:17","slug":"serpiente-serpent-transmutation-15ml","status":"publish","type":"product","link":"https:\/\/artstella-elixirs-floraux.com\/en\/product\/serpiente-serpent-transmutation-15ml\/","title":{"rendered":"SERPIENTE \/ SERPENT Transmutation 15ML"},"content":{"rendered":"<p><strong>SERPIENTE \/ SERPENT <em>Transmutation \u2013 Force de Vie \u2013 R\u00e9g\u00e9n\u00e9ration.<\/em><\/strong><\/p>\n<p>Le Serpent accompagne les mues r\u00e9guli\u00e8res n\u00e9cessaires, mais aussi les grandes transformations qui impliquent de laisser le \u00ab\u00a0vieux\u00a0\u00bb pour acc\u00e9der au \u00ab\u00a0nouveau\u00a0\u00bb. Permet aussi de d\u00e9velopper une sexualit\u00e9 \u00e9quilibr\u00e9e. En \u00ab\u00a0professeur chamanique\u00a0\u00bb. il facilite l\u2019initiation dans les profondeurs de la psych\u00e9, aidant \u00e0 int\u00e9grer l\u2019exp\u00e9rience des \u00e9nergies arch\u00e9typales, telles que la Mort, R\u00e9surrection ou Renaissance. Il guide dans l\u2019exploration des myst\u00e8res de la vie et permet de sortir d\u2019un aveuglement hypnotique, tout en transmutant le n\u00e9gatif qui est en nous.<\/p>","protected":false},"excerpt":{"rendered":"<p><strong>SERPIENTE \/ SERPENT <em>Transmutation \u2013 Force de Vie \u2013 R\u00e9g\u00e9n\u00e9ration.<\/em><\/strong><\/p>\n<p>Le Serpent accompagne les mues r\u00e9guli\u00e8res n\u00e9cessaires, mais aussi les grandes transformations qui impliquent de laisser le \u00ab\u00a0vieux\u00a0\u00bb pour acc\u00e9der au \u00ab\u00a0nouveau\u00a0\u00bb.<\/p>","protected":false},"featured_media":4102,"template":"","meta":[],"product_brand":[],"product_cat":[140],"product_tag":[],"class_list":{"0":"post-4101","1":"product","2":"type-product","3":"status-publish","4":"has-post-thumbnail","6":"product_cat-les-elixirs-d-animaux-chamanique","8":"first","9":"instock","10":"taxable","11":"shipping-taxable","12":"purchasable","13":"product-type-simple"},"etheme_brands":{"errors":{"invalid_taxonomy":["Invalid taxonomy."]},"error_data":[]},"jetpack_sharing_enabled":true,"jetpack-related-posts":[{"id":3964,"url":"https:\/\/artstella-elixirs-floraux.com\/en\/product\/serpent-15ml-phi\/","url_meta":{"origin":4101,"position":0},"title":"SERPENT 15ML PHI","author":"eveapprill","date":"9 March 2025","format":false,"excerpt":"Serpent (Dendroaspis) (Schlange) Active nos forces d\u2019autogu\u00e9rison et apporte de l\u2019harmonie dans les situations \u00e9motionnelles empoisonn\u00e9es.","rel":"","context":"Similar post","block_context":{"text":"Similar post","link":""},"img":{"alt_text":"","src":"https:\/\/i0.wp.com\/artstella-elixirs-floraux.com\/wp-content\/uploads\/2025\/03\/wp-image730.png?resize=350%2C200&ssl=1","width":350,"height":200},"classes":[]},{"id":4269,"url":"https:\/\/artstella-elixirs-floraux.com\/en\/product\/snake-serpent-wea-30-ml\/","url_meta":{"origin":4101,"position":1},"title":"SNAKE\/SERPENT WEA 30 ML","author":"eveapprill","date":"9 March 2025","format":false,"excerpt":"Snake (serpent) En Ma\u00eetre chamanique, Snake facilite l\u2019initiation aux royaumes les plus profonds et transpersonnels de la psych\u00e9. Il est un puissant soutien pour la transformation aux niveaux les plus profonds. Pour s\u2019\u00e9veiller aux myst\u00e8res les plus profonds. Spider (araign\u00e9e)","rel":"","context":"Similar post","block_context":{"text":"Similar post","link":""},"img":{"alt_text":"","src":"https:\/\/i0.wp.com\/artstella-elixirs-floraux.com\/wp-content\/uploads\/2025\/03\/wp-image2275.png?resize=350%2C200&ssl=1","width":350,"height":200,"srcset":"https:\/\/i0.wp.com\/artstella-elixirs-floraux.com\/wp-content\/uploads\/2025\/03\/wp-image2275.png?resize=350%2C200&ssl=1 1x, https:\/\/i0.wp.com\/artstella-elixirs-floraux.com\/wp-content\/uploads\/2025\/03\/wp-image2275.png?resize=525%2C300&ssl=1 1.5x, https:\/\/i0.wp.com\/artstella-elixirs-floraux.com\/wp-content\/uploads\/2025\/03\/wp-image2275.png?resize=700%2C400&ssl=1 2x, https:\/\/i0.wp.com\/artstella-elixirs-floraux.com\/wp-content\/uploads\/2025\/03\/wp-image2275.png?resize=1050%2C600&ssl=1 3x"},"classes":[]},{"id":4179,"url":"https:\/\/artstella-elixirs-floraux.com\/en\/product\/zadkiel-messagers-sylfos-15ml\/","url_meta":{"origin":4101,"position":2},"title":"ZADKIEL (MESSAGERS) SYLFOS 15ML","author":"eveapprill","date":"9 March 2025","format":false,"excerpt":"ZADKIEL Pardon, Mis\u00e9ricorde, Compassion, Amour, Transmutation, Transformation. Permet de trouver le pardon pour soi-m\u00eame comme pour les autres, de se lib\u00e9rer de la col\u00e8re","rel":"","context":"Similar post","block_context":{"text":"Similar post","link":""},"img":{"alt_text":"","src":"","width":0,"height":0},"classes":[]},{"id":5400,"url":"https:\/\/artstella-elixirs-floraux.com\/en\/product\/pelos-de-enobro-sylfos-15ml-pap\/","url_meta":{"origin":4101,"position":3},"title":"PELOS DE ENOBRO SYLFOS 15ML PAP","author":"eveapprill","date":"9 March 2025","format":false,"excerpt":"36 - PELOS DE ENEBRO\/ MITOURA Callophrys gryneus\u00a0\u00a0 Transmutation - Evolution Cet \u00e9lixir travaille sur tous les chakras, mais principalement sur celui de la racine et celui du c\u0153ur, afin d\u2019\u00e9liminer les sentiments de haine et de ressentiment. Il transmute ces \u00e9motions afin d\u2019obtenir la r\u00e9alisation ad\u00e9quate des changements que\u2026","rel":"","context":"Similar post","block_context":{"text":"Similar post","link":""},"img":{"alt_text":"","src":"","width":0,"height":0},"classes":[]},{"id":4051,"url":"https:\/\/artstella-elixirs-floraux.com\/en\/product\/notro-arbre-de-feu-15-ml-sylfos\/","url_meta":{"origin":4101,"position":4},"title":"NOTRO \/ ARBRE DE FEU DU CHILI SYLFOS","author":"eveapprill","date":"9 March 2025","format":false,"excerpt":"NOTRO Embothrium coccineum Paix int\u00e9rieure. Arbre sacr\u00e9 des indiens Mapuche favorisant l\u2019ouverture spirituelle. Aide \u00e0 prendre conscience et \u00e0 transmuter les \u00e9nergies de bas instincts,","rel":"","context":"Similar post","block_context":{"text":"Similar post","link":""},"img":{"alt_text":"","src":"","width":0,"height":0},"classes":[]},{"id":5816,"url":"https:\/\/artstella-elixirs-floraux.com\/en\/product\/anaconda-eunectes-murinus-15ml-phi\/","url_meta":{"origin":4101,"position":5},"title":"Anaconda (Eunectes murinus) 15ml PHI","author":"eveapprill","date":"9 March 2025","format":false,"excerpt":"Anaconda (Eunectes murinus)\u00a0 L\u2019\u00e9lixir de ce serpent gigantesque nous apporte force et flexibilit\u00e9. Il est en relation avec notre \u00e9nergie Kundalini. L\u2019anaconda est un animal de haute spiritualit\u00e9 qui peut nous mettre en relation avec la sagesse int\u00e9rieure profonde et la spiritualit\u00e9.","rel":"","context":"Similar post","block_context":{"text":"Similar post","link":""},"img":{"alt_text":"","src":"","width":0,"height":0},"classes":[]}],"_links":{"self":[{"href":"https:\/\/artstella-elixirs-floraux.com\/en\/wp-json\/wp\/v2\/product\/4101","targetHints":{"allow":["GET"]}}],"collection":[{"href":"https:\/\/artstella-elixirs-floraux.com\/en\/wp-json\/wp\/v2\/product"}],"about":[{"href":"https:\/\/artstella-elixirs-floraux.com\/en\/wp-json\/wp\/v2\/types\/product"}],"version-history":[{"count":1,"href":"https:\/\/artstella-elixirs-floraux.com\/en\/wp-json\/wp\/v2\/product\/4101\/revisions"}],"predecessor-version":[{"id":11051,"href":"https:\/\/artstella-elixirs-floraux.com\/en\/wp-json\/wp\/v2\/product\/4101\/revisions\/11051"}],"wp:featuredmedia":[{"embeddable":true,"href":"https:\/\/artstella-elixirs-floraux.com\/en\/wp-json\/wp\/v2\/media\/4102"}],"wp:attachment":[{"href":"https:\/\/artstella-elixirs-floraux.com\/en\/wp-json\/wp\/v2\/media?parent=4101"}],"wp:term":[{"taxonomy":"product_brand","embeddable":true,"href":"https:\/\/artstella-elixirs-floraux.com\/en\/wp-json\/wp\/v2\/product_brand?post=4101"},{"taxonomy":"product_cat","embeddable":true,"href":"https:\/\/artstella-elixirs-floraux.com\/en\/wp-json\/wp\/v2\/product_cat?post=4101"},{"taxonomy":"product_tag","embeddable":true,"href":"https:\/\/artstella-elixirs-floraux.com\/en\/wp-json\/wp\/v2\/product_tag?post=4101"}],"curies":[{"name":"wp","href":"https:\/\/api.w.org\/{rel}","templated":true}]}}