{"id":4103,"date":"2025-03-09T13:21:04","date_gmt":"2025-03-09T13:21:04","guid":{"rendered":"https:\/\/artstella-elixirs-floraux.com\/product\/colibri-picaflor-el-chamaniques-15ml\/"},"modified":"2025-07-21T15:03:49","modified_gmt":"2025-07-21T15:03:49","slug":"colibri-picaflor-el-chamaniques-15ml","status":"publish","type":"product","link":"https:\/\/artstella-elixirs-floraux.com\/en\/product\/colibri-picaflor-el-chamaniques-15ml\/","title":{"rendered":"COLIBRI \/ PICAFLOR EL CHAMANIQUES 15ML"},"content":{"rendered":"<p><strong>PICAFLOR \/ COLIBRI\u00a0 <\/strong><strong><em>Joie \u2013 Force de Vie.<\/em><\/strong><\/p>\n<p>Enseigne \u00e0 traverser la vie de fa\u00e7on plus l\u00e9g\u00e8re surtout lorsque nous sommes surcharg\u00e9s par trop de pr\u00e9occupations et de probl\u00e8mes. Par sa l\u00e9g\u00e8ret\u00e9, aide \u00e0 ne pas rester coinc\u00e9s dans des situations bloqu\u00e9es ou dans l\u2019attente d\u2019un futur hypoth\u00e9tique qui r\u00e9soudra tout. Permet de consid\u00e9rer le pass\u00e9 d\u2019un autre point de vue, de prendre un nouvel envol, mais aussi et surtout \u00e0 go\u00fbter au nectar de la vie pour le r\u00e9pandre avec abondance, au pr\u00e9sent.<\/p>","protected":false},"excerpt":{"rendered":"<p><strong>PICAFLOR \/ COLIBRI\u00a0 <\/strong><strong><em>Joie \u2013 Force de Vie.<\/em><\/strong><\/p>\n<p>Enseigne \u00e0 traverser la vie de fa\u00e7on plus l\u00e9g\u00e8re surtout lorsque nous sommes surcharg\u00e9s par trop de pr\u00e9occupations et de probl\u00e8mes.<\/p>","protected":false},"featured_media":4104,"template":"","meta":[],"product_brand":[],"product_cat":[140],"product_tag":[],"class_list":{"0":"post-4103","1":"product","2":"type-product","3":"status-publish","4":"has-post-thumbnail","6":"product_cat-les-elixirs-d-animaux-chamanique","8":"first","9":"instock","10":"taxable","11":"shipping-taxable","12":"purchasable","13":"product-type-simple"},"etheme_brands":{"errors":{"invalid_taxonomy":["Invalid taxonomy."]},"error_data":[]},"jetpack_sharing_enabled":true,"jetpack-related-posts":[{"id":4239,"url":"https:\/\/artstella-elixirs-floraux.com\/en\/product\/hummingbird-colibri-wea-30-ml\/","url_meta":{"origin":4103,"position":0},"title":"HUMMINGBIRD\/COLIBRI WEA 30 ML","author":"eveapprill","date":"9 March 2025","format":false,"excerpt":"Hummingbird (colobri) D\u00e9veloppe des sentiments de joie et de bonheur devant le cadeau d\u2019\u00eatre vivant. Pour \u00ab\u00a0s\u2019\u00e9gayer\u00a0\u00bb. Aide \u00e0 se purifier en douceur. Utile dans les moments de transition physique (voyage, d\u00e9placement, etc.).","rel":"","context":"Similar post","block_context":{"text":"Similar post","link":""},"img":{"alt_text":"","src":"https:\/\/i0.wp.com\/artstella-elixirs-floraux.com\/wp-content\/uploads\/2025\/03\/wp-image2265.png?resize=350%2C200&ssl=1","width":350,"height":200,"srcset":"https:\/\/i0.wp.com\/artstella-elixirs-floraux.com\/wp-content\/uploads\/2025\/03\/wp-image2265.png?resize=350%2C200&ssl=1 1x, https:\/\/i0.wp.com\/artstella-elixirs-floraux.com\/wp-content\/uploads\/2025\/03\/wp-image2265.png?resize=525%2C300&ssl=1 1.5x, https:\/\/i0.wp.com\/artstella-elixirs-floraux.com\/wp-content\/uploads\/2025\/03\/wp-image2265.png?resize=700%2C400&ssl=1 2x"},"classes":[]},{"id":5452,"url":"https:\/\/artstella-elixirs-floraux.com\/en\/product\/digitale-foxglove-vingerhoedskruid-10ml\/","url_meta":{"origin":4103,"position":1},"title":"Digitale &#8211; Foxglove- VINGERHOEDSKRUID 10ml","author":"eveapprill","date":"9 March 2025","format":false,"excerpt":"Digitale \/ Digitalis purpurea (foxglove) Pour d\u00e9passer le mental. Facilite les processus mentaux et permet de recontacter le c\u0153ur. Nous aide \u00e0 nous lib\u00e9rer de sch\u00e9mas de comportements que nous pensons devoir avoir.","rel":"","context":"Similar post","block_context":{"text":"Similar post","link":""},"img":{"alt_text":"","src":"","width":0,"height":0},"classes":[]},{"id":5826,"url":"https:\/\/artstella-elixirs-floraux.com\/en\/product\/colibri-hummingbird-phi-calypte-costae15-ml-phi\/","url_meta":{"origin":4103,"position":2},"title":"Colibri &#8211; Hummingbird PHI (Calypte costae)15 ml PHI","author":"eveapprill","date":"9 March 2025","format":false,"excerpt":"Colibri - Hummingbird (Calypte costae)\u00a0 Cet \u00e9lixir qui am\u00e9liore la performance est rafra\u00eechissant au niveau des corps physique, \u00e9motionnel et mental. Nous apprenons \u00e0 rel\u00e2cher des sch\u00e9mas anciens et \u00e0 nous ouvrir \u00e0 de nouvelles formes pens\u00e9es. C\u2019est un \u00e9lixir de l\u00e9g\u00e8ret\u00e9.","rel":"","context":"Similar post","block_context":{"text":"Similar post","link":""},"img":{"alt_text":"","src":"","width":0,"height":0},"classes":[]},{"id":5544,"url":"https:\/\/artstella-elixirs-floraux.com\/en\/product\/armoise-sylfos-15ml\/","url_meta":{"origin":4103,"position":3},"title":"ARMOISE SYLFOS 15ML","author":"eveapprill","date":"9 March 2025","format":false,"excerpt":"ARMOISE \/ARTEMISIA\u00a0\u00a0\u00a0 Mugwort\u00a0\u00a0\u00a0\u00a0\u00a0\u00a0\u00a0\u00a0\u00a0\u00a0\u00a0 Artemisia douglasiana Pour ceux qui ont une vie psychique tr\u00e8s active et\/ou qui consid\u00e8rent que le monde est contre elles. Permet de r\u00e9guler les \u00e9tats alt\u00e9r\u00e9s de la conscience.\u00a0 \u00a0","rel":"","context":"Similar post","block_context":{"text":"Similar post","link":""},"img":{"alt_text":"","src":"","width":0,"height":0},"classes":[]},{"id":3746,"url":"https:\/\/artstella-elixirs-floraux.com\/en\/product\/lady-butterfly-cuba-15-ml-phi\/","url_meta":{"origin":4103,"position":4},"title":"LADY BUTTERFLY (CUBA) 15 ML PHI","author":"eveapprill","date":"9 March 2025","format":false,"excerpt":"LADY BUTTERFLYPsichosys papilo\u00a0\u00ab\u00a0Mademoiselle Papillon\u00a0\u00bb\u00a0\u00a0Est une tr\u00e8s belle orchid\u00e9e color\u00e9e, dont la forme rappelle un papillon. Elle est originaire d\u2019Am\u00e9rique du Sud. L\u2019\u00e9lixir\u00a0: Aide \u00e0 pouvoir exprimer sa beaut\u00e9 int\u00e9rieure, \u00e0 prendre les choses plus \u00e0 la l\u00e9g\u00e8re, \u00e0 traverser la vie avec plus d\u2019assurance.","rel":"","context":"Similar post","block_context":{"text":"Similar post","link":""},"img":{"alt_text":"","src":"","width":0,"height":0},"classes":[]},{"id":6084,"url":"https:\/\/artstella-elixirs-floraux.com\/en\/product\/complexe-n20-joie-de-vivre-deva-30ml\/","url_meta":{"origin":4103,"position":5},"title":"Complexe N\u00b020 JOIE DE VIVRE DEVA 30ML","author":"eveapprill","date":"9 March 2025","format":false,"excerpt":"Le compos\u00e9 floral DEVA JOIE DE VIVRE, permet de retrouver la joie simple et spontan\u00e9e de la Nature. Habit\u00e9s par une \u00e9nergie fluide et l\u00e9g\u00e8re, reli\u00e9s \u00e0 la lumi\u00e8re, nous sommes invit\u00e9s \u00e0 danser avec la vie et \u00e0 r\u00e9aliser r\u00eaves et projets avec optimisme et enthousiasme.","rel":"","context":"Similar post","block_context":{"text":"Similar post","link":""},"img":{"alt_text":"","src":"https:\/\/i0.wp.com\/artstella-elixirs-floraux.com\/wp-content\/uploads\/2025\/03\/d12de6ff-3be4-4749-91e9-4503779cc823.jpg?resize=350%2C200&ssl=1","width":350,"height":200,"srcset":"https:\/\/i0.wp.com\/artstella-elixirs-floraux.com\/wp-content\/uploads\/2025\/03\/d12de6ff-3be4-4749-91e9-4503779cc823.jpg?resize=350%2C200&ssl=1 1x, https:\/\/i0.wp.com\/artstella-elixirs-floraux.com\/wp-content\/uploads\/2025\/03\/d12de6ff-3be4-4749-91e9-4503779cc823.jpg?resize=525%2C300&ssl=1 1.5x, https:\/\/i0.wp.com\/artstella-elixirs-floraux.com\/wp-content\/uploads\/2025\/03\/d12de6ff-3be4-4749-91e9-4503779cc823.jpg?resize=700%2C400&ssl=1 2x"},"classes":[]}],"_links":{"self":[{"href":"https:\/\/artstella-elixirs-floraux.com\/en\/wp-json\/wp\/v2\/product\/4103","targetHints":{"allow":["GET"]}}],"collection":[{"href":"https:\/\/artstella-elixirs-floraux.com\/en\/wp-json\/wp\/v2\/product"}],"about":[{"href":"https:\/\/artstella-elixirs-floraux.com\/en\/wp-json\/wp\/v2\/types\/product"}],"version-history":[{"count":1,"href":"https:\/\/artstella-elixirs-floraux.com\/en\/wp-json\/wp\/v2\/product\/4103\/revisions"}],"predecessor-version":[{"id":11058,"href":"https:\/\/artstella-elixirs-floraux.com\/en\/wp-json\/wp\/v2\/product\/4103\/revisions\/11058"}],"wp:featuredmedia":[{"embeddable":true,"href":"https:\/\/artstella-elixirs-floraux.com\/en\/wp-json\/wp\/v2\/media\/4104"}],"wp:attachment":[{"href":"https:\/\/artstella-elixirs-floraux.com\/en\/wp-json\/wp\/v2\/media?parent=4103"}],"wp:term":[{"taxonomy":"product_brand","embeddable":true,"href":"https:\/\/artstella-elixirs-floraux.com\/en\/wp-json\/wp\/v2\/product_brand?post=4103"},{"taxonomy":"product_cat","embeddable":true,"href":"https:\/\/artstella-elixirs-floraux.com\/en\/wp-json\/wp\/v2\/product_cat?post=4103"},{"taxonomy":"product_tag","embeddable":true,"href":"https:\/\/artstella-elixirs-floraux.com\/en\/wp-json\/wp\/v2\/product_tag?post=4103"}],"curies":[{"name":"wp","href":"https:\/\/api.w.org\/{rel}","templated":true}]}}