{"id":4105,"date":"2025-03-09T13:21:05","date_gmt":"2025-03-09T13:21:05","guid":{"rendered":"https:\/\/artstella-elixirs-floraux.com\/product\/pingouin-el-chamaniques-15-ml\/"},"modified":"2025-07-21T15:02:36","modified_gmt":"2025-07-21T15:02:36","slug":"pingouin-el-chamaniques-15-ml","status":"publish","type":"product","link":"https:\/\/artstella-elixirs-floraux.com\/en\/product\/pingouin-el-chamaniques-15-ml\/","title":{"rendered":"PINGOUIN EL CHAMANIQUES 15 ML"},"content":{"rendered":"<div class=\"WordSection1\">\n<p><strong>PING\u00dcINO \/ PINGOUIN<em>\u00a0 Agilit\u00e9 \u2013 Jeux \u2013 Esprit communautaire.<\/em><\/strong><em>\u00a0\u00a0<\/em><\/p>\n<p>Pour sortir des situations bloqu\u00e9es, quitter les \u00e9tats de d\u00e9pression l\u00e9g\u00e8re ou de peur, surtout pour les personnes ayant tendance \u00e0 \u00eatre pr\u00e9occup\u00e9es. Grande aide pour ceux qui travaillent trop ou craignent que s\u2019ils s\u2019arr\u00eatent tout va s\u2019effondrer.<\/p>\n<p>Un \u00e9lixir pour les longues nuits de l\u2019\u00e2me. Permet de travailler patience, r\u00e9sistance et meilleure compr\u00e9hension au sein des groupes. Favorise \u00e9galement l\u2019int\u00e9gration de l\u2019\u00e9nergie f\u00e9minine dans le masculin. Utile pour assumer et d\u00e9velopper une paternit\u00e9, voire une co-parentalit\u00e9 harmonieuse.<\/p>\n<\/div>\n<p><strong><em>\u00a0<\/em><\/strong><\/p>","protected":false},"excerpt":{"rendered":"<p><strong>PING\u00dcINO \/ PINGOUIN<em>\u00a0 Agilit\u00e9 \u2013 Jeux \u2013 Esprit communautaire.<\/em><\/strong><em>\u00a0\u00a0<\/em><\/p>\n<p>Pour sortir des situations bloqu\u00e9es, quitter les \u00e9tats de d\u00e9pression l\u00e9g\u00e8re ou de peur, surtout pour les personnes ayant tendance \u00e0 \u00eatre pr\u00e9occup\u00e9es.<\/p>","protected":false},"featured_media":4106,"template":"","meta":[],"product_brand":[],"product_cat":[140],"product_tag":[],"class_list":{"0":"post-4105","1":"product","2":"type-product","3":"status-publish","4":"has-post-thumbnail","6":"product_cat-les-elixirs-d-animaux-chamanique","8":"first","9":"instock","10":"taxable","11":"shipping-taxable","12":"purchasable","13":"product-type-simple"},"etheme_brands":{"errors":{"invalid_taxonomy":["Invalid taxonomy."]},"error_data":[]},"jetpack_sharing_enabled":true,"jetpack-related-posts":[{"id":5836,"url":"https:\/\/artstella-elixirs-floraux.com\/en\/product\/pingouin-penguin-spheniscus-humboldtii15-ml-phi\/","url_meta":{"origin":4105,"position":0},"title":"Pingouin &#8211; Penguin (Spheniscus humboldtii)15 ml PHI","author":"eveapprill","date":"9 March 2025","format":false,"excerpt":"Pingouin - Penguin (Spheniscus humboldtii)\u00a0 Cet \u00e9lixir nous aide \u00e0 d\u00e9passer les peurs et \u00e0 apprendre \u00e0 faire confiance. Il accro\u00eet notre confiance et notre capacit\u00e9 \u00e0 nous adapter \u00e0 des situations nouvelles.","rel":"","context":"Similar post","block_context":{"text":"Similar post","link":""},"img":{"alt_text":"","src":"","width":0,"height":0},"classes":[]},{"id":4103,"url":"https:\/\/artstella-elixirs-floraux.com\/en\/product\/colibri-picaflor-el-chamaniques-15ml\/","url_meta":{"origin":4105,"position":1},"title":"COLIBRI \/ PICAFLOR EL CHAMANIQUES 15ML","author":"eveapprill","date":"9 March 2025","format":false,"excerpt":"PICAFLOR \/ COLIBRI\u00a0 Joie \u2013 Force de Vie. Enseigne \u00e0 traverser la vie de fa\u00e7on plus l\u00e9g\u00e8re surtout lorsque nous sommes surcharg\u00e9s par trop de pr\u00e9occupations et de probl\u00e8mes.","rel":"","context":"Similar post","block_context":{"text":"Similar post","link":""},"img":{"alt_text":"","src":"","width":0,"height":0},"classes":[]},{"id":5534,"url":"https:\/\/artstella-elixirs-floraux.com\/en\/product\/coffret-10-elixirs-danimaux-n-3-15ml\/","url_meta":{"origin":4105,"position":2},"title":"COFFRET 10 \u00e9lixirs d&rsquo;ANIMAUX N\u00b0 3 15ML","author":"eveapprill","date":"9 March 2025","format":false,"excerpt":"Coffret 10 \u00e9lixirs d'animaux 15ml : Colibri, Lama, L\u00e9zard, pandan, Perroquet, Pingouin, Scorpion, Paresseux \u00e0 2 doigts, L\u00e9opard des neiges, Ours \u00e0 lunettes","rel":"","context":"Similar post","block_context":{"text":"Similar post","link":""},"img":{"alt_text":"","src":"https:\/\/i0.wp.com\/artstella-elixirs-floraux.com\/wp-content\/uploads\/2025\/03\/wp-image1762.png?resize=350%2C200&ssl=1","width":350,"height":200},"classes":[]},{"id":5027,"url":"https:\/\/artstella-elixirs-floraux.com\/en\/product\/yellow-violet-alas-f-sup\/","url_meta":{"origin":4105,"position":3},"title":"YELLOW VIOLET ALAS F SUP","author":"eveapprill","date":"9 March 2025","format":false,"excerpt":"Yellow Violet Viola biflora Pens\u00e9e jaune Indications\u00a0: communication sur la d\u00e9fensive\u00a0; trac\u00a0; terreur pour parler en public\u00a0; expression bloqu\u00e9es par la peur d\u2019\u00eatre jug\u00e9e ou ridicule.","rel":"","context":"Similar post","block_context":{"text":"Similar post","link":""},"img":{"alt_text":"","src":"","width":0,"height":0},"classes":[]},{"id":2150,"url":"https:\/\/artstella-elixirs-floraux.com\/en\/product\/forget-me-not-alaska\/","url_meta":{"origin":4105,"position":4},"title":"FORGET ME NOT ALASKA","author":"eveapprill","date":"9 March 2025","format":false,"excerpt":"FORGET ME NOT ALASKA Sensation d'\u00eatre s\u00e9par\u00e9 ; difficult\u00e9 \u00e0 connecter la dimension spirituelle, connexion aux autres bloqu\u00e9e par des peurs inconscientes, sensation de culpabilit\u00e9 en rapport avec des actions du pass\u00e9. Permet de rel\u00e2cher les peurs, sentiments de culpabilit\u00e9 et souffrances subconscientes, permet de retrouver respect et compassion envers\u2026","rel":"","context":"Similar post","block_context":{"text":"Similar post","link":""},"img":{"alt_text":"","src":"https:\/\/i0.wp.com\/artstella-elixirs-floraux.com\/wp-content\/uploads\/2025\/03\/wp-image561.png?resize=350%2C200&ssl=1","width":350,"height":200},"classes":[]},{"id":2351,"url":"https:\/\/artstella-elixirs-floraux.com\/en\/product\/wild-rhubarb-alaskan\/","url_meta":{"origin":4105,"position":5},"title":"Wild rhubarb Alaskan","author":"eveapprill","date":"9 March 2025","format":false,"excerpt":"Wild rhubar. Poligonum alaskanum R\u00e9sistance mentale et inflexibilit\u00e9 ; esprit influenc\u00e9 par l'ego ; communication entre le c\u0153ur et l'esprit bloqu\u00e9e ...","rel":"","context":"Similar post","block_context":{"text":"Similar post","link":""},"img":{"alt_text":"","src":"https:\/\/i0.wp.com\/artstella-elixirs-floraux.com\/wp-content\/uploads\/2025\/03\/wp-image601.png?resize=350%2C200&ssl=1","width":350,"height":200},"classes":[]}],"_links":{"self":[{"href":"https:\/\/artstella-elixirs-floraux.com\/en\/wp-json\/wp\/v2\/product\/4105","targetHints":{"allow":["GET"]}}],"collection":[{"href":"https:\/\/artstella-elixirs-floraux.com\/en\/wp-json\/wp\/v2\/product"}],"about":[{"href":"https:\/\/artstella-elixirs-floraux.com\/en\/wp-json\/wp\/v2\/types\/product"}],"version-history":[{"count":1,"href":"https:\/\/artstella-elixirs-floraux.com\/en\/wp-json\/wp\/v2\/product\/4105\/revisions"}],"predecessor-version":[{"id":11057,"href":"https:\/\/artstella-elixirs-floraux.com\/en\/wp-json\/wp\/v2\/product\/4105\/revisions\/11057"}],"wp:featuredmedia":[{"embeddable":true,"href":"https:\/\/artstella-elixirs-floraux.com\/en\/wp-json\/wp\/v2\/media\/4106"}],"wp:attachment":[{"href":"https:\/\/artstella-elixirs-floraux.com\/en\/wp-json\/wp\/v2\/media?parent=4105"}],"wp:term":[{"taxonomy":"product_brand","embeddable":true,"href":"https:\/\/artstella-elixirs-floraux.com\/en\/wp-json\/wp\/v2\/product_brand?post=4105"},{"taxonomy":"product_cat","embeddable":true,"href":"https:\/\/artstella-elixirs-floraux.com\/en\/wp-json\/wp\/v2\/product_cat?post=4105"},{"taxonomy":"product_tag","embeddable":true,"href":"https:\/\/artstella-elixirs-floraux.com\/en\/wp-json\/wp\/v2\/product_tag?post=4105"}],"curies":[{"name":"wp","href":"https:\/\/api.w.org\/{rel}","templated":true}]}}