{"id":4108,"date":"2025-03-09T13:21:07","date_gmt":"2025-03-09T13:21:07","guid":{"rendered":"https:\/\/artstella-elixirs-floraux.com\/product\/pudu-sylfos-chamaniques-15-ml\/"},"modified":"2025-07-21T15:01:29","modified_gmt":"2025-07-21T15:01:29","slug":"pudu-sylfos-chamaniques-15-ml","status":"publish","type":"product","link":"https:\/\/artstella-elixirs-floraux.com\/en\/product\/pudu-sylfos-chamaniques-15-ml\/","title":{"rendered":"PUDU SYLFOS CHAMANIQUES 15 ML"},"content":{"rendered":"<p><strong>\u00a0PUDU <\/strong><strong><em>Compassion \u2013 Sensibilit\u00e9 \u2013 Enfant int\u00e9rieur.<\/em><\/strong><\/p>\n<p>La gentillesse et la douceur permettent de soigner les blessures (les n\u00f4tres et celles des autres) et de toucher les c\u0153urs, m\u00eame les plus durs. L\u2019\u00e9lixir aide \u00e0 entrer en contact avec son \u00eatre int\u00e9rieur, son \u00e2me enfantine, il redonne le pouvoir d\u2019\u00eatre curieux et de s\u2019\u00e9tonner d\u2019un monde toujours attrayant. En cela il est un antidote \u00e0 la morosit\u00e9.\u00a0 Il permet de d\u00e9couvrir le jeu l\u00e0 o\u00f9 tout l\u2019on vit dans ses pr\u00e9occupations, mais aussi d\u2019aimer les autres comme ils sont, sans essayer de les changer. Il permet de d\u00e9velopper une r\u00e9elle compassion et sensibilit\u00e9<\/p>","protected":false},"excerpt":{"rendered":"<p><strong>\u00a0PUDU <\/strong><strong><em>Compassion \u2013 Sensibilit\u00e9 \u2013 Enfant int\u00e9rieur.<\/em><\/strong><\/p>\n<p>La gentillesse et la douceur permettent de soigner les blessures (les n\u00f4tres et celles des autres) et de toucher les c\u0153urs, m\u00eame les plus durs. L\u2019\u00e9lixir aide \u00e0 entrer en contact avec son \u00eatre int\u00e9rieur, son \u00e2me enfantine, il redonne le pouvoir d\u2019\u00eatre curieux et de s\u2019\u00e9tonner d\u2019un monde toujours attrayant.<\/p>","protected":false},"featured_media":4109,"template":"","meta":[],"product_brand":[],"product_cat":[140],"product_tag":[],"class_list":{"0":"post-4108","1":"product","2":"type-product","3":"status-publish","4":"has-post-thumbnail","6":"product_cat-les-elixirs-d-animaux-chamanique","8":"first","9":"instock","10":"taxable","11":"shipping-taxable","12":"purchasable","13":"product-type-simple"},"etheme_brands":{"errors":{"invalid_taxonomy":["Invalid taxonomy."]},"error_data":[]},"jetpack_sharing_enabled":true,"jetpack-related-posts":[{"id":1963,"url":"https:\/\/artstella-elixirs-floraux.com\/en\/product\/wild-horse-foal-poulain-30ml-wea\/","url_meta":{"origin":4108,"position":0},"title":"WILD HORSE FOAL POULAIN 30ML WEA","author":"eveapprill","date":"27 May 2025","format":false,"excerpt":"Wild Horse Foal (poulain sauvage) apporte le soutien n\u00e9cessaire pour embrasser et se lib\u00e9rer des larmes de chagrins non r\u00e9solus depuis l\u2019enfance. Favorise la sinc\u00e9rit\u00e9 et la douceur. Pour embrasser le c\u0153ur tendre et pur de l\u2019enfant en nous, encourageant la douceur et le sentiment d\u2019appartenance. Pour approfondir le ressenti\u2026","rel":"","context":"Similar post","block_context":{"text":"Similar post","link":""},"img":{"alt_text":"","src":"https:\/\/i0.wp.com\/artstella-elixirs-floraux.com\/wp-content\/uploads\/2025\/05\/foal.jpg?resize=350%2C200&ssl=1","width":350,"height":200,"srcset":"https:\/\/i0.wp.com\/artstella-elixirs-floraux.com\/wp-content\/uploads\/2025\/05\/foal.jpg?resize=350%2C200&ssl=1 1x, https:\/\/i0.wp.com\/artstella-elixirs-floraux.com\/wp-content\/uploads\/2025\/05\/foal.jpg?resize=525%2C300&ssl=1 1.5x, https:\/\/i0.wp.com\/artstella-elixirs-floraux.com\/wp-content\/uploads\/2025\/05\/foal.jpg?resize=700%2C400&ssl=1 2x"},"classes":[]},{"id":3697,"url":"https:\/\/artstella-elixirs-floraux.com\/en\/product\/75-wisdom-of-compassion-ltoe-15-ml\/","url_meta":{"origin":4108,"position":1},"title":"75. WISDOM OF COMPASSION LTOE 15 ML","author":"eveapprill","date":"9 March 2025","format":false,"excerpt":"Wisdom of Compassion\/ Sagesse et compassion il fut cr\u00e9\u00e9 un soir de pleine lune, je jour anniversaire de l\u2019illumination du Bouddha. L\u2019orchid\u00e9e a demand\u00e9 doucement, mais clairement, qu\u2019on en fasse un \u00e9lixir afin de partager son message de compassion envers tous.","rel":"","context":"Similar post","block_context":{"text":"Similar post","link":""},"img":{"alt_text":"","src":"https:\/\/i0.wp.com\/artstella-elixirs-floraux.com\/wp-content\/uploads\/2025\/03\/cb85053d-2957-46e4-aff2-8c69846c56ad.jpg?resize=350%2C200&ssl=1","width":350,"height":200,"srcset":"https:\/\/i0.wp.com\/artstella-elixirs-floraux.com\/wp-content\/uploads\/2025\/03\/cb85053d-2957-46e4-aff2-8c69846c56ad.jpg?resize=350%2C200&ssl=1 1x, https:\/\/i0.wp.com\/artstella-elixirs-floraux.com\/wp-content\/uploads\/2025\/03\/cb85053d-2957-46e4-aff2-8c69846c56ad.jpg?resize=525%2C300&ssl=1 1.5x, https:\/\/i0.wp.com\/artstella-elixirs-floraux.com\/wp-content\/uploads\/2025\/03\/cb85053d-2957-46e4-aff2-8c69846c56ad.jpg?resize=700%2C400&ssl=1 2x"},"classes":[]},{"id":4527,"url":"https:\/\/artstella-elixirs-floraux.com\/en\/product\/collier-baleine-phi\/","url_meta":{"origin":4108,"position":2},"title":"COLLIER BALEINE PHI","author":"eveapprill","date":"9 March 2025","format":false,"excerpt":"Le pendentif \"Baleine\" En verre souffl\u00e9 bleu. L\u2019\u00e9lixir apporte une sensation de protection qui favorise l\u2019ouverture du c\u0153ur et permet de vivre plus consciemment et d\u2019\u2019\u00eatre plus conscient des buts de notre vie.","rel":"","context":"Similar post","block_context":{"text":"Similar post","link":""},"img":{"alt_text":"","src":"https:\/\/i0.wp.com\/artstella-elixirs-floraux.com\/wp-content\/uploads\/2025\/03\/wp-image2481.png?resize=350%2C200&ssl=1","width":350,"height":200},"classes":[]},{"id":4876,"url":"https:\/\/artstella-elixirs-floraux.com\/en\/product\/bleeding-heart-alaskan\/","url_meta":{"origin":4108,"position":3},"title":"BLEEDING HEART ALASKAN","author":"eveapprill","date":"9 March 2025","format":false,"excerpt":"BLEEDING HEART Indications : sentiment rejet\u00e9 par l'individu ; coeur ferm\u00e9 aux autres ; manque de compassion pour nous-m\u00eames et les autres ; divisions dans nos relations.","rel":"","context":"Similar post","block_context":{"text":"Similar post","link":""},"img":{"alt_text":"","src":"https:\/\/i0.wp.com\/artstella-elixirs-floraux.com\/wp-content\/uploads\/2025\/03\/wp-image1374.png?resize=350%2C200&ssl=1","width":350,"height":200},"classes":[]},{"id":6157,"url":"https:\/\/artstella-elixirs-floraux.com\/en\/product\/flabelline-mauve-15ml-phi\/","url_meta":{"origin":4108,"position":4},"title":"FLABELLINE MAUVE 15ML PHI","author":"eveapprill","date":"9 March 2025","format":false,"excerpt":"FLABELINE MAUVE (Flabellina affinis) Cet \u00e9lixir nous relie avec la l\u00e9g\u00e8ret\u00e9 de l\u2019Etre. Il nous aide \u00e0 voir les choses avec recul et ouvre le c\u0153ur. Nous pouvons ainsi consid\u00e9rer les choses avec plus de l\u00e9g\u00e8ret\u00e9 et accepter les gens tels qu\u2019ils sont, en les voyant avec le c\u0153ur. La\u2026","rel":"","context":"Similar post","block_context":{"text":"Similar post","link":""},"img":{"alt_text":"","src":"https:\/\/i0.wp.com\/artstella-elixirs-floraux.com\/wp-content\/uploads\/2025\/03\/wp-image2161.png?resize=350%2C200&ssl=1","width":350,"height":200},"classes":[]},{"id":6068,"url":"https:\/\/artstella-elixirs-floraux.com\/en\/product\/elixir-ocean-n20-phi-15ml\/","url_meta":{"origin":4108,"position":5},"title":"ELIXIR OCEAN N\u00b020 PHI 15ML","author":"eveapprill","date":"9 March 2025","format":false,"excerpt":"L\u2019\u00e9lixir relie avec les profondeurs de l\u2019inconscient, permettant la lib\u00e9ration d\u2019anciens blocages et sch\u00e9mas. Son action lib\u00e8re int\u00e9rieurement, nous rendant plus conscients des blocages encore pr\u00e9sents, en apportant de la clart\u00e9.","rel":"","context":"Similar post","block_context":{"text":"Similar post","link":""},"img":{"alt_text":"","src":"https:\/\/i0.wp.com\/artstella-elixirs-floraux.com\/wp-content\/uploads\/2025\/03\/wp-image2058.png?resize=350%2C200&ssl=1","width":350,"height":200},"classes":[]}],"_links":{"self":[{"href":"https:\/\/artstella-elixirs-floraux.com\/en\/wp-json\/wp\/v2\/product\/4108","targetHints":{"allow":["GET"]}}],"collection":[{"href":"https:\/\/artstella-elixirs-floraux.com\/en\/wp-json\/wp\/v2\/product"}],"about":[{"href":"https:\/\/artstella-elixirs-floraux.com\/en\/wp-json\/wp\/v2\/types\/product"}],"version-history":[{"count":1,"href":"https:\/\/artstella-elixirs-floraux.com\/en\/wp-json\/wp\/v2\/product\/4108\/revisions"}],"predecessor-version":[{"id":11056,"href":"https:\/\/artstella-elixirs-floraux.com\/en\/wp-json\/wp\/v2\/product\/4108\/revisions\/11056"}],"wp:featuredmedia":[{"embeddable":true,"href":"https:\/\/artstella-elixirs-floraux.com\/en\/wp-json\/wp\/v2\/media\/4109"}],"wp:attachment":[{"href":"https:\/\/artstella-elixirs-floraux.com\/en\/wp-json\/wp\/v2\/media?parent=4108"}],"wp:term":[{"taxonomy":"product_brand","embeddable":true,"href":"https:\/\/artstella-elixirs-floraux.com\/en\/wp-json\/wp\/v2\/product_brand?post=4108"},{"taxonomy":"product_cat","embeddable":true,"href":"https:\/\/artstella-elixirs-floraux.com\/en\/wp-json\/wp\/v2\/product_cat?post=4108"},{"taxonomy":"product_tag","embeddable":true,"href":"https:\/\/artstella-elixirs-floraux.com\/en\/wp-json\/wp\/v2\/product_tag?post=4108"}],"curies":[{"name":"wp","href":"https:\/\/api.w.org\/{rel}","templated":true}]}}