{"id":4110,"date":"2025-03-09T13:21:08","date_gmt":"2025-03-09T13:21:08","guid":{"rendered":"https:\/\/artstella-elixirs-floraux.com\/product\/puma-el-chamaniques-15-ml\/"},"modified":"2025-07-21T14:59:43","modified_gmt":"2025-07-21T14:59:43","slug":"puma-el-chamaniques-15-ml","status":"publish","type":"product","link":"https:\/\/artstella-elixirs-floraux.com\/en\/product\/puma-el-chamaniques-15-ml\/","title":{"rendered":"PUMA EL CHAMANIQUES 15 ML"},"content":{"rendered":"<p><strong>PUMA<\/strong>\u00a0 <strong><em>\u00a0\u00bb Le Gardien du Temple\u00a0\u00bb<\/em><\/strong><strong> Leadership \u2013 Contr\u00f4le de l\u2019ego &#8211; Pouvoir<\/strong><\/p>\n<p>L\u2019\u00e9lixir aide \u00e0 prendre nos responsabilit\u00e9s. Il soutient l\u2019action efficace et apporte l\u2019aide n\u00e9cessaire pour manifester nos r\u00eaves et nos visions. Il favorise le centrage, la confiance et l\u2019estime de soi. Il lib\u00e8re des culpabilit\u00e9s inutiles et permet d\u2019affronter nos peurs. Il favorise un juste <em>leadership<\/em> sans invasion de l\u2019ego.<\/p>","protected":false},"excerpt":{"rendered":"<p><strong>PUMA<\/strong>\u00a0 <strong><em>\u00a0\u00bb Le Gardien du Temple\u00a0\u00bb<\/em><\/strong><strong> Leadership \u2013 Contr\u00f4le de l\u2019ego &#8211; Pouvoir<\/strong><\/p>\n<p>L\u2019\u00e9lixir aide \u00e0 prendre nos responsabilit\u00e9s. Il soutient l\u2019action efficace et apporte l\u2019aide n\u00e9cessaire pour manifester nos r\u00eaves et nos visions.<\/p>","protected":false},"featured_media":4111,"template":"","meta":[],"product_brand":[],"product_cat":[140],"product_tag":[],"class_list":{"0":"post-4110","1":"product","2":"type-product","3":"status-publish","4":"has-post-thumbnail","6":"product_cat-les-elixirs-d-animaux-chamanique","8":"first","9":"instock","10":"taxable","11":"shipping-taxable","12":"purchasable","13":"product-type-simple"},"etheme_brands":{"errors":{"invalid_taxonomy":["Invalid taxonomy."]},"error_data":[]},"jetpack_sharing_enabled":true,"jetpack-related-posts":[{"id":4245,"url":"https:\/\/artstella-elixirs-floraux.com\/en\/product\/mountain-lion-puma-wea-30-ml\/","url_meta":{"origin":4110,"position":0},"title":"MOUNTAIN LION\/PUMA WEA 30 ML","author":"eveapprill","date":"9 March 2025","format":false,"excerpt":"Mountain Lion (puma) Favorise l\u2019action d\u00e9termin\u00e9e. Est d\u2019un grand soutien pour manifester ses r\u00eaves et visions Aide \u00e0 rester vrai envers soi-m\u00eame. Favorise la capacit\u00e9 \u00e0 \u00ab\u00a0agir selon ses dires\u00a0\u00bb.","rel":"","context":"Similar post","block_context":{"text":"Similar post","link":""},"img":{"alt_text":"","src":"","width":0,"height":0},"classes":[]},{"id":6048,"url":"https:\/\/artstella-elixirs-floraux.com\/en\/product\/elixir-ocean-n10-phi-15ml\/","url_meta":{"origin":4110,"position":1},"title":"ELIXIR OCEAN N\u00b010 PHI 15ML","author":"eveapprill","date":"9 March 2025","format":false,"excerpt":"L\u2019\u00e9lixir aide \u00e0 \u00e9quilibrer nos \u00e9motions et notre Ego. De cette fa\u00e7on, nous pouvons mieux nous int\u00e9grer dans un groupe et agir de fa\u00e7on coordonn\u00e9e. Il nous aide \u00e9nerg\u00e9tiquement (cellules, groupes) \u00e0 int\u00e9grer des structures et soutient la collaboration pour le succ\u00e8s de tous. Coordination et harmonisation.","rel":"","context":"Similar post","block_context":{"text":"Similar post","link":""},"img":{"alt_text":"","src":"https:\/\/i0.wp.com\/artstella-elixirs-floraux.com\/wp-content\/uploads\/2025\/03\/wp-image2048.png?resize=350%2C200&ssl=1","width":350,"height":200},"classes":[]},{"id":5418,"url":"https:\/\/artstella-elixirs-floraux.com\/en\/product\/clematite-bosrank-10ml\/","url_meta":{"origin":4110,"position":2},"title":"Cl\u00e9matite BOSRANK 10ML","author":"eveapprill","date":"9 March 2025","format":false,"excerpt":"Cet \u00e9lixir a \u00e9t\u00e9 pr\u00e9par\u00e9 dans les montagnes entre la France et l\u2019Espagne. Cette cl\u00e9matite sert non seulement \u00e0 \u00eatre plus \u00e9veill\u00e9 mais apporte une compr\u00e9hension claire de nos actions.\u00a0","rel":"","context":"Similar post","block_context":{"text":"Similar post","link":""},"img":{"alt_text":"","src":"","width":0,"height":0},"classes":[]},{"id":2767,"url":"https:\/\/artstella-elixirs-floraux.com\/en\/product\/antarctic-bush-lf\/","url_meta":{"origin":4110,"position":3},"title":"ANTARCTIC BUSH LF","author":"eveapprill","date":"9 March 2025","format":false,"excerpt":"Antarctic Essence \u2013 Elixir de l'Antarctique Favorise le calme, la paix et le repos. Donne une meilleure vision de ce qui est n\u00e9cessaire et essentiel dans la vie. Antarctic Essence r\u00e9v\u00e8le et dissout les aspects profonds et cach\u00e9s de notre personnalit\u00e9.","rel":"","context":"Similar post","block_context":{"text":"Similar post","link":""},"img":{"alt_text":"","src":"https:\/\/i0.wp.com\/artstella-elixirs-floraux.com\/wp-content\/uploads\/2025\/03\/619e443f-a1e4-4582-9202-7ae7c3b159c7.jpg?resize=350%2C200&ssl=1","width":350,"height":200,"srcset":"https:\/\/i0.wp.com\/artstella-elixirs-floraux.com\/wp-content\/uploads\/2025\/03\/619e443f-a1e4-4582-9202-7ae7c3b159c7.jpg?resize=350%2C200&ssl=1 1x, https:\/\/i0.wp.com\/artstella-elixirs-floraux.com\/wp-content\/uploads\/2025\/03\/619e443f-a1e4-4582-9202-7ae7c3b159c7.jpg?resize=525%2C300&ssl=1 1.5x, https:\/\/i0.wp.com\/artstella-elixirs-floraux.com\/wp-content\/uploads\/2025\/03\/619e443f-a1e4-4582-9202-7ae7c3b159c7.jpg?resize=700%2C400&ssl=1 2x"},"classes":[]},{"id":4261,"url":"https:\/\/artstella-elixirs-floraux.com\/en\/product\/robin-rouge-gorge-wea-30-ml\/","url_meta":{"origin":4110,"position":4},"title":"ROBIN\/ROUGE GORGE WEA 30 ML","author":"eveapprill","date":"9 March 2025","format":false,"excerpt":"Robin (rouge-gorge) Pour prendre soin de soi, et se materner. Aide \u00e0 construire un ego adulte et sain. Soutient la capacit\u00e9 \u00e0 \u00eatre un bon parent\u00a0; pour l\u2019harmonie familiale. Un symbole de printemps, d\u2019espoir et de bonheur.","rel":"","context":"Similar post","block_context":{"text":"Similar post","link":""},"img":{"alt_text":"","src":"https:\/\/i0.wp.com\/artstella-elixirs-floraux.com\/wp-content\/uploads\/2025\/03\/wp-image2273.png?resize=350%2C200&ssl=1","width":350,"height":200,"srcset":"https:\/\/i0.wp.com\/artstella-elixirs-floraux.com\/wp-content\/uploads\/2025\/03\/wp-image2273.png?resize=350%2C200&ssl=1 1x, https:\/\/i0.wp.com\/artstella-elixirs-floraux.com\/wp-content\/uploads\/2025\/03\/wp-image2273.png?resize=525%2C300&ssl=1 1.5x, https:\/\/i0.wp.com\/artstella-elixirs-floraux.com\/wp-content\/uploads\/2025\/03\/wp-image2273.png?resize=700%2C400&ssl=1 2x"},"classes":[]},{"id":6042,"url":"https:\/\/artstella-elixirs-floraux.com\/en\/product\/elixir-ocean-n07-phi-15ml\/","url_meta":{"origin":4110,"position":5},"title":"ELIXIR OCEAN N\u00b007 PHI 15ML","author":"eveapprill","date":"9 March 2025","format":false,"excerpt":"L\u2018\u00e9lixir soutient les processus d\u2019\u00e9volution. Apporte un soutien \u00e9nerg\u00e9tique au d\u00e9veloppement cellulaire, \u00e0 leur formation et transformation.\u00a0A l\u2019image de la chenille qui forme un cocon et du cocon sort un papillon, il nous aide \u00e0 murir et \u00e0 poursuivre notre d\u00e9veloppement. Pour atteindre nos buts dans la vie.","rel":"","context":"Similar post","block_context":{"text":"Similar post","link":""},"img":{"alt_text":"","src":"https:\/\/i0.wp.com\/artstella-elixirs-floraux.com\/wp-content\/uploads\/2025\/03\/wp-image2045.png?resize=350%2C200&ssl=1","width":350,"height":200},"classes":[]}],"_links":{"self":[{"href":"https:\/\/artstella-elixirs-floraux.com\/en\/wp-json\/wp\/v2\/product\/4110","targetHints":{"allow":["GET"]}}],"collection":[{"href":"https:\/\/artstella-elixirs-floraux.com\/en\/wp-json\/wp\/v2\/product"}],"about":[{"href":"https:\/\/artstella-elixirs-floraux.com\/en\/wp-json\/wp\/v2\/types\/product"}],"version-history":[{"count":1,"href":"https:\/\/artstella-elixirs-floraux.com\/en\/wp-json\/wp\/v2\/product\/4110\/revisions"}],"predecessor-version":[{"id":11055,"href":"https:\/\/artstella-elixirs-floraux.com\/en\/wp-json\/wp\/v2\/product\/4110\/revisions\/11055"}],"wp:featuredmedia":[{"embeddable":true,"href":"https:\/\/artstella-elixirs-floraux.com\/en\/wp-json\/wp\/v2\/media\/4111"}],"wp:attachment":[{"href":"https:\/\/artstella-elixirs-floraux.com\/en\/wp-json\/wp\/v2\/media?parent=4110"}],"wp:term":[{"taxonomy":"product_brand","embeddable":true,"href":"https:\/\/artstella-elixirs-floraux.com\/en\/wp-json\/wp\/v2\/product_brand?post=4110"},{"taxonomy":"product_cat","embeddable":true,"href":"https:\/\/artstella-elixirs-floraux.com\/en\/wp-json\/wp\/v2\/product_cat?post=4110"},{"taxonomy":"product_tag","embeddable":true,"href":"https:\/\/artstella-elixirs-floraux.com\/en\/wp-json\/wp\/v2\/product_tag?post=4110"}],"curies":[{"name":"wp","href":"https:\/\/api.w.org\/{rel}","templated":true}]}}