{"id":4117,"date":"2025-03-09T13:21:13","date_gmt":"2025-03-09T13:21:13","guid":{"rendered":"https:\/\/artstella-elixirs-floraux.com\/product\/afrodite-papillons-sylfos-15ml\/"},"modified":"2025-04-30T21:28:36","modified_gmt":"2025-04-30T21:28:36","slug":"afrodite-papillons-sylfos-15ml","status":"publish","type":"product","link":"https:\/\/artstella-elixirs-floraux.com\/en\/product\/afrodite-papillons-sylfos-15ml\/","title":{"rendered":"AFRODITE PAPILLONS SYLFOS 15ML"},"content":{"rendered":"","protected":false},"excerpt":{"rendered":"<p><strong>AFRODITA<\/strong> <em> Speyeria aphrodite <\/em><br \/>\nAuto valorisation \u2013 Communication &#8211; Beaut\u00e9 Un \u00e9lixir pour augmenter le charisme. Il nous permet de d\u00e9couvrir, d\u2019appr\u00e9cier, d\u2019augmenter la beaut\u00e9 tant int\u00e9rieure qu\u2019ext\u00e9rieure. Pour profiter de notre capacit\u00e9 d\u2019attraction envers les autres, mais d\u2019une fa\u00e7on positive et constructive<\/p>","protected":false},"featured_media":7727,"template":"","meta":[],"product_brand":[],"product_cat":[142],"product_tag":[],"class_list":{"0":"post-4117","1":"product","2":"type-product","3":"status-publish","4":"has-post-thumbnail","6":"product_cat-papillons-coffrets-1-2","8":"first","9":"instock","10":"taxable","11":"shipping-taxable","12":"purchasable","13":"product-type-simple"},"etheme_brands":{"errors":{"invalid_taxonomy":["Invalid taxonomy."]},"error_data":[]},"jetpack_sharing_enabled":true,"jetpack-related-posts":[{"id":4275,"url":"https:\/\/artstella-elixirs-floraux.com\/en\/product\/swan-cygne-wea-30-ml\/","url_meta":{"origin":4117,"position":0},"title":"SWAN\/CYGNE WEA 30 ML","author":"eveapprill","date":"9 March 2025","format":false,"excerpt":"Swan (cygne) Pour augmenter la capacit\u00e9 \u00e0 reconna\u00eetre et accepter sa propre bont\u00e9 et beaut\u00e9. D\u00e9veloppe un sens de Gr\u00e2ce et aide \u00e0 voir les choses comme un miroir du Divin. Favorise l\u2019estime de soi.","rel":"","context":"Similar post","block_context":{"text":"Similar post","link":""},"img":{"alt_text":"","src":"https:\/\/i0.wp.com\/artstella-elixirs-floraux.com\/wp-content\/uploads\/2025\/03\/wp-image2279.png?resize=350%2C200&ssl=1","width":350,"height":200,"srcset":"https:\/\/i0.wp.com\/artstella-elixirs-floraux.com\/wp-content\/uploads\/2025\/03\/wp-image2279.png?resize=350%2C200&ssl=1 1x, https:\/\/i0.wp.com\/artstella-elixirs-floraux.com\/wp-content\/uploads\/2025\/03\/wp-image2279.png?resize=525%2C300&ssl=1 1.5x, https:\/\/i0.wp.com\/artstella-elixirs-floraux.com\/wp-content\/uploads\/2025\/03\/wp-image2279.png?resize=700%2C400&ssl=1 2x, https:\/\/i0.wp.com\/artstella-elixirs-floraux.com\/wp-content\/uploads\/2025\/03\/wp-image2279.png?resize=1050%2C600&ssl=1 3x"},"classes":[]},{"id":5322,"url":"https:\/\/artstella-elixirs-floraux.com\/en\/product\/true-beauty-spray\/","url_meta":{"origin":4117,"position":1},"title":"TRUE BEAUTY SPRAY","author":"eveapprill","date":"9 March 2025","format":false,"excerpt":"True Beauty Aura Spray \u2013 \u201cVraie Beaut\u00e9\u201d \u00a0aide \u00e0 voir la beaut\u00e9 de l\u2019Esprit et de l\u2019Etre qui se trouve en chacun de nous et \u00e0 pouvoir incarner cette gr\u00e2ce c\u00e9leste. \"Bleu\" avec Rose Otto","rel":"","context":"Similar post","block_context":{"text":"Similar post","link":""},"img":{"alt_text":"","src":"","width":0,"height":0},"classes":[]},{"id":3655,"url":"https:\/\/artstella-elixirs-floraux.com\/en\/product\/52-rising-the-call-of-beauty-ltoe-15-m\/","url_meta":{"origin":4117,"position":2},"title":"52. RISING THE CALL OF BEAUTY LTOE 15 M","author":"eveapprill","date":"9 March 2025","format":false,"excerpt":"Rising to the Call of Beauty \/Appel \u00e0 la beaut\u00e9l : pour s\u2019ouvrir \u00e0 l\u2019appel de la beaut\u00e9 et s\u2019aligner avec elle. La soci\u00e9t\u00e9 moderne s\u2019en est souvent \u00e9loign\u00e9e, cr\u00e9ant ainsi un s\u00e9rieux malaise.","rel":"","context":"Similar post","block_context":{"text":"Similar post","link":""},"img":{"alt_text":"","src":"https:\/\/i0.wp.com\/artstella-elixirs-floraux.com\/wp-content\/uploads\/2025\/03\/6670b669-0382-4ee3-bdf0-252796f5919c.jpg?resize=350%2C200&ssl=1","width":350,"height":200,"srcset":"https:\/\/i0.wp.com\/artstella-elixirs-floraux.com\/wp-content\/uploads\/2025\/03\/6670b669-0382-4ee3-bdf0-252796f5919c.jpg?resize=350%2C200&ssl=1 1x, https:\/\/i0.wp.com\/artstella-elixirs-floraux.com\/wp-content\/uploads\/2025\/03\/6670b669-0382-4ee3-bdf0-252796f5919c.jpg?resize=525%2C300&ssl=1 1.5x, https:\/\/i0.wp.com\/artstella-elixirs-floraux.com\/wp-content\/uploads\/2025\/03\/6670b669-0382-4ee3-bdf0-252796f5919c.jpg?resize=700%2C400&ssl=1 2x"},"classes":[]},{"id":3627,"url":"https:\/\/artstella-elixirs-floraux.com\/en\/product\/39-necklace-of-beauty-15-ml\/","url_meta":{"origin":4117,"position":3},"title":"39. NECKLACE OF BEAUTY 15 ML","author":"eveapprill","date":"9 March 2025","format":false,"excerpt":"Necklace of beauty \/ Collier de beaut\u00e9 : apporte une magnifique \u00e9nergie d'amour dans le chakra sup\u00e9rieur du c\u0153ur, nous permettant de nous sentir aim\u00e9, \u00e9lev\u00e9 et en paix.","rel":"","context":"Similar post","block_context":{"text":"Similar post","link":""},"img":{"alt_text":"","src":"https:\/\/i0.wp.com\/artstella-elixirs-floraux.com\/wp-content\/uploads\/2025\/03\/0c3a666b-f328-482a-86c7-cbea44b63d1e.jpg?resize=350%2C200&ssl=1","width":350,"height":200,"srcset":"https:\/\/i0.wp.com\/artstella-elixirs-floraux.com\/wp-content\/uploads\/2025\/03\/0c3a666b-f328-482a-86c7-cbea44b63d1e.jpg?resize=350%2C200&ssl=1 1x, https:\/\/i0.wp.com\/artstella-elixirs-floraux.com\/wp-content\/uploads\/2025\/03\/0c3a666b-f328-482a-86c7-cbea44b63d1e.jpg?resize=525%2C300&ssl=1 1.5x, https:\/\/i0.wp.com\/artstella-elixirs-floraux.com\/wp-content\/uploads\/2025\/03\/0c3a666b-f328-482a-86c7-cbea44b63d1e.jpg?resize=700%2C400&ssl=1 2x"},"classes":[]},{"id":3972,"url":"https:\/\/artstella-elixirs-floraux.com\/en\/product\/cygne-a-e-15-ml-phi\/","url_meta":{"origin":4117,"position":4},"title":"CYGNE A.E 15 ML PHI","author":"eveapprill","date":"9 March 2025","format":false,"excerpt":"Cygne (Cygnus olor) Schwan L\u2019\u00e9lixir refl\u00e8te en nous la beaut\u00e9 et l\u2019harmonie. Il aide ceux qui sont prisonniers de peurs et de contraintes \u00e0 se lib\u00e9rer.","rel":"","context":"Similar post","block_context":{"text":"Similar post","link":""},"img":{"alt_text":"","src":"","width":0,"height":0},"classes":[]},{"id":3733,"url":"https:\/\/artstella-elixirs-floraux.com\/en\/product\/white-beauty-spray\/","url_meta":{"origin":4117,"position":5},"title":"WHITE BEAUTY SPRAY","author":"eveapprill","date":"9 March 2025","format":false,"excerpt":"White beauty (Blanche beaut\u00e9) Une \u00e9nergie nourrissante et aimante descend sur le chakra coronal quand on le pulv\u00e9rise au dessus de la t\u00eate. \u00ab\u00a0bleu\u00a0\u00bb avec les huiles essentielles de Rose Bulgare","rel":"","context":"Similar post","block_context":{"text":"Similar post","link":""},"img":{"alt_text":"","src":"","width":0,"height":0},"classes":[]}],"_links":{"self":[{"href":"https:\/\/artstella-elixirs-floraux.com\/en\/wp-json\/wp\/v2\/product\/4117","targetHints":{"allow":["GET"]}}],"collection":[{"href":"https:\/\/artstella-elixirs-floraux.com\/en\/wp-json\/wp\/v2\/product"}],"about":[{"href":"https:\/\/artstella-elixirs-floraux.com\/en\/wp-json\/wp\/v2\/types\/product"}],"version-history":[{"count":0,"href":"https:\/\/artstella-elixirs-floraux.com\/en\/wp-json\/wp\/v2\/product\/4117\/revisions"}],"wp:featuredmedia":[{"embeddable":true,"href":"https:\/\/artstella-elixirs-floraux.com\/en\/wp-json\/wp\/v2\/media\/7727"}],"wp:attachment":[{"href":"https:\/\/artstella-elixirs-floraux.com\/en\/wp-json\/wp\/v2\/media?parent=4117"}],"wp:term":[{"taxonomy":"product_brand","embeddable":true,"href":"https:\/\/artstella-elixirs-floraux.com\/en\/wp-json\/wp\/v2\/product_brand?post=4117"},{"taxonomy":"product_cat","embeddable":true,"href":"https:\/\/artstella-elixirs-floraux.com\/en\/wp-json\/wp\/v2\/product_cat?post=4117"},{"taxonomy":"product_tag","embeddable":true,"href":"https:\/\/artstella-elixirs-floraux.com\/en\/wp-json\/wp\/v2\/product_tag?post=4117"}],"curies":[{"name":"wp","href":"https:\/\/api.w.org\/{rel}","templated":true}]}}