{"id":4119,"date":"2025-03-09T13:21:14","date_gmt":"2025-03-09T13:21:14","guid":{"rendered":"https:\/\/artstella-elixirs-floraux.com\/product\/almirante-rojo-sylfos-15-ml\/"},"modified":"2025-06-08T12:51:48","modified_gmt":"2025-06-08T12:51:48","slug":"almirante-rojo-sylfos-15-ml","status":"publish","type":"product","link":"https:\/\/artstella-elixirs-floraux.com\/en\/product\/almirante-rojo-sylfos-15-ml\/","title":{"rendered":"ALMIRANTE ROJO SYLFOS 15 ML"},"content":{"rendered":"<p><strong>ALMIRANTE ROJO<\/strong> <em>Vanessa atalanta <\/em> <br \/>Autorit\u00e9 \u2013 Fermet\u00e9<\/p>\n<p>Un \u00e9lixir qui nous permet de nous affirmer sur nos propres croyances et nos objectifs de vie. Permet de l\u00e2cher la peur \u00e0 ne pas \u00eatre capable de faire ce que le monde (et nous-m\u00eames) attend de nous. Permet d\u2019affirmer notre autorit\u00e9 et aide dans la r\u00e9solution des blocages en relation avec l\u2019image paternelle ou lorsqu\u2019il existe des conflits avec le p\u00e8re.<\/p>","protected":false},"excerpt":{"rendered":"<p><strong>ALMIRANTE ROJO<\/strong> <em>Vanessa atalanta <\/em> <br \/>Autorit\u00e9 \u2013 Fermet\u00e9 . Un \u00e9lixir qui nous permet de nous affirmer sur nos propres croyances et nos objectifs de vie.<\/p>","protected":false},"featured_media":4120,"template":"","meta":[],"product_brand":[],"product_cat":[142],"product_tag":[],"class_list":{"0":"post-4119","1":"product","2":"type-product","3":"status-publish","4":"has-post-thumbnail","6":"product_cat-papillons-coffrets-1-2","8":"first","9":"instock","10":"taxable","11":"shipping-taxable","12":"purchasable","13":"product-type-simple"},"etheme_brands":{"errors":{"invalid_taxonomy":["Invalid taxonomy."]},"error_data":[]},"jetpack_sharing_enabled":true,"jetpack-related-posts":[{"id":5992,"url":"https:\/\/artstella-elixirs-floraux.com\/en\/product\/cobre-violeta-sylfos-pap-15-ml\/","url_meta":{"origin":4119,"position":0},"title":"COBRE VIOLETA SYLFOS PAP 15 ml","author":"eveapprill","date":"9 March 2025","format":false,"excerpt":"COBRE VIOLETA \/ CUIVRE VIOLET Lycaena helle Prosp\u00e9rit\u00e9 - Responsabilit\u00e9 Permet de comprendre que prosp\u00e9rit\u00e9 et abondance dont nous pouvons disposer d\u00e9pend uniquement de nous. Nous ne pouvons compter sur personne en dehors de nous; il faut chercher \u00e0 l\u2019int\u00e9rieur et nous connecter avec notre propre prosp\u00e9rit\u00e9.","rel":"","context":"Similar post","block_context":{"text":"Similar post","link":""},"img":{"alt_text":"","src":"","width":0,"height":0},"classes":[]},{"id":5558,"url":"https:\/\/artstella-elixirs-floraux.com\/en\/product\/orchidee-red-helmet-15ml-corybas-dilatatus\/","url_meta":{"origin":4119,"position":1},"title":"Orchid\u00e9e RED HELMET 15ml Corybas dilatatus","author":"eveapprill","date":"9 March 2025","format":false,"excerpt":"Orchid\u00e9e RED HELMET Corybas dilatatus \u00a0 \u00a0 Pour les personnes rebelles, \u00e9go\u00efstes, ayant des probl\u00e8mes avec la figure de l\u2019autorit\u00e9 provenant d\u2019une mauvaise relation avec leur propre p\u00e8re.\u00a0","rel":"","context":"Similar post","block_context":{"text":"Similar post","link":""},"img":{"alt_text":"","src":"","width":0,"height":0},"classes":[]},{"id":4128,"url":"https:\/\/artstella-elixirs-floraux.com\/en\/product\/capuccino-sylfos-15ml-pap\/","url_meta":{"origin":4119,"position":2},"title":"CAPUCCINO SYLFOS 15ML PAP","author":"eveapprill","date":"9 March 2025","format":false,"excerpt":"CAPUCCINO Siproeta stelenesForce - Objectifs Un \u00e9lixir pour effacer les obstacles qui sont dans notre trajectoire de croissance, nous permettant ainsi de surpasser les excuses que nous nous donnons pour ne pas faire ce que nous devons faire car nous pensons qu\u2019il s\u2019agit d\u2019objectifs trop lointains ou trop difficiles \u00e0\u2026","rel":"","context":"Similar post","block_context":{"text":"Similar post","link":""},"img":{"alt_text":"","src":"https:\/\/i0.wp.com\/artstella-elixirs-floraux.com\/wp-content\/uploads\/2025\/03\/1ae9a5c3-cd10-4a6f-8b94-f5a1127d456a.jpg?resize=350%2C200&ssl=1","width":350,"height":200,"srcset":"https:\/\/i0.wp.com\/artstella-elixirs-floraux.com\/wp-content\/uploads\/2025\/03\/1ae9a5c3-cd10-4a6f-8b94-f5a1127d456a.jpg?resize=350%2C200&ssl=1 1x, https:\/\/i0.wp.com\/artstella-elixirs-floraux.com\/wp-content\/uploads\/2025\/03\/1ae9a5c3-cd10-4a6f-8b94-f5a1127d456a.jpg?resize=525%2C300&ssl=1 1.5x, https:\/\/i0.wp.com\/artstella-elixirs-floraux.com\/wp-content\/uploads\/2025\/03\/1ae9a5c3-cd10-4a6f-8b94-f5a1127d456a.jpg?resize=700%2C400&ssl=1 2x"},"classes":[]},{"id":5570,"url":"https:\/\/artstella-elixirs-floraux.com\/en\/product\/saguaro-15-ml-sylfos\/","url_meta":{"origin":4119,"position":3},"title":"SAGUARO 15 ML SYLFOS","author":"eveapprill","date":"9 March 2025","format":false,"excerpt":"SAGUARO Carnegiea giganta \u00a0 \u00a0 Repr\u00e9sente le pouvoir et l\u2019autorit\u00e9. Pour les personnes en conflit avec les figures d\u2019autorit\u00e9. Ces personnes ont du mal \u00e0 distinguer les aspects positifs de l\u2019autorit\u00e9,","rel":"","context":"Similar post","block_context":{"text":"Similar post","link":""},"img":{"alt_text":"","src":"","width":0,"height":0},"classes":[]},{"id":5738,"url":"https:\/\/artstella-elixirs-floraux.com\/en\/product\/mouron-des-champs-10-ml-deva\/","url_meta":{"origin":4119,"position":4},"title":"Mouron des champs 10 ml DEVA","author":"eveapprill","date":"9 March 2025","format":false,"excerpt":"Mouron des Champs Affirmation de soi. Pour les probl\u00e8mes li\u00e9s \u00e0 l\u2019autorit\u00e9 et \u00e0 l\u2019image du p\u00e8re.","rel":"","context":"Similar post","block_context":{"text":"Similar post","link":""},"img":{"alt_text":"","src":"https:\/\/i0.wp.com\/artstella-elixirs-floraux.com\/wp-content\/uploads\/2025\/03\/wp-image2428.png?resize=350%2C200&ssl=1","width":350,"height":200},"classes":[]},{"id":2759,"url":"https:\/\/artstella-elixirs-floraux.com\/en\/product\/higher-self-moi-superieur-bush-white-light\/","url_meta":{"origin":4119,"position":5},"title":"HIGHER SELF (Moi Sup\u00e9rieur) BUSH WHITE LIGHT","author":"eveapprill","date":"9 March 2025","format":false,"excerpt":"L'\u00c9LIXIR MOI SUP\u00c9RIEUR (HIGHER SELF ESSENCE) Cet \u00e9lixir a \u00e9t\u00e9 pr\u00e9par\u00e9 dans les ruines Maya \u00e0 Palenque au Mexique. Il permet \u00e0 chacun de s\u2019aligner et d\u2019acc\u00e9der \u00e0 son Moi Sup\u00e9rieur.","rel":"","context":"Similar post","block_context":{"text":"Similar post","link":""},"img":{"alt_text":"Les elixirs de lumi\u00e8re blanche","src":"https:\/\/i0.wp.com\/artstella-elixirs-floraux.com\/wp-content\/uploads\/2025\/03\/5ba81766-8035-4d15-b50b-8e7f24672bba.jpg?resize=350%2C200&ssl=1","width":350,"height":200,"srcset":"https:\/\/i0.wp.com\/artstella-elixirs-floraux.com\/wp-content\/uploads\/2025\/03\/5ba81766-8035-4d15-b50b-8e7f24672bba.jpg?resize=350%2C200&ssl=1 1x, https:\/\/i0.wp.com\/artstella-elixirs-floraux.com\/wp-content\/uploads\/2025\/03\/5ba81766-8035-4d15-b50b-8e7f24672bba.jpg?resize=525%2C300&ssl=1 1.5x, https:\/\/i0.wp.com\/artstella-elixirs-floraux.com\/wp-content\/uploads\/2025\/03\/5ba81766-8035-4d15-b50b-8e7f24672bba.jpg?resize=700%2C400&ssl=1 2x"},"classes":[]}],"_links":{"self":[{"href":"https:\/\/artstella-elixirs-floraux.com\/en\/wp-json\/wp\/v2\/product\/4119","targetHints":{"allow":["GET"]}}],"collection":[{"href":"https:\/\/artstella-elixirs-floraux.com\/en\/wp-json\/wp\/v2\/product"}],"about":[{"href":"https:\/\/artstella-elixirs-floraux.com\/en\/wp-json\/wp\/v2\/types\/product"}],"version-history":[{"count":0,"href":"https:\/\/artstella-elixirs-floraux.com\/en\/wp-json\/wp\/v2\/product\/4119\/revisions"}],"wp:featuredmedia":[{"embeddable":true,"href":"https:\/\/artstella-elixirs-floraux.com\/en\/wp-json\/wp\/v2\/media\/4120"}],"wp:attachment":[{"href":"https:\/\/artstella-elixirs-floraux.com\/en\/wp-json\/wp\/v2\/media?parent=4119"}],"wp:term":[{"taxonomy":"product_brand","embeddable":true,"href":"https:\/\/artstella-elixirs-floraux.com\/en\/wp-json\/wp\/v2\/product_brand?post=4119"},{"taxonomy":"product_cat","embeddable":true,"href":"https:\/\/artstella-elixirs-floraux.com\/en\/wp-json\/wp\/v2\/product_cat?post=4119"},{"taxonomy":"product_tag","embeddable":true,"href":"https:\/\/artstella-elixirs-floraux.com\/en\/wp-json\/wp\/v2\/product_tag?post=4119"}],"curies":[{"name":"wp","href":"https:\/\/api.w.org\/{rel}","templated":true}]}}