{"id":4125,"date":"2025-03-09T13:21:17","date_gmt":"2025-03-09T13:21:17","guid":{"rendered":"https:\/\/artstella-elixirs-floraux.com\/product\/capitan-salpicado-sylfos-15ml-pap\/"},"modified":"2025-04-30T21:28:35","modified_gmt":"2025-04-30T21:28:35","slug":"capitan-salpicado-sylfos-15ml-pap","status":"publish","type":"product","link":"https:\/\/artstella-elixirs-floraux.com\/en\/product\/capitan-salpicado-sylfos-15ml-pap\/","title":{"rendered":"CAPITAN SALPICADO SYLFOS 15ML PAP"},"content":{"rendered":"<p><strong>CAPITAN SALPICADO DE PLATA<\/strong> <em>Hesperia comma<\/em> <br \/>Jouissance et foi en la vie<\/p>\n<p>Cet \u00e9lixir nous donne la foi en l\u2019avenir avec la reconnaissance de l\u2019aspect positif qui nous attend. Afin de nous aider \u00e0 avoir des r\u00eaves heureux et joyeux, pour \u00e9laborer de bons projets, trouver le temps et l\u2019\u00e9nergie pour jouer et profiter pleinement de la vie. Il sera utile dans les situations de cauchemars nocturnes, sp\u00e9cialement chez les enfants.<\/p>","protected":false},"excerpt":{"rendered":"<p><strong>CAPITAN SALPICADO DE PLATA<\/strong> <em>Hesperia comma<\/em> <br \/>Jouissance et foi en la vie<\/p>\n<p>Cet \u00e9lixir nous donne la foi en l\u2019avenir avec la reconnaissance de l\u2019aspect positif qui nous attend.<\/p>","protected":false},"featured_media":0,"template":"","meta":[],"product_brand":[],"product_cat":[142],"product_tag":[],"class_list":{"0":"post-4125","1":"product","2":"type-product","3":"status-publish","5":"product_cat-papillons-coffrets-1-2","7":"first","8":"instock","9":"taxable","10":"shipping-taxable","11":"purchasable","12":"product-type-simple"},"etheme_brands":{"errors":{"invalid_taxonomy":["Invalid taxonomy."]},"error_data":[]},"jetpack_sharing_enabled":true,"jetpack-related-posts":[{"id":3581,"url":"https:\/\/artstella-elixirs-floraux.com\/en\/product\/foyer-de-la-vie-15-ml-lto\/","url_meta":{"origin":4125,"position":0},"title":"Foyer de la vie 15 ml LTO","author":"eveapprill","date":"9 March 2025","format":false,"excerpt":"Foyer de la vie Si nous n'arrivons pas \u00e0 accepter la vie comme une opportunit\u00e9 de cultiver des qualit\u00e9s, ou ne parvenons pas \u00e0 comprendre la signification de circonstances difficiles ou douloureuses, notre vie ne sera pas dirig\u00e9e par une intention universelle la plus haute mais par notre syst\u00e8me de\u2026","rel":"","context":"Similar post","block_context":{"text":"Similar post","link":""},"img":{"alt_text":"","src":"https:\/\/i0.wp.com\/artstella-elixirs-floraux.com\/wp-content\/uploads\/2025\/03\/027600df-716e-4647-a147-d88952f3c186.jpg?resize=350%2C200&ssl=1","width":350,"height":200,"srcset":"https:\/\/i0.wp.com\/artstella-elixirs-floraux.com\/wp-content\/uploads\/2025\/03\/027600df-716e-4647-a147-d88952f3c186.jpg?resize=350%2C200&ssl=1 1x, https:\/\/i0.wp.com\/artstella-elixirs-floraux.com\/wp-content\/uploads\/2025\/03\/027600df-716e-4647-a147-d88952f3c186.jpg?resize=525%2C300&ssl=1 1.5x, https:\/\/i0.wp.com\/artstella-elixirs-floraux.com\/wp-content\/uploads\/2025\/03\/027600df-716e-4647-a147-d88952f3c186.jpg?resize=700%2C400&ssl=1 2x"},"classes":[]},{"id":5382,"url":"https:\/\/artstella-elixirs-floraux.com\/en\/product\/battus-sylfos-15-ml-pap\/","url_meta":{"origin":4125,"position":1},"title":"BATTUS SYLFOS 15 ML PAP","author":"eveapprill","date":"9 March 2025","format":false,"excerpt":"25 \u2013 BATTUS \/ BATTUS \u00a0Battus philenor Foi en la vie Un \u00e9lixir tr\u00e8s sp\u00e9cial car il emm\u00e8ne nos pri\u00e8res vers le Cr\u00e9ateur de fa\u00e7on \u00e0 ce qu\u2019elles soient b\u00e9nies et qu\u2019elles nous soient retourn\u00e9es manifest\u00e9es. Foi et confiance en la vie, sans l\u2019action de notre mental. Nous apprenons \u00e0\u2026","rel":"","context":"Similar post","block_context":{"text":"Similar post","link":""},"img":{"alt_text":"","src":"https:\/\/i0.wp.com\/artstella-elixirs-floraux.com\/wp-content\/uploads\/2025\/03\/c129dff6-fc7d-4c09-a44c-bc55c7f9dbbe.jpg?resize=350%2C200&ssl=1","width":350,"height":200,"srcset":"https:\/\/i0.wp.com\/artstella-elixirs-floraux.com\/wp-content\/uploads\/2025\/03\/c129dff6-fc7d-4c09-a44c-bc55c7f9dbbe.jpg?resize=350%2C200&ssl=1 1x, https:\/\/i0.wp.com\/artstella-elixirs-floraux.com\/wp-content\/uploads\/2025\/03\/c129dff6-fc7d-4c09-a44c-bc55c7f9dbbe.jpg?resize=525%2C300&ssl=1 1.5x, https:\/\/i0.wp.com\/artstella-elixirs-floraux.com\/wp-content\/uploads\/2025\/03\/c129dff6-fc7d-4c09-a44c-bc55c7f9dbbe.jpg?resize=700%2C400&ssl=1 2x"},"classes":[]},{"id":2767,"url":"https:\/\/artstella-elixirs-floraux.com\/en\/product\/antarctic-bush-lf\/","url_meta":{"origin":4125,"position":2},"title":"ANTARCTIC BUSH LF","author":"eveapprill","date":"9 March 2025","format":false,"excerpt":"Antarctic Essence \u2013 Elixir de l'Antarctique Favorise le calme, la paix et le repos. Donne une meilleure vision de ce qui est n\u00e9cessaire et essentiel dans la vie. Antarctic Essence r\u00e9v\u00e8le et dissout les aspects profonds et cach\u00e9s de notre personnalit\u00e9.","rel":"","context":"Similar post","block_context":{"text":"Similar post","link":""},"img":{"alt_text":"","src":"https:\/\/i0.wp.com\/artstella-elixirs-floraux.com\/wp-content\/uploads\/2025\/03\/619e443f-a1e4-4582-9202-7ae7c3b159c7.jpg?resize=350%2C200&ssl=1","width":350,"height":200,"srcset":"https:\/\/i0.wp.com\/artstella-elixirs-floraux.com\/wp-content\/uploads\/2025\/03\/619e443f-a1e4-4582-9202-7ae7c3b159c7.jpg?resize=350%2C200&ssl=1 1x, https:\/\/i0.wp.com\/artstella-elixirs-floraux.com\/wp-content\/uploads\/2025\/03\/619e443f-a1e4-4582-9202-7ae7c3b159c7.jpg?resize=525%2C300&ssl=1 1.5x, https:\/\/i0.wp.com\/artstella-elixirs-floraux.com\/wp-content\/uploads\/2025\/03\/619e443f-a1e4-4582-9202-7ae7c3b159c7.jpg?resize=700%2C400&ssl=1 2x"},"classes":[]},{"id":4042,"url":"https:\/\/artstella-elixirs-floraux.com\/en\/product\/libertia-15-ml-sylfos\/","url_meta":{"origin":4125,"position":3},"title":"LIBERTIA SYLFOS","author":"eveapprill","date":"9 March 2025","format":false,"excerpt":"LIBERTIA Libertia sessiliflora Protection, confiance, foi en la vie. D\u00e9veloppe le sentiment de protection et favorise l\u2019acceptation de l\u2019incarnation en prenant conscience des blessures originelles de l\u2019enfant int\u00e9rieur confront\u00e9 \u00e0 la peur de l\u2019abandon.","rel":"","context":"Similar post","block_context":{"text":"Similar post","link":""},"img":{"alt_text":"","src":"","width":0,"height":0},"classes":[]},{"id":4177,"url":"https:\/\/artstella-elixirs-floraux.com\/en\/product\/uriel-messagers-sylfos-15ml\/","url_meta":{"origin":4125,"position":4},"title":"URIEL (MESSAGERS) SYLFOS 15ML","author":"eveapprill","date":"9 March 2025","format":false,"excerpt":"URIEL Service d\u00e9sint\u00e9ress\u00e9, Don, Accueil, Service, Discernement, Paix, Reconnaissance du Divin en toute chose.","rel":"","context":"Similar post","block_context":{"text":"Similar post","link":""},"img":{"alt_text":"","src":"","width":0,"height":0},"classes":[]},{"id":5402,"url":"https:\/\/artstella-elixirs-floraux.com\/en\/product\/primavera-azulada-sylfos-15ml-pap\/","url_meta":{"origin":4125,"position":5},"title":"PRIMAVERA AZULADA SYLFOS 15ML PAP","author":"eveapprill","date":"9 March 2025","format":false,"excerpt":"37 - PRIMAVERA AZULADA\/ AZUR PRINTANIER Celastrina ladon\u00a0\u00a0\u00a0 Communication \u2013 Foi dans le futur Cet \u00e9lixir agit en ouvrant le chakra de la gorge pour permettre une meilleure expression de soi. Il nous permet de d\u00e9couvrir nos origines dans ce syst\u00e8me ou dans un autre,\u00a0","rel":"","context":"Similar post","block_context":{"text":"Similar post","link":""},"img":{"alt_text":"","src":"https:\/\/i0.wp.com\/artstella-elixirs-floraux.com\/wp-content\/uploads\/2025\/03\/78f7b722-e9dd-4ccb-9df2-68ea958c29bd.jpg?resize=350%2C200&ssl=1","width":350,"height":200,"srcset":"https:\/\/i0.wp.com\/artstella-elixirs-floraux.com\/wp-content\/uploads\/2025\/03\/78f7b722-e9dd-4ccb-9df2-68ea958c29bd.jpg?resize=350%2C200&ssl=1 1x, https:\/\/i0.wp.com\/artstella-elixirs-floraux.com\/wp-content\/uploads\/2025\/03\/78f7b722-e9dd-4ccb-9df2-68ea958c29bd.jpg?resize=525%2C300&ssl=1 1.5x, https:\/\/i0.wp.com\/artstella-elixirs-floraux.com\/wp-content\/uploads\/2025\/03\/78f7b722-e9dd-4ccb-9df2-68ea958c29bd.jpg?resize=700%2C400&ssl=1 2x"},"classes":[]}],"_links":{"self":[{"href":"https:\/\/artstella-elixirs-floraux.com\/en\/wp-json\/wp\/v2\/product\/4125","targetHints":{"allow":["GET"]}}],"collection":[{"href":"https:\/\/artstella-elixirs-floraux.com\/en\/wp-json\/wp\/v2\/product"}],"about":[{"href":"https:\/\/artstella-elixirs-floraux.com\/en\/wp-json\/wp\/v2\/types\/product"}],"version-history":[{"count":0,"href":"https:\/\/artstella-elixirs-floraux.com\/en\/wp-json\/wp\/v2\/product\/4125\/revisions"}],"wp:attachment":[{"href":"https:\/\/artstella-elixirs-floraux.com\/en\/wp-json\/wp\/v2\/media?parent=4125"}],"wp:term":[{"taxonomy":"product_brand","embeddable":true,"href":"https:\/\/artstella-elixirs-floraux.com\/en\/wp-json\/wp\/v2\/product_brand?post=4125"},{"taxonomy":"product_cat","embeddable":true,"href":"https:\/\/artstella-elixirs-floraux.com\/en\/wp-json\/wp\/v2\/product_cat?post=4125"},{"taxonomy":"product_tag","embeddable":true,"href":"https:\/\/artstella-elixirs-floraux.com\/en\/wp-json\/wp\/v2\/product_tag?post=4125"}],"curies":[{"name":"wp","href":"https:\/\/api.w.org\/{rel}","templated":true}]}}