{"id":4126,"date":"2025-03-09T13:21:18","date_gmt":"2025-03-09T13:21:18","guid":{"rendered":"https:\/\/artstella-elixirs-floraux.com\/product\/capitan-violeta-sylfos-15ml-pap\/"},"modified":"2025-06-08T12:51:48","modified_gmt":"2025-06-08T12:51:48","slug":"capitan-violeta-sylfos-15ml-pap","status":"publish","type":"product","link":"https:\/\/artstella-elixirs-floraux.com\/en\/product\/capitan-violeta-sylfos-15ml-pap\/","title":{"rendered":"CAPITAN VIOLETA SYLFOS 15ML PAP"},"content":{"rendered":"<p><strong>CAPITAN VIOLETA<\/strong> <em>Nyctelius nyctelius<\/em> <br \/>Eveil spirituel \u2013 Initiation<\/p>\n<p>Cet \u00e9lixir et un catalyseur de transformation, qui permet de faire l\u2019exp\u00e9rience des rites de l\u2019initiation spirituelle, qui donnera lieu \u00e0 son apparition renouvel\u00e9e et favorisera donc l\u2019\u00e9mergence de nos capacit\u00e9s de leader ou de gu\u00e9risseur. Sp\u00e9cialement recommand\u00e9 lorsque ce processus se prolonge pendant trop longtemps et\/ou est douloureux.<\/p>","protected":false},"excerpt":{"rendered":"<div class=\"clearlooks2\">\n<div class=\"mceWrapper mceResizable mceMovable mceFocus\">\n<div class=\"mceTop\"><strong>CAPITAN VIOLETA<\/strong> <em>Nyctelius nyctelius<\/em> <br \/>Eveil spirituel \u2013 Initiation<\/p>\n<p>Cet \u00e9lixir et un catalyseur de transformation, qui permet de faire l\u2019exp\u00e9rience des rites de l\u2019initiation spirituelle&#8230;<\/p>\n<\/div>\n<div class=\"mceMiddle\">\u00a0<\/div>\n<\/div>\n<\/div>","protected":false},"featured_media":4127,"template":"","meta":[],"product_brand":[],"product_cat":[142],"product_tag":[],"class_list":{"0":"post-4126","1":"product","2":"type-product","3":"status-publish","4":"has-post-thumbnail","6":"product_cat-papillons-coffrets-1-2","8":"first","9":"instock","10":"taxable","11":"shipping-taxable","12":"purchasable","13":"product-type-simple"},"etheme_brands":{"errors":{"invalid_taxonomy":["Invalid taxonomy."]},"error_data":[]},"jetpack_sharing_enabled":true,"jetpack-related-posts":[{"id":5142,"url":"https:\/\/artstella-elixirs-floraux.com\/en\/product\/puerta-del-sol-porte-du-soleil\/","url_meta":{"origin":4126,"position":0},"title":"PUERTA DEL SOL \/ PORTE DU SOLEIL","author":"eveapprill","date":"9 March 2025","format":false,"excerpt":"PUERTA DEL SOL \/ PORTE DU SOLEIL\u00a0 15 ML Un \u00e9lixir pour accompagner le processus de l\u2019initiation spirituelle et de l\u2019\u00e9veil des \u00e9nergies Kundalini. Permet de retrouver nos facult\u00e9s suprasensibles. Il nous permet d\u2019arriver ou d\u2019envisager notre sommet, un couronnement int\u00e9rieur, envers nous-m\u00eames et la nature.","rel":"","context":"Similar post","block_context":{"text":"Similar post","link":""},"img":{"alt_text":"","src":"","width":0,"height":0},"classes":[]},{"id":5144,"url":"https:\/\/artstella-elixirs-floraux.com\/en\/product\/volcan-llaima\/","url_meta":{"origin":4126,"position":1},"title":"VOLCAN LLAIMA","author":"eveapprill","date":"9 March 2025","format":false,"excerpt":"Cet \u00e9lixir est un catalyseur de conscience de notre cheminement spirituel. La seule connaissance qui vaille vraiment est celle qui est au dedans. Il va permettre de prendre conscience et d'entrer en relation intime avec la vie qui est en toute chose. \u00a0","rel":"","context":"Similar post","block_context":{"text":"Similar post","link":""},"img":{"alt_text":"","src":"","width":0,"height":0},"classes":[]},{"id":4429,"url":"https:\/\/artstella-elixirs-floraux.com\/en\/product\/mint-bush-15-ml\/","url_meta":{"origin":4126,"position":2},"title":"MINT BUSH 15 ML","author":"eveapprill","date":"9 March 2025","format":false,"excerpt":"Mint Bush Perturbation, confusion, naissance spirituelle. Initiation spirituelle harmonieuse, clart\u00e9, calme, pouvoir faire face.","rel":"","context":"Similar post","block_context":{"text":"Similar post","link":""},"img":{"alt_text":"","src":"https:\/\/i0.wp.com\/artstella-elixirs-floraux.com\/wp-content\/uploads\/2025\/03\/wp-image1042.png?resize=350%2C200&ssl=1","width":350,"height":200},"classes":[]},{"id":4207,"url":"https:\/\/artstella-elixirs-floraux.com\/en\/product\/butterfly-papillon-wea-30-ml\/","url_meta":{"origin":4126,"position":3},"title":"BUTTERFLY\/PAPILLON WEA 30 ML","author":"eveapprill","date":"9 March 2025","format":false,"excerpt":"Butterfly (papillon) Catalyseur de transformation, cet \u00e9lixir apporte le soutien dans les moments de transition \u00e9motionnelle et spirituelle. Pour l\u00e2cher prise et aller de l\u2019avant. D\u00e9veloppe la l\u00e9g\u00e8ret\u00e9, la gr\u00e2ce, et l\u2019\u00e9quilibre entre la vuln\u00e9rabilit\u00e9 et la force.","rel":"","context":"Similar post","block_context":{"text":"Similar post","link":""},"img":{"alt_text":"","src":"","width":0,"height":0},"classes":[]},{"id":2735,"url":"https:\/\/artstella-elixirs-floraux.com\/en\/product\/meditation-bush-30-ml\/","url_meta":{"origin":4126,"position":4},"title":"MEDITATION BUSH 30 ml","author":"eveapprill","date":"9 March 2025","format":false,"excerpt":"Meditation Eveille la spiritualit\u00e9. Aide approfondir toute pratique spirituelle ou religieuse et favorise l'acc\u00e8s \u00e0 un autre niveau de conscience, tout en assurant une plus grande protection du Moi et la sauvegarde de l'aura. Fortement recommand\u00e9 \u00e0 tous ceux qui pratiquent la m\u00e9ditation.","rel":"","context":"Similar post","block_context":{"text":"Similar post","link":""},"img":{"alt_text":"","src":"https:\/\/i0.wp.com\/artstella-elixirs-floraux.com\/wp-content\/uploads\/2025\/03\/8213eb41-48ef-461b-ada2-bbd45136e611.jpg?resize=350%2C200&ssl=1","width":350,"height":200,"srcset":"https:\/\/i0.wp.com\/artstella-elixirs-floraux.com\/wp-content\/uploads\/2025\/03\/8213eb41-48ef-461b-ada2-bbd45136e611.jpg?resize=350%2C200&ssl=1 1x, https:\/\/i0.wp.com\/artstella-elixirs-floraux.com\/wp-content\/uploads\/2025\/03\/8213eb41-48ef-461b-ada2-bbd45136e611.jpg?resize=525%2C300&ssl=1 1.5x, https:\/\/i0.wp.com\/artstella-elixirs-floraux.com\/wp-content\/uploads\/2025\/03\/8213eb41-48ef-461b-ada2-bbd45136e611.jpg?resize=700%2C400&ssl=1 2x"},"classes":[]},{"id":4140,"url":"https:\/\/artstella-elixirs-floraux.com\/en\/product\/filodice-sylfos-15ml-pap\/","url_meta":{"origin":4126,"position":5},"title":"FILODICE SYLFOS 15ML PAP","author":"eveapprill","date":"9 March 2025","format":false,"excerpt":"FILODICE Colias philodice L\u00e2cher-prise \u2013 Confiance \u2013 Respect . Cet \u00e9lixir permet de nous \u00e9lever et nous apporte l\u2019inspiration. Il nous aide \u00e0 comprendre que toutes choses \u00e0 une base spirituelle et que nous ne devons pas avoir peur...","rel":"","context":"Similar post","block_context":{"text":"Similar post","link":""},"img":{"alt_text":"","src":"","width":0,"height":0},"classes":[]}],"_links":{"self":[{"href":"https:\/\/artstella-elixirs-floraux.com\/en\/wp-json\/wp\/v2\/product\/4126","targetHints":{"allow":["GET"]}}],"collection":[{"href":"https:\/\/artstella-elixirs-floraux.com\/en\/wp-json\/wp\/v2\/product"}],"about":[{"href":"https:\/\/artstella-elixirs-floraux.com\/en\/wp-json\/wp\/v2\/types\/product"}],"version-history":[{"count":0,"href":"https:\/\/artstella-elixirs-floraux.com\/en\/wp-json\/wp\/v2\/product\/4126\/revisions"}],"wp:featuredmedia":[{"embeddable":true,"href":"https:\/\/artstella-elixirs-floraux.com\/en\/wp-json\/wp\/v2\/media\/4127"}],"wp:attachment":[{"href":"https:\/\/artstella-elixirs-floraux.com\/en\/wp-json\/wp\/v2\/media?parent=4126"}],"wp:term":[{"taxonomy":"product_brand","embeddable":true,"href":"https:\/\/artstella-elixirs-floraux.com\/en\/wp-json\/wp\/v2\/product_brand?post=4126"},{"taxonomy":"product_cat","embeddable":true,"href":"https:\/\/artstella-elixirs-floraux.com\/en\/wp-json\/wp\/v2\/product_cat?post=4126"},{"taxonomy":"product_tag","embeddable":true,"href":"https:\/\/artstella-elixirs-floraux.com\/en\/wp-json\/wp\/v2\/product_tag?post=4126"}],"curies":[{"name":"wp","href":"https:\/\/api.w.org\/{rel}","templated":true}]}}