{"id":4132,"date":"2025-03-09T13:21:22","date_gmt":"2025-03-09T13:21:22","guid":{"rendered":"https:\/\/artstella-elixirs-floraux.com\/product\/cobre-azulado-sylfos-15ml-pap\/"},"modified":"2025-04-30T21:28:35","modified_gmt":"2025-04-30T21:28:35","slug":"cobre-azulado-sylfos-15ml-pap","status":"publish","type":"product","link":"https:\/\/artstella-elixirs-floraux.com\/en\/product\/cobre-azulado-sylfos-15ml-pap\/","title":{"rendered":"COBRE AZULADO SYLFOS 15ML PAP"},"content":{"rendered":"<p><strong>COBRE AZULADO<\/strong> <em>Lycaena heteronea<\/em> <br \/>L\u00e2cher prise \u2013 Amour inconditionnel &#8211; R\u00e9alisation<\/p>\n<p>Lors des tensions fortes et \u00e9crasantes. Cet \u00e9lixir permet de rel\u00e2cher les tensions n\u00e9gatives et de r\u00e9cup\u00e9rer la l\u00e9g\u00e8ret\u00e9 et la joie. Il nous aide \u00e0 comprendre qu\u2019il n\u2019y a rien de plus important pour nous que l\u2019amour et la joie que nous ressentons pour les personnes et les objectifs que nous avons ou que nous aimons, et que nous pouvons nous r\u00e9jouir dans ce sch\u00e9ma plus ample, laissant couler notre passion, malgr\u00e9 ce que cela peut signifier ou impliquer.<\/p>","protected":false},"excerpt":{"rendered":"<p><strong>COBRE AZULADO<\/strong> <em>Lycaena heteronea<\/em> <br \/>L\u00e2cher prise \u2013 Amour inconditionnel &#8211; R\u00e9alisation<\/p>\n<p>Lors des tensions fortes et \u00e9crasantes. Cet \u00e9lixir permet de rel\u00e2cher les tensions n\u00e9gatives et de r\u00e9cup\u00e9rer la l\u00e9g\u00e8ret\u00e9 et la joie.<\/p>","protected":false},"featured_media":7740,"template":"","meta":[],"product_brand":[],"product_cat":[142],"product_tag":[],"class_list":{"0":"post-4132","1":"product","2":"type-product","3":"status-publish","4":"has-post-thumbnail","6":"product_cat-papillons-coffrets-1-2","8":"first","9":"instock","10":"taxable","11":"shipping-taxable","12":"purchasable","13":"product-type-simple"},"etheme_brands":{"errors":{"invalid_taxonomy":["Invalid taxonomy."]},"error_data":[]},"jetpack_sharing_enabled":true,"jetpack-related-posts":[{"id":5992,"url":"https:\/\/artstella-elixirs-floraux.com\/en\/product\/cobre-violeta-sylfos-pap-15-ml\/","url_meta":{"origin":4132,"position":0},"title":"COBRE VIOLETA SYLFOS PAP 15 ml","author":"eveapprill","date":"9 March 2025","format":false,"excerpt":"COBRE VIOLETA \/ CUIVRE VIOLET Lycaena helle Prosp\u00e9rit\u00e9 - Responsabilit\u00e9 Permet de comprendre que prosp\u00e9rit\u00e9 et abondance dont nous pouvons disposer d\u00e9pend uniquement de nous. Nous ne pouvons compter sur personne en dehors de nous; il faut chercher \u00e0 l\u2019int\u00e9rieur et nous connecter avec notre propre prosp\u00e9rit\u00e9.","rel":"","context":"Similar post","block_context":{"text":"Similar post","link":""},"img":{"alt_text":"","src":"","width":0,"height":0},"classes":[]},{"id":5810,"url":"https:\/\/artstella-elixirs-floraux.com\/en\/product\/zinnia-15-ml-deva\/","url_meta":{"origin":4132,"position":1},"title":"Zinnia 15 ml DEVA","author":"eveapprill","date":"9 March 2025","format":false,"excerpt":"Zinnia Joie, gaiet\u00e9, l\u00e9g\u00e8ret\u00e9. Pour retrouver l\u2019enfant qui existe en chacun de nous. Rel\u00e2che les tensions. Aide les adultes qui ont des probl\u00e8mes de communication avec leurs enfants.","rel":"","context":"Similar post","block_context":{"text":"Similar post","link":""},"img":{"alt_text":"","src":"https:\/\/i0.wp.com\/artstella-elixirs-floraux.com\/wp-content\/uploads\/2025\/03\/wp-image2456.png?resize=350%2C200&ssl=1","width":350,"height":200},"classes":[]},{"id":2751,"url":"https:\/\/artstella-elixirs-floraux.com\/en\/product\/water-eau-bush-white-light\/","url_meta":{"origin":4132,"position":2},"title":"WATER (Eau) BUSH WHITE LIGHT","author":"eveapprill","date":"9 March 2025","format":false,"excerpt":"L'\u00c9LIXIR EAU (WATER ESSENCE) a \u00e9t\u00e9 r\u00e9alis\u00e9 \u00e0 partir d\u2019un m\u00e9lange alchimique de deux \u00e9lixirs qui ont \u00e9t\u00e9 pr\u00e9par\u00e9s dans l\u2019h\u00e9misph\u00e8re Nord sur l\u2019\u00eele d\u2019Iona \u00e0 l\u2019ouest au large de l\u2019Ecosse, et dans l\u2019h\u00e9misph\u00e8re Sud sur l\u2019\u00eele Heron sur la grande barri\u00e8re de corail australienne. \u00a0","rel":"","context":"Similar post","block_context":{"text":"Similar post","link":""},"img":{"alt_text":"","src":"https:\/\/i0.wp.com\/artstella-elixirs-floraux.com\/wp-content\/uploads\/2025\/03\/b043b8f5-107e-4ab0-a70c-df54db5f2015.jpg?resize=350%2C200&ssl=1","width":350,"height":200,"srcset":"https:\/\/i0.wp.com\/artstella-elixirs-floraux.com\/wp-content\/uploads\/2025\/03\/b043b8f5-107e-4ab0-a70c-df54db5f2015.jpg?resize=350%2C200&ssl=1 1x, https:\/\/i0.wp.com\/artstella-elixirs-floraux.com\/wp-content\/uploads\/2025\/03\/b043b8f5-107e-4ab0-a70c-df54db5f2015.jpg?resize=525%2C300&ssl=1 1.5x, https:\/\/i0.wp.com\/artstella-elixirs-floraux.com\/wp-content\/uploads\/2025\/03\/b043b8f5-107e-4ab0-a70c-df54db5f2015.jpg?resize=700%2C400&ssl=1 2x"},"classes":[]},{"id":3733,"url":"https:\/\/artstella-elixirs-floraux.com\/en\/product\/white-beauty-spray\/","url_meta":{"origin":4132,"position":3},"title":"WHITE BEAUTY SPRAY","author":"eveapprill","date":"9 March 2025","format":false,"excerpt":"White beauty (Blanche beaut\u00e9) Une \u00e9nergie nourrissante et aimante descend sur le chakra coronal quand on le pulv\u00e9rise au dessus de la t\u00eate. \u00ab\u00a0bleu\u00a0\u00bb avec les huiles essentielles de Rose Bulgare","rel":"","context":"Similar post","block_context":{"text":"Similar post","link":""},"img":{"alt_text":"","src":"","width":0,"height":0},"classes":[]},{"id":3855,"url":"https:\/\/artstella-elixirs-floraux.com\/en\/product\/blennie-15-ml-phi\/","url_meta":{"origin":4132,"position":4},"title":"BLENNIE 15 ML PHI","author":"eveapprill","date":"9 March 2025","format":false,"excerpt":"Blennie\u00a0(Blennius sanguinolentus) Schleimfish L\u2019\u00e9lixir aide \u00e0 l\u00e2cher les tensions qui proviennent de nos sentiments.","rel":"","context":"Similar post","block_context":{"text":"Similar post","link":""},"img":{"alt_text":"","src":"","width":0,"height":0},"classes":[]},{"id":5220,"url":"https:\/\/artstella-elixirs-floraux.com\/en\/product\/beluga\/","url_meta":{"origin":4132,"position":5},"title":"Beluga","author":"eveapprill","date":"9 March 2025","format":false,"excerpt":"Cet \u00e9lixir nous rappelle la joie et la l\u00e9g\u00e8ret\u00e9 enfantine. Il nous apprend \u00e0 ne pas prendre la vie trop au s\u00e9rieux et \u00e0 rester enjou\u00e9","rel":"","context":"Similar post","block_context":{"text":"Similar post","link":""},"img":{"alt_text":"","src":"https:\/\/i0.wp.com\/artstella-elixirs-floraux.com\/wp-content\/uploads\/2025\/03\/wp-image1501.png?resize=350%2C200&ssl=1","width":350,"height":200},"classes":[]}],"_links":{"self":[{"href":"https:\/\/artstella-elixirs-floraux.com\/en\/wp-json\/wp\/v2\/product\/4132","targetHints":{"allow":["GET"]}}],"collection":[{"href":"https:\/\/artstella-elixirs-floraux.com\/en\/wp-json\/wp\/v2\/product"}],"about":[{"href":"https:\/\/artstella-elixirs-floraux.com\/en\/wp-json\/wp\/v2\/types\/product"}],"version-history":[{"count":0,"href":"https:\/\/artstella-elixirs-floraux.com\/en\/wp-json\/wp\/v2\/product\/4132\/revisions"}],"wp:featuredmedia":[{"embeddable":true,"href":"https:\/\/artstella-elixirs-floraux.com\/en\/wp-json\/wp\/v2\/media\/7740"}],"wp:attachment":[{"href":"https:\/\/artstella-elixirs-floraux.com\/en\/wp-json\/wp\/v2\/media?parent=4132"}],"wp:term":[{"taxonomy":"product_brand","embeddable":true,"href":"https:\/\/artstella-elixirs-floraux.com\/en\/wp-json\/wp\/v2\/product_brand?post=4132"},{"taxonomy":"product_cat","embeddable":true,"href":"https:\/\/artstella-elixirs-floraux.com\/en\/wp-json\/wp\/v2\/product_cat?post=4132"},{"taxonomy":"product_tag","embeddable":true,"href":"https:\/\/artstella-elixirs-floraux.com\/en\/wp-json\/wp\/v2\/product_tag?post=4132"}],"curies":[{"name":"wp","href":"https:\/\/api.w.org\/{rel}","templated":true}]}}