{"id":4134,"date":"2025-03-09T13:21:23","date_gmt":"2025-03-09T13:21:23","guid":{"rendered":"https:\/\/artstella-elixirs-floraux.com\/product\/cyna-sylfos-15ml-pap\/"},"modified":"2025-04-30T21:28:35","modified_gmt":"2025-04-30T21:28:35","slug":"cyna-sylfos-15ml-pap","status":"publish","type":"product","link":"https:\/\/artstella-elixirs-floraux.com\/en\/product\/cyna-sylfos-15ml-pap\/","title":{"rendered":"CYNA SYLFOS 15ML PAP"},"content":{"rendered":"","protected":false},"excerpt":{"rendered":"<p><strong>CYNA<\/strong> <em>Zizula cyna<\/em> <br \/>Expression &#8211; Gu\u00e9rison<\/p>\n<p>Cet \u00e9lixir nous donne la s\u00e9curit\u00e9 et la protection pour exprimer ce qui est n\u00e9cessaire d\u2019exprimer, dans l\u2019objectif de faciliter la gu\u00e9rison dans tous les plans. Il travail surtout au niveau du chakra de la gorge. Il permet de comprendre qu\u2019il est important de trouver quelqu\u2019un \u00e0 qui on peut confier ses pens\u00e9es et ses \u00e9motions, ce qui permettra la gu\u00e9rison.<\/p>","protected":false},"featured_media":7741,"template":"","meta":[],"product_brand":[],"product_cat":[142],"product_tag":[],"class_list":{"0":"post-4134","1":"product","2":"type-product","3":"status-publish","4":"has-post-thumbnail","6":"product_cat-papillons-coffrets-1-2","8":"first","9":"instock","10":"taxable","11":"shipping-taxable","12":"purchasable","13":"product-type-simple"},"etheme_brands":{"errors":{"invalid_taxonomy":["Invalid taxonomy."]},"error_data":[]},"jetpack_sharing_enabled":true,"jetpack-related-posts":[{"id":4112,"url":"https:\/\/artstella-elixirs-floraux.com\/en\/product\/grenouille-rana-el-cham-15ml\/","url_meta":{"origin":4134,"position":0},"title":"GRENOUILLE\/ RANA EL CHAM 15ML","author":"eveapprill","date":"9 March 2025","format":false,"excerpt":"RANA \/ GRENOUILLE Gu\u00e9rison \u00e9motionnelle \u2013 Force pour affronter les changements. Renouveau. Aide \u00e0 comprendre sainement les besoins des autres. Permet de canaliser le flux cr\u00e9atif pour l\u2019exprimer notamment \u00e0 travers l\u2019art.","rel":"","context":"Similar post","block_context":{"text":"Similar post","link":""},"img":{"alt_text":"","src":"","width":0,"height":0},"classes":[]},{"id":4392,"url":"https:\/\/artstella-elixirs-floraux.com\/en\/product\/gratitude-wea-30ml\/","url_meta":{"origin":4134,"position":1},"title":"GRATITUDE WEA 30ML","author":"eveapprill","date":"9 March 2025","format":false,"excerpt":"Gratitude Aide \u00e0 prendre conscience et exprimer de la gratitude pour les nombreux cadeaux que la vie offre.","rel":"","context":"Similar post","block_context":{"text":"Similar post","link":""},"img":{"alt_text":"","src":"https:\/\/i0.wp.com\/artstella-elixirs-floraux.com\/wp-content\/uploads\/2025\/03\/wp-image1016.png?resize=350%2C200&ssl=1","width":350,"height":200},"classes":[]},{"id":5498,"url":"https:\/\/artstella-elixirs-floraux.com\/en\/product\/la-guerison-par-les-fleurs\/","url_meta":{"origin":4134,"position":2},"title":"La gu\u00e9rison par les fleurs","author":"eveapprill","date":"9 March 2025","format":false,"excerpt":"La gu\u00e9rison par les fleurs par le Dr Edward Bach","rel":"","context":"Similar post","block_context":{"text":"Similar post","link":""},"img":{"alt_text":"","src":"https:\/\/i0.wp.com\/artstella-elixirs-floraux.com\/wp-content\/uploads\/2025\/03\/wp-image1745.png?resize=350%2C200&ssl=1","width":350,"height":200},"classes":[]},{"id":6000,"url":"https:\/\/artstella-elixirs-floraux.com\/en\/product\/le-pouvoir-de-guerison-des-animaux-a-korte\/","url_meta":{"origin":4134,"position":3},"title":"Le pouvoir de gu\u00e9rison des animaux A. Korte","author":"eveapprill","date":"9 March 2025","format":false,"excerpt":"Nouveau ! Le dernier livre d'Andreas Korte paru en fran\u00e7ais reprenant ses recherches sur ses rencontres avec les animaux, leur pouvoir de gu\u00e9rison et les \u00e9lixirs qu'ils en a recueilli.","rel":"","context":"Similar post","block_context":{"text":"Similar post","link":""},"img":{"alt_text":"","src":"https:\/\/i0.wp.com\/artstella-elixirs-floraux.com\/wp-content\/uploads\/2025\/03\/wp-image2019.png?resize=350%2C200&ssl=1","width":350,"height":200},"classes":[]},{"id":5562,"url":"https:\/\/artstella-elixirs-floraux.com\/en\/product\/pichoga-euphorbe-sylfos-15-ml\/","url_meta":{"origin":4134,"position":4},"title":"PICHOGA \/ Euphorbe SYLFOS 15 ML","author":"eveapprill","date":"9 March 2025","format":false,"excerpt":"PICHOGA Euphorbia chilensis\u00a0 Acceptation de l\u2019ombre \u00a0 \u00a0 Pour affronter, reconna\u00eetre et accepter l\u2019ombre. Le premier pas pour arriver \u00e0 la gu\u00e9rison est de conna\u00eetre et d\u2019accepter la r\u00e9alit\u00e9.","rel":"","context":"Similar post","block_context":{"text":"Similar post","link":""},"img":{"alt_text":"","src":"","width":0,"height":0},"classes":[]},{"id":4130,"url":"https:\/\/artstella-elixirs-floraux.com\/en\/product\/ceranus-azul-sylfos-15ml-pap\/","url_meta":{"origin":4134,"position":5},"title":"CERANUS AZUL SYLFOS 15ML PAP","author":"eveapprill","date":"9 March 2025","format":false,"excerpt":"CERANUS AZUL Hemiargus ceraunus Gu\u00e9rison \u2013 Evolution Cet \u00e9lixir est un v\u00e9ritable Gu\u00e9risseur vibrationnel pour \u00e9lever les vibrations physiques du corps de fa\u00e7on \u00e0 pouvoir affronter l\u2019\u00e9volution de d\u00e9veloppement...","rel":"","context":"Similar post","block_context":{"text":"Similar post","link":""},"img":{"alt_text":"","src":"https:\/\/i0.wp.com\/artstella-elixirs-floraux.com\/wp-content\/uploads\/2025\/03\/d7adfd03-5f25-4f24-8f85-fbe1c7b77e7a.jpg?resize=350%2C200&ssl=1","width":350,"height":200,"srcset":"https:\/\/i0.wp.com\/artstella-elixirs-floraux.com\/wp-content\/uploads\/2025\/03\/d7adfd03-5f25-4f24-8f85-fbe1c7b77e7a.jpg?resize=350%2C200&ssl=1 1x, https:\/\/i0.wp.com\/artstella-elixirs-floraux.com\/wp-content\/uploads\/2025\/03\/d7adfd03-5f25-4f24-8f85-fbe1c7b77e7a.jpg?resize=525%2C300&ssl=1 1.5x, https:\/\/i0.wp.com\/artstella-elixirs-floraux.com\/wp-content\/uploads\/2025\/03\/d7adfd03-5f25-4f24-8f85-fbe1c7b77e7a.jpg?resize=700%2C400&ssl=1 2x"},"classes":[]}],"_links":{"self":[{"href":"https:\/\/artstella-elixirs-floraux.com\/en\/wp-json\/wp\/v2\/product\/4134","targetHints":{"allow":["GET"]}}],"collection":[{"href":"https:\/\/artstella-elixirs-floraux.com\/en\/wp-json\/wp\/v2\/product"}],"about":[{"href":"https:\/\/artstella-elixirs-floraux.com\/en\/wp-json\/wp\/v2\/types\/product"}],"version-history":[{"count":0,"href":"https:\/\/artstella-elixirs-floraux.com\/en\/wp-json\/wp\/v2\/product\/4134\/revisions"}],"wp:featuredmedia":[{"embeddable":true,"href":"https:\/\/artstella-elixirs-floraux.com\/en\/wp-json\/wp\/v2\/media\/7741"}],"wp:attachment":[{"href":"https:\/\/artstella-elixirs-floraux.com\/en\/wp-json\/wp\/v2\/media?parent=4134"}],"wp:term":[{"taxonomy":"product_brand","embeddable":true,"href":"https:\/\/artstella-elixirs-floraux.com\/en\/wp-json\/wp\/v2\/product_brand?post=4134"},{"taxonomy":"product_cat","embeddable":true,"href":"https:\/\/artstella-elixirs-floraux.com\/en\/wp-json\/wp\/v2\/product_cat?post=4134"},{"taxonomy":"product_tag","embeddable":true,"href":"https:\/\/artstella-elixirs-floraux.com\/en\/wp-json\/wp\/v2\/product_tag?post=4134"}],"curies":[{"name":"wp","href":"https:\/\/api.w.org\/{rel}","templated":true}]}}