{"id":4138,"date":"2025-03-09T13:21:25","date_gmt":"2025-03-09T13:21:25","guid":{"rendered":"https:\/\/artstella-elixirs-floraux.com\/product\/duende-de-hielo-sylfos-15ml-pap\/"},"modified":"2025-06-08T13:59:45","modified_gmt":"2025-06-08T13:59:45","slug":"duende-de-hielo-sylfos-15ml-pap","status":"publish","type":"product","link":"https:\/\/artstella-elixirs-floraux.com\/en\/product\/duende-de-hielo-sylfos-15ml-pap\/","title":{"rendered":"DUENDE DE HIELO SYLFOS 15ML PAP"},"content":{"rendered":"","protected":false},"excerpt":{"rendered":"<p><strong>DUENDE DE HIELO<\/strong> <em>Callophrys irus<\/em> <br \/>Protection<\/p>\n<p>Il s\u2019agit l\u00e0 d\u2019un \u00e9lixir majeur de protection, qui repousse les \u00e9nergies et les pens\u00e9es n\u00e9gatives que d\u2019autres personnes dirigent vers nous. Il r\u00e9unit ces pens\u00e9es comme le ferait un filet et les renvoie dans la lumi\u00e8re pour les transformer.<\/p>","protected":false},"featured_media":4139,"template":"","meta":[],"product_brand":[],"product_cat":[142],"product_tag":[],"class_list":{"0":"post-4138","1":"product","2":"type-product","3":"status-publish","4":"has-post-thumbnail","6":"product_cat-papillons-coffrets-1-2","8":"first","9":"instock","10":"taxable","11":"shipping-taxable","12":"purchasable","13":"product-type-simple"},"etheme_brands":{"errors":{"invalid_taxonomy":["Invalid taxonomy."]},"error_data":[]},"jetpack_sharing_enabled":true,"jetpack-related-posts":[{"id":5726,"url":"https:\/\/artstella-elixirs-floraux.com\/en\/product\/menthe-pouliot-15ml-deva\/","url_meta":{"origin":4138,"position":0},"title":"Menthe Pouliot 15ml DEVA","author":"eveapprill","date":"9 March 2025","format":false,"excerpt":"Menthe Pouliot Protection, clart\u00e9 mentale. Pour ceux qui sont perturb\u00e9s par les pens\u00e9es n\u00e9gatives des autres.","rel":"","context":"Similar post","block_context":{"text":"Similar post","link":""},"img":{"alt_text":"","src":"https:\/\/i0.wp.com\/artstella-elixirs-floraux.com\/wp-content\/uploads\/2025\/03\/wp-image2421.png?resize=350%2C200&ssl=1","width":350,"height":200},"classes":[]},{"id":4173,"url":"https:\/\/artstella-elixirs-floraux.com\/en\/product\/michael-messagers-sylfos-15ml\/","url_meta":{"origin":4138,"position":1},"title":"MICHAEL (MESSAGERS) SYLFOS 15ML","author":"eveapprill","date":"9 March 2025","format":false,"excerpt":"MICHAEL Int\u00e9grit\u00e9, V\u00e9rit\u00e9, direction correcte, Force, vigueur et puissance,\u00a0 Courage pour affronter les obstacles, m\u00eame les plus importants, Protection dans l\u2019action, R\u00e9tablissement de la foi.","rel":"","context":"Similar post","block_context":{"text":"Similar post","link":""},"img":{"alt_text":"","src":"","width":0,"height":0},"classes":[]},{"id":4134,"url":"https:\/\/artstella-elixirs-floraux.com\/en\/product\/cyna-sylfos-15ml-pap\/","url_meta":{"origin":4138,"position":2},"title":"CYNA SYLFOS 15ML PAP","author":"eveapprill","date":"9 March 2025","format":false,"excerpt":"CYNA Zizula cyna Expression - Gu\u00e9rison Cet \u00e9lixir nous donne la s\u00e9curit\u00e9 et la protection pour exprimer ce qui est n\u00e9cessaire d\u2019exprimer, dans l\u2019objectif de faciliter la gu\u00e9rison dans tous les plans. Il travail surtout au niveau du chakra de la gorge. Il permet de comprendre qu\u2019il est important de\u2026","rel":"","context":"Similar post","block_context":{"text":"Similar post","link":""},"img":{"alt_text":"","src":"https:\/\/i0.wp.com\/artstella-elixirs-floraux.com\/wp-content\/uploads\/2025\/03\/d08440c3-c397-4939-adbe-19e0acdad724.jpg?resize=350%2C200&ssl=1","width":350,"height":200,"srcset":"https:\/\/i0.wp.com\/artstella-elixirs-floraux.com\/wp-content\/uploads\/2025\/03\/d08440c3-c397-4939-adbe-19e0acdad724.jpg?resize=350%2C200&ssl=1 1x, https:\/\/i0.wp.com\/artstella-elixirs-floraux.com\/wp-content\/uploads\/2025\/03\/d08440c3-c397-4939-adbe-19e0acdad724.jpg?resize=525%2C300&ssl=1 1.5x, https:\/\/i0.wp.com\/artstella-elixirs-floraux.com\/wp-content\/uploads\/2025\/03\/d08440c3-c397-4939-adbe-19e0acdad724.jpg?resize=700%2C400&ssl=1 2x"},"classes":[]},{"id":5778,"url":"https:\/\/artstella-elixirs-floraux.com\/en\/product\/pensee-10-ml-deva\/","url_meta":{"origin":4138,"position":3},"title":"Pens\u00e9e 10 ml DEVA","author":"eveapprill","date":"9 March 2025","format":false,"excerpt":"Pens\u00e9e Force int\u00e9rieure, r\u00e9sistance. Pour ceux qui se sentent vuln\u00e9rables, qui manquent de force et qui sont sujets aux infections r\u00e9p\u00e9t\u00e9es.","rel":"","context":"Similar post","block_context":{"text":"Similar post","link":""},"img":{"alt_text":"","src":"https:\/\/i0.wp.com\/artstella-elixirs-floraux.com\/wp-content\/uploads\/2025\/03\/wp-image2441.png?resize=350%2C200&ssl=1","width":350,"height":200},"classes":[]},{"id":5027,"url":"https:\/\/artstella-elixirs-floraux.com\/en\/product\/yellow-violet-alas-f-sup\/","url_meta":{"origin":4138,"position":4},"title":"YELLOW VIOLET ALAS F SUP","author":"eveapprill","date":"9 March 2025","format":false,"excerpt":"Yellow Violet Viola biflora Pens\u00e9e jaune Indications\u00a0: communication sur la d\u00e9fensive\u00a0; trac\u00a0; terreur pour parler en public\u00a0; expression bloqu\u00e9es par la peur d\u2019\u00eatre jug\u00e9e ou ridicule.","rel":"","context":"Similar post","block_context":{"text":"Similar post","link":""},"img":{"alt_text":"","src":"","width":0,"height":0},"classes":[]},{"id":5518,"url":"https:\/\/artstella-elixirs-floraux.com\/en\/product\/orque\/","url_meta":{"origin":4138,"position":5},"title":"ORQUE","author":"eveapprill","date":"9 March 2025","format":false,"excerpt":"ORQUE - Orca (Orcinus Orca) Cet \u00e9lixir a une forte action au niveau du chakra du c\u0153ur et nous relie \u00e0 la cinqui\u00e8me dimension. Il nous relie \u00e0 notre force int\u00e9rieure et nous permet de puiser dans notre potentiel de cr\u00e9ation, pour nous relier \u00e0 la lumi\u00e8re. Dans cette dimension,\u2026","rel":"","context":"Similar post","block_context":{"text":"Similar post","link":""},"img":{"alt_text":"","src":"https:\/\/i0.wp.com\/artstella-elixirs-floraux.com\/wp-content\/uploads\/2025\/03\/wp-image1754.png?resize=350%2C200&ssl=1","width":350,"height":200},"classes":[]}],"_links":{"self":[{"href":"https:\/\/artstella-elixirs-floraux.com\/en\/wp-json\/wp\/v2\/product\/4138","targetHints":{"allow":["GET"]}}],"collection":[{"href":"https:\/\/artstella-elixirs-floraux.com\/en\/wp-json\/wp\/v2\/product"}],"about":[{"href":"https:\/\/artstella-elixirs-floraux.com\/en\/wp-json\/wp\/v2\/types\/product"}],"version-history":[{"count":0,"href":"https:\/\/artstella-elixirs-floraux.com\/en\/wp-json\/wp\/v2\/product\/4138\/revisions"}],"wp:featuredmedia":[{"embeddable":true,"href":"https:\/\/artstella-elixirs-floraux.com\/en\/wp-json\/wp\/v2\/media\/4139"}],"wp:attachment":[{"href":"https:\/\/artstella-elixirs-floraux.com\/en\/wp-json\/wp\/v2\/media?parent=4138"}],"wp:term":[{"taxonomy":"product_brand","embeddable":true,"href":"https:\/\/artstella-elixirs-floraux.com\/en\/wp-json\/wp\/v2\/product_brand?post=4138"},{"taxonomy":"product_cat","embeddable":true,"href":"https:\/\/artstella-elixirs-floraux.com\/en\/wp-json\/wp\/v2\/product_cat?post=4138"},{"taxonomy":"product_tag","embeddable":true,"href":"https:\/\/artstella-elixirs-floraux.com\/en\/wp-json\/wp\/v2\/product_tag?post=4138"}],"curies":[{"name":"wp","href":"https:\/\/api.w.org\/{rel}","templated":true}]}}