{"id":4142,"date":"2025-03-09T13:21:29","date_gmt":"2025-03-09T13:21:29","guid":{"rendered":"https:\/\/artstella-elixirs-floraux.com\/product\/icaro-sylfos-15ml-pap\/"},"modified":"2025-06-08T13:59:44","modified_gmt":"2025-06-08T13:59:44","slug":"icaro-sylfos-15ml-pap","status":"publish","type":"product","link":"https:\/\/artstella-elixirs-floraux.com\/en\/product\/icaro-sylfos-15ml-pap\/","title":{"rendered":"ICARO SYLFOS 15ML PAP"},"content":{"rendered":"<p><strong>ICARO<\/strong> <em>Polymmatus icarus<\/em> <br \/>Auto valorisation \u2013 Cr\u00e9ativit\u00e9 positive.<\/p>\n<p>Cet \u00e9lixir est particuli\u00e8rement adapt\u00e9 aux personnes qui croient que les autres ont plus de talent, ont plus \u00e0 offrir et \u00e0 donner, sont plus \u00e9l\u00e9gants, plus cr\u00e9atifs, mieux lotis qu\u2019eux. D\u00e9sormais, ces personnes pourront se rendre compte qu\u2019elles ont \u00e9t\u00e9 l\u2019objet d\u2019une programmation n\u00e9gative et l\u2019\u00e9lixir permettra de s\u2019en d\u00e9barrasser, permettant donc le d\u00e9veloppement de leurs v\u00e9ritables talents, sans comparaison et sans fausse compassion.<\/p>","protected":false},"excerpt":{"rendered":"<p><strong>ICARO<\/strong> <em>Polymmatus icarus<\/em> <br \/>Auto valorisation \u2013 Cr\u00e9ativit\u00e9 positive.<\/p>\n<p>Cet \u00e9lixir est particuli\u00e8rement adapt\u00e9 aux personnes qui croient que les autres ont plus de talent, ont plus \u00e0 offrir et \u00e0 donner, sont plus \u00e9l\u00e9gants, plus cr\u00e9atifs, mieux lotis qu\u2019eux&#8230;<\/p>","protected":false},"featured_media":4143,"template":"","meta":[],"product_brand":[],"product_cat":[142],"product_tag":[],"class_list":{"0":"post-4142","1":"product","2":"type-product","3":"status-publish","4":"has-post-thumbnail","6":"product_cat-papillons-coffrets-1-2","8":"first","9":"instock","10":"taxable","11":"shipping-taxable","12":"purchasable","13":"product-type-simple"},"etheme_brands":{"errors":{"invalid_taxonomy":["Invalid taxonomy."]},"error_data":[]},"jetpack_sharing_enabled":true,"jetpack-related-posts":[{"id":6054,"url":"https:\/\/artstella-elixirs-floraux.com\/en\/product\/elixir-ocean-n13-phi-15ml\/","url_meta":{"origin":4142,"position":0},"title":"ELIXIR OCEAN N\u00b013 PHI 15ML","author":"eveapprill","date":"9 March 2025","format":false,"excerpt":"Cet \u00e9lixir aide \u00e9motionnellement les personnes sensibles, facilement bless\u00e9es qui se trouvent invisibles au contact des autres. Il les aide \u00e0 se renforcer et \u00e0 devenir plus souples. Pour se sentir plus l\u00e9gitime et avancer plus surement.","rel":"","context":"Similar post","block_context":{"text":"Similar post","link":""},"img":{"alt_text":"","src":"https:\/\/i0.wp.com\/artstella-elixirs-floraux.com\/wp-content\/uploads\/2025\/03\/wp-image2051.png?resize=350%2C200&ssl=1","width":350,"height":200},"classes":[]},{"id":6203,"url":"https:\/\/artstella-elixirs-floraux.com\/en\/product\/elixir-ocean-n-22-phi-15ml\/","url_meta":{"origin":4142,"position":1},"title":"ELIXIR OCEAN N\u00b0 22 PHI 15ml","author":"eveapprill","date":"9 March 2025","format":false,"excerpt":"ELIXIR OCEAN N\u00b0 22\u00a0 aide \u00e0 se centrer \u00e9motionnellement et \u00e0 s'harmoniser. Il aide les personnes ayant tendance \u00e0 vouloir contr\u00f4ler les autres \u00e0 pouvoir l\u00e2cher prise. Il favorise \u00e9nerg\u00e9tiquement la lib\u00e9ration de peurs telle la perte de contr\u00f4le.","rel":"","context":"Similar post","block_context":{"text":"Similar post","link":""},"img":{"alt_text":"","src":"https:\/\/i0.wp.com\/artstella-elixirs-floraux.com\/wp-content\/uploads\/2025\/03\/wp-image2196.png?resize=350%2C200&ssl=1","width":350,"height":200},"classes":[]},{"id":3579,"url":"https:\/\/artstella-elixirs-floraux.com\/en\/product\/17-fire-of-life-lto-15-ml\/","url_meta":{"origin":4142,"position":2},"title":"17. FIRE OF LIFE LTO 15 ML","author":"eveapprill","date":"9 March 2025","format":false,"excerpt":"Fire of Life \/ Le feu de la vie : est le compl\u00e9ment masculin, Yang, de Furnace of Life. Son \u00e9nergie Yang aide les \u00e9nergies universelles les plus \u00e9lev\u00e9es \u00e0 s'incarner dans la conscience, et contribue \u00e0 ce que cette \u00e9nergie coule au centre de notre \u00eatre. Il donne le\u2026","rel":"","context":"Similar post","block_context":{"text":"Similar post","link":""},"img":{"alt_text":"","src":"https:\/\/i0.wp.com\/artstella-elixirs-floraux.com\/wp-content\/uploads\/2025\/03\/cffee8d9-4215-4261-9234-b57ae2c9070b.jpg?resize=350%2C200&ssl=1","width":350,"height":200,"srcset":"https:\/\/i0.wp.com\/artstella-elixirs-floraux.com\/wp-content\/uploads\/2025\/03\/cffee8d9-4215-4261-9234-b57ae2c9070b.jpg?resize=350%2C200&ssl=1 1x, https:\/\/i0.wp.com\/artstella-elixirs-floraux.com\/wp-content\/uploads\/2025\/03\/cffee8d9-4215-4261-9234-b57ae2c9070b.jpg?resize=525%2C300&ssl=1 1.5x, https:\/\/i0.wp.com\/artstella-elixirs-floraux.com\/wp-content\/uploads\/2025\/03\/cffee8d9-4215-4261-9234-b57ae2c9070b.jpg?resize=700%2C400&ssl=1 2x"},"classes":[]},{"id":6060,"url":"https:\/\/artstella-elixirs-floraux.com\/en\/product\/elixir-ocean-n16-phi-15ml\/","url_meta":{"origin":4142,"position":3},"title":"ELIXIR OCEAN N\u00b016 PHI 15ML","author":"eveapprill","date":"9 March 2025","format":false,"excerpt":"L\u2019\u00e9lixir agit \u00e9nerg\u00e9tiquement en lib\u00e9rant des vieux sch\u00e9mas et sentiments. Les limitations int\u00e9rieures peuvent \u00eatre transform\u00e9es et les blocages dissouts. Cela contribue \u00e0 am\u00e9liorer la confiance en soi et il est alors plus ais\u00e9 d\u2019aborder les autres de fa\u00e7on plus cordiale et sans pr\u00e9jug\u00e9s.","rel":"","context":"Similar post","block_context":{"text":"Similar post","link":""},"img":{"alt_text":"","src":"https:\/\/i0.wp.com\/artstella-elixirs-floraux.com\/wp-content\/uploads\/2025\/03\/wp-image2054.png?resize=350%2C200&ssl=1","width":350,"height":200},"classes":[]},{"id":3536,"url":"https:\/\/artstella-elixirs-floraux.com\/en\/product\/2-angelic-canopy-ltoe-15-ml\/","url_meta":{"origin":4142,"position":4},"title":"Canop\u00e9e des Anges 15 ml LTOE","author":"eveapprill","date":"9 March 2025","format":false,"excerpt":"Canop\u00e9e des Anges - Vo\u00fbte c\u00e9leste\/Angelic Canopy (Laeliocattleya Angel Love) Si vous ne devez choisir qu\u2019un seul \u00e9lixir d\u2019orchid\u00e9e LT, optez pour celui-ci. D\u2019une grande utilit\u00e9 de nos jours, il apaise l\u2019\u00e2me troubl\u00e9e et r\u00e9conforte ceux qui vivent le deuil ou le d\u00e9sespoir.","rel":"","context":"Similar post","block_context":{"text":"Similar post","link":""},"img":{"alt_text":"","src":"https:\/\/i0.wp.com\/artstella-elixirs-floraux.com\/wp-content\/uploads\/2025\/03\/e6b1cb9c-1802-4ed0-a9ee-518561491ee4.jpg?resize=350%2C200&ssl=1","width":350,"height":200,"srcset":"https:\/\/i0.wp.com\/artstella-elixirs-floraux.com\/wp-content\/uploads\/2025\/03\/e6b1cb9c-1802-4ed0-a9ee-518561491ee4.jpg?resize=350%2C200&ssl=1 1x, https:\/\/i0.wp.com\/artstella-elixirs-floraux.com\/wp-content\/uploads\/2025\/03\/e6b1cb9c-1802-4ed0-a9ee-518561491ee4.jpg?resize=525%2C300&ssl=1 1.5x, https:\/\/i0.wp.com\/artstella-elixirs-floraux.com\/wp-content\/uploads\/2025\/03\/e6b1cb9c-1802-4ed0-a9ee-518561491ee4.jpg?resize=700%2C400&ssl=1 2x"},"classes":[]},{"id":5160,"url":"https:\/\/artstella-elixirs-floraux.com\/en\/product\/corail-de-feu-millepora-dichotoma-feuerkoralle\/","url_meta":{"origin":4142,"position":5},"title":"Corail de feu (Millepora dichotoma) Feuerkoralle","author":"eveapprill","date":"9 March 2025","format":false,"excerpt":"Corail de feu\u00a0\u00a0 (Millepora dichotoma) Feuerkoralle\u00a0\u00a0 Cet \u00e9lixir exerce une action \u00e9nerg\u00e9tique sur la peau. Il soutient en cas d\u2019hypersensibilit\u00e9, de r\u00e9actions conditionn\u00e9es ou de r\u00e9pulsions.","rel":"","context":"Similar post","block_context":{"text":"Similar post","link":""},"img":{"alt_text":"","src":"","width":0,"height":0},"classes":[]}],"_links":{"self":[{"href":"https:\/\/artstella-elixirs-floraux.com\/en\/wp-json\/wp\/v2\/product\/4142","targetHints":{"allow":["GET"]}}],"collection":[{"href":"https:\/\/artstella-elixirs-floraux.com\/en\/wp-json\/wp\/v2\/product"}],"about":[{"href":"https:\/\/artstella-elixirs-floraux.com\/en\/wp-json\/wp\/v2\/types\/product"}],"version-history":[{"count":0,"href":"https:\/\/artstella-elixirs-floraux.com\/en\/wp-json\/wp\/v2\/product\/4142\/revisions"}],"wp:featuredmedia":[{"embeddable":true,"href":"https:\/\/artstella-elixirs-floraux.com\/en\/wp-json\/wp\/v2\/media\/4143"}],"wp:attachment":[{"href":"https:\/\/artstella-elixirs-floraux.com\/en\/wp-json\/wp\/v2\/media?parent=4142"}],"wp:term":[{"taxonomy":"product_brand","embeddable":true,"href":"https:\/\/artstella-elixirs-floraux.com\/en\/wp-json\/wp\/v2\/product_brand?post=4142"},{"taxonomy":"product_cat","embeddable":true,"href":"https:\/\/artstella-elixirs-floraux.com\/en\/wp-json\/wp\/v2\/product_cat?post=4142"},{"taxonomy":"product_tag","embeddable":true,"href":"https:\/\/artstella-elixirs-floraux.com\/en\/wp-json\/wp\/v2\/product_tag?post=4142"}],"curies":[{"name":"wp","href":"https:\/\/api.w.org\/{rel}","templated":true}]}}