{"id":4144,"date":"2025-03-09T13:21:30","date_gmt":"2025-03-09T13:21:30","guid":{"rendered":"https:\/\/artstella-elixirs-floraux.com\/product\/macaon-sylfos-15ml-pap\/"},"modified":"2025-06-08T13:59:44","modified_gmt":"2025-06-08T13:59:44","slug":"macaon-sylfos-15ml-pap","status":"publish","type":"product","link":"https:\/\/artstella-elixirs-floraux.com\/en\/product\/macaon-sylfos-15ml-pap\/","title":{"rendered":"MACAON SYLFOS 15ML PAP"},"content":{"rendered":"<p><strong>MACAON<\/strong> <em>Papilio machaon<\/em> <br \/>Objectivit\u00e9 \u2013 D\u00e9cision Cet \u00e9lixir permet de repousser le ressentiment caus\u00e9 lorsque nous nous retrouvons dans des situations externes \u00e0 notre volont\u00e9 dont l\u2019origine est dans l\u2019action des autres, et que nous devons assumer comme de notre responsabilit\u00e9. Il permet de garder la tranquillit\u00e9 et l\u2019objectivit\u00e9 afin de ne pas \u00eatre affect\u00e9<\/p>","protected":false},"excerpt":{"rendered":"<p><strong>MACAON<\/strong> <em>Papilio machaon<\/em> <br \/>Objectivit\u00e9 \u2013 D\u00e9cision Cet \u00e9lixir permet de repousser le ressentiment caus\u00e9 lorsque nous nous retrouvons dans des situations externes \u00e0 notre volont\u00e9 dont l\u2019origine&#8230;<\/p>","protected":false},"featured_media":4145,"template":"","meta":[],"product_brand":[],"product_cat":[142],"product_tag":[],"class_list":{"0":"post-4144","1":"product","2":"type-product","3":"status-publish","4":"has-post-thumbnail","6":"product_cat-papillons-coffrets-1-2","8":"first","9":"instock","10":"taxable","11":"shipping-taxable","12":"purchasable","13":"product-type-simple"},"etheme_brands":{"errors":{"invalid_taxonomy":["Invalid taxonomy."]},"error_data":[]},"jetpack_sharing_enabled":true,"jetpack-related-posts":[{"id":4150,"url":"https:\/\/artstella-elixirs-floraux.com\/en\/product\/verde-pequena-sylfos-15ml-pap\/","url_meta":{"origin":4144,"position":0},"title":"VERDE PEQUENA SYLFOS 15ML PAP","author":"eveapprill","date":"9 March 2025","format":false,"excerpt":"VERDE PEQUE\u00d1A Callophrys rubi Abondance - prosp\u00e9rit\u00e9 Afin d\u2019atteindre les situations de prosp\u00e9rit\u00e9 et d\u2019abondance. Cet \u00e9lixir permet que cette \u00e9nergie nous arrive au lieu de ressentir que nous devons la poursuivre lorsque nous pensons qu\u2019elle essaye de nous \u00e9chapper...","rel":"","context":"Similar post","block_context":{"text":"Similar post","link":""},"img":{"alt_text":"","src":"https:\/\/i0.wp.com\/artstella-elixirs-floraux.com\/wp-content\/uploads\/2025\/03\/verde-pequena-.jpg?resize=350%2C200&ssl=1","width":350,"height":200},"classes":[]},{"id":4080,"url":"https:\/\/artstella-elixirs-floraux.com\/en\/product\/luz-lumiere-15-ml-sylfos\/","url_meta":{"origin":4144,"position":1},"title":"LUZ \/ LUMIERE 15 ML SYLFOS","author":"eveapprill","date":"9 March 2025","format":false,"excerpt":"Aide \u00e0 maintenir les pieds sur terre, et apaise les \u00e9motions. Apporte de la \u00ab\u00a0 lumi\u00e8re\u00a0\u00bb dans une phase de sombre, voire\u00a0 \u00e0 tendance d\u00e9pressive. Permet de retrouver clart\u00e9 et objectivit\u00e9, notamment face au trop plein d\u2019information n\u00e9gatives, voire manipulatrices.","rel":"","context":"Similar post","block_context":{"text":"Similar post","link":""},"img":{"alt_text":"","src":"https:\/\/i0.wp.com\/artstella-elixirs-floraux.com\/wp-content\/uploads\/2025\/03\/63b05c56-ed71-4a24-a717-2bec00eb45d9.jpg?resize=350%2C200&ssl=1","width":350,"height":200,"srcset":"https:\/\/i0.wp.com\/artstella-elixirs-floraux.com\/wp-content\/uploads\/2025\/03\/63b05c56-ed71-4a24-a717-2bec00eb45d9.jpg?resize=350%2C200&ssl=1 1x, https:\/\/i0.wp.com\/artstella-elixirs-floraux.com\/wp-content\/uploads\/2025\/03\/63b05c56-ed71-4a24-a717-2bec00eb45d9.jpg?resize=525%2C300&ssl=1 1.5x, https:\/\/i0.wp.com\/artstella-elixirs-floraux.com\/wp-content\/uploads\/2025\/03\/63b05c56-ed71-4a24-a717-2bec00eb45d9.jpg?resize=700%2C400&ssl=1 2x"},"classes":[]},{"id":5402,"url":"https:\/\/artstella-elixirs-floraux.com\/en\/product\/primavera-azulada-sylfos-15ml-pap\/","url_meta":{"origin":4144,"position":2},"title":"PRIMAVERA AZULADA SYLFOS 15ML PAP","author":"eveapprill","date":"9 March 2025","format":false,"excerpt":"37 - PRIMAVERA AZULADA\/ AZUR PRINTANIER Celastrina ladon\u00a0\u00a0\u00a0 Communication \u2013 Foi dans le futur Cet \u00e9lixir agit en ouvrant le chakra de la gorge pour permettre une meilleure expression de soi. Il nous permet de d\u00e9couvrir nos origines dans ce syst\u00e8me ou dans un autre,\u00a0","rel":"","context":"Similar post","block_context":{"text":"Similar post","link":""},"img":{"alt_text":"","src":"https:\/\/i0.wp.com\/artstella-elixirs-floraux.com\/wp-content\/uploads\/2025\/03\/78f7b722-e9dd-4ccb-9df2-68ea958c29bd.jpg?resize=350%2C200&ssl=1","width":350,"height":200,"srcset":"https:\/\/i0.wp.com\/artstella-elixirs-floraux.com\/wp-content\/uploads\/2025\/03\/78f7b722-e9dd-4ccb-9df2-68ea958c29bd.jpg?resize=350%2C200&ssl=1 1x, https:\/\/i0.wp.com\/artstella-elixirs-floraux.com\/wp-content\/uploads\/2025\/03\/78f7b722-e9dd-4ccb-9df2-68ea958c29bd.jpg?resize=525%2C300&ssl=1 1.5x, https:\/\/i0.wp.com\/artstella-elixirs-floraux.com\/wp-content\/uploads\/2025\/03\/78f7b722-e9dd-4ccb-9df2-68ea958c29bd.jpg?resize=700%2C400&ssl=1 2x"},"classes":[]},{"id":6081,"url":"https:\/\/artstella-elixirs-floraux.com\/en\/product\/dauphin-de-patagonie\/","url_meta":{"origin":4144,"position":3},"title":"DAUPHIN DE PATAGONIE","author":"eveapprill","date":"9 March 2025","format":false,"excerpt":"ELIXIR DE DAUPHIN DE PATAGONIE\u00a0: Il est un Ma\u00eetre accompagnant notre cheminement spirituel. Il permet de voir le chemin parcouru. Avec compassion, mais de fa\u00e7on implacable, il met face \u00e0 la r\u00e9alit\u00e9, nous \u00f4tant nos illusions. Lorsque l\u2019on est sinc\u00e8rement dans l\u2019accomplissement et la r\u00e9solution, il nous permet d\u2019\u00e9quilibrer la\u2026","rel":"","context":"Similar post","block_context":{"text":"Similar post","link":""},"img":{"alt_text":"","src":"","width":0,"height":0},"classes":[]},{"id":3642,"url":"https:\/\/artstella-elixirs-floraux.com\/en\/product\/46-pushing-back-the-night-ltoe-15-ml\/","url_meta":{"origin":4144,"position":4},"title":"46. PUSHING BACK THE NIGHT LTOE 15 ML","author":"eveapprill","date":"9 March 2025","format":false,"excerpt":"Pushing Back the Night\u00a0 \/ Repousser la nuit Cet \u00e9lixir favorise un \u00e9tat d\u2019esprit o\u00f9 vision et lumi\u00e8re se confondent, permettant de prendre conscience que la vie est sacr\u00e9e. Son but est d\u2019aider \u00e0 gu\u00e9rir le destin de l\u2019humanit\u00e9.","rel":"","context":"Similar post","block_context":{"text":"Similar post","link":""},"img":{"alt_text":"","src":"https:\/\/i0.wp.com\/artstella-elixirs-floraux.com\/wp-content\/uploads\/2025\/03\/2b1ff100-6342-4cb5-a1c6-56a752173a69.jpg?resize=350%2C200&ssl=1","width":350,"height":200,"srcset":"https:\/\/i0.wp.com\/artstella-elixirs-floraux.com\/wp-content\/uploads\/2025\/03\/2b1ff100-6342-4cb5-a1c6-56a752173a69.jpg?resize=350%2C200&ssl=1 1x, https:\/\/i0.wp.com\/artstella-elixirs-floraux.com\/wp-content\/uploads\/2025\/03\/2b1ff100-6342-4cb5-a1c6-56a752173a69.jpg?resize=525%2C300&ssl=1 1.5x, https:\/\/i0.wp.com\/artstella-elixirs-floraux.com\/wp-content\/uploads\/2025\/03\/2b1ff100-6342-4cb5-a1c6-56a752173a69.jpg?resize=700%2C400&ssl=1 2x"},"classes":[]},{"id":4148,"url":"https:\/\/artstella-elixirs-floraux.com\/en\/product\/pruna-sylfos-15ml-pap\/","url_meta":{"origin":4144,"position":5},"title":"PRUNA SYLFOS 15ML PAP","author":"eveapprill","date":"9 March 2025","format":false,"excerpt":"PRUNA Satyrium pruni \u00a0Rem\u00e8de d\u2019urgence Il s\u2019agit l\u00e0 d\u2019un autre \u00e9lixir fondamental pour toutes les situations de crises et d\u2019urgences, afin d\u2019adoucir les traumatismes car il suspend la douleur \u00e9motionnelle, ce qui permet de se centrer de nouveau afin de pouvoir prendre...","rel":"","context":"Similar post","block_context":{"text":"Similar post","link":""},"img":{"alt_text":"","src":"https:\/\/i0.wp.com\/artstella-elixirs-floraux.com\/wp-content\/uploads\/2025\/03\/f515f618-f396-4f08-afd9-24892856f420.jpg?resize=350%2C200&ssl=1","width":350,"height":200,"srcset":"https:\/\/i0.wp.com\/artstella-elixirs-floraux.com\/wp-content\/uploads\/2025\/03\/f515f618-f396-4f08-afd9-24892856f420.jpg?resize=350%2C200&ssl=1 1x, https:\/\/i0.wp.com\/artstella-elixirs-floraux.com\/wp-content\/uploads\/2025\/03\/f515f618-f396-4f08-afd9-24892856f420.jpg?resize=525%2C300&ssl=1 1.5x, https:\/\/i0.wp.com\/artstella-elixirs-floraux.com\/wp-content\/uploads\/2025\/03\/f515f618-f396-4f08-afd9-24892856f420.jpg?resize=700%2C400&ssl=1 2x"},"classes":[]}],"_links":{"self":[{"href":"https:\/\/artstella-elixirs-floraux.com\/en\/wp-json\/wp\/v2\/product\/4144","targetHints":{"allow":["GET"]}}],"collection":[{"href":"https:\/\/artstella-elixirs-floraux.com\/en\/wp-json\/wp\/v2\/product"}],"about":[{"href":"https:\/\/artstella-elixirs-floraux.com\/en\/wp-json\/wp\/v2\/types\/product"}],"version-history":[{"count":0,"href":"https:\/\/artstella-elixirs-floraux.com\/en\/wp-json\/wp\/v2\/product\/4144\/revisions"}],"wp:featuredmedia":[{"embeddable":true,"href":"https:\/\/artstella-elixirs-floraux.com\/en\/wp-json\/wp\/v2\/media\/4145"}],"wp:attachment":[{"href":"https:\/\/artstella-elixirs-floraux.com\/en\/wp-json\/wp\/v2\/media?parent=4144"}],"wp:term":[{"taxonomy":"product_brand","embeddable":true,"href":"https:\/\/artstella-elixirs-floraux.com\/en\/wp-json\/wp\/v2\/product_brand?post=4144"},{"taxonomy":"product_cat","embeddable":true,"href":"https:\/\/artstella-elixirs-floraux.com\/en\/wp-json\/wp\/v2\/product_cat?post=4144"},{"taxonomy":"product_tag","embeddable":true,"href":"https:\/\/artstella-elixirs-floraux.com\/en\/wp-json\/wp\/v2\/product_tag?post=4144"}],"curies":[{"name":"wp","href":"https:\/\/api.w.org\/{rel}","templated":true}]}}