{"id":4150,"date":"2025-03-09T13:21:34","date_gmt":"2025-03-09T13:21:34","guid":{"rendered":"https:\/\/artstella-elixirs-floraux.com\/product\/verde-pequena-sylfos-15ml-pap\/"},"modified":"2025-09-23T09:41:59","modified_gmt":"2025-09-23T09:41:59","slug":"verde-pequena-sylfos-15ml-pap","status":"publish","type":"product","link":"https:\/\/artstella-elixirs-floraux.com\/en\/product\/verde-pequena-sylfos-15ml-pap\/","title":{"rendered":"VERDE PEQUENA SYLFOS 15ML PAP"},"content":{"rendered":"<p><strong>VERDE PEQUE\u00d1A<\/strong> <em> Callophrys rubi<\/em><br \/>\nAbondance &#8211; prosp\u00e9rit\u00e9<\/p>\n<p>Afin d\u2019atteindre les situations de prosp\u00e9rit\u00e9 et d\u2019abondance. Cet \u00e9lixir permet que cette \u00e9nergie nous arrive au lieu de ressentir que nous devons la poursuivre lorsque nous pensons qu\u2019elle essaye de nous \u00e9chapper. Cet \u00e9lixir nous permet d\u2019\u00eatre ouvert et confiant dans les \u00e9nergies qui r\u00e8gnent pour notre d\u00e9veloppement, sans amertume ni ressentiment.<\/p>","protected":false},"excerpt":{"rendered":"<p><strong>VERDE PEQUE\u00d1A<\/strong> <em> Callophrys rubi<\/em><br \/>\nAbondance &#8211; prosp\u00e9rit\u00e9<\/p>\n<p>Afin d\u2019atteindre les situations de prosp\u00e9rit\u00e9 et d\u2019abondance. Cet \u00e9lixir permet que cette \u00e9nergie nous arrive au lieu de ressentir que nous devons la poursuivre lorsque nous pensons qu\u2019elle essaye de nous \u00e9chapper&#8230;<\/p>","protected":false},"featured_media":11550,"template":"","meta":[],"product_brand":[],"product_cat":[142],"product_tag":[],"class_list":{"0":"post-4150","1":"product","2":"type-product","3":"status-publish","4":"has-post-thumbnail","6":"product_cat-papillons-coffrets-1-2","8":"first","9":"instock","10":"taxable","11":"shipping-taxable","12":"purchasable","13":"product-type-simple"},"etheme_brands":{"errors":{"invalid_taxonomy":["Invalid taxonomy."]},"error_data":[]},"jetpack_sharing_enabled":true,"jetpack-related-posts":[{"id":5992,"url":"https:\/\/artstella-elixirs-floraux.com\/en\/product\/cobre-violeta-sylfos-pap-15-ml\/","url_meta":{"origin":4150,"position":0},"title":"COBRE VIOLETA SYLFOS PAP 15 ml","author":"eveapprill","date":"9 March 2025","format":false,"excerpt":"COBRE VIOLETA \/ CUIVRE VIOLET Lycaena helle Prosp\u00e9rit\u00e9 - Responsabilit\u00e9 Permet de comprendre que prosp\u00e9rit\u00e9 et abondance dont nous pouvons disposer d\u00e9pend uniquement de nous. Nous ne pouvons compter sur personne en dehors de nous; il faut chercher \u00e0 l\u2019int\u00e9rieur et nous connecter avec notre propre prosp\u00e9rit\u00e9.","rel":"","context":"Similar post","block_context":{"text":"Similar post","link":""},"img":{"alt_text":"","src":"","width":0,"height":0},"classes":[]},{"id":4144,"url":"https:\/\/artstella-elixirs-floraux.com\/en\/product\/macaon-sylfos-15ml-pap\/","url_meta":{"origin":4150,"position":1},"title":"MACAON SYLFOS 15ML PAP","author":"eveapprill","date":"9 March 2025","format":false,"excerpt":"MACAON Papilio machaon Objectivit\u00e9 \u2013 D\u00e9cision Cet \u00e9lixir permet de repousser le ressentiment caus\u00e9 lorsque nous nous retrouvons dans des situations externes \u00e0 notre volont\u00e9 dont l\u2019origine...","rel":"","context":"Similar post","block_context":{"text":"Similar post","link":""},"img":{"alt_text":"","src":"","width":0,"height":0},"classes":[]},{"id":4128,"url":"https:\/\/artstella-elixirs-floraux.com\/en\/product\/capuccino-sylfos-15ml-pap\/","url_meta":{"origin":4150,"position":2},"title":"CAPUCCINO SYLFOS 15ML PAP","author":"eveapprill","date":"9 March 2025","format":false,"excerpt":"CAPUCCINO Siproeta stelenesForce - Objectifs Un \u00e9lixir pour effacer les obstacles qui sont dans notre trajectoire de croissance, nous permettant ainsi de surpasser les excuses que nous nous donnons pour ne pas faire ce que nous devons faire car nous pensons qu\u2019il s\u2019agit d\u2019objectifs trop lointains ou trop difficiles \u00e0\u2026","rel":"","context":"Similar post","block_context":{"text":"Similar post","link":""},"img":{"alt_text":"","src":"https:\/\/i0.wp.com\/artstella-elixirs-floraux.com\/wp-content\/uploads\/2025\/03\/1ae9a5c3-cd10-4a6f-8b94-f5a1127d456a.jpg?resize=350%2C200&ssl=1","width":350,"height":200,"srcset":"https:\/\/i0.wp.com\/artstella-elixirs-floraux.com\/wp-content\/uploads\/2025\/03\/1ae9a5c3-cd10-4a6f-8b94-f5a1127d456a.jpg?resize=350%2C200&ssl=1 1x, https:\/\/i0.wp.com\/artstella-elixirs-floraux.com\/wp-content\/uploads\/2025\/03\/1ae9a5c3-cd10-4a6f-8b94-f5a1127d456a.jpg?resize=525%2C300&ssl=1 1.5x, https:\/\/i0.wp.com\/artstella-elixirs-floraux.com\/wp-content\/uploads\/2025\/03\/1ae9a5c3-cd10-4a6f-8b94-f5a1127d456a.jpg?resize=700%2C400&ssl=1 2x"},"classes":[]},{"id":2090,"url":"https:\/\/artstella-elixirs-floraux.com\/en\/product\/blueberry-pollen-alaskan\/","url_meta":{"origin":4150,"position":3},"title":"Blueberry Pollen Alaskan","author":"eveapprill","date":"9 March 2025","format":false,"excerpt":"Blueberry Pollen Alaska Pour ceux qui ne croient pas assez \u00e0 leur potentiel d'abondance, ont une faible id\u00e9e de la prosp\u00e9rit\u00e9, et connaissent des difficult\u00e9s \u00e0 recevoir des autres et de la terre. Permet une extension sur tous les niveaux pour s'accorder \u00e0 l'abondance ; facilite la dissolution des sch\u00e9mas\u2026","rel":"","context":"Similar post","block_context":{"text":"Similar post","link":""},"img":{"alt_text":"","src":"https:\/\/i0.wp.com\/artstella-elixirs-floraux.com\/wp-content\/uploads\/2025\/03\/wp-image42.webp?resize=350%2C200&ssl=1","width":350,"height":200},"classes":[]},{"id":5376,"url":"https:\/\/artstella-elixirs-floraux.com\/en\/product\/agua-marina-listada-15-ml-sylfos\/","url_meta":{"origin":4150,"position":4},"title":"AGUA MARINA LISTADA 15 ML SYLFOS","author":"eveapprill","date":"9 March 2025","format":false,"excerpt":"22 - AGUA-MARINA LISTADA \/ AIGUE MARINE RAY\u00c9E Oenomaus ortygnus\u00a0 L\u00e2cher-prise \u2013 Renouveau \u2013 Abondance Cet \u00e9lixir permet de l\u00e2cher tout ce qui est ancien de fa\u00e7on a ce que le nouveau puisse entrer. Il permet de l\u00e2cher ce qui ne nous sert plus et qui emp\u00eache notre cheminement. Il\u2026","rel":"","context":"Similar post","block_context":{"text":"Similar post","link":""},"img":{"alt_text":"","src":"https:\/\/i0.wp.com\/artstella-elixirs-floraux.com\/wp-content\/uploads\/2025\/03\/6e9f3bfa-15ed-4531-8eb6-5b1de3a744f8.jpg?resize=350%2C200&ssl=1","width":350,"height":200,"srcset":"https:\/\/i0.wp.com\/artstella-elixirs-floraux.com\/wp-content\/uploads\/2025\/03\/6e9f3bfa-15ed-4531-8eb6-5b1de3a744f8.jpg?resize=350%2C200&ssl=1 1x, https:\/\/i0.wp.com\/artstella-elixirs-floraux.com\/wp-content\/uploads\/2025\/03\/6e9f3bfa-15ed-4531-8eb6-5b1de3a744f8.jpg?resize=525%2C300&ssl=1 1.5x, https:\/\/i0.wp.com\/artstella-elixirs-floraux.com\/wp-content\/uploads\/2025\/03\/6e9f3bfa-15ed-4531-8eb6-5b1de3a744f8.jpg?resize=700%2C400&ssl=1 2x"},"classes":[]},{"id":5142,"url":"https:\/\/artstella-elixirs-floraux.com\/en\/product\/puerta-del-sol-porte-du-soleil\/","url_meta":{"origin":4150,"position":5},"title":"PUERTA DEL SOL \/ PORTE DU SOLEIL","author":"eveapprill","date":"9 March 2025","format":false,"excerpt":"PUERTA DEL SOL \/ PORTE DU SOLEIL\u00a0 15 ML Un \u00e9lixir pour accompagner le processus de l\u2019initiation spirituelle et de l\u2019\u00e9veil des \u00e9nergies Kundalini. Permet de retrouver nos facult\u00e9s suprasensibles. Il nous permet d\u2019arriver ou d\u2019envisager notre sommet, un couronnement int\u00e9rieur, envers nous-m\u00eames et la nature.","rel":"","context":"Similar post","block_context":{"text":"Similar post","link":""},"img":{"alt_text":"","src":"","width":0,"height":0},"classes":[]}],"_links":{"self":[{"href":"https:\/\/artstella-elixirs-floraux.com\/en\/wp-json\/wp\/v2\/product\/4150","targetHints":{"allow":["GET"]}}],"collection":[{"href":"https:\/\/artstella-elixirs-floraux.com\/en\/wp-json\/wp\/v2\/product"}],"about":[{"href":"https:\/\/artstella-elixirs-floraux.com\/en\/wp-json\/wp\/v2\/types\/product"}],"version-history":[{"count":1,"href":"https:\/\/artstella-elixirs-floraux.com\/en\/wp-json\/wp\/v2\/product\/4150\/revisions"}],"predecessor-version":[{"id":11551,"href":"https:\/\/artstella-elixirs-floraux.com\/en\/wp-json\/wp\/v2\/product\/4150\/revisions\/11551"}],"wp:featuredmedia":[{"embeddable":true,"href":"https:\/\/artstella-elixirs-floraux.com\/en\/wp-json\/wp\/v2\/media\/11550"}],"wp:attachment":[{"href":"https:\/\/artstella-elixirs-floraux.com\/en\/wp-json\/wp\/v2\/media?parent=4150"}],"wp:term":[{"taxonomy":"product_brand","embeddable":true,"href":"https:\/\/artstella-elixirs-floraux.com\/en\/wp-json\/wp\/v2\/product_brand?post=4150"},{"taxonomy":"product_cat","embeddable":true,"href":"https:\/\/artstella-elixirs-floraux.com\/en\/wp-json\/wp\/v2\/product_cat?post=4150"},{"taxonomy":"product_tag","embeddable":true,"href":"https:\/\/artstella-elixirs-floraux.com\/en\/wp-json\/wp\/v2\/product_tag?post=4150"}],"curies":[{"name":"wp","href":"https:\/\/api.w.org\/{rel}","templated":true}]}}