{"id":4151,"date":"2025-03-09T13:21:35","date_gmt":"2025-03-09T13:21:35","guid":{"rendered":"https:\/\/artstella-elixirs-floraux.com\/product\/xerces-azul-sylfos-15ml-pap\/"},"modified":"2025-04-30T21:28:34","modified_gmt":"2025-04-30T21:28:34","slug":"xerces-azul-sylfos-15ml-pap","status":"publish","type":"product","link":"https:\/\/artstella-elixirs-floraux.com\/en\/product\/xerces-azul-sylfos-15ml-pap\/","title":{"rendered":"XERCES AZUL SYLFOS 15ML PAP"},"content":{"rendered":"","protected":false},"excerpt":{"rendered":"<p><strong>XERCES AZUL<\/strong> <em> Glaucopsyche xerces<\/em> <br \/>Nettoyage du karma<\/p>\n<p>Un autre \u00e9lixir fondamental de la gamme. Il nous permet de nous lib\u00e9rer des formes de pens\u00e9es et des implants n\u00e9gatifs que nous avons depuis nos vies ant\u00e9rieures. Il permet le nettoyage au niveau de l\u2019\u00e2me, afin d\u2019affronter la r\u00e9alit\u00e9 de notre mission en cette incarnation.<\/p>","protected":false},"featured_media":7745,"template":"","meta":[],"product_brand":[],"product_cat":[142],"product_tag":[],"class_list":{"0":"post-4151","1":"product","2":"type-product","3":"status-publish","4":"has-post-thumbnail","6":"product_cat-papillons-coffrets-1-2","8":"first","9":"instock","10":"taxable","11":"shipping-taxable","12":"purchasable","13":"product-type-simple"},"etheme_brands":{"errors":{"invalid_taxonomy":["Invalid taxonomy."]},"error_data":[]},"jetpack_sharing_enabled":true,"jetpack-related-posts":[{"id":4136,"url":"https:\/\/artstella-elixirs-floraux.com\/en\/product\/doctor-azul-sylfos-15ml-pap\/","url_meta":{"origin":4151,"position":0},"title":"DOCTOR AZUL SYLFOS 15ML PAP","author":"eveapprill","date":"9 March 2025","format":false,"excerpt":"DOCTOR AZUL Rhetus dysonii Gu\u00e9rison \u2013 Nettoyage \u2013 Cr\u00e9ativit\u00e9 Un \u00e9lixir particuli\u00e8rement gu\u00e9risseur, qui nous apporte le calme et la tranquillit\u00e9 permettant l\u2019\u00e9claircissement des blocages des chakras sup\u00e9rieurs, de fa\u00e7on \u00e0 ce que les hautes \u00e9nergies puissent circuler librement jusqu\u2019au deuxi\u00e8me chakra afin d\u2019obtenir une cr\u00e9ativit\u00e9 majeure. Il sera utile\u2026","rel":"","context":"Similar post","block_context":{"text":"Similar post","link":""},"img":{"alt_text":"","src":"https:\/\/i0.wp.com\/artstella-elixirs-floraux.com\/wp-content\/uploads\/2025\/03\/f028d6ef-6157-4365-9c5c-1ad8e0f913a1.jpg?resize=350%2C200&ssl=1","width":350,"height":200,"srcset":"https:\/\/i0.wp.com\/artstella-elixirs-floraux.com\/wp-content\/uploads\/2025\/03\/f028d6ef-6157-4365-9c5c-1ad8e0f913a1.jpg?resize=350%2C200&ssl=1 1x, https:\/\/i0.wp.com\/artstella-elixirs-floraux.com\/wp-content\/uploads\/2025\/03\/f028d6ef-6157-4365-9c5c-1ad8e0f913a1.jpg?resize=525%2C300&ssl=1 1.5x, https:\/\/i0.wp.com\/artstella-elixirs-floraux.com\/wp-content\/uploads\/2025\/03\/f028d6ef-6157-4365-9c5c-1ad8e0f913a1.jpg?resize=700%2C400&ssl=1 2x"},"classes":[]},{"id":5392,"url":"https:\/\/artstella-elixirs-floraux.com\/en\/product\/mexicano-azul-sylfos-15-ml-pap\/","url_meta":{"origin":4151,"position":1},"title":"MEXICANO AZUL SYLFOS 15 ML PAP","author":"eveapprill","date":"9 March 2025","format":false,"excerpt":"32 - MEXICANO AZUL\/ MEXICAIN BLEU \u00a0Myscelia ethusa\u00a0\u00a0 \u00catre soi-m\u00eame - Compr\u00e9hension Pour comprendre les familles avec des probl\u00e8mes, les sch\u00e9mas culturels et l\u2019impact que cela a dans nos vies, et dans la n\u00f4tre en particulier. En rompant avec les\u00a0 attentes culturelles et sociales des autres,\u00a0","rel":"","context":"Similar post","block_context":{"text":"Similar post","link":""},"img":{"alt_text":"","src":"","width":0,"height":0},"classes":[]},{"id":4130,"url":"https:\/\/artstella-elixirs-floraux.com\/en\/product\/ceranus-azul-sylfos-15ml-pap\/","url_meta":{"origin":4151,"position":2},"title":"CERANUS AZUL SYLFOS 15ML PAP","author":"eveapprill","date":"9 March 2025","format":false,"excerpt":"CERANUS AZUL Hemiargus ceraunus Gu\u00e9rison \u2013 Evolution Cet \u00e9lixir est un v\u00e9ritable Gu\u00e9risseur vibrationnel pour \u00e9lever les vibrations physiques du corps de fa\u00e7on \u00e0 pouvoir affronter l\u2019\u00e9volution de d\u00e9veloppement...","rel":"","context":"Similar post","block_context":{"text":"Similar post","link":""},"img":{"alt_text":"","src":"https:\/\/i0.wp.com\/artstella-elixirs-floraux.com\/wp-content\/uploads\/2025\/03\/d7adfd03-5f25-4f24-8f85-fbe1c7b77e7a.jpg?resize=350%2C200&ssl=1","width":350,"height":200,"srcset":"https:\/\/i0.wp.com\/artstella-elixirs-floraux.com\/wp-content\/uploads\/2025\/03\/d7adfd03-5f25-4f24-8f85-fbe1c7b77e7a.jpg?resize=350%2C200&ssl=1 1x, https:\/\/i0.wp.com\/artstella-elixirs-floraux.com\/wp-content\/uploads\/2025\/03\/d7adfd03-5f25-4f24-8f85-fbe1c7b77e7a.jpg?resize=525%2C300&ssl=1 1.5x, https:\/\/i0.wp.com\/artstella-elixirs-floraux.com\/wp-content\/uploads\/2025\/03\/d7adfd03-5f25-4f24-8f85-fbe1c7b77e7a.jpg?resize=700%2C400&ssl=1 2x"},"classes":[]},{"id":5406,"url":"https:\/\/artstella-elixirs-floraux.com\/en\/product\/mazarina-azul-sylfos\/","url_meta":{"origin":4151,"position":3},"title":"MAZARINA AZUL SYLFOS","author":"eveapprill","date":"9 March 2025","format":false,"excerpt":"40 \u2013 MAZARINA AZUL\/ MAZARINE BLEUE \u00a0\u00a0Cyaniris semiargus Conscience \u2013 Cause et Effet Cet \u00e9lixir nous aide \u00e0 \u00eatre plus conscients, non seulement de ce \u00e0 quoi nous pensons, mais aussi avec qui nous sommes en connexion pour la cause de ce dont nous pensons.","rel":"","context":"Similar post","block_context":{"text":"Similar post","link":""},"img":{"alt_text":"","src":"","width":0,"height":0},"classes":[]},{"id":5556,"url":"https:\/\/artstella-elixirs-floraux.com\/en\/product\/nemophile-bleu-sylfos-15-ml\/","url_meta":{"origin":4151,"position":4},"title":"NEMOPHILE BLEU SYLFOS 15 ML","author":"eveapprill","date":"9 March 2025","format":false,"excerpt":"NEMOPHILE BLEU\u00a0 Nemophila menziesii BEBE DE OJOS AZULES \u00a0 \u00a0 Pour ceux qui ne se sentent pas s\u00fbrs d\u2019eux-m\u00eames et sont incapables de faire confiance \u00e0 la bont\u00e9 des autres ou du monde\u00a0","rel":"","context":"Similar post","block_context":{"text":"Similar post","link":""},"img":{"alt_text":"","src":"","width":0,"height":0},"classes":[]},{"id":2796,"url":"https:\/\/artstella-elixirs-floraux.com\/en\/product\/spray-space-clearing-nettoyage-de-lespace\/","url_meta":{"origin":4151,"position":5},"title":"Spray SPACE CLEARING &#8211; Nettoyage de l&rsquo;espace","author":"eveapprill","date":"9 March 2025","format":false,"excerpt":"Le Spray \"Space Clearing\" - Nettoyage de l'Espace Combat les \u00e9nergies n\u00e9gatives, mentales, \u00e9motionnelles et physiques. n\u00e9ttoie un environenement n\u00e9gatif et le remplace par un environnement harmonieux.","rel":"","context":"Similar post","block_context":{"text":"Similar post","link":""},"img":{"alt_text":"","src":"https:\/\/i0.wp.com\/artstella-elixirs-floraux.com\/wp-content\/uploads\/2025\/03\/6e52b662-3813-42f5-8673-caf05bf815e1.jpg?resize=350%2C200&ssl=1","width":350,"height":200,"srcset":"https:\/\/i0.wp.com\/artstella-elixirs-floraux.com\/wp-content\/uploads\/2025\/03\/6e52b662-3813-42f5-8673-caf05bf815e1.jpg?resize=350%2C200&ssl=1 1x, https:\/\/i0.wp.com\/artstella-elixirs-floraux.com\/wp-content\/uploads\/2025\/03\/6e52b662-3813-42f5-8673-caf05bf815e1.jpg?resize=525%2C300&ssl=1 1.5x, https:\/\/i0.wp.com\/artstella-elixirs-floraux.com\/wp-content\/uploads\/2025\/03\/6e52b662-3813-42f5-8673-caf05bf815e1.jpg?resize=700%2C400&ssl=1 2x"},"classes":[]}],"_links":{"self":[{"href":"https:\/\/artstella-elixirs-floraux.com\/en\/wp-json\/wp\/v2\/product\/4151","targetHints":{"allow":["GET"]}}],"collection":[{"href":"https:\/\/artstella-elixirs-floraux.com\/en\/wp-json\/wp\/v2\/product"}],"about":[{"href":"https:\/\/artstella-elixirs-floraux.com\/en\/wp-json\/wp\/v2\/types\/product"}],"version-history":[{"count":0,"href":"https:\/\/artstella-elixirs-floraux.com\/en\/wp-json\/wp\/v2\/product\/4151\/revisions"}],"wp:featuredmedia":[{"embeddable":true,"href":"https:\/\/artstella-elixirs-floraux.com\/en\/wp-json\/wp\/v2\/media\/7745"}],"wp:attachment":[{"href":"https:\/\/artstella-elixirs-floraux.com\/en\/wp-json\/wp\/v2\/media?parent=4151"}],"wp:term":[{"taxonomy":"product_brand","embeddable":true,"href":"https:\/\/artstella-elixirs-floraux.com\/en\/wp-json\/wp\/v2\/product_brand?post=4151"},{"taxonomy":"product_cat","embeddable":true,"href":"https:\/\/artstella-elixirs-floraux.com\/en\/wp-json\/wp\/v2\/product_cat?post=4151"},{"taxonomy":"product_tag","embeddable":true,"href":"https:\/\/artstella-elixirs-floraux.com\/en\/wp-json\/wp\/v2\/product_tag?post=4151"}],"curies":[{"name":"wp","href":"https:\/\/api.w.org\/{rel}","templated":true}]}}