{"id":4153,"date":"2025-03-09T13:21:36","date_gmt":"2025-03-09T13:21:36","guid":{"rendered":"https:\/\/artstella-elixirs-floraux.com\/product\/coffret-sylfos-15-ml\/"},"modified":"2025-03-09T13:21:36","modified_gmt":"2025-03-09T13:21:36","slug":"coffret-sylfos-15-ml","status":"publish","type":"product","link":"https:\/\/artstella-elixirs-floraux.com\/en\/product\/coffret-sylfos-15-ml\/","title":{"rendered":"COFFRET SYLFOS 15 ML"},"content":{"rendered":"","protected":false},"excerpt":{"rendered":"<p>Contient les 24 fleurs Andines en 10 ml<\/p>","protected":false},"featured_media":4154,"template":"","meta":[],"product_brand":[],"product_cat":[143],"product_tag":[],"class_list":{"0":"post-4153","1":"product","2":"type-product","3":"status-publish","4":"has-post-thumbnail","6":"product_cat-les-coffrets-sylfos","8":"first","9":"outofstock","10":"taxable","11":"shipping-taxable","12":"purchasable","13":"product-type-simple"},"etheme_brands":{"errors":{"invalid_taxonomy":["Invalid taxonomy."]},"error_data":[]},"jetpack_sharing_enabled":true,"jetpack-related-posts":[{"id":4155,"url":"https:\/\/artstella-elixirs-floraux.com\/en\/product\/coffret-sylfos-30-ml\/","url_meta":{"origin":4153,"position":0},"title":"COFFRET SYLFOS 30 ML","author":"","date":"9 March 2025","format":false,"excerpt":"contient les 24 \u00e9lixirs floraux Andins en 30 ml","rel":"","context":"Similar post","block_context":{"text":"Similar post","link":""},"img":{"alt_text":"","src":"https:\/\/i0.wp.com\/artstella-elixirs-floraux.com\/wp-content\/uploads\/2025\/03\/wp-image1493.png?resize=350%2C200&ssl=1","width":350,"height":200},"classes":[]},{"id":4159,"url":"https:\/\/artstella-elixirs-floraux.com\/en\/product\/coffret-messagers-15-ml-sylfos\/","url_meta":{"origin":4153,"position":1},"title":"COFFRET MESSAGERS 15 ML SYLFOS","author":"eveapprill","date":"9 March 2025","format":false,"excerpt":"Contient les 7 \u00e9lixirs de messagers Sylfos en 15 ml","rel":"","context":"Similar post","block_context":{"text":"Similar post","link":""},"img":{"alt_text":"","src":"https:\/\/i0.wp.com\/artstella-elixirs-floraux.com\/wp-content\/uploads\/2025\/03\/wp-image1495.png?resize=350%2C200&ssl=1","width":350,"height":200,"srcset":"https:\/\/i0.wp.com\/artstella-elixirs-floraux.com\/wp-content\/uploads\/2025\/03\/wp-image1495.png?resize=350%2C200&ssl=1 1x, https:\/\/i0.wp.com\/artstella-elixirs-floraux.com\/wp-content\/uploads\/2025\/03\/wp-image1495.png?resize=525%2C300&ssl=1 1.5x, https:\/\/i0.wp.com\/artstella-elixirs-floraux.com\/wp-content\/uploads\/2025\/03\/wp-image1495.png?resize=700%2C400&ssl=1 2x"},"classes":[]},{"id":4553,"url":"https:\/\/artstella-elixirs-floraux.com\/en\/product\/coffret-fleurs-sauvages-supplementaires-phi-15-ml\/","url_meta":{"origin":4153,"position":2},"title":"COFFRET Fleurs sauvages suppl\u00e9mentaires PHI 15 ML","author":"eveapprill","date":"9 March 2025","format":false,"excerpt":"Contient 20 \u00e9lixirs de fleurs sauvages suppl\u00e9mentaires","rel":"","context":"Similar post","block_context":{"text":"Similar post","link":""},"img":{"alt_text":"","src":"","width":0,"height":0},"classes":[]},{"id":4080,"url":"https:\/\/artstella-elixirs-floraux.com\/en\/product\/luz-lumiere-15-ml-sylfos\/","url_meta":{"origin":4153,"position":3},"title":"LUZ \/ LUMIERE 15 ML SYLFOS","author":"eveapprill","date":"9 March 2025","format":false,"excerpt":"Aide \u00e0 maintenir les pieds sur terre, et apaise les \u00e9motions. Apporte de la \u00ab\u00a0 lumi\u00e8re\u00a0\u00bb dans une phase de sombre, voire\u00a0 \u00e0 tendance d\u00e9pressive. Permet de retrouver clart\u00e9 et objectivit\u00e9, notamment face au trop plein d\u2019information n\u00e9gatives, voire manipulatrices.","rel":"","context":"Similar post","block_context":{"text":"Similar post","link":""},"img":{"alt_text":"","src":"https:\/\/i0.wp.com\/artstella-elixirs-floraux.com\/wp-content\/uploads\/2025\/03\/63b05c56-ed71-4a24-a717-2bec00eb45d9.jpg?resize=350%2C200&ssl=1","width":350,"height":200,"srcset":"https:\/\/i0.wp.com\/artstella-elixirs-floraux.com\/wp-content\/uploads\/2025\/03\/63b05c56-ed71-4a24-a717-2bec00eb45d9.jpg?resize=350%2C200&ssl=1 1x, https:\/\/i0.wp.com\/artstella-elixirs-floraux.com\/wp-content\/uploads\/2025\/03\/63b05c56-ed71-4a24-a717-2bec00eb45d9.jpg?resize=525%2C300&ssl=1 1.5x, https:\/\/i0.wp.com\/artstella-elixirs-floraux.com\/wp-content\/uploads\/2025\/03\/63b05c56-ed71-4a24-a717-2bec00eb45d9.jpg?resize=700%2C400&ssl=1 2x"},"classes":[]},{"id":4546,"url":"https:\/\/artstella-elixirs-floraux.com\/en\/product\/coffret-20-fleurs-dafrique-15-ml-phi\/","url_meta":{"origin":4153,"position":4},"title":"COFFRET 20 fLEURS D&rsquo;AFRIQUE 15 ML PHI","author":"eveapprill","date":"9 March 2025","format":false,"excerpt":"Contient les 20 \u00e9lixirs de fleurs d'Afrique et des Canaries :","rel":"","context":"Similar post","block_context":{"text":"Similar post","link":""},"img":{"alt_text":"","src":"https:\/\/i0.wp.com\/artstella-elixirs-floraux.com\/wp-content\/uploads\/2025\/03\/wp-image1158.png?resize=350%2C200&ssl=1","width":350,"height":200,"srcset":"https:\/\/i0.wp.com\/artstella-elixirs-floraux.com\/wp-content\/uploads\/2025\/03\/wp-image1158.png?resize=350%2C200&ssl=1 1x, https:\/\/i0.wp.com\/artstella-elixirs-floraux.com\/wp-content\/uploads\/2025\/03\/wp-image1158.png?resize=525%2C300&ssl=1 1.5x, https:\/\/i0.wp.com\/artstella-elixirs-floraux.com\/wp-content\/uploads\/2025\/03\/wp-image1158.png?resize=700%2C400&ssl=1 2x"},"classes":[]},{"id":5380,"url":"https:\/\/artstella-elixirs-floraux.com\/en\/product\/ares-de-metal-sylfos-15-ml-pap\/","url_meta":{"origin":4153,"position":5},"title":"ARES DE METAL SYLFOS 15 ML PAP","author":"eveapprill","date":"9 March 2025","format":false,"excerpt":"24 - ARES DE METAL \/ ARES METALLIQUE \u00a0Emesis ares\u00a0\u00a0\u00a0\u00a0 (Mexico) Valeur \u2013 Renouveau Un \u00e9lixir pour initier un nouveau paradigme, nous ouvrant vers la force spirituel et le courage. Il va nous permettre d\u2019agir au del\u00e0 de ce que nous savons d\u00e9j\u00e0 pour d\u00e9couvrir ainsi de nouvelles \u00e9nergies que\u2026","rel":"","context":"Similar post","block_context":{"text":"Similar post","link":""},"img":{"alt_text":"","src":"","width":0,"height":0},"classes":[]}],"_links":{"self":[{"href":"https:\/\/artstella-elixirs-floraux.com\/en\/wp-json\/wp\/v2\/product\/4153","targetHints":{"allow":["GET"]}}],"collection":[{"href":"https:\/\/artstella-elixirs-floraux.com\/en\/wp-json\/wp\/v2\/product"}],"about":[{"href":"https:\/\/artstella-elixirs-floraux.com\/en\/wp-json\/wp\/v2\/types\/product"}],"version-history":[{"count":0,"href":"https:\/\/artstella-elixirs-floraux.com\/en\/wp-json\/wp\/v2\/product\/4153\/revisions"}],"wp:featuredmedia":[{"embeddable":true,"href":"https:\/\/artstella-elixirs-floraux.com\/en\/wp-json\/wp\/v2\/media\/4154"}],"wp:attachment":[{"href":"https:\/\/artstella-elixirs-floraux.com\/en\/wp-json\/wp\/v2\/media?parent=4153"}],"wp:term":[{"taxonomy":"product_brand","embeddable":true,"href":"https:\/\/artstella-elixirs-floraux.com\/en\/wp-json\/wp\/v2\/product_brand?post=4153"},{"taxonomy":"product_cat","embeddable":true,"href":"https:\/\/artstella-elixirs-floraux.com\/en\/wp-json\/wp\/v2\/product_cat?post=4153"},{"taxonomy":"product_tag","embeddable":true,"href":"https:\/\/artstella-elixirs-floraux.com\/en\/wp-json\/wp\/v2\/product_tag?post=4153"}],"curies":[{"name":"wp","href":"https:\/\/api.w.org\/{rel}","templated":true}]}}