{"id":4155,"date":"2025-03-09T13:21:37","date_gmt":"2025-03-09T13:21:37","guid":{"rendered":"https:\/\/artstella-elixirs-floraux.com\/product\/coffret-sylfos-30-ml\/"},"modified":"2025-03-09T13:21:37","modified_gmt":"2025-03-09T13:21:37","slug":"coffret-sylfos-30-ml","status":"publish","type":"product","link":"https:\/\/artstella-elixirs-floraux.com\/en\/product\/coffret-sylfos-30-ml\/","title":{"rendered":"COFFRET SYLFOS 30 ML"},"content":{"rendered":"","protected":false},"excerpt":{"rendered":"<p>contient les 24 \u00e9lixirs floraux Andins en 30 ml<\/p>","protected":false},"featured_media":4156,"template":"","meta":[],"product_brand":[],"product_cat":[143],"product_tag":[],"class_list":{"0":"post-4155","1":"product","2":"type-product","3":"status-publish","4":"has-post-thumbnail","6":"product_cat-les-coffrets-sylfos","8":"first","9":"outofstock","10":"taxable","11":"shipping-taxable","12":"purchasable","13":"product-type-simple"},"etheme_brands":{"errors":{"invalid_taxonomy":["Invalid taxonomy."]},"error_data":[]},"jetpack_sharing_enabled":true,"jetpack-related-posts":[{"id":4153,"url":"https:\/\/artstella-elixirs-floraux.com\/en\/product\/coffret-sylfos-15-ml\/","url_meta":{"origin":4155,"position":0},"title":"COFFRET SYLFOS 15 ML","author":"","date":"9 March 2025","format":false,"excerpt":"Contient les 24 fleurs Andines en 10 ml","rel":"","context":"Similar post","block_context":{"text":"Similar post","link":""},"img":{"alt_text":"","src":"https:\/\/i0.wp.com\/artstella-elixirs-floraux.com\/wp-content\/uploads\/2025\/03\/wp-image1641.png?resize=350%2C200&ssl=1","width":350,"height":200},"classes":[]},{"id":4159,"url":"https:\/\/artstella-elixirs-floraux.com\/en\/product\/coffret-messagers-15-ml-sylfos\/","url_meta":{"origin":4155,"position":1},"title":"COFFRET MESSAGERS 15 ML SYLFOS","author":"eveapprill","date":"9 March 2025","format":false,"excerpt":"Contient les 7 \u00e9lixirs de messagers Sylfos en 15 ml","rel":"","context":"Similar post","block_context":{"text":"Similar post","link":""},"img":{"alt_text":"","src":"https:\/\/i0.wp.com\/artstella-elixirs-floraux.com\/wp-content\/uploads\/2025\/03\/wp-image1495.png?resize=350%2C200&ssl=1","width":350,"height":200,"srcset":"https:\/\/i0.wp.com\/artstella-elixirs-floraux.com\/wp-content\/uploads\/2025\/03\/wp-image1495.png?resize=350%2C200&ssl=1 1x, https:\/\/i0.wp.com\/artstella-elixirs-floraux.com\/wp-content\/uploads\/2025\/03\/wp-image1495.png?resize=525%2C300&ssl=1 1.5x, https:\/\/i0.wp.com\/artstella-elixirs-floraux.com\/wp-content\/uploads\/2025\/03\/wp-image1495.png?resize=700%2C400&ssl=1 2x"},"classes":[]},{"id":6107,"url":"https:\/\/artstella-elixirs-floraux.com\/en\/product\/duo-luz-et-protection-sylfos-30-ml\/","url_meta":{"origin":4155,"position":2},"title":"DUO LUZ et PROTECTION SYLFOS 30 ML","author":"eveapprill","date":"9 March 2025","format":false,"excerpt":"Pack duo Sylfos : Luz et Protection Pour retrouver clart\u00e9 et lumi\u00e8re Pour soutenir la protection sur plusieurs plans","rel":"","context":"Similar post","block_context":{"text":"Similar post","link":""},"img":{"alt_text":"","src":"https:\/\/i0.wp.com\/artstella-elixirs-floraux.com\/wp-content\/uploads\/2025\/03\/66832f0f-31b0-47f3-a537-07a4d4027f22.jpg?resize=350%2C200&ssl=1","width":350,"height":200,"srcset":"https:\/\/i0.wp.com\/artstella-elixirs-floraux.com\/wp-content\/uploads\/2025\/03\/66832f0f-31b0-47f3-a537-07a4d4027f22.jpg?resize=350%2C200&ssl=1 1x, https:\/\/i0.wp.com\/artstella-elixirs-floraux.com\/wp-content\/uploads\/2025\/03\/66832f0f-31b0-47f3-a537-07a4d4027f22.jpg?resize=525%2C300&ssl=1 1.5x, https:\/\/i0.wp.com\/artstella-elixirs-floraux.com\/wp-content\/uploads\/2025\/03\/66832f0f-31b0-47f3-a537-07a4d4027f22.jpg?resize=700%2C400&ssl=1 2x"},"classes":[]},{"id":6181,"url":"https:\/\/artstella-elixirs-floraux.com\/en\/product\/coffret-48-elixirs-bloesem-remedies-10-ml\/","url_meta":{"origin":4155,"position":3},"title":"Coffret 48 \u00e9lixirs Bloesem Remedies 10 ml","author":"eveapprill","date":"9 March 2025","format":false,"excerpt":"Contient 48 \u00e9lixirs floraux pr\u00e9par\u00e9s par Bloesem Remedies en 10 ml les 30 premiers \u00e9lixirs + les \u00e9lixirs compl\u00e9mentaires et les 4 compos\u00e9s Terra, Protection, Arc en Ciel et Love","rel":"","context":"Similar post","block_context":{"text":"Similar post","link":""},"img":{"alt_text":"","src":"","width":0,"height":0},"classes":[]},{"id":4625,"url":"https:\/\/artstella-elixirs-floraux.com\/en\/product\/coffret-72-fleurs-30-ml\/","url_meta":{"origin":4155,"position":4},"title":"COFFRET 72 FLEURS 30 ML","author":"eveapprill","date":"9 March 2025","format":false,"excerpt":"COFFRET 72 FLEURS 30 ML","rel":"","context":"Similar post","block_context":{"text":"Similar post","link":""},"img":{"alt_text":"Les coffrets des \u00e9lixirs d'Alaska","src":"https:\/\/i0.wp.com\/artstella-elixirs-floraux.com\/wp-content\/uploads\/2025\/03\/wp-image1462.png?resize=350%2C200&ssl=1","width":350,"height":200},"classes":[]},{"id":4617,"url":"https:\/\/artstella-elixirs-floraux.com\/en\/product\/coffret-48-gemmes-30-ml\/","url_meta":{"origin":4155,"position":5},"title":"COFFRET 48 GEMMES 30 ML","author":"eveapprill","date":"9 March 2025","format":false,"excerpt":"COFFRET 48 GEMMES 30 ML","rel":"","context":"Similar post","block_context":{"text":"Similar post","link":""},"img":{"alt_text":"","src":"","width":0,"height":0},"classes":[]}],"_links":{"self":[{"href":"https:\/\/artstella-elixirs-floraux.com\/en\/wp-json\/wp\/v2\/product\/4155","targetHints":{"allow":["GET"]}}],"collection":[{"href":"https:\/\/artstella-elixirs-floraux.com\/en\/wp-json\/wp\/v2\/product"}],"about":[{"href":"https:\/\/artstella-elixirs-floraux.com\/en\/wp-json\/wp\/v2\/types\/product"}],"version-history":[{"count":0,"href":"https:\/\/artstella-elixirs-floraux.com\/en\/wp-json\/wp\/v2\/product\/4155\/revisions"}],"wp:featuredmedia":[{"embeddable":true,"href":"https:\/\/artstella-elixirs-floraux.com\/en\/wp-json\/wp\/v2\/media\/4156"}],"wp:attachment":[{"href":"https:\/\/artstella-elixirs-floraux.com\/en\/wp-json\/wp\/v2\/media?parent=4155"}],"wp:term":[{"taxonomy":"product_brand","embeddable":true,"href":"https:\/\/artstella-elixirs-floraux.com\/en\/wp-json\/wp\/v2\/product_brand?post=4155"},{"taxonomy":"product_cat","embeddable":true,"href":"https:\/\/artstella-elixirs-floraux.com\/en\/wp-json\/wp\/v2\/product_cat?post=4155"},{"taxonomy":"product_tag","embeddable":true,"href":"https:\/\/artstella-elixirs-floraux.com\/en\/wp-json\/wp\/v2\/product_tag?post=4155"}],"curies":[{"name":"wp","href":"https:\/\/api.w.org\/{rel}","templated":true}]}}