{"id":4159,"date":"2025-03-09T13:21:40","date_gmt":"2025-03-09T13:21:40","guid":{"rendered":"https:\/\/artstella-elixirs-floraux.com\/product\/coffret-messagers-15-ml-sylfos\/"},"modified":"2025-07-23T15:21:47","modified_gmt":"2025-07-23T15:21:47","slug":"coffret-messagers-15-ml-sylfos","status":"publish","type":"product","link":"https:\/\/artstella-elixirs-floraux.com\/en\/product\/coffret-messagers-15-ml-sylfos\/","title":{"rendered":"COFFRET MESSAGERS 15 ML SYLFOS"},"content":{"rendered":"","protected":false},"excerpt":{"rendered":"<p>Contient les 7 \u00e9lixirs de messagers Sylfos en 15 ml<\/p>","protected":false},"featured_media":4160,"template":"","meta":[],"product_brand":[],"product_cat":[143],"product_tag":[],"class_list":{"0":"post-4159","1":"product","2":"type-product","3":"status-publish","4":"has-post-thumbnail","6":"product_cat-les-coffrets-sylfos","8":"first","9":"instock","10":"taxable","11":"shipping-taxable","12":"purchasable","13":"product-type-simple"},"etheme_brands":{"errors":{"invalid_taxonomy":["Invalid taxonomy."]},"error_data":[]},"jetpack_sharing_enabled":true,"jetpack-related-posts":[{"id":4153,"url":"https:\/\/artstella-elixirs-floraux.com\/en\/product\/coffret-sylfos-15-ml\/","url_meta":{"origin":4159,"position":0},"title":"COFFRET SYLFOS 15 ML","author":"eveapprill","date":"9 March 2025","format":false,"excerpt":"Contient les 24 fleurs Andines en 10 ml","rel":"","context":"Similar post","block_context":{"text":"Similar post","link":""},"img":{"alt_text":"","src":"https:\/\/i0.wp.com\/artstella-elixirs-floraux.com\/wp-content\/uploads\/2025\/03\/wp-image1641.png?resize=350%2C200&ssl=1","width":350,"height":200},"classes":[]},{"id":4171,"url":"https:\/\/artstella-elixirs-floraux.com\/en\/product\/metatron-messagers-sylfos-15-ml\/","url_meta":{"origin":4159,"position":1},"title":"METATRON (MESSAGERS) SYLFOS 15 ML","author":"eveapprill","date":"9 March 2025","format":false,"excerpt":"METATRON\u00a0 Cr\u00e9ation divine Aide \u00e0 reprogrammer la vie dans la Grande Lumi\u00e8re, en restructurant l\u2019\u00eatre. Soutient le changement et invite \u00e0 \u00e9voluer...","rel":"","context":"Similar post","block_context":{"text":"Similar post","link":""},"img":{"alt_text":"","src":"","width":0,"height":0},"classes":[]},{"id":4155,"url":"https:\/\/artstella-elixirs-floraux.com\/en\/product\/coffret-sylfos-30-ml\/","url_meta":{"origin":4159,"position":2},"title":"COFFRET SYLFOS 30 ML","author":"eveapprill","date":"9 March 2025","format":false,"excerpt":"contient les 24 \u00e9lixirs floraux Andins en 30 ml","rel":"","context":"Similar post","block_context":{"text":"Similar post","link":""},"img":{"alt_text":"","src":"https:\/\/i0.wp.com\/artstella-elixirs-floraux.com\/wp-content\/uploads\/2025\/03\/wp-image1493.png?resize=350%2C200&ssl=1","width":350,"height":200},"classes":[]},{"id":4165,"url":"https:\/\/artstella-elixirs-floraux.com\/en\/product\/cofret-papillons-de-21-a-40-15ml-sylfos\/","url_meta":{"origin":4159,"position":3},"title":"COFRET PAPILLONS de 21 \u00e0 40 15ML SYLFOS","author":"eveapprill","date":"9 March 2025","format":false,"excerpt":"Contient les \u00e9lixirs de papillons Sylfos de 21 \u00e0 40 en 15 ml","rel":"","context":"Similar post","block_context":{"text":"Similar post","link":""},"img":{"alt_text":"","src":"https:\/\/i0.wp.com\/artstella-elixirs-floraux.com\/wp-content\/uploads\/2025\/03\/wp-image1523.png?resize=350%2C200&ssl=1","width":350,"height":200,"srcset":"https:\/\/i0.wp.com\/artstella-elixirs-floraux.com\/wp-content\/uploads\/2025\/03\/wp-image1523.png?resize=350%2C200&ssl=1 1x, https:\/\/i0.wp.com\/artstella-elixirs-floraux.com\/wp-content\/uploads\/2025\/03\/wp-image1523.png?resize=525%2C300&ssl=1 1.5x, https:\/\/i0.wp.com\/artstella-elixirs-floraux.com\/wp-content\/uploads\/2025\/03\/wp-image1523.png?resize=700%2C400&ssl=1 2x, https:\/\/i0.wp.com\/artstella-elixirs-floraux.com\/wp-content\/uploads\/2025\/03\/wp-image1523.png?resize=1050%2C600&ssl=1 3x"},"classes":[]},{"id":5378,"url":"https:\/\/artstella-elixirs-floraux.com\/en\/product\/sabanera-anartia-sylfos-15-ml\/","url_meta":{"origin":4159,"position":4},"title":"SABANERA \/ ANARTIA SYLFOS 15 ML","author":"eveapprill","date":"9 March 2025","format":false,"excerpt":"23 \u2013 SABANERA\/ ANARTIA \u00a0Anartia jatrophae\u00a0\u00a0 Amour et Confiance \u2013 Gu\u00e9rison Cet \u00e9lixir nous permet de comprendre et de mettre en pratique l\u2019amour et la passion que le Cr\u00e9ateur a pour toutes ses cr\u00e9ations. Il va permettre que l\u2019intervention Divine puisse entrer dans tous les processus de gu\u00e9rison, tant physiques\u2026","rel":"","context":"Similar post","block_context":{"text":"Similar post","link":""},"img":{"alt_text":"","src":"https:\/\/i0.wp.com\/artstella-elixirs-floraux.com\/wp-content\/uploads\/2025\/03\/a822b54a-084b-4877-8082-8d921af6417d.jpg?resize=350%2C200&ssl=1","width":350,"height":200,"srcset":"https:\/\/i0.wp.com\/artstella-elixirs-floraux.com\/wp-content\/uploads\/2025\/03\/a822b54a-084b-4877-8082-8d921af6417d.jpg?resize=350%2C200&ssl=1 1x, https:\/\/i0.wp.com\/artstella-elixirs-floraux.com\/wp-content\/uploads\/2025\/03\/a822b54a-084b-4877-8082-8d921af6417d.jpg?resize=525%2C300&ssl=1 1.5x, https:\/\/i0.wp.com\/artstella-elixirs-floraux.com\/wp-content\/uploads\/2025\/03\/a822b54a-084b-4877-8082-8d921af6417d.jpg?resize=700%2C400&ssl=1 2x"},"classes":[]},{"id":5382,"url":"https:\/\/artstella-elixirs-floraux.com\/en\/product\/battus-sylfos-15-ml-pap\/","url_meta":{"origin":4159,"position":5},"title":"BATTUS SYLFOS 15 ML PAP","author":"eveapprill","date":"9 March 2025","format":false,"excerpt":"25 \u2013 BATTUS \/ BATTUS \u00a0Battus philenor Foi en la vie Un \u00e9lixir tr\u00e8s sp\u00e9cial car il emm\u00e8ne nos pri\u00e8res vers le Cr\u00e9ateur de fa\u00e7on \u00e0 ce qu\u2019elles soient b\u00e9nies et qu\u2019elles nous soient retourn\u00e9es manifest\u00e9es. Foi et confiance en la vie, sans l\u2019action de notre mental. Nous apprenons \u00e0\u2026","rel":"","context":"Similar post","block_context":{"text":"Similar post","link":""},"img":{"alt_text":"","src":"https:\/\/i0.wp.com\/artstella-elixirs-floraux.com\/wp-content\/uploads\/2025\/03\/c129dff6-fc7d-4c09-a44c-bc55c7f9dbbe.jpg?resize=350%2C200&ssl=1","width":350,"height":200,"srcset":"https:\/\/i0.wp.com\/artstella-elixirs-floraux.com\/wp-content\/uploads\/2025\/03\/c129dff6-fc7d-4c09-a44c-bc55c7f9dbbe.jpg?resize=350%2C200&ssl=1 1x, https:\/\/i0.wp.com\/artstella-elixirs-floraux.com\/wp-content\/uploads\/2025\/03\/c129dff6-fc7d-4c09-a44c-bc55c7f9dbbe.jpg?resize=525%2C300&ssl=1 1.5x, https:\/\/i0.wp.com\/artstella-elixirs-floraux.com\/wp-content\/uploads\/2025\/03\/c129dff6-fc7d-4c09-a44c-bc55c7f9dbbe.jpg?resize=700%2C400&ssl=1 2x"},"classes":[]}],"_links":{"self":[{"href":"https:\/\/artstella-elixirs-floraux.com\/en\/wp-json\/wp\/v2\/product\/4159","targetHints":{"allow":["GET"]}}],"collection":[{"href":"https:\/\/artstella-elixirs-floraux.com\/en\/wp-json\/wp\/v2\/product"}],"about":[{"href":"https:\/\/artstella-elixirs-floraux.com\/en\/wp-json\/wp\/v2\/types\/product"}],"version-history":[{"count":1,"href":"https:\/\/artstella-elixirs-floraux.com\/en\/wp-json\/wp\/v2\/product\/4159\/revisions"}],"predecessor-version":[{"id":11077,"href":"https:\/\/artstella-elixirs-floraux.com\/en\/wp-json\/wp\/v2\/product\/4159\/revisions\/11077"}],"wp:featuredmedia":[{"embeddable":true,"href":"https:\/\/artstella-elixirs-floraux.com\/en\/wp-json\/wp\/v2\/media\/4160"}],"wp:attachment":[{"href":"https:\/\/artstella-elixirs-floraux.com\/en\/wp-json\/wp\/v2\/media?parent=4159"}],"wp:term":[{"taxonomy":"product_brand","embeddable":true,"href":"https:\/\/artstella-elixirs-floraux.com\/en\/wp-json\/wp\/v2\/product_brand?post=4159"},{"taxonomy":"product_cat","embeddable":true,"href":"https:\/\/artstella-elixirs-floraux.com\/en\/wp-json\/wp\/v2\/product_cat?post=4159"},{"taxonomy":"product_tag","embeddable":true,"href":"https:\/\/artstella-elixirs-floraux.com\/en\/wp-json\/wp\/v2\/product_tag?post=4159"}],"curies":[{"name":"wp","href":"https:\/\/api.w.org\/{rel}","templated":true}]}}