{"id":4161,"date":"2025-03-09T13:21:42","date_gmt":"2025-03-09T13:21:42","guid":{"rendered":"https:\/\/artstella-elixirs-floraux.com\/product\/cofret-papillons-de-1-20-15ml-sylfos\/"},"modified":"2025-06-08T13:59:44","modified_gmt":"2025-06-08T13:59:44","slug":"cofret-papillons-de-1-20-15ml-sylfos","status":"publish","type":"product","link":"https:\/\/artstella-elixirs-floraux.com\/en\/product\/cofret-papillons-de-1-20-15ml-sylfos\/","title":{"rendered":"COFRET PAPILLONS de 1 &#8211; 20 15ML SYLFOS"},"content":{"rendered":"","protected":false},"excerpt":{"rendered":"<p>contient les \u00e9lixirs de papillons de 1 \u00e0 20 en 15ml<\/p>","protected":false},"featured_media":4162,"template":"","meta":[],"product_brand":[],"product_cat":[143],"product_tag":[],"class_list":{"0":"post-4161","1":"product","2":"type-product","3":"status-publish","4":"has-post-thumbnail","6":"product_cat-les-coffrets-sylfos","8":"first","9":"instock","10":"taxable","11":"shipping-taxable","12":"purchasable","13":"product-type-simple"},"etheme_brands":{"errors":{"invalid_taxonomy":["Invalid taxonomy."]},"error_data":[]},"jetpack_sharing_enabled":true,"jetpack-related-posts":[{"id":4165,"url":"https:\/\/artstella-elixirs-floraux.com\/en\/product\/cofret-papillons-de-21-a-40-15ml-sylfos\/","url_meta":{"origin":4161,"position":0},"title":"COFRET PAPILLONS de 21 \u00e0 40 15ML SYLFOS","author":"eveapprill","date":"9 March 2025","format":false,"excerpt":"Contient les \u00e9lixirs de papillons Sylfos de 21 \u00e0 40 en 15 ml","rel":"","context":"Similar post","block_context":{"text":"Similar post","link":""},"img":{"alt_text":"","src":"https:\/\/i0.wp.com\/artstella-elixirs-floraux.com\/wp-content\/uploads\/2025\/03\/wp-image1523.png?resize=350%2C200&ssl=1","width":350,"height":200,"srcset":"https:\/\/i0.wp.com\/artstella-elixirs-floraux.com\/wp-content\/uploads\/2025\/03\/wp-image1523.png?resize=350%2C200&ssl=1 1x, https:\/\/i0.wp.com\/artstella-elixirs-floraux.com\/wp-content\/uploads\/2025\/03\/wp-image1523.png?resize=525%2C300&ssl=1 1.5x, https:\/\/i0.wp.com\/artstella-elixirs-floraux.com\/wp-content\/uploads\/2025\/03\/wp-image1523.png?resize=700%2C400&ssl=1 2x, https:\/\/i0.wp.com\/artstella-elixirs-floraux.com\/wp-content\/uploads\/2025\/03\/wp-image1523.png?resize=1050%2C600&ssl=1 3x"},"classes":[]},{"id":4117,"url":"https:\/\/artstella-elixirs-floraux.com\/en\/product\/afrodite-papillons-sylfos-15ml\/","url_meta":{"origin":4161,"position":1},"title":"AFRODITE PAPILLONS SYLFOS 15ML","author":"eveapprill","date":"9 March 2025","format":false,"excerpt":"AFRODITA Speyeria aphrodite Auto valorisation \u2013 Communication - Beaut\u00e9 Un \u00e9lixir pour augmenter le charisme. Il nous permet de d\u00e9couvrir, d\u2019appr\u00e9cier, d\u2019augmenter la beaut\u00e9 tant int\u00e9rieure qu\u2019ext\u00e9rieure. Pour profiter de notre capacit\u00e9 d\u2019attraction envers les autres, mais d\u2019une fa\u00e7on positive et constructive","rel":"","context":"Similar post","block_context":{"text":"Similar post","link":""},"img":{"alt_text":"","src":"https:\/\/i0.wp.com\/artstella-elixirs-floraux.com\/wp-content\/uploads\/2025\/03\/2e30d79f-a059-4ce2-b867-da60d3bfb22d.jpg?resize=350%2C200&ssl=1","width":350,"height":200,"srcset":"https:\/\/i0.wp.com\/artstella-elixirs-floraux.com\/wp-content\/uploads\/2025\/03\/2e30d79f-a059-4ce2-b867-da60d3bfb22d.jpg?resize=350%2C200&ssl=1 1x, https:\/\/i0.wp.com\/artstella-elixirs-floraux.com\/wp-content\/uploads\/2025\/03\/2e30d79f-a059-4ce2-b867-da60d3bfb22d.jpg?resize=525%2C300&ssl=1 1.5x, https:\/\/i0.wp.com\/artstella-elixirs-floraux.com\/wp-content\/uploads\/2025\/03\/2e30d79f-a059-4ce2-b867-da60d3bfb22d.jpg?resize=700%2C400&ssl=1 2x"},"classes":[]},{"id":4121,"url":"https:\/\/artstella-elixirs-floraux.com\/en\/product\/argante-damasco-sylfos-15ml\/","url_meta":{"origin":4161,"position":2},"title":"ARGANTE DAMASCO SYLFOS 15ML","author":"eveapprill","date":"9 March 2025","format":false,"excerpt":"ARGANTE DAMASCO Phoebis argante Sexualit\u00e9 harmonieuse Cet \u00e9lixir renforce les aspects agr\u00e9ables et de plaisir de l\u2019amour physique, en augmentant l\u2019\u00e9nergie sexuelle. Cela permet d\u2019exp\u00e9rimenter l\u2019acte de l\u2019amour comme \u00e9tant une c\u00e9l\u00e9bration totale de la cr\u00e9ation de l\u2019univers.","rel":"","context":"Similar post","block_context":{"text":"Similar post","link":""},"img":{"alt_text":"","src":"","width":0,"height":0},"classes":[]},{"id":4138,"url":"https:\/\/artstella-elixirs-floraux.com\/en\/product\/duende-de-hielo-sylfos-15ml-pap\/","url_meta":{"origin":4161,"position":3},"title":"DUENDE DE HIELO SYLFOS 15ML PAP","author":"eveapprill","date":"9 March 2025","format":false,"excerpt":"DUENDE DE HIELO Callophrys irus Protection Il s\u2019agit l\u00e0 d\u2019un \u00e9lixir majeur de protection, qui repousse les \u00e9nergies et les pens\u00e9es n\u00e9gatives que d\u2019autres personnes dirigent vers nous. Il r\u00e9unit ces pens\u00e9es comme le ferait un filet et les renvoie dans la lumi\u00e8re pour les transformer.","rel":"","context":"Similar post","block_context":{"text":"Similar post","link":""},"img":{"alt_text":"","src":"","width":0,"height":0},"classes":[]},{"id":4123,"url":"https:\/\/artstella-elixirs-floraux.com\/en\/product\/artemis-manchado-sylfos-15ml-pap\/","url_meta":{"origin":4161,"position":4},"title":"ARTEMIS MANCHADO SYLFOS 15ML PAP","author":"eveapprill","date":"9 March 2025","format":false,"excerpt":"ARTEMIS MANCHADO Limenitis arthemis astyanax Manifestation Cet \u00e9lixir relie le chakra racine avec le chakra de la couronne, ouvrant ainsi les portes vers le 8\u00e8me, 9\u00e8me et 10\u00e8me chakra. Il permet la MANIFESTATION. De plus, il nous apporte protection contre la n\u00e9gativit\u00e9 de par l\u2019\u00e9l\u00e9vation de notre niveau de vibration.","rel":"","context":"Similar post","block_context":{"text":"Similar post","link":""},"img":{"alt_text":"","src":"","width":0,"height":0},"classes":[]},{"id":4151,"url":"https:\/\/artstella-elixirs-floraux.com\/en\/product\/xerces-azul-sylfos-15ml-pap\/","url_meta":{"origin":4161,"position":5},"title":"XERCES AZUL SYLFOS 15ML PAP","author":"eveapprill","date":"9 March 2025","format":false,"excerpt":"XERCES AZUL Glaucopsyche xerces Nettoyage du karma Un autre \u00e9lixir fondamental de la gamme. Il nous permet de nous lib\u00e9rer des formes de pens\u00e9es et des implants n\u00e9gatifs que nous avons depuis nos vies ant\u00e9rieures. Il permet le nettoyage au niveau de l\u2019\u00e2me, afin d\u2019affronter la r\u00e9alit\u00e9 de notre mission\u2026","rel":"","context":"Similar post","block_context":{"text":"Similar post","link":""},"img":{"alt_text":"","src":"https:\/\/i0.wp.com\/artstella-elixirs-floraux.com\/wp-content\/uploads\/2025\/03\/769e6b04-2a25-49e2-9552-c0d5e36f7a40.jpg?resize=350%2C200&ssl=1","width":350,"height":200,"srcset":"https:\/\/i0.wp.com\/artstella-elixirs-floraux.com\/wp-content\/uploads\/2025\/03\/769e6b04-2a25-49e2-9552-c0d5e36f7a40.jpg?resize=350%2C200&ssl=1 1x, https:\/\/i0.wp.com\/artstella-elixirs-floraux.com\/wp-content\/uploads\/2025\/03\/769e6b04-2a25-49e2-9552-c0d5e36f7a40.jpg?resize=525%2C300&ssl=1 1.5x, https:\/\/i0.wp.com\/artstella-elixirs-floraux.com\/wp-content\/uploads\/2025\/03\/769e6b04-2a25-49e2-9552-c0d5e36f7a40.jpg?resize=700%2C400&ssl=1 2x"},"classes":[]}],"_links":{"self":[{"href":"https:\/\/artstella-elixirs-floraux.com\/en\/wp-json\/wp\/v2\/product\/4161","targetHints":{"allow":["GET"]}}],"collection":[{"href":"https:\/\/artstella-elixirs-floraux.com\/en\/wp-json\/wp\/v2\/product"}],"about":[{"href":"https:\/\/artstella-elixirs-floraux.com\/en\/wp-json\/wp\/v2\/types\/product"}],"version-history":[{"count":0,"href":"https:\/\/artstella-elixirs-floraux.com\/en\/wp-json\/wp\/v2\/product\/4161\/revisions"}],"wp:featuredmedia":[{"embeddable":true,"href":"https:\/\/artstella-elixirs-floraux.com\/en\/wp-json\/wp\/v2\/media\/4162"}],"wp:attachment":[{"href":"https:\/\/artstella-elixirs-floraux.com\/en\/wp-json\/wp\/v2\/media?parent=4161"}],"wp:term":[{"taxonomy":"product_brand","embeddable":true,"href":"https:\/\/artstella-elixirs-floraux.com\/en\/wp-json\/wp\/v2\/product_brand?post=4161"},{"taxonomy":"product_cat","embeddable":true,"href":"https:\/\/artstella-elixirs-floraux.com\/en\/wp-json\/wp\/v2\/product_cat?post=4161"},{"taxonomy":"product_tag","embeddable":true,"href":"https:\/\/artstella-elixirs-floraux.com\/en\/wp-json\/wp\/v2\/product_tag?post=4161"}],"curies":[{"name":"wp","href":"https:\/\/api.w.org\/{rel}","templated":true}]}}