{"id":4163,"date":"2025-03-09T13:21:45","date_gmt":"2025-03-09T13:21:45","guid":{"rendered":"https:\/\/artstella-elixirs-floraux.com\/product\/papillon-mariposa-el-chamaniques-15ml\/"},"modified":"2025-07-21T14:57:28","modified_gmt":"2025-07-21T14:57:28","slug":"papillon-mariposa-el-chamaniques-15ml","status":"publish","type":"product","link":"https:\/\/artstella-elixirs-floraux.com\/en\/product\/papillon-mariposa-el-chamaniques-15ml\/","title":{"rendered":"PAPILLON \/ MARIPOSA EL CHAMANIQUES 15ML"},"content":{"rendered":"<p><strong>MARIPOSA \/ PAPILLON<\/strong><strong> <em>Transformation, espoir, cr\u00e9ativit\u00e9<\/em><\/strong><\/p>\n<p>Cet \u00e9lixir est vraiment celui de la transformation, pour passer de la chenille au papillon, transformer les ins\u00e9curit\u00e9s, les manques de confiance et les doutes en s\u00e9curit\u00e9, estime de soi et espoir. Il est \u00e0 recommander pour grandir \u00e0 partir de nos faiblesses. Il facilite le contact avec le monde des id\u00e9es, la communication et l\u2019\u00e9change, pour exprimer notre cr\u00e9ativit\u00e9 et accompagner les diff\u00e9rents cycles et les changements de notre vie.<\/p>","protected":false},"excerpt":{"rendered":"<p><strong>MARIPOSA \/ PAPILLON<\/strong><strong> <em>Transformation, espoir, cr\u00e9ativit\u00e9<\/em><\/strong><\/p>\n<p>Cet \u00e9lixir est vraiment celui de la transformation, pour passer de la chenille au papillon, transformer les ins\u00e9curit\u00e9s, les manques de confiance et les doutes en s\u00e9curit\u00e9, estime de soi et espoir.<\/p>","protected":false},"featured_media":4164,"template":"","meta":[],"product_brand":[],"product_cat":[140],"product_tag":[],"class_list":{"0":"post-4163","1":"product","2":"type-product","3":"status-publish","4":"has-post-thumbnail","6":"product_cat-les-elixirs-d-animaux-chamanique","8":"first","9":"instock","10":"taxable","11":"shipping-taxable","12":"purchasable","13":"product-type-simple"},"etheme_brands":{"errors":{"invalid_taxonomy":["Invalid taxonomy."]},"error_data":[]},"jetpack_sharing_enabled":true,"jetpack-related-posts":[{"id":4088,"url":"https:\/\/artstella-elixirs-floraux.com\/en\/product\/arbol-de-mariposa-fleur-sylfos-15ml\/","url_meta":{"origin":4163,"position":0},"title":"ARBOL DE MARIPOSA FLEUR SYLFOS 15ML","author":"eveapprill","date":"9 March 2025","format":false,"excerpt":"ARBRE\u00a0 AUX PAPILLONS \/ ARBOL DE MARIPOSAS Butterfly-Bush\u00a0\u00a0\u00a0\u00a0Buddleja davidii Pour ceux qui ont besoin de faire un changement dans leur vie et qui reconnaissent avoir besoin d\u2019une aide spirituelle. Recommand\u00e9 pour les personnes qui n\u2019arrivent pas \u00e0 avancer \u00e0 cause de l\u2019orgueil ou qui r\u00e9agissent de fa\u00e7on n\u00e9gative face aux\u2026","rel":"","context":"Similar post","block_context":{"text":"Similar post","link":""},"img":{"alt_text":"","src":"","width":0,"height":0},"classes":[]},{"id":3924,"url":"https:\/\/artstella-elixirs-floraux.com\/en\/product\/papillon-a-e-15-ml-phi\/","url_meta":{"origin":4163,"position":1},"title":"PAPILLON A.E 15 ML PHI","author":"eveapprill","date":"9 March 2025","format":false,"excerpt":"Papillon Schmetterling, Roter fuchs nous aide \u00e0 \u00eatre nous-m\u00eame dans les situations difficiles pour nous en lib\u00e9rer. Il est l\u2019\u00e9lixir de la transformation et de la l\u00e9g\u00e8ret\u00e9. Il lib\u00e8re l\u2019\u00e2me et permet de reconna\u00eetre son potentiel.","rel":"","context":"Similar post","block_context":{"text":"Similar post","link":""},"img":{"alt_text":"","src":"","width":0,"height":0},"classes":[]},{"id":6042,"url":"https:\/\/artstella-elixirs-floraux.com\/en\/product\/elixir-ocean-n07-phi-15ml\/","url_meta":{"origin":4163,"position":2},"title":"ELIXIR OCEAN N\u00b007 PHI 15ML","author":"eveapprill","date":"9 March 2025","format":false,"excerpt":"L\u2018\u00e9lixir soutient les processus d\u2019\u00e9volution. Apporte un soutien \u00e9nerg\u00e9tique au d\u00e9veloppement cellulaire, \u00e0 leur formation et transformation.\u00a0A l\u2019image de la chenille qui forme un cocon et du cocon sort un papillon, il nous aide \u00e0 murir et \u00e0 poursuivre notre d\u00e9veloppement. Pour atteindre nos buts dans la vie.","rel":"","context":"Similar post","block_context":{"text":"Similar post","link":""},"img":{"alt_text":"","src":"https:\/\/i0.wp.com\/artstella-elixirs-floraux.com\/wp-content\/uploads\/2025\/03\/wp-image2045.png?resize=350%2C200&ssl=1","width":350,"height":200},"classes":[]},{"id":4207,"url":"https:\/\/artstella-elixirs-floraux.com\/en\/product\/butterfly-papillon-wea-30-ml\/","url_meta":{"origin":4163,"position":3},"title":"BUTTERFLY\/PAPILLON WEA 30 ML","author":"eveapprill","date":"9 March 2025","format":false,"excerpt":"Butterfly (papillon) Catalyseur de transformation, cet \u00e9lixir apporte le soutien dans les moments de transition \u00e9motionnelle et spirituelle. Pour l\u00e2cher prise et aller de l\u2019avant. D\u00e9veloppe la l\u00e9g\u00e8ret\u00e9, la gr\u00e2ce, et l\u2019\u00e9quilibre entre la vuln\u00e9rabilit\u00e9 et la force.","rel":"","context":"Similar post","block_context":{"text":"Similar post","link":""},"img":{"alt_text":"","src":"","width":0,"height":0},"classes":[]},{"id":5396,"url":"https:\/\/artstella-elixirs-floraux.com\/en\/product\/ojo-de-macho-sylfos-15ml-pap\/","url_meta":{"origin":4163,"position":4},"title":"OJO DE MACHO SYLFOS 15ML PAP","author":"eveapprill","date":"9 March 2025","format":false,"excerpt":"34 - OJO DE MACHO\/ PAPILLON OCELL\u00c9 Junonia coenia\u00a0\u00a0 Vision - Conscience- Evolution Cet \u00e9lixir nous permet de transformer la n\u00e9gativit\u00e9 afin de pouvoir voire la v\u00e9rit\u00e9. Il nous permet de voire plus clairement la situation afin de nous aider \u00e0 voire et \u00e0 aller directement au centre du probl\u00e8me","rel":"","context":"Similar post","block_context":{"text":"Similar post","link":""},"img":{"alt_text":"","src":"https:\/\/i0.wp.com\/artstella-elixirs-floraux.com\/wp-content\/uploads\/2025\/03\/599dbec6-a0ba-4dd0-b4c6-380b343e864f.jpg?resize=350%2C200&ssl=1","width":350,"height":200,"srcset":"https:\/\/i0.wp.com\/artstella-elixirs-floraux.com\/wp-content\/uploads\/2025\/03\/599dbec6-a0ba-4dd0-b4c6-380b343e864f.jpg?resize=350%2C200&ssl=1 1x, https:\/\/i0.wp.com\/artstella-elixirs-floraux.com\/wp-content\/uploads\/2025\/03\/599dbec6-a0ba-4dd0-b4c6-380b343e864f.jpg?resize=525%2C300&ssl=1 1.5x, https:\/\/i0.wp.com\/artstella-elixirs-floraux.com\/wp-content\/uploads\/2025\/03\/599dbec6-a0ba-4dd0-b4c6-380b343e864f.jpg?resize=700%2C400&ssl=1 2x"},"classes":[]},{"id":5862,"url":"https:\/\/artstella-elixirs-floraux.com\/en\/product\/papillon-grand-cuivre-feuerfalter-15ml-phi\/","url_meta":{"origin":4163,"position":5},"title":"Papillon Grand cuivr\u00e9 &#8211; Feuerfalter 15ml PHI","author":"eveapprill","date":"9 March 2025","format":false,"excerpt":"Papillon Grand cuivr\u00e9 - Feuerfalter Nous aide a transformer. Il apporte la conscience du rayon rouge a la terre.\u00a0 Il active les points d accupuncure et les meridians. Il nous connecte avec la conscience de Dieu et tout ce qui est et repr\u00e9senter le rayon rouge pour le service inconditionnel\u2026","rel":"","context":"Similar post","block_context":{"text":"Similar post","link":""},"img":{"alt_text":"","src":"https:\/\/i0.wp.com\/artstella-elixirs-floraux.com\/wp-content\/uploads\/2025\/03\/wp-image1945.png?resize=350%2C200&ssl=1","width":350,"height":200},"classes":[]}],"_links":{"self":[{"href":"https:\/\/artstella-elixirs-floraux.com\/en\/wp-json\/wp\/v2\/product\/4163","targetHints":{"allow":["GET"]}}],"collection":[{"href":"https:\/\/artstella-elixirs-floraux.com\/en\/wp-json\/wp\/v2\/product"}],"about":[{"href":"https:\/\/artstella-elixirs-floraux.com\/en\/wp-json\/wp\/v2\/types\/product"}],"version-history":[{"count":1,"href":"https:\/\/artstella-elixirs-floraux.com\/en\/wp-json\/wp\/v2\/product\/4163\/revisions"}],"predecessor-version":[{"id":11052,"href":"https:\/\/artstella-elixirs-floraux.com\/en\/wp-json\/wp\/v2\/product\/4163\/revisions\/11052"}],"wp:featuredmedia":[{"embeddable":true,"href":"https:\/\/artstella-elixirs-floraux.com\/en\/wp-json\/wp\/v2\/media\/4164"}],"wp:attachment":[{"href":"https:\/\/artstella-elixirs-floraux.com\/en\/wp-json\/wp\/v2\/media?parent=4163"}],"wp:term":[{"taxonomy":"product_brand","embeddable":true,"href":"https:\/\/artstella-elixirs-floraux.com\/en\/wp-json\/wp\/v2\/product_brand?post=4163"},{"taxonomy":"product_cat","embeddable":true,"href":"https:\/\/artstella-elixirs-floraux.com\/en\/wp-json\/wp\/v2\/product_cat?post=4163"},{"taxonomy":"product_tag","embeddable":true,"href":"https:\/\/artstella-elixirs-floraux.com\/en\/wp-json\/wp\/v2\/product_tag?post=4163"}],"curies":[{"name":"wp","href":"https:\/\/api.w.org\/{rel}","templated":true}]}}