{"id":4167,"date":"2025-03-09T13:21:48","date_gmt":"2025-03-09T13:21:48","guid":{"rendered":"https:\/\/artstella-elixirs-floraux.com\/product\/gabriel-messagers-sylfos-15ml\/"},"modified":"2025-04-30T20:39:09","modified_gmt":"2025-04-30T20:39:09","slug":"gabriel-messagers-sylfos-15ml","status":"publish","type":"product","link":"https:\/\/artstella-elixirs-floraux.com\/en\/product\/gabriel-messagers-sylfos-15ml\/","title":{"rendered":"GABRIEL (MESSAGERS) SYLFOS 15ML"},"content":{"rendered":"<p><strong>GABRIEL<\/strong> <em>Puret\u00e9, Harmonie, Gentillesse, Clart\u00e9, Calme, Consolation.<\/em><\/p>\n<p>Pour faire face \u00e0 des abus ou des agressions ayant atteint l\u2019int\u00e9grit\u00e9, ou des attaques physique ou psychique. Nettoie et clarifie le corps des pens\u00e9es et \u00e9motions toxiques ainsi que des substances au niveau physique. Pour ceux qui ont une mauvaise estime d\u2019eux-m\u00eames et\/ou qui ont tendance \u00e0 se charger des probl\u00e8mes des autres.<\/p>","protected":false},"excerpt":{"rendered":"<p><strong>GABRIEL<\/strong> <em>Puret\u00e9, Harmonie, Gentillesse, Clart\u00e9, Calme, Consolation.<\/em><\/p>\n<p>Pour faire face \u00e0 des abus ou des agressions ayant atteint l\u2019int\u00e9grit\u00e9, ou des attaques physique ou psychique.<\/p>","protected":false},"featured_media":4168,"template":"","meta":[],"product_brand":[],"product_cat":[144],"product_tag":[],"class_list":{"0":"post-4167","1":"product","2":"type-product","3":"status-publish","4":"has-post-thumbnail","6":"product_cat-les-elixirs-de-messagers","8":"first","9":"instock","10":"taxable","11":"shipping-taxable","12":"purchasable","13":"product-type-simple"},"etheme_brands":{"errors":{"invalid_taxonomy":["Invalid taxonomy."]},"error_data":[]},"jetpack_sharing_enabled":true,"jetpack-related-posts":[{"id":4175,"url":"https:\/\/artstella-elixirs-floraux.com\/en\/product\/rafael-messagers-sylfos-15ml\/","url_meta":{"origin":4167,"position":0},"title":"RAFAEL (MESSAGERS) SYLFOS 15ML","author":"eveapprill","date":"9 March 2025","format":false,"excerpt":"RAFAEL\u00a0 Int\u00e9grit\u00e9, Gu\u00e9rison, Reconstituant, Unit\u00e9, Perfection profonde. \u00a0 R\u00e9tablit l\u2019Int\u00e9grit\u00e9, ramenant un r\u00e9el \u00e9tat d\u2019\u00e9quilibre, d\u2019harmonie et de gr\u00e2ce.","rel":"","context":"Similar post","block_context":{"text":"Similar post","link":""},"img":{"alt_text":"","src":"","width":0,"height":0},"classes":[]},{"id":12378,"url":"https:\/\/artstella-elixirs-floraux.com\/en\/product\/remede-mineral-rescate-mineral\/","url_meta":{"origin":4167,"position":1},"title":"REMEDE MINERAL &#8211; RESCATE MINERAL","author":"eveapprill","date":"16 March 2026","format":false,"excerpt":"Dans les situations de crise ou d'urgence, il apporte calme et tranquillit\u00e9 en cas de troubles psychiques ou physiques graves. Il aide \u00e0 retrouver harmonieusement les sens et la structure de l'\u00eatre","rel":"","context":"Similar post","block_context":{"text":"Similar post","link":""},"img":{"alt_text":"","src":"https:\/\/i0.wp.com\/artstella-elixirs-floraux.com\/wp-content\/uploads\/2026\/03\/zRescateMineral_1.png?resize=350%2C200&ssl=1","width":350,"height":200},"classes":[]},{"id":3679,"url":"https:\/\/artstella-elixirs-floraux.com\/en\/product\/66-unicorn-ltoe-15-ml\/","url_meta":{"origin":4167,"position":2},"title":"66. UNICORN LTOE 15 ML","author":"eveapprill","date":"9 March 2025","format":false,"excerpt":"Unicorn \/ Licorne : ouvre le point Da-zhui sur la 7e vert\u00e8bre afin de purifier les canaux \u00e9nerg\u00e9tiques de la t\u00eate jusqu\u2019au cerveau. Il apporte une confiance et un optimisme in\u00e9branlables, et aide \u00e0 faire face, sans agressivit\u00e9, aux menaces ext\u00e9rieures.","rel":"","context":"Similar post","block_context":{"text":"Similar post","link":""},"img":{"alt_text":"","src":"https:\/\/i0.wp.com\/artstella-elixirs-floraux.com\/wp-content\/uploads\/2025\/03\/02f90cca-9960-4bd7-8a7b-cb86042dc8dc.jpg?resize=350%2C200&ssl=1","width":350,"height":200,"srcset":"https:\/\/i0.wp.com\/artstella-elixirs-floraux.com\/wp-content\/uploads\/2025\/03\/02f90cca-9960-4bd7-8a7b-cb86042dc8dc.jpg?resize=350%2C200&ssl=1 1x, https:\/\/i0.wp.com\/artstella-elixirs-floraux.com\/wp-content\/uploads\/2025\/03\/02f90cca-9960-4bd7-8a7b-cb86042dc8dc.jpg?resize=525%2C300&ssl=1 1.5x, https:\/\/i0.wp.com\/artstella-elixirs-floraux.com\/wp-content\/uploads\/2025\/03\/02f90cca-9960-4bd7-8a7b-cb86042dc8dc.jpg?resize=700%2C400&ssl=1 2x"},"classes":[]},{"id":2359,"url":"https:\/\/artstella-elixirs-floraux.com\/en\/product\/yarrow-alaskan\/","url_meta":{"origin":4167,"position":3},"title":"Yarrow Alaskan","author":"eveapprill","date":"9 March 2025","format":false,"excerpt":"Yarrow. Achillea borealis. Achill\u00e9e Hypersensibilit\u00e9 \u00e0 l'environnement ; recherche la protection \u00e0 l'ext\u00e9rieur, int\u00e9grit\u00e9 de l'aura atteinte par un accident ou un traumatisme pass\u00e9 ou pr\u00e9sent.","rel":"","context":"Similar post","block_context":{"text":"Similar post","link":""},"img":{"alt_text":"","src":"https:\/\/i0.wp.com\/artstella-elixirs-floraux.com\/wp-content\/uploads\/2025\/03\/wp-image603.png?resize=350%2C200&ssl=1","width":350,"height":200},"classes":[]},{"id":12230,"url":"https:\/\/artstella-elixirs-floraux.com\/en\/product\/1-orchidee-de-lharmonie-sylfos\/","url_meta":{"origin":4167,"position":4},"title":"01. ORCHID\u00c9E DE L\u2019HARMONIE Sylfos","author":"eveapprill","date":"13 March 2026","format":false,"excerpt":"Orchid\u00e9e de l\u2019Harmonie \u2013 Bletia purpurea \u00c9lixir d\u2019\u00e9quilibre \u00e9motionnel et d\u2019alignement int\u00e9rieur. Il harmonise rapidement les \u00e9motions, calme la saturation mentale et stabilise l\u2019hypersensibilit\u00e9. Favorise pr\u00e9sence, clart\u00e9 et s\u00e9r\u00e9nit\u00e9 dans les situations de tension.","rel":"","context":"Similar post","block_context":{"text":"Similar post","link":""},"img":{"alt_text":"","src":"https:\/\/i0.wp.com\/artstella-elixirs-floraux.com\/wp-content\/uploads\/2026\/03\/01_ARMONIA-WEB-2.png?resize=350%2C200&ssl=1","width":350,"height":200},"classes":[]},{"id":4084,"url":"https:\/\/artstella-elixirs-floraux.com\/en\/product\/protection-15-ml-sylfos\/","url_meta":{"origin":4167,"position":5},"title":"PROTECTION 15 ML SYLFOS","author":"eveapprill","date":"9 March 2025","format":false,"excerpt":"Cet \u00e9lixir cr\u00e9e un manteau protecteur au niveau physique et psychique tout en nettoyant le champ \u00e9nerg\u00e9tique. Il favorise l\u2019ancrage et la sensation de stabilit\u00e9. Il peut \u00eatre port\u00e9 dans la poche ou sous l\u2019oreiller la nuit.","rel":"","context":"Similar post","block_context":{"text":"Similar post","link":""},"img":{"alt_text":"","src":"https:\/\/i0.wp.com\/artstella-elixirs-floraux.com\/wp-content\/uploads\/2025\/03\/c979bbc8-e117-4621-96ea-cf965f840245.jpg?resize=350%2C200&ssl=1","width":350,"height":200,"srcset":"https:\/\/i0.wp.com\/artstella-elixirs-floraux.com\/wp-content\/uploads\/2025\/03\/c979bbc8-e117-4621-96ea-cf965f840245.jpg?resize=350%2C200&ssl=1 1x, https:\/\/i0.wp.com\/artstella-elixirs-floraux.com\/wp-content\/uploads\/2025\/03\/c979bbc8-e117-4621-96ea-cf965f840245.jpg?resize=525%2C300&ssl=1 1.5x, https:\/\/i0.wp.com\/artstella-elixirs-floraux.com\/wp-content\/uploads\/2025\/03\/c979bbc8-e117-4621-96ea-cf965f840245.jpg?resize=700%2C400&ssl=1 2x"},"classes":[]}],"_links":{"self":[{"href":"https:\/\/artstella-elixirs-floraux.com\/en\/wp-json\/wp\/v2\/product\/4167","targetHints":{"allow":["GET"]}}],"collection":[{"href":"https:\/\/artstella-elixirs-floraux.com\/en\/wp-json\/wp\/v2\/product"}],"about":[{"href":"https:\/\/artstella-elixirs-floraux.com\/en\/wp-json\/wp\/v2\/types\/product"}],"version-history":[{"count":0,"href":"https:\/\/artstella-elixirs-floraux.com\/en\/wp-json\/wp\/v2\/product\/4167\/revisions"}],"wp:featuredmedia":[{"embeddable":true,"href":"https:\/\/artstella-elixirs-floraux.com\/en\/wp-json\/wp\/v2\/media\/4168"}],"wp:attachment":[{"href":"https:\/\/artstella-elixirs-floraux.com\/en\/wp-json\/wp\/v2\/media?parent=4167"}],"wp:term":[{"taxonomy":"product_brand","embeddable":true,"href":"https:\/\/artstella-elixirs-floraux.com\/en\/wp-json\/wp\/v2\/product_brand?post=4167"},{"taxonomy":"product_cat","embeddable":true,"href":"https:\/\/artstella-elixirs-floraux.com\/en\/wp-json\/wp\/v2\/product_cat?post=4167"},{"taxonomy":"product_tag","embeddable":true,"href":"https:\/\/artstella-elixirs-floraux.com\/en\/wp-json\/wp\/v2\/product_tag?post=4167"}],"curies":[{"name":"wp","href":"https:\/\/api.w.org\/{rel}","templated":true}]}}