{"id":4171,"date":"2025-03-09T13:22:04","date_gmt":"2025-03-09T13:22:04","guid":{"rendered":"https:\/\/artstella-elixirs-floraux.com\/product\/metatron-messagers-sylfos-15-ml\/"},"modified":"2025-04-30T20:39:08","modified_gmt":"2025-04-30T20:39:08","slug":"metatron-messagers-sylfos-15-ml","status":"publish","type":"product","link":"https:\/\/artstella-elixirs-floraux.com\/en\/product\/metatron-messagers-sylfos-15-ml\/","title":{"rendered":"METATRON (MESSAGERS) SYLFOS 15 ML"},"content":{"rendered":"<p><strong>METATRON<\/strong>\u00a0 Cr\u00e9ation divine <em>Aide \u00e0 reprogrammer la vie dans la Grande Lumi\u00e8re, en restructurant l\u2019\u00eatre.<\/em> Soutient le changement et invite \u00e0 \u00e9voluer. Nettoie les sch\u00e9mas profond\u00e9ment enracin\u00e9s. Am\u00e9liore la compr\u00e9hension, soutient la cr\u00e9ativit\u00e9, le divin dans le masculin et au niveau du mental. Travail sur la programmation et la reprogrammation.<\/p>","protected":false},"excerpt":{"rendered":"<p><strong>METATRON<\/strong>\u00a0 Cr\u00e9ation divine <em>Aide \u00e0 reprogrammer la vie dans la Grande Lumi\u00e8re, en restructurant l\u2019\u00eatre.<\/em> Soutient le changement et invite \u00e0 \u00e9voluer&#8230;<\/p>","protected":false},"featured_media":4172,"template":"","meta":[],"product_brand":[],"product_cat":[144],"product_tag":[],"class_list":{"0":"post-4171","1":"product","2":"type-product","3":"status-publish","4":"has-post-thumbnail","6":"product_cat-les-elixirs-de-messagers","8":"first","9":"instock","10":"taxable","11":"shipping-taxable","12":"purchasable","13":"product-type-simple"},"etheme_brands":{"errors":{"invalid_taxonomy":["Invalid taxonomy."]},"error_data":[]},"jetpack_sharing_enabled":true,"jetpack-related-posts":[{"id":4115,"url":"https:\/\/artstella-elixirs-floraux.com\/en\/product\/saumon-sylfos-15ml\/","url_meta":{"origin":4171,"position":0},"title":"SAUMON SYLFOS 15ML","author":"eveapprill","date":"9 March 2025","format":false,"excerpt":"SALM\u00d3N \/ SAUMON\u00a0\u00a0 Connaissance de la Vie \u2013 Confiance \u2013 Libert\u00e9. En voyageur vers le Divin, le saumon\u00a0 aide \u00e0 trouver la signification et l\u2019objectif spirituel de notre vie.","rel":"","context":"Similar post","block_context":{"text":"Similar post","link":""},"img":{"alt_text":"","src":"","width":0,"height":0},"classes":[]},{"id":3066,"url":"https:\/\/artstella-elixirs-floraux.com\/en\/product\/lune-planete-phi-15-ml\/","url_meta":{"origin":4171,"position":1},"title":"LUNE PLANETE PHI 15 ML","author":"eveapprill","date":"9 March 2025","format":false,"excerpt":"LuneCorrespond au principe maternel. Nous relie \u00e0 nouveau \u00e0 l'essence f\u00e9minine divine. Nous aide \u00e0 reconna\u00eetre la gr\u00e2ce divine de la maternit\u00e9. Favorise l'intuition et soutient le sentiment d'appartenance \u00e0 une famille, \u00e0 un groupe.","rel":"","context":"Similar post","block_context":{"text":"Similar post","link":""},"img":{"alt_text":"","src":"https:\/\/i0.wp.com\/artstella-elixirs-floraux.com\/wp-content\/uploads\/2025\/03\/wp-image522.png?resize=350%2C200&ssl=1","width":350,"height":200},"classes":[]},{"id":4169,"url":"https:\/\/artstella-elixirs-floraux.com\/en\/product\/mere-divine-messagers-15ml\/","url_meta":{"origin":4171,"position":2},"title":"MERE DIVINE (MESSAGERS) 15ML","author":"eveapprill","date":"9 March 2025","format":false,"excerpt":"MADRE DIVINA \/ MERE DIVINE Cr\u00e9ation des conditions de l\u2019\u00e9volution \u00b7 Acceptation des contraintes du karma \u00b7 Renforce la r\u00e9alisation de l\u2019\u00e9volution \u00b7 Perfection spirituelle\u00a0","rel":"","context":"Similar post","block_context":{"text":"Similar post","link":""},"img":{"alt_text":"","src":"","width":0,"height":0},"classes":[]},{"id":5104,"url":"https:\/\/artstella-elixirs-floraux.com\/en\/product\/silver-7-5-ml-alas-gem-sup\/","url_meta":{"origin":4171,"position":3},"title":"SILVER 7.5 ML ALAS GEM SUP","author":"eveapprill","date":"9 March 2025","format":false,"excerpt":"Silver \u2013 Argent Indications : manque d\u2019alignement entre le niveau personnel et la Volont\u00e9 Divine; intoxication aux m\u00e9taux lourds; probl\u00e9matiques chroniques dans la partie sup\u00e9rieure du corps due \u00e0 un mauvais alignement\u00a0; connexion faible avec le c\u0153ur et le moi sup\u00e9rieure","rel":"","context":"Similar post","block_context":{"text":"Similar post","link":""},"img":{"alt_text":"","src":"https:\/\/i0.wp.com\/artstella-elixirs-floraux.com\/wp-content\/uploads\/2025\/03\/wp-image1419.png?resize=350%2C200&ssl=1","width":350,"height":200},"classes":[]},{"id":6095,"url":"https:\/\/artstella-elixirs-floraux.com\/en\/product\/collier-beauty\/","url_meta":{"origin":4171,"position":4},"title":"COLLIER \u00ab\u00a0BEAUTY\u00a0\u00bb","author":"eveapprill","date":"9 March 2025","format":false,"excerpt":"La \u00ab beaut\u00e9 de la cr\u00e9ation \u00bb Le grand Tout se b\u00e2tit \u00e0 partir de la plus petite structure. Tout advient selon le plan divin. La Formation nous rappelle l\u2019\u00e9tincelle divine en nous et que tout est reli\u00e9. La Lumi\u00e8re rayonne \u00e0 partir du c\u0153ur dans chaque cellule. Avec une\u2026","rel":"","context":"Similar post","block_context":{"text":"Similar post","link":""},"img":{"alt_text":"","src":"https:\/\/i0.wp.com\/artstella-elixirs-floraux.com\/wp-content\/uploads\/2025\/03\/wp-image2129.png?resize=350%2C200&ssl=1","width":350,"height":200,"srcset":"https:\/\/i0.wp.com\/artstella-elixirs-floraux.com\/wp-content\/uploads\/2025\/03\/wp-image2129.png?resize=350%2C200&ssl=1 1x, https:\/\/i0.wp.com\/artstella-elixirs-floraux.com\/wp-content\/uploads\/2025\/03\/wp-image2129.png?resize=525%2C300&ssl=1 1.5x, https:\/\/i0.wp.com\/artstella-elixirs-floraux.com\/wp-content\/uploads\/2025\/03\/wp-image2129.png?resize=700%2C400&ssl=1 2x"},"classes":[]},{"id":5518,"url":"https:\/\/artstella-elixirs-floraux.com\/en\/product\/orque\/","url_meta":{"origin":4171,"position":5},"title":"ORQUE","author":"eveapprill","date":"9 March 2025","format":false,"excerpt":"ORQUE - Orca (Orcinus Orca) Cet \u00e9lixir a une forte action au niveau du chakra du c\u0153ur et nous relie \u00e0 la cinqui\u00e8me dimension. Il nous relie \u00e0 notre force int\u00e9rieure et nous permet de puiser dans notre potentiel de cr\u00e9ation, pour nous relier \u00e0 la lumi\u00e8re. Dans cette dimension,\u2026","rel":"","context":"Similar post","block_context":{"text":"Similar post","link":""},"img":{"alt_text":"","src":"https:\/\/i0.wp.com\/artstella-elixirs-floraux.com\/wp-content\/uploads\/2025\/03\/wp-image1754.png?resize=350%2C200&ssl=1","width":350,"height":200},"classes":[]}],"_links":{"self":[{"href":"https:\/\/artstella-elixirs-floraux.com\/en\/wp-json\/wp\/v2\/product\/4171","targetHints":{"allow":["GET"]}}],"collection":[{"href":"https:\/\/artstella-elixirs-floraux.com\/en\/wp-json\/wp\/v2\/product"}],"about":[{"href":"https:\/\/artstella-elixirs-floraux.com\/en\/wp-json\/wp\/v2\/types\/product"}],"version-history":[{"count":0,"href":"https:\/\/artstella-elixirs-floraux.com\/en\/wp-json\/wp\/v2\/product\/4171\/revisions"}],"wp:featuredmedia":[{"embeddable":true,"href":"https:\/\/artstella-elixirs-floraux.com\/en\/wp-json\/wp\/v2\/media\/4172"}],"wp:attachment":[{"href":"https:\/\/artstella-elixirs-floraux.com\/en\/wp-json\/wp\/v2\/media?parent=4171"}],"wp:term":[{"taxonomy":"product_brand","embeddable":true,"href":"https:\/\/artstella-elixirs-floraux.com\/en\/wp-json\/wp\/v2\/product_brand?post=4171"},{"taxonomy":"product_cat","embeddable":true,"href":"https:\/\/artstella-elixirs-floraux.com\/en\/wp-json\/wp\/v2\/product_cat?post=4171"},{"taxonomy":"product_tag","embeddable":true,"href":"https:\/\/artstella-elixirs-floraux.com\/en\/wp-json\/wp\/v2\/product_tag?post=4171"}],"curies":[{"name":"wp","href":"https:\/\/api.w.org\/{rel}","templated":true}]}}