{"id":4173,"date":"2025-03-09T13:22:05","date_gmt":"2025-03-09T13:22:05","guid":{"rendered":"https:\/\/artstella-elixirs-floraux.com\/product\/michael-messagers-sylfos-15ml\/"},"modified":"2025-04-30T20:39:08","modified_gmt":"2025-04-30T20:39:08","slug":"michael-messagers-sylfos-15ml","status":"publish","type":"product","link":"https:\/\/artstella-elixirs-floraux.com\/en\/product\/michael-messagers-sylfos-15ml\/","title":{"rendered":"MICHAEL (MESSAGERS) SYLFOS 15ML"},"content":{"rendered":"<p><strong>MICHAEL<\/strong> <em>Int\u00e9grit\u00e9, V\u00e9rit\u00e9, direction correcte, Force, vigueur et puissance,\u00a0 Courage pour affronter les obstacles, m\u00eame les plus importants, Protection dans l\u2019action, R\u00e9tablissement de la foi.<\/em><\/p>\n<p>Permet de clarifier les pens\u00e9es pour accepter la v\u00e9rit\u00e9 de ce que nous sommes. Accro\u00eet l\u2019int\u00e9grit\u00e9 de l\u2019\u00eatre. Pour les personnes qui manquent du sens de leur propre valeur. Abus de substances, addictions\u2026.. Pour les personnes qui ne pr\u00eatent pas attention \u00e0 la vie humaine (autant la leur que celle des autres).<\/p>","protected":false},"excerpt":{"rendered":"<p><strong>MICHAEL<\/strong> <em>Int\u00e9grit\u00e9, V\u00e9rit\u00e9, direction correcte, Force, vigueur et puissance,\u00a0 Courage pour affronter les obstacles, m\u00eame les plus importants, Protection dans l\u2019action, R\u00e9tablissement de la foi.<\/em><\/p>","protected":false},"featured_media":4174,"template":"","meta":[],"product_brand":[],"product_cat":[144],"product_tag":[],"class_list":{"0":"post-4173","1":"product","2":"type-product","3":"status-publish","4":"has-post-thumbnail","6":"product_cat-les-elixirs-de-messagers","8":"first","9":"instock","10":"taxable","11":"shipping-taxable","12":"purchasable","13":"product-type-simple"},"etheme_brands":{"errors":{"invalid_taxonomy":["Invalid taxonomy."]},"error_data":[]},"jetpack_sharing_enabled":true,"jetpack-related-posts":[{"id":4175,"url":"https:\/\/artstella-elixirs-floraux.com\/en\/product\/rafael-messagers-sylfos-15ml\/","url_meta":{"origin":4173,"position":0},"title":"RAFAEL (MESSAGERS) SYLFOS 15ML","author":"eveapprill","date":"9 March 2025","format":false,"excerpt":"RAFAEL\u00a0 Int\u00e9grit\u00e9, Gu\u00e9rison, Reconstituant, Unit\u00e9, Perfection profonde. \u00a0 R\u00e9tablit l\u2019Int\u00e9grit\u00e9, ramenant un r\u00e9el \u00e9tat d\u2019\u00e9quilibre, d\u2019harmonie et de gr\u00e2ce.","rel":"","context":"Similar post","block_context":{"text":"Similar post","link":""},"img":{"alt_text":"","src":"","width":0,"height":0},"classes":[]},{"id":6088,"url":"https:\/\/artstella-elixirs-floraux.com\/en\/product\/higher-courage-ltoe-15ml\/","url_meta":{"origin":4173,"position":1},"title":"Higher Courage LTOE 15ml","author":"eveapprill","date":"9 March 2025","format":false,"excerpt":"Higher Courage Phragmipedium besseae Grand Courage Gu\u00e9rit et ouvre le chakra du Coeur de fa\u00e7on \u00e0 ce que sa force et son courage soit r\u00e9tablis. L\u2019\u00e9lixir est associ\u00e9 \u00e0 Andean Fire (Feu des Andes). Pour des traumas de vie pass\u00e9e, prendre Andean Fire en premier lieu, puis enchainer avec Higher\u2026","rel":"","context":"Similar post","block_context":{"text":"Similar post","link":""},"img":{"alt_text":"","src":"","width":0,"height":0},"classes":[]},{"id":3621,"url":"https:\/\/artstella-elixirs-floraux.com\/en\/product\/messager-du-coeur-ltoe-15-ml\/","url_meta":{"origin":4173,"position":2},"title":"Messager du c\u0153ur LTOE 15 ML","author":"eveapprill","date":"9 March 2025","format":false,"excerpt":"Messenger of the Heart \/ Messager du c\u0153ur Tel un messager sur un cheval blanc, galopant au travers du coeur et pouss\u00e9 par un d\u00e9sir vif d\u2019\u00eatre honn\u00eate et int\u00e8gre, cet \u00e9lixir r\u00e9v\u00e8le les valeurs que l\u2019on tient le plus profond\u00e9ment \u00e0 c\u0153ur. Il aide le c\u0153ur \u00e0 exprimer sa\u2026","rel":"","context":"Similar post","block_context":{"text":"Similar post","link":""},"img":{"alt_text":"","src":"https:\/\/i0.wp.com\/artstella-elixirs-floraux.com\/wp-content\/uploads\/2025\/03\/7c5bf41d-e65b-4d8e-832d-86be0faa2182.jpg?resize=350%2C200&ssl=1","width":350,"height":200,"srcset":"https:\/\/i0.wp.com\/artstella-elixirs-floraux.com\/wp-content\/uploads\/2025\/03\/7c5bf41d-e65b-4d8e-832d-86be0faa2182.jpg?resize=350%2C200&ssl=1 1x, https:\/\/i0.wp.com\/artstella-elixirs-floraux.com\/wp-content\/uploads\/2025\/03\/7c5bf41d-e65b-4d8e-832d-86be0faa2182.jpg?resize=525%2C300&ssl=1 1.5x, https:\/\/i0.wp.com\/artstella-elixirs-floraux.com\/wp-content\/uploads\/2025\/03\/7c5bf41d-e65b-4d8e-832d-86be0faa2182.jpg?resize=700%2C400&ssl=1 2x"},"classes":[]},{"id":3687,"url":"https:\/\/artstella-elixirs-floraux.com\/en\/product\/70-voice-of-courage-ltoe-15ml\/","url_meta":{"origin":4173,"position":3},"title":"70. VOICE OF COURAGE LTOE 15ML","author":"eveapprill","date":"9 March 2025","format":false,"excerpt":"Voice of Courage \/ la Voix du courage Un \u00e9lixir tr\u00e8s important pour gu\u00e9rir les niveaux profonds du 3\u00e8me chakra, de m\u00eame qu\u2019il \u00e9nerg\u00e9tise le chakra de la gorge. Donne force et courage et permet de renouveler notre engagement par rapport aux buts de notre \u00e2me dans cette vie","rel":"","context":"Similar post","block_context":{"text":"Similar post","link":""},"img":{"alt_text":"","src":"https:\/\/i0.wp.com\/artstella-elixirs-floraux.com\/wp-content\/uploads\/2025\/03\/29909093-978a-4b79-857b-1fffc2be6331.jpg?resize=350%2C200&ssl=1","width":350,"height":200,"srcset":"https:\/\/i0.wp.com\/artstella-elixirs-floraux.com\/wp-content\/uploads\/2025\/03\/29909093-978a-4b79-857b-1fffc2be6331.jpg?resize=350%2C200&ssl=1 1x, https:\/\/i0.wp.com\/artstella-elixirs-floraux.com\/wp-content\/uploads\/2025\/03\/29909093-978a-4b79-857b-1fffc2be6331.jpg?resize=525%2C300&ssl=1 1.5x, https:\/\/i0.wp.com\/artstella-elixirs-floraux.com\/wp-content\/uploads\/2025\/03\/29909093-978a-4b79-857b-1fffc2be6331.jpg?resize=700%2C400&ssl=1 2x"},"classes":[]},{"id":5546,"url":"https:\/\/artstella-elixirs-floraux.com\/en\/product\/cardo-chardon-sylfos-15-ml\/","url_meta":{"origin":4173,"position":4},"title":"CARDO \/ CHARDON Sylfos 15 ml","author":"eveapprill","date":"9 March 2025","format":false,"excerpt":"CARDO \/ CHARDON\u00a0 Cirsium vulgare \u00a0Un \u00e9lixir de courage qui nous aide \u00e0 trouver notre v\u00e9ritable valeur dans les p\u00e9riodes adverses et qui nous permet de r\u00e9pondre avec une action positive.","rel":"","context":"Similar post","block_context":{"text":"Similar post","link":""},"img":{"alt_text":"","src":"","width":0,"height":0},"classes":[]},{"id":2359,"url":"https:\/\/artstella-elixirs-floraux.com\/en\/product\/yarrow-alaskan\/","url_meta":{"origin":4173,"position":5},"title":"Yarrow Alaskan","author":"eveapprill","date":"9 March 2025","format":false,"excerpt":"Yarrow. Achillea borealis. Achill\u00e9e Hypersensibilit\u00e9 \u00e0 l'environnement ; recherche la protection \u00e0 l'ext\u00e9rieur, int\u00e9grit\u00e9 de l'aura atteinte par un accident ou un traumatisme pass\u00e9 ou pr\u00e9sent.","rel":"","context":"Similar post","block_context":{"text":"Similar post","link":""},"img":{"alt_text":"","src":"https:\/\/i0.wp.com\/artstella-elixirs-floraux.com\/wp-content\/uploads\/2025\/03\/wp-image603.png?resize=350%2C200&ssl=1","width":350,"height":200},"classes":[]}],"_links":{"self":[{"href":"https:\/\/artstella-elixirs-floraux.com\/en\/wp-json\/wp\/v2\/product\/4173","targetHints":{"allow":["GET"]}}],"collection":[{"href":"https:\/\/artstella-elixirs-floraux.com\/en\/wp-json\/wp\/v2\/product"}],"about":[{"href":"https:\/\/artstella-elixirs-floraux.com\/en\/wp-json\/wp\/v2\/types\/product"}],"version-history":[{"count":0,"href":"https:\/\/artstella-elixirs-floraux.com\/en\/wp-json\/wp\/v2\/product\/4173\/revisions"}],"wp:featuredmedia":[{"embeddable":true,"href":"https:\/\/artstella-elixirs-floraux.com\/en\/wp-json\/wp\/v2\/media\/4174"}],"wp:attachment":[{"href":"https:\/\/artstella-elixirs-floraux.com\/en\/wp-json\/wp\/v2\/media?parent=4173"}],"wp:term":[{"taxonomy":"product_brand","embeddable":true,"href":"https:\/\/artstella-elixirs-floraux.com\/en\/wp-json\/wp\/v2\/product_brand?post=4173"},{"taxonomy":"product_cat","embeddable":true,"href":"https:\/\/artstella-elixirs-floraux.com\/en\/wp-json\/wp\/v2\/product_cat?post=4173"},{"taxonomy":"product_tag","embeddable":true,"href":"https:\/\/artstella-elixirs-floraux.com\/en\/wp-json\/wp\/v2\/product_tag?post=4173"}],"curies":[{"name":"wp","href":"https:\/\/api.w.org\/{rel}","templated":true}]}}