{"id":4175,"date":"2025-03-09T13:22:06","date_gmt":"2025-03-09T13:22:06","guid":{"rendered":"https:\/\/artstella-elixirs-floraux.com\/product\/rafael-messagers-sylfos-15ml\/"},"modified":"2025-04-30T20:39:08","modified_gmt":"2025-04-30T20:39:08","slug":"rafael-messagers-sylfos-15ml","status":"publish","type":"product","link":"https:\/\/artstella-elixirs-floraux.com\/en\/product\/rafael-messagers-sylfos-15ml\/","title":{"rendered":"RAFAEL (MESSAGERS) SYLFOS 15ML"},"content":{"rendered":"<p><strong>RAFAEL<\/strong>\u00a0 <em>Int\u00e9grit\u00e9, Gu\u00e9rison, Reconstituant, Unit\u00e9, Perfection profonde. \u00a0<\/em><\/p>\n<p>R\u00e9tablit l\u2019Int\u00e9grit\u00e9, ramenant un r\u00e9el \u00e9tat d\u2019\u00e9quilibre, d\u2019harmonie et de gr\u00e2ce. Aide \u00e0 r\u00e9tablir ou gu\u00e9rir les relations entre deux personnes (pour ce travail, le r\u00e9sultat sera meilleur si les deux personnes prennent le m\u00eame \u00e9lixir). Gu\u00e9rison de l\u2019\u00e2me. R\u00e9pare les br\u00e8ches, les d\u00e9chirures, dans le corps physique, \u00e9th\u00e9rique, \u00e9motionnel ou mental<\/p>","protected":false},"excerpt":{"rendered":"<p><strong>RAFAEL<\/strong>\u00a0 <em>Int\u00e9grit\u00e9, Gu\u00e9rison, Reconstituant, Unit\u00e9, Perfection profonde. \u00a0<\/em><\/p>\n<p>R\u00e9tablit l\u2019Int\u00e9grit\u00e9, ramenant un r\u00e9el \u00e9tat d\u2019\u00e9quilibre, d\u2019harmonie et de gr\u00e2ce.<\/p>","protected":false},"featured_media":4176,"template":"","meta":[],"product_brand":[],"product_cat":[144],"product_tag":[],"class_list":{"0":"post-4175","1":"product","2":"type-product","3":"status-publish","4":"has-post-thumbnail","6":"product_cat-les-elixirs-de-messagers","8":"first","9":"instock","10":"taxable","11":"shipping-taxable","12":"purchasable","13":"product-type-simple"},"etheme_brands":{"errors":{"invalid_taxonomy":["Invalid taxonomy."]},"error_data":[]},"jetpack_sharing_enabled":true,"jetpack-related-posts":[{"id":4173,"url":"https:\/\/artstella-elixirs-floraux.com\/en\/product\/michael-messagers-sylfos-15ml\/","url_meta":{"origin":4175,"position":0},"title":"MICHAEL (MESSAGERS) SYLFOS 15ML","author":"eveapprill","date":"9 March 2025","format":false,"excerpt":"MICHAEL Int\u00e9grit\u00e9, V\u00e9rit\u00e9, direction correcte, Force, vigueur et puissance,\u00a0 Courage pour affronter les obstacles, m\u00eame les plus importants, Protection dans l\u2019action, R\u00e9tablissement de la foi.","rel":"","context":"Similar post","block_context":{"text":"Similar post","link":""},"img":{"alt_text":"","src":"","width":0,"height":0},"classes":[]},{"id":4167,"url":"https:\/\/artstella-elixirs-floraux.com\/en\/product\/gabriel-messagers-sylfos-15ml\/","url_meta":{"origin":4175,"position":1},"title":"GABRIEL (MESSAGERS) SYLFOS 15ML","author":"eveapprill","date":"9 March 2025","format":false,"excerpt":"GABRIEL Puret\u00e9, Harmonie, Gentillesse, Clart\u00e9, Calme, Consolation. Pour faire face \u00e0 des abus ou des agressions ayant atteint l\u2019int\u00e9grit\u00e9, ou des attaques physique ou psychique.","rel":"","context":"Similar post","block_context":{"text":"Similar post","link":""},"img":{"alt_text":"","src":"","width":0,"height":0},"classes":[]},{"id":2773,"url":"https:\/\/artstella-elixirs-floraux.com\/en\/product\/lac-baikal-bush-lf\/","url_meta":{"origin":4175,"position":2},"title":"LAC BAIKAL BUSH LF","author":"eveapprill","date":"9 March 2025","format":false,"excerpt":"Lake Baikal Essence\u2013 Elixir du lac Ba\u00efkal Aide \u00e0 r\u00e9unir les corps mental et \u00e9motionnel, favorise la gu\u00e9rison int\u00e9rieure, int\u00e8gre le masculin et le f\u00e9minin Divins de chacun et peut ramener la joie dans le coeur et dans l\u2019\u00e2me.","rel":"","context":"Similar post","block_context":{"text":"Similar post","link":""},"img":{"alt_text":"","src":"https:\/\/i0.wp.com\/artstella-elixirs-floraux.com\/wp-content\/uploads\/2025\/03\/aa91b964-46de-4b2e-8951-385a8475c42a.jpg?resize=350%2C200&ssl=1","width":350,"height":200,"srcset":"https:\/\/i0.wp.com\/artstella-elixirs-floraux.com\/wp-content\/uploads\/2025\/03\/aa91b964-46de-4b2e-8951-385a8475c42a.jpg?resize=350%2C200&ssl=1 1x, https:\/\/i0.wp.com\/artstella-elixirs-floraux.com\/wp-content\/uploads\/2025\/03\/aa91b964-46de-4b2e-8951-385a8475c42a.jpg?resize=525%2C300&ssl=1 1.5x, https:\/\/i0.wp.com\/artstella-elixirs-floraux.com\/wp-content\/uploads\/2025\/03\/aa91b964-46de-4b2e-8951-385a8475c42a.jpg?resize=700%2C400&ssl=1 2x"},"classes":[]},{"id":3669,"url":"https:\/\/artstella-elixirs-floraux.com\/en\/product\/60-songline-ltoe-15-ml\/","url_meta":{"origin":4175,"position":3},"title":"60. SONGLINE LTOE 15 ML","author":"eveapprill","date":"9 March 2025","format":false,"excerpt":"Songline \/ Partition ang\u00e9lique : transmet une chanson d\u2019amour et cr\u00e9e un lien avec les chorales ang\u00e9liques. Il aide \u00e0 r\u00e9tablir l\u2019aur\u00e9ole lumineuse au-dessus du chakra coronal afin d\u2019\u00e9veiller \u00e0 la responsabilit\u00e9 des sons et de la parole. Il encourage la fid\u00e9lit\u00e9 \u00e0 soi-m\u00eame et \u00e0 son unique contrat spirituel\u2026","rel":"","context":"Similar post","block_context":{"text":"Similar post","link":""},"img":{"alt_text":"","src":"https:\/\/i0.wp.com\/artstella-elixirs-floraux.com\/wp-content\/uploads\/2025\/03\/5fb6f237-5497-466b-8a9a-1f4eee1bb2f2.jpg?resize=350%2C200&ssl=1","width":350,"height":200,"srcset":"https:\/\/i0.wp.com\/artstella-elixirs-floraux.com\/wp-content\/uploads\/2025\/03\/5fb6f237-5497-466b-8a9a-1f4eee1bb2f2.jpg?resize=350%2C200&ssl=1 1x, https:\/\/i0.wp.com\/artstella-elixirs-floraux.com\/wp-content\/uploads\/2025\/03\/5fb6f237-5497-466b-8a9a-1f4eee1bb2f2.jpg?resize=525%2C300&ssl=1 1.5x, https:\/\/i0.wp.com\/artstella-elixirs-floraux.com\/wp-content\/uploads\/2025\/03\/5fb6f237-5497-466b-8a9a-1f4eee1bb2f2.jpg?resize=700%2C400&ssl=1 2x"},"classes":[]},{"id":3545,"url":"https:\/\/artstella-elixirs-floraux.com\/en\/product\/5-being-in-grace-ltoe-15-ml\/","url_meta":{"origin":4175,"position":4},"title":"5. BEING IN GRACE LTOE 15 ML","author":"eveapprill","date":"9 March 2025","format":false,"excerpt":"\u00c9tat de gr\u00e2ce \/ Being in Grace (Ascocenda Princes Mikasa) Cet \u00e9lixir fut cr\u00e9\u00e9 \u00e0 partir d\u2019une Vanda \u00e0 grosses fleurs d\u2019un violet vif. La couleur de la fleur est centrale au processus de gu\u00e9rison.","rel":"","context":"Similar post","block_context":{"text":"Similar post","link":""},"img":{"alt_text":"","src":"https:\/\/i0.wp.com\/artstella-elixirs-floraux.com\/wp-content\/uploads\/2025\/03\/839c7804-29a0-4445-a10a-679a65288c04.jpg?resize=350%2C200&ssl=1","width":350,"height":200,"srcset":"https:\/\/i0.wp.com\/artstella-elixirs-floraux.com\/wp-content\/uploads\/2025\/03\/839c7804-29a0-4445-a10a-679a65288c04.jpg?resize=350%2C200&ssl=1 1x, https:\/\/i0.wp.com\/artstella-elixirs-floraux.com\/wp-content\/uploads\/2025\/03\/839c7804-29a0-4445-a10a-679a65288c04.jpg?resize=525%2C300&ssl=1 1.5x, https:\/\/i0.wp.com\/artstella-elixirs-floraux.com\/wp-content\/uploads\/2025\/03\/839c7804-29a0-4445-a10a-679a65288c04.jpg?resize=700%2C400&ssl=1 2x"},"classes":[]},{"id":3591,"url":"https:\/\/artstella-elixirs-floraux.com\/en\/product\/22-healing-the-higher-heart-lto-15-ml\/","url_meta":{"origin":4175,"position":5},"title":"Gu\u00e9rir le Coeur profond 15 ml LTO","author":"eveapprill","date":"9 March 2025","format":false,"excerpt":"Healing the higher Heart \/ Gu\u00e9rir le Coeur profond ( Vascostylis Roll on REd) Cette orchid\u00e9e a donn\u00e9 deux \u00e9lixirs : \"Spirit of the higher heart\" et celui-ci auquel a \u00e9t\u00e9 ajout\u00e9 un \u00e9lixir d'or de 24 carats qui en augmente","rel":"","context":"Similar post","block_context":{"text":"Similar post","link":""},"img":{"alt_text":"","src":"https:\/\/i0.wp.com\/artstella-elixirs-floraux.com\/wp-content\/uploads\/2025\/03\/a754891c-844e-4215-981b-f8ca5ffa55a9.jpg?resize=350%2C200&ssl=1","width":350,"height":200,"srcset":"https:\/\/i0.wp.com\/artstella-elixirs-floraux.com\/wp-content\/uploads\/2025\/03\/a754891c-844e-4215-981b-f8ca5ffa55a9.jpg?resize=350%2C200&ssl=1 1x, https:\/\/i0.wp.com\/artstella-elixirs-floraux.com\/wp-content\/uploads\/2025\/03\/a754891c-844e-4215-981b-f8ca5ffa55a9.jpg?resize=525%2C300&ssl=1 1.5x, https:\/\/i0.wp.com\/artstella-elixirs-floraux.com\/wp-content\/uploads\/2025\/03\/a754891c-844e-4215-981b-f8ca5ffa55a9.jpg?resize=700%2C400&ssl=1 2x"},"classes":[]}],"_links":{"self":[{"href":"https:\/\/artstella-elixirs-floraux.com\/en\/wp-json\/wp\/v2\/product\/4175","targetHints":{"allow":["GET"]}}],"collection":[{"href":"https:\/\/artstella-elixirs-floraux.com\/en\/wp-json\/wp\/v2\/product"}],"about":[{"href":"https:\/\/artstella-elixirs-floraux.com\/en\/wp-json\/wp\/v2\/types\/product"}],"version-history":[{"count":0,"href":"https:\/\/artstella-elixirs-floraux.com\/en\/wp-json\/wp\/v2\/product\/4175\/revisions"}],"wp:featuredmedia":[{"embeddable":true,"href":"https:\/\/artstella-elixirs-floraux.com\/en\/wp-json\/wp\/v2\/media\/4176"}],"wp:attachment":[{"href":"https:\/\/artstella-elixirs-floraux.com\/en\/wp-json\/wp\/v2\/media?parent=4175"}],"wp:term":[{"taxonomy":"product_brand","embeddable":true,"href":"https:\/\/artstella-elixirs-floraux.com\/en\/wp-json\/wp\/v2\/product_brand?post=4175"},{"taxonomy":"product_cat","embeddable":true,"href":"https:\/\/artstella-elixirs-floraux.com\/en\/wp-json\/wp\/v2\/product_cat?post=4175"},{"taxonomy":"product_tag","embeddable":true,"href":"https:\/\/artstella-elixirs-floraux.com\/en\/wp-json\/wp\/v2\/product_tag?post=4175"}],"curies":[{"name":"wp","href":"https:\/\/api.w.org\/{rel}","templated":true}]}}