{"id":4177,"date":"2025-03-09T13:22:08","date_gmt":"2025-03-09T13:22:08","guid":{"rendered":"https:\/\/artstella-elixirs-floraux.com\/product\/uriel-messagers-sylfos-15ml\/"},"modified":"2025-04-30T20:39:08","modified_gmt":"2025-04-30T20:39:08","slug":"uriel-messagers-sylfos-15ml","status":"publish","type":"product","link":"https:\/\/artstella-elixirs-floraux.com\/en\/product\/uriel-messagers-sylfos-15ml\/","title":{"rendered":"URIEL (MESSAGERS) SYLFOS 15ML"},"content":{"rendered":"<p><strong>URIEL<\/strong> <em>Service d\u00e9sint\u00e9ress\u00e9, <\/em><em>Don, Accueil, Service, Discernement, Paix, Reconnaissance du Divin en toute chose.<\/em><\/p>\n<p>Augmente le courage sur le chemin de vie, en combinant les aspects de l\u2019amour, de la sagesse et du pouvoir. Ouvre au service et au monde et nous aide \u00e0 recevoir aussi. Aide \u00e0 nous connecter avec la source universelle<\/p>","protected":false},"excerpt":{"rendered":"<p><strong>URIEL<\/strong> <em>Service d\u00e9sint\u00e9ress\u00e9, <\/em><em>Don, Accueil, Service, Discernement, Paix, Reconnaissance du Divin en toute chose.<\/em><\/p>","protected":false},"featured_media":4178,"template":"","meta":[],"product_brand":[],"product_cat":[144],"product_tag":[],"class_list":{"0":"post-4177","1":"product","2":"type-product","3":"status-publish","4":"has-post-thumbnail","6":"product_cat-les-elixirs-de-messagers","8":"first","9":"instock","10":"taxable","11":"shipping-taxable","12":"purchasable","13":"product-type-simple"},"etheme_brands":{"errors":{"invalid_taxonomy":["Invalid taxonomy."]},"error_data":[]},"jetpack_sharing_enabled":true,"jetpack-related-posts":[{"id":3611,"url":"https:\/\/artstella-elixirs-floraux.com\/en\/product\/liberation-deception-ltoe-15-ml\/","url_meta":{"origin":4177,"position":0},"title":"Lib\u00e9ration &#8211; D\u00e9ception LTOE 15 ml","author":"eveapprill","date":"9 March 2025","format":false,"excerpt":"Lib\u00e9ration - D\u00e9ception On se leurre facilement en prenant nos d\u00e9sirs pour la r\u00e9alit\u00e9 ! Comment distinguer le vrai de l\u2019illusoire ? La lib\u00e9ration se trouve-t-elle dans l\u2019expression politique, dans la danse hypnotique ou dans la fum\u00e9e ?","rel":"","context":"Similar post","block_context":{"text":"Similar post","link":""},"img":{"alt_text":"Lib\u00e9ration - D\u00e9ception LTOE 15 ml","src":"https:\/\/i0.wp.com\/artstella-elixirs-floraux.com\/wp-content\/uploads\/2025\/03\/6e4e685b-bc13-4273-a4b5-07663997e073.jpg?resize=350%2C200&ssl=1","width":350,"height":200,"srcset":"https:\/\/i0.wp.com\/artstella-elixirs-floraux.com\/wp-content\/uploads\/2025\/03\/6e4e685b-bc13-4273-a4b5-07663997e073.jpg?resize=350%2C200&ssl=1 1x, https:\/\/i0.wp.com\/artstella-elixirs-floraux.com\/wp-content\/uploads\/2025\/03\/6e4e685b-bc13-4273-a4b5-07663997e073.jpg?resize=525%2C300&ssl=1 1.5x, https:\/\/i0.wp.com\/artstella-elixirs-floraux.com\/wp-content\/uploads\/2025\/03\/6e4e685b-bc13-4273-a4b5-07663997e073.jpg?resize=700%2C400&ssl=1 2x"},"classes":[]},{"id":4837,"url":"https:\/\/artstella-elixirs-floraux.com\/en\/product\/vivre-le-divin-en-tte-chose\/","url_meta":{"origin":4177,"position":1},"title":"VIVRE LE DIVIN EN TTE CHOSE","author":"eveapprill","date":"9 March 2025","format":false,"excerpt":"VIVRE LE DIVIN EN TOUTE CHOSE L'exp\u00e9rience du jardin de Perelandra par Machaelle Small Wright Editions Co-Cr\u00e9atives","rel":"","context":"Similar post","block_context":{"text":"Similar post","link":""},"img":{"alt_text":"","src":"https:\/\/i0.wp.com\/artstella-elixirs-floraux.com\/wp-content\/uploads\/2025\/03\/wp-image1348.png?resize=350%2C200&ssl=1","width":350,"height":200},"classes":[]},{"id":2619,"url":"https:\/\/artstella-elixirs-floraux.com\/en\/product\/angelsword-15ml\/","url_meta":{"origin":4177,"position":2},"title":"ANGELSWORD 15ml","author":"eveapprill","date":"9 March 2025","format":false,"excerpt":"Angelsword Difficult\u00e9 \u00e0 se connecter avec son Moi sup\u00e9rieur. Discernement spirituel, lib\u00e9ration des \u00e9nergies psychiques n\u00e9gatives, acc\u00e8s aux dons des vies ant\u00e9rieures, communication spirituelle sans entraves.","rel":"","context":"Similar post","block_context":{"text":"Similar post","link":""},"img":{"alt_text":"","src":"https:\/\/i0.wp.com\/artstella-elixirs-floraux.com\/wp-content\/uploads\/2025\/03\/Angelsword-.jpg?resize=350%2C200&ssl=1","width":350,"height":200,"srcset":"https:\/\/i0.wp.com\/artstella-elixirs-floraux.com\/wp-content\/uploads\/2025\/03\/Angelsword-.jpg?resize=350%2C200&ssl=1 1x, https:\/\/i0.wp.com\/artstella-elixirs-floraux.com\/wp-content\/uploads\/2025\/03\/Angelsword-.jpg?resize=525%2C300&ssl=1 1.5x, https:\/\/i0.wp.com\/artstella-elixirs-floraux.com\/wp-content\/uploads\/2025\/03\/Angelsword-.jpg?resize=700%2C400&ssl=1 2x"},"classes":[]},{"id":5003,"url":"https:\/\/artstella-elixirs-floraux.com\/en\/product\/star-gentian-alaskan-f-sup\/","url_meta":{"origin":4177,"position":3},"title":"STAR GENTIAN ALASKAN F SUP","author":"eveapprill","date":"9 March 2025","format":false,"excerpt":"Star Gentian\u00a0 Swertia perennis Swertie vivace Indications\u00a0: insensibilit\u00e9, manque de d\u00e9votion ou d\u2019engagement \u00e0 des id\u00e9aux \u00e9lev\u00e9s\u00a0; tendance \u00e0 la comp\u00e9tition plut\u00f4t qu\u2019\u00e0 la coop\u00e9ration.","rel":"","context":"Similar post","block_context":{"text":"Similar post","link":""},"img":{"alt_text":"","src":"","width":0,"height":0},"classes":[]},{"id":4401,"url":"https:\/\/artstella-elixirs-floraux.com\/en\/product\/loving-service-30-ml-wea\/","url_meta":{"origin":4177,"position":4},"title":"LOVING SERVICE 30 ML WEA","author":"eveapprill","date":"9 March 2025","format":false,"excerpt":"Loving Service (l'amour d\u00e9vou\u00e9) Aide \u00e0 s\u2019engager pleinement au service des autres.","rel":"","context":"Similar post","block_context":{"text":"Similar post","link":""},"img":{"alt_text":"","src":"","width":0,"height":0},"classes":[]},{"id":2767,"url":"https:\/\/artstella-elixirs-floraux.com\/en\/product\/antarctic-bush-lf\/","url_meta":{"origin":4177,"position":5},"title":"ANTARCTIC BUSH LF","author":"eveapprill","date":"9 March 2025","format":false,"excerpt":"Antarctic Essence \u2013 Elixir de l'Antarctique Favorise le calme, la paix et le repos. Donne une meilleure vision de ce qui est n\u00e9cessaire et essentiel dans la vie. Antarctic Essence r\u00e9v\u00e8le et dissout les aspects profonds et cach\u00e9s de notre personnalit\u00e9.","rel":"","context":"Similar post","block_context":{"text":"Similar post","link":""},"img":{"alt_text":"","src":"https:\/\/i0.wp.com\/artstella-elixirs-floraux.com\/wp-content\/uploads\/2025\/03\/619e443f-a1e4-4582-9202-7ae7c3b159c7.jpg?resize=350%2C200&ssl=1","width":350,"height":200,"srcset":"https:\/\/i0.wp.com\/artstella-elixirs-floraux.com\/wp-content\/uploads\/2025\/03\/619e443f-a1e4-4582-9202-7ae7c3b159c7.jpg?resize=350%2C200&ssl=1 1x, https:\/\/i0.wp.com\/artstella-elixirs-floraux.com\/wp-content\/uploads\/2025\/03\/619e443f-a1e4-4582-9202-7ae7c3b159c7.jpg?resize=525%2C300&ssl=1 1.5x, https:\/\/i0.wp.com\/artstella-elixirs-floraux.com\/wp-content\/uploads\/2025\/03\/619e443f-a1e4-4582-9202-7ae7c3b159c7.jpg?resize=700%2C400&ssl=1 2x"},"classes":[]}],"_links":{"self":[{"href":"https:\/\/artstella-elixirs-floraux.com\/en\/wp-json\/wp\/v2\/product\/4177","targetHints":{"allow":["GET"]}}],"collection":[{"href":"https:\/\/artstella-elixirs-floraux.com\/en\/wp-json\/wp\/v2\/product"}],"about":[{"href":"https:\/\/artstella-elixirs-floraux.com\/en\/wp-json\/wp\/v2\/types\/product"}],"version-history":[{"count":0,"href":"https:\/\/artstella-elixirs-floraux.com\/en\/wp-json\/wp\/v2\/product\/4177\/revisions"}],"wp:featuredmedia":[{"embeddable":true,"href":"https:\/\/artstella-elixirs-floraux.com\/en\/wp-json\/wp\/v2\/media\/4178"}],"wp:attachment":[{"href":"https:\/\/artstella-elixirs-floraux.com\/en\/wp-json\/wp\/v2\/media?parent=4177"}],"wp:term":[{"taxonomy":"product_brand","embeddable":true,"href":"https:\/\/artstella-elixirs-floraux.com\/en\/wp-json\/wp\/v2\/product_brand?post=4177"},{"taxonomy":"product_cat","embeddable":true,"href":"https:\/\/artstella-elixirs-floraux.com\/en\/wp-json\/wp\/v2\/product_cat?post=4177"},{"taxonomy":"product_tag","embeddable":true,"href":"https:\/\/artstella-elixirs-floraux.com\/en\/wp-json\/wp\/v2\/product_tag?post=4177"}],"curies":[{"name":"wp","href":"https:\/\/api.w.org\/{rel}","templated":true}]}}