{"id":4181,"date":"2025-03-09T13:22:10","date_gmt":"2025-03-09T13:22:10","guid":{"rendered":"https:\/\/artstella-elixirs-floraux.com\/product\/beaver-castor-wea-30-ml\/"},"modified":"2025-06-08T13:59:44","modified_gmt":"2025-06-08T13:59:44","slug":"beaver-castor-wea-30-ml","status":"publish","type":"product","link":"https:\/\/artstella-elixirs-floraux.com\/en\/product\/beaver-castor-wea-30-ml\/","title":{"rendered":"BEAVER\/CASTOR WEA 30 ML"},"content":{"rendered":"","protected":false},"excerpt":{"rendered":"<p><strong><em>Beaver (castor)<\/em><\/strong><\/p>\n<p>En ma\u00eetre architecte et constructeur, Beaver apporte le soutien n\u00e9cessaire pour cr\u00e9er son plan de vie. Il favorise la planification, la cr\u00e9ation et la r\u00e9solution des probl\u00e8mes et apporte un soutien particulier lors de la mise en route de nouveaux projets.<\/p>","protected":false},"featured_media":4182,"template":"","meta":[],"product_brand":[],"product_cat":[145],"product_tag":[],"class_list":{"0":"post-4181","1":"product","2":"type-product","3":"status-publish","4":"has-post-thumbnail","6":"product_cat-les-elixirs-d-animaux","8":"first","9":"instock","10":"taxable","11":"shipping-taxable","12":"purchasable","13":"product-type-simple"},"etheme_brands":{"errors":{"invalid_taxonomy":["Invalid taxonomy."]},"error_data":[]},"jetpack_sharing_enabled":true,"jetpack-related-posts":[{"id":5134,"url":"https:\/\/artstella-elixirs-floraux.com\/en\/product\/mater\/","url_meta":{"origin":4181,"position":0},"title":"MATER","author":"eveapprill","date":"9 March 2025","format":false,"excerpt":"MATER Pour se reconnecter au sch\u00e9ma \u00e9motionnel de la \" M\u00e8re Int\u00e9rieur \".\u00a0Aide \u00e0 clarifier la lign\u00e9e maternelle, aussi bien ascendante que descendante. Apporte soutien et sensibilit\u00e9 physique et psychique \u00e0 la m\u00e8re et d\u00e9veloppe \u00a0l'union et la r\u00e9conciliation m\u00e8re\/enfant. Permet une relation saine \u00e0 l\u2019aspect nourricier aussi bien aux\u2026","rel":"","context":"Similar post","block_context":{"text":"Similar post","link":""},"img":{"alt_text":"","src":"https:\/\/i0.wp.com\/artstella-elixirs-floraux.com\/wp-content\/uploads\/2025\/03\/a6cfe814-5c3a-4495-93cc-4857c3bf04fb.jpg?resize=350%2C200&ssl=1","width":350,"height":200,"srcset":"https:\/\/i0.wp.com\/artstella-elixirs-floraux.com\/wp-content\/uploads\/2025\/03\/a6cfe814-5c3a-4495-93cc-4857c3bf04fb.jpg?resize=350%2C200&ssl=1 1x, https:\/\/i0.wp.com\/artstella-elixirs-floraux.com\/wp-content\/uploads\/2025\/03\/a6cfe814-5c3a-4495-93cc-4857c3bf04fb.jpg?resize=525%2C300&ssl=1 1.5x, https:\/\/i0.wp.com\/artstella-elixirs-floraux.com\/wp-content\/uploads\/2025\/03\/a6cfe814-5c3a-4495-93cc-4857c3bf04fb.jpg?resize=700%2C400&ssl=1 2x"},"classes":[]},{"id":5138,"url":"https:\/\/artstella-elixirs-floraux.com\/en\/product\/pater-15-ml\/","url_meta":{"origin":4181,"position":1},"title":"PATER 15 ML","author":"eveapprill","date":"9 March 2025","format":false,"excerpt":"PATER 15ML Pour se reconnecter au sch\u00e9ma \u00e9motionnel du \u00ab\u00a0P\u00e8re Int\u00e9rieur\u00a0\u00bb. Aide \u00e0 clarifier la lign\u00e9e paternelle, aussi bien ascendante que descendante. Apporte un soutien au niveau physique et psychique dans la relation au p\u00e8re et d\u00e9veloppe \u00a0l'union et la r\u00e9conciliation p\u00e8re\/enfant. Permet une relation saine \u00e0 l\u2019autorit\u00e9 et au\u2026","rel":"","context":"Similar post","block_context":{"text":"Similar post","link":""},"img":{"alt_text":"","src":"https:\/\/i0.wp.com\/artstella-elixirs-floraux.com\/wp-content\/uploads\/2025\/03\/825ba292-20de-49d2-a6f8-42ef8c9b88bc.jpg?resize=350%2C200&ssl=1","width":350,"height":200,"srcset":"https:\/\/i0.wp.com\/artstella-elixirs-floraux.com\/wp-content\/uploads\/2025\/03\/825ba292-20de-49d2-a6f8-42ef8c9b88bc.jpg?resize=350%2C200&ssl=1 1x, https:\/\/i0.wp.com\/artstella-elixirs-floraux.com\/wp-content\/uploads\/2025\/03\/825ba292-20de-49d2-a6f8-42ef8c9b88bc.jpg?resize=525%2C300&ssl=1 1.5x, https:\/\/i0.wp.com\/artstella-elixirs-floraux.com\/wp-content\/uploads\/2025\/03\/825ba292-20de-49d2-a6f8-42ef8c9b88bc.jpg?resize=700%2C400&ssl=1 2x"},"classes":[]},{"id":5438,"url":"https:\/\/artstella-elixirs-floraux.com\/en\/product\/knautie-champs-field-scabious-10ml\/","url_meta":{"origin":4181,"position":2},"title":"Knautie champs &#8211; Field Scabious 10ml","author":"eveapprill","date":"9 March 2025","format":false,"excerpt":"Knautie \/ Knautia arvensis Field scabious Calme le mental et purifie les pens\u00e9es. Apporte transformation et sagesse, favorise la pens\u00e9e positive et aide \u00e0 mieux agir. Apporte une connexion avec les sph\u00e8res sup\u00e9rieurs et permet qu\u2019elles se refl\u00e8tent dans le milieu ambiant afin de recevoir chaleur et soutien des autres","rel":"","context":"Similar post","block_context":{"text":"Similar post","link":""},"img":{"alt_text":"","src":"","width":0,"height":0},"classes":[]},{"id":6191,"url":"https:\/\/artstella-elixirs-floraux.com\/en\/product\/papillon-de-nuit-a-e-15-ml-phi\/","url_meta":{"origin":4181,"position":3},"title":"PAPILLON DE NUIT A.E 15 ML PHI","author":"eveapprill","date":"9 March 2025","format":false,"excerpt":"Papillon de nuit (Macroglossum stellatarum) L\u2019\u00e9lixir apporte du soutien et de la vigueur pour trouver le bon chemin. Il nous aide \u00e0 sortir de situations et de sch\u00e9mas bloqu\u00e9s.","rel":"","context":"Similar post","block_context":{"text":"Similar post","link":""},"img":{"alt_text":"","src":"https:\/\/i0.wp.com\/artstella-elixirs-floraux.com\/wp-content\/uploads\/2025\/03\/wp-image2190.png?resize=350%2C200&ssl=1","width":350,"height":200},"classes":[]},{"id":4207,"url":"https:\/\/artstella-elixirs-floraux.com\/en\/product\/butterfly-papillon-wea-30-ml\/","url_meta":{"origin":4181,"position":4},"title":"BUTTERFLY\/PAPILLON WEA 30 ML","author":"eveapprill","date":"9 March 2025","format":false,"excerpt":"Butterfly (papillon) Catalyseur de transformation, cet \u00e9lixir apporte le soutien dans les moments de transition \u00e9motionnelle et spirituelle. Pour l\u00e2cher prise et aller de l\u2019avant. D\u00e9veloppe la l\u00e9g\u00e8ret\u00e9, la gr\u00e2ce, et l\u2019\u00e9quilibre entre la vuln\u00e9rabilit\u00e9 et la force.","rel":"","context":"Similar post","block_context":{"text":"Similar post","link":""},"img":{"alt_text":"","src":"","width":0,"height":0},"classes":[]},{"id":4237,"url":"https:\/\/artstella-elixirs-floraux.com\/en\/product\/hippopotame-wea-30-ml\/","url_meta":{"origin":4181,"position":5},"title":"HIPPOPOTAME WEA 30 ML","author":"eveapprill","date":"9 March 2025","format":false,"excerpt":"Hippopotamus (hippopotame) Apporte un ancrage et un soutien profonds et aide \u00e0 faire face aux probl\u00e8mes \u00e9motionnels non r\u00e9solus. Aide ceux qui ont besoin d\u2019apprendre \u00e0 comprendre et vivre en accord avec leurs sentiments. Favorise l\u2019int\u00e9gration des exp\u00e9riences physiques et \u00e9motionnelles.","rel":"","context":"Similar post","block_context":{"text":"Similar post","link":""},"img":{"alt_text":"","src":"https:\/\/i0.wp.com\/artstella-elixirs-floraux.com\/wp-content\/uploads\/2025\/03\/wp-image2264.png?resize=350%2C200&ssl=1","width":350,"height":200,"srcset":"https:\/\/i0.wp.com\/artstella-elixirs-floraux.com\/wp-content\/uploads\/2025\/03\/wp-image2264.png?resize=350%2C200&ssl=1 1x, https:\/\/i0.wp.com\/artstella-elixirs-floraux.com\/wp-content\/uploads\/2025\/03\/wp-image2264.png?resize=525%2C300&ssl=1 1.5x, https:\/\/i0.wp.com\/artstella-elixirs-floraux.com\/wp-content\/uploads\/2025\/03\/wp-image2264.png?resize=700%2C400&ssl=1 2x, https:\/\/i0.wp.com\/artstella-elixirs-floraux.com\/wp-content\/uploads\/2025\/03\/wp-image2264.png?resize=1050%2C600&ssl=1 3x, https:\/\/i0.wp.com\/artstella-elixirs-floraux.com\/wp-content\/uploads\/2025\/03\/wp-image2264.png?resize=1400%2C800&ssl=1 4x"},"classes":[]}],"_links":{"self":[{"href":"https:\/\/artstella-elixirs-floraux.com\/en\/wp-json\/wp\/v2\/product\/4181","targetHints":{"allow":["GET"]}}],"collection":[{"href":"https:\/\/artstella-elixirs-floraux.com\/en\/wp-json\/wp\/v2\/product"}],"about":[{"href":"https:\/\/artstella-elixirs-floraux.com\/en\/wp-json\/wp\/v2\/types\/product"}],"version-history":[{"count":0,"href":"https:\/\/artstella-elixirs-floraux.com\/en\/wp-json\/wp\/v2\/product\/4181\/revisions"}],"wp:featuredmedia":[{"embeddable":true,"href":"https:\/\/artstella-elixirs-floraux.com\/en\/wp-json\/wp\/v2\/media\/4182"}],"wp:attachment":[{"href":"https:\/\/artstella-elixirs-floraux.com\/en\/wp-json\/wp\/v2\/media?parent=4181"}],"wp:term":[{"taxonomy":"product_brand","embeddable":true,"href":"https:\/\/artstella-elixirs-floraux.com\/en\/wp-json\/wp\/v2\/product_brand?post=4181"},{"taxonomy":"product_cat","embeddable":true,"href":"https:\/\/artstella-elixirs-floraux.com\/en\/wp-json\/wp\/v2\/product_cat?post=4181"},{"taxonomy":"product_tag","embeddable":true,"href":"https:\/\/artstella-elixirs-floraux.com\/en\/wp-json\/wp\/v2\/product_tag?post=4181"}],"curies":[{"name":"wp","href":"https:\/\/api.w.org\/{rel}","templated":true}]}}