{"id":4191,"date":"2025-03-09T13:22:19","date_gmt":"2025-03-09T13:22:19","guid":{"rendered":"https:\/\/artstella-elixirs-floraux.com\/product\/communion-with-god-wea-30-ml\/"},"modified":"2025-05-05T12:31:41","modified_gmt":"2025-05-05T12:31:41","slug":"communion-with-god-wea-30-ml","status":"publish","type":"product","link":"https:\/\/artstella-elixirs-floraux.com\/en\/product\/communion-with-god-wea-30-ml\/","title":{"rendered":"COMMUNION WITH GOD WEA 30 ML"},"content":{"rendered":"","protected":false},"excerpt":{"rendered":"<p>\u00a0<\/p>\n<p><strong><em>Communion with God (communion avec Dieu)<\/em><\/strong><\/p>\n<p>Pour ressentir l\u2019unit\u00e9 avec le Divin sa vie pleinement, avec libert\u00e9 et abandon.<\/p>","protected":false},"featured_media":4192,"template":"","meta":[],"product_brand":[],"product_cat":[147],"product_tag":[],"class_list":{"0":"post-4191","1":"product","2":"type-product","3":"status-publish","4":"has-post-thumbnail","6":"product_cat-les-composes-chemin-de-guerison","8":"first","9":"instock","10":"taxable","11":"shipping-taxable","12":"purchasable","13":"product-type-simple"},"etheme_brands":{"errors":{"invalid_taxonomy":["Invalid taxonomy."]},"error_data":[]},"jetpack_sharing_enabled":true,"jetpack-related-posts":[{"id":4018,"url":"https:\/\/artstella-elixirs-floraux.com\/en\/product\/ceibo-erythrine-15-ml-sylfos\/","url_meta":{"origin":4191,"position":0},"title":"CEIBO \/ ERYTHRINE CORAIL SYLFOS","author":"eveapprill","date":"9 March 2025","format":false,"excerpt":"CEIBO Eritrina cresta-galli Communion, voix int\u00e9rieure. Pour les probl\u00e8mes de communication au sein d\u2019un couple.","rel":"","context":"Similar post","block_context":{"text":"Similar post","link":""},"img":{"alt_text":"","src":"","width":0,"height":0},"classes":[]},{"id":4314,"url":"https:\/\/artstella-elixirs-floraux.com\/en\/product\/great-blue-heron-grand-heron-30-ml\/","url_meta":{"origin":4191,"position":1},"title":"GREAT BLUE HERON\/GRAND HERON 30 ML","author":"eveapprill","date":"9 March 2025","format":false,"excerpt":"Great Blue Heron (grand h\u00e9ron) S\u00e9r\u00e9nit\u00e9 paisible ; connexion spirituelle ; communion ancr\u00e9e avec le Divin","rel":"","context":"Similar post","block_context":{"text":"Similar post","link":""},"img":{"alt_text":"","src":"https:\/\/i0.wp.com\/artstella-elixirs-floraux.com\/wp-content\/uploads\/2025\/03\/wp-image2294.png?resize=350%2C200&ssl=1","width":350,"height":200,"srcset":"https:\/\/i0.wp.com\/artstella-elixirs-floraux.com\/wp-content\/uploads\/2025\/03\/wp-image2294.png?resize=350%2C200&ssl=1 1x, https:\/\/i0.wp.com\/artstella-elixirs-floraux.com\/wp-content\/uploads\/2025\/03\/wp-image2294.png?resize=525%2C300&ssl=1 1.5x, https:\/\/i0.wp.com\/artstella-elixirs-floraux.com\/wp-content\/uploads\/2025\/03\/wp-image2294.png?resize=700%2C400&ssl=1 2x"},"classes":[]},{"id":3511,"url":"https:\/\/artstella-elixirs-floraux.com\/en\/product\/sacral-regulator-ltoe-15-ml\/","url_meta":{"origin":4191,"position":2},"title":"SACRAL REGULATOR LTOE 15 ML","author":"eveapprill","date":"9 March 2025","format":false,"excerpt":"Sacral regulator \/ Equilibre du chakra sacr\u00e9 (Core Release\u00a0 Source of Life, et Child\u2019s play, un \u00e9lixir pr\u00e9par\u00e9 par Rose Tichiner). Apporte une sensation de bien-\u00eatre \u00e0 partir de la zone pelvienne et en m\u00eame temps augmente la vigilance.","rel":"","context":"Similar post","block_context":{"text":"Similar post","link":""},"img":{"alt_text":"","src":"https:\/\/i0.wp.com\/artstella-elixirs-floraux.com\/wp-content\/uploads\/2025\/03\/34ae063d-1d35-4f2e-a197-387ddb3f215c.jpg?resize=350%2C200&ssl=1","width":350,"height":200,"srcset":"https:\/\/i0.wp.com\/artstella-elixirs-floraux.com\/wp-content\/uploads\/2025\/03\/34ae063d-1d35-4f2e-a197-387ddb3f215c.jpg?resize=350%2C200&ssl=1 1x, https:\/\/i0.wp.com\/artstella-elixirs-floraux.com\/wp-content\/uploads\/2025\/03\/34ae063d-1d35-4f2e-a197-387ddb3f215c.jpg?resize=525%2C300&ssl=1 1.5x, https:\/\/i0.wp.com\/artstella-elixirs-floraux.com\/wp-content\/uploads\/2025\/03\/34ae063d-1d35-4f2e-a197-387ddb3f215c.jpg?resize=700%2C400&ssl=1 2x"},"classes":[]},{"id":3596,"url":"https:\/\/artstella-elixirs-floraux.com\/en\/product\/24-heavens-gate-15ml-ltoe\/","url_meta":{"origin":4191,"position":3},"title":"Portes du Paradis  LTOE 15ml","author":"eveapprill","date":"9 March 2025","format":false,"excerpt":"Heaven\u2019s Gates \/ Portes du Paradis Prot\u00e8ge et accompagne le cheminement int\u00e9rieur vers le c\u0153ur mystique d\u2019une communion d\u2019amour.\u00a0","rel":"","context":"Similar post","block_context":{"text":"Similar post","link":""},"img":{"alt_text":"Les Elixirs Unitaires","src":"https:\/\/i0.wp.com\/artstella-elixirs-floraux.com\/wp-content\/uploads\/2025\/03\/0d0f4592-2d6a-4de4-8d75-4edcf5e3a5c5.jpg?resize=350%2C200&ssl=1","width":350,"height":200,"srcset":"https:\/\/i0.wp.com\/artstella-elixirs-floraux.com\/wp-content\/uploads\/2025\/03\/0d0f4592-2d6a-4de4-8d75-4edcf5e3a5c5.jpg?resize=350%2C200&ssl=1 1x, https:\/\/i0.wp.com\/artstella-elixirs-floraux.com\/wp-content\/uploads\/2025\/03\/0d0f4592-2d6a-4de4-8d75-4edcf5e3a5c5.jpg?resize=525%2C300&ssl=1 1.5x, https:\/\/i0.wp.com\/artstella-elixirs-floraux.com\/wp-content\/uploads\/2025\/03\/0d0f4592-2d6a-4de4-8d75-4edcf5e3a5c5.jpg?resize=700%2C400&ssl=1 2x"},"classes":[]},{"id":3663,"url":"https:\/\/artstella-elixirs-floraux.com\/en\/product\/56-settling-with-a-smile-ltoe-15-ml\/","url_meta":{"origin":4191,"position":4},"title":"56. SETTLING WITH A SMILE LTOE 15 ML","author":"eveapprill","date":"9 March 2025","format":false,"excerpt":"Settling with a Smile \/ Sourire calme : apporte une joie calme et douce. Il renforce la paroi de l\u2019estomac au niveau \u00e9nerg\u00e9tique, et r\u00e9gularise l\u2019activit\u00e9 \u00e9th\u00e9rique du foie et de la v\u00e9sicule biliaire","rel":"","context":"Similar post","block_context":{"text":"Similar post","link":""},"img":{"alt_text":"","src":"https:\/\/i0.wp.com\/artstella-elixirs-floraux.com\/wp-content\/uploads\/2025\/03\/959747af-114f-4ef8-b75a-a58c3c705495.jpg?resize=350%2C200&ssl=1","width":350,"height":200,"srcset":"https:\/\/i0.wp.com\/artstella-elixirs-floraux.com\/wp-content\/uploads\/2025\/03\/959747af-114f-4ef8-b75a-a58c3c705495.jpg?resize=350%2C200&ssl=1 1x, https:\/\/i0.wp.com\/artstella-elixirs-floraux.com\/wp-content\/uploads\/2025\/03\/959747af-114f-4ef8-b75a-a58c3c705495.jpg?resize=525%2C300&ssl=1 1.5x, https:\/\/i0.wp.com\/artstella-elixirs-floraux.com\/wp-content\/uploads\/2025\/03\/959747af-114f-4ef8-b75a-a58c3c705495.jpg?resize=700%2C400&ssl=1 2x"},"classes":[]},{"id":4884,"url":"https:\/\/artstella-elixirs-floraux.com\/en\/product\/bog-candle-alaskan-sup\/","url_meta":{"origin":4191,"position":5},"title":"BOG CANDLE ALASKAN SUP","author":"eveapprill","date":"9 March 2025","format":false,"excerpt":"BOG CANDLE Indications : pris dans la confusion, honte, la peur et la culpabilit\u00e9 ; tendances sujettes aux destructeurs ou d\u00e9gradant ; extr\u00eamement faible estime de soi.","rel":"","context":"Similar post","block_context":{"text":"Similar post","link":""},"img":{"alt_text":"","src":"https:\/\/i0.wp.com\/artstella-elixirs-floraux.com\/wp-content\/uploads\/2025\/03\/wp-image1376.png?resize=350%2C200&ssl=1","width":350,"height":200},"classes":[]}],"_links":{"self":[{"href":"https:\/\/artstella-elixirs-floraux.com\/en\/wp-json\/wp\/v2\/product\/4191","targetHints":{"allow":["GET"]}}],"collection":[{"href":"https:\/\/artstella-elixirs-floraux.com\/en\/wp-json\/wp\/v2\/product"}],"about":[{"href":"https:\/\/artstella-elixirs-floraux.com\/en\/wp-json\/wp\/v2\/types\/product"}],"version-history":[{"count":0,"href":"https:\/\/artstella-elixirs-floraux.com\/en\/wp-json\/wp\/v2\/product\/4191\/revisions"}],"wp:featuredmedia":[{"embeddable":true,"href":"https:\/\/artstella-elixirs-floraux.com\/en\/wp-json\/wp\/v2\/media\/4192"}],"wp:attachment":[{"href":"https:\/\/artstella-elixirs-floraux.com\/en\/wp-json\/wp\/v2\/media?parent=4191"}],"wp:term":[{"taxonomy":"product_brand","embeddable":true,"href":"https:\/\/artstella-elixirs-floraux.com\/en\/wp-json\/wp\/v2\/product_brand?post=4191"},{"taxonomy":"product_cat","embeddable":true,"href":"https:\/\/artstella-elixirs-floraux.com\/en\/wp-json\/wp\/v2\/product_cat?post=4191"},{"taxonomy":"product_tag","embeddable":true,"href":"https:\/\/artstella-elixirs-floraux.com\/en\/wp-json\/wp\/v2\/product_tag?post=4191"}],"curies":[{"name":"wp","href":"https:\/\/api.w.org\/{rel}","templated":true}]}}