{"id":4197,"date":"2025-03-09T13:22:23","date_gmt":"2025-03-09T13:22:23","guid":{"rendered":"https:\/\/artstella-elixirs-floraux.com\/product\/livre-anglais-wild-earth-animal\/"},"modified":"2025-03-09T13:22:23","modified_gmt":"2025-03-09T13:22:23","slug":"livre-anglais-wild-earth-animal","status":"publish","type":"product","link":"https:\/\/artstella-elixirs-floraux.com\/en\/product\/livre-anglais-wild-earth-animal\/","title":{"rendered":"LIVRE ANGLAIS WILD EARTH ANIMAL"},"content":{"rendered":"","protected":false},"excerpt":{"rendered":"<p>Opuscule d\u00e9crivant les 45 premeirs \u00e9lixirs d&rsquo;animaux r\u00e9alis\u00e9s par Daniel Mapel, en anglais.<\/p>","protected":false},"featured_media":4198,"template":"","meta":[],"product_brand":[],"product_cat":[149],"product_tag":[],"class_list":{"0":"post-4197","1":"product","2":"type-product","3":"status-publish","4":"has-post-thumbnail","6":"product_cat-wea-essences","8":"first","9":"outofstock","10":"taxable","11":"shipping-taxable","12":"purchasable","13":"product-type-simple"},"etheme_brands":{"errors":{"invalid_taxonomy":["Invalid taxonomy."]},"error_data":[]},"jetpack_sharing_enabled":true,"jetpack-related-posts":[{"id":6386,"url":"https:\/\/artstella-elixirs-floraux.com\/en\/product\/le-livre-les-elixirs-danimaux-par-d-mapel\/","url_meta":{"origin":4197,"position":0},"title":"Le livre \u00ab\u00a0Les \u00e9lixirs d&rsquo;animaux\u00a0\u00bb par D. Mapel","author":"eveapprill","date":"9 March 2025","format":false,"excerpt":"Livre contenant des informations g\u00e9n\u00e9rales au sujet des \u00e9lixirs animaux ainsi que des informations sur tous les \u00e9lixirs et les produits d\u00e9riv\u00e9s de la gamme (descriptifs, photos, affirmations).","rel":"","context":"Similar post","block_context":{"text":"Similar post","link":""},"img":{"alt_text":"","src":"https:\/\/i0.wp.com\/artstella-elixirs-floraux.com\/wp-content\/uploads\/2025\/03\/wp-image2482.png?resize=350%2C200&ssl=1","width":350,"height":200,"srcset":"https:\/\/i0.wp.com\/artstella-elixirs-floraux.com\/wp-content\/uploads\/2025\/03\/wp-image2482.png?resize=350%2C200&ssl=1 1x, https:\/\/i0.wp.com\/artstella-elixirs-floraux.com\/wp-content\/uploads\/2025\/03\/wp-image2482.png?resize=525%2C300&ssl=1 1.5x, https:\/\/i0.wp.com\/artstella-elixirs-floraux.com\/wp-content\/uploads\/2025\/03\/wp-image2482.png?resize=700%2C400&ssl=1 2x"},"classes":[]},{"id":5356,"url":"https:\/\/artstella-elixirs-floraux.com\/en\/product\/cartes-du-chemin-de-guerison\/","url_meta":{"origin":4197,"position":1},"title":"CARTES DU CHEMIN DE GUERISON","author":"eveapprill","date":"9 March 2025","format":false,"excerpt":"Les cartes du chemin de Gu\u00e9rison par Daniel Mapel cr\u00e9ateur des \u00e9lixirs Wild Earth Animals ! Ce livre et les cartes des animaux vous permettent d'acc\u00e9der au coeur de l'enseignement de Daniel et des animaux!!!","rel":"","context":"Similar post","block_context":{"text":"Similar post","link":""},"img":{"alt_text":"","src":"https:\/\/i0.wp.com\/artstella-elixirs-floraux.com\/wp-content\/uploads\/2025\/03\/contenu-3D.png?resize=350%2C200&ssl=1","width":350,"height":200,"srcset":"https:\/\/i0.wp.com\/artstella-elixirs-floraux.com\/wp-content\/uploads\/2025\/03\/contenu-3D.png?resize=350%2C200&ssl=1 1x, https:\/\/i0.wp.com\/artstella-elixirs-floraux.com\/wp-content\/uploads\/2025\/03\/contenu-3D.png?resize=525%2C300&ssl=1 1.5x, https:\/\/i0.wp.com\/artstella-elixirs-floraux.com\/wp-content\/uploads\/2025\/03\/contenu-3D.png?resize=700%2C400&ssl=1 2x, https:\/\/i0.wp.com\/artstella-elixirs-floraux.com\/wp-content\/uploads\/2025\/03\/contenu-3D.png?resize=1050%2C600&ssl=1 3x, https:\/\/i0.wp.com\/artstella-elixirs-floraux.com\/wp-content\/uploads\/2025\/03\/contenu-3D.png?resize=1400%2C800&ssl=1 4x"},"classes":[]},{"id":4598,"url":"https:\/\/artstella-elixirs-floraux.com\/en\/product\/animal-healing-bush-essences\/","url_meta":{"origin":4197,"position":2},"title":"ANIMAL HEALING BUSH ESSENCES","author":"eveapprill","date":"9 March 2025","format":false,"excerpt":"ANIMAL HEALING BUSH ESSENCES","rel":"","context":"Similar post","block_context":{"text":"Similar post","link":""},"img":{"alt_text":"","src":"","width":0,"height":0},"classes":[]},{"id":4592,"url":"https:\/\/artstella-elixirs-floraux.com\/en\/product\/petit-livre-bush-anglais\/","url_meta":{"origin":4197,"position":3},"title":"PETIT LIVRE BUSH en anglais","author":"eveapprill","date":"9 March 2025","format":false,"excerpt":"PETIT LIVRE BUSH en anglais Ce Livre de r\u00e9f\u00e9rence en anglais pr\u00e9sente les diff\u00e9rents \u00e9lixirs du Bush Australien. Il fait partie du coffret complet.","rel":"","context":"Similar post","block_context":{"text":"Similar post","link":""},"img":{"alt_text":"","src":"https:\/\/i0.wp.com\/artstella-elixirs-floraux.com\/wp-content\/uploads\/2025\/03\/Cheminer-avec-les-elixirs.jpg?resize=350%2C200&ssl=1","width":350,"height":200,"srcset":"https:\/\/i0.wp.com\/artstella-elixirs-floraux.com\/wp-content\/uploads\/2025\/03\/Cheminer-avec-les-elixirs.jpg?resize=350%2C200&ssl=1 1x, https:\/\/i0.wp.com\/artstella-elixirs-floraux.com\/wp-content\/uploads\/2025\/03\/Cheminer-avec-les-elixirs.jpg?resize=525%2C300&ssl=1 1.5x"},"classes":[]},{"id":4594,"url":"https:\/\/artstella-elixirs-floraux.com\/en\/product\/livre-white-light-anglais\/","url_meta":{"origin":4197,"position":4},"title":"LIVRE WHITE LIGHT anglais","author":"eveapprill","date":"9 March 2025","format":false,"excerpt":"LIVRE WHITE LIGHT anglais","rel":"","context":"Similar post","block_context":{"text":"Similar post","link":""},"img":{"alt_text":"","src":"","width":0,"height":0},"classes":[]},{"id":5181,"url":"https:\/\/artstella-elixirs-floraux.com\/en\/product\/le-livre-orchid-essence-healing-en-anglais\/","url_meta":{"origin":4197,"position":5},"title":"Le livre Orchid Essence Healing en anglais","author":"eveapprill","date":"9 March 2025","format":false,"excerpt":"Ce livre en anglais paru en 2010 est une introduction \u00e0 l'utilisation des \u00e9lixirs d'orchid\u00e9es LTOE par Don Dennis, cr\u00e9ateur de la gamme.","rel":"","context":"Similar post","block_context":{"text":"Similar post","link":""},"img":{"alt_text":"","src":"https:\/\/i0.wp.com\/artstella-elixirs-floraux.com\/wp-content\/uploads\/2025\/03\/wp-image1482.png?resize=350%2C200&ssl=1","width":350,"height":200},"classes":[]}],"_links":{"self":[{"href":"https:\/\/artstella-elixirs-floraux.com\/en\/wp-json\/wp\/v2\/product\/4197","targetHints":{"allow":["GET"]}}],"collection":[{"href":"https:\/\/artstella-elixirs-floraux.com\/en\/wp-json\/wp\/v2\/product"}],"about":[{"href":"https:\/\/artstella-elixirs-floraux.com\/en\/wp-json\/wp\/v2\/types\/product"}],"version-history":[{"count":0,"href":"https:\/\/artstella-elixirs-floraux.com\/en\/wp-json\/wp\/v2\/product\/4197\/revisions"}],"wp:featuredmedia":[{"embeddable":true,"href":"https:\/\/artstella-elixirs-floraux.com\/en\/wp-json\/wp\/v2\/media\/4198"}],"wp:attachment":[{"href":"https:\/\/artstella-elixirs-floraux.com\/en\/wp-json\/wp\/v2\/media?parent=4197"}],"wp:term":[{"taxonomy":"product_brand","embeddable":true,"href":"https:\/\/artstella-elixirs-floraux.com\/en\/wp-json\/wp\/v2\/product_brand?post=4197"},{"taxonomy":"product_cat","embeddable":true,"href":"https:\/\/artstella-elixirs-floraux.com\/en\/wp-json\/wp\/v2\/product_cat?post=4197"},{"taxonomy":"product_tag","embeddable":true,"href":"https:\/\/artstella-elixirs-floraux.com\/en\/wp-json\/wp\/v2\/product_tag?post=4197"}],"curies":[{"name":"wp","href":"https:\/\/api.w.org\/{rel}","templated":true}]}}