{"id":4229,"date":"2025-03-09T13:22:56","date_gmt":"2025-03-09T13:22:56","guid":{"rendered":"https:\/\/artstella-elixirs-floraux.com\/product\/fox-renard-wea-30-ml\/"},"modified":"2025-05-05T12:48:23","modified_gmt":"2025-05-05T12:48:23","slug":"fox-renard-wea-30-ml","status":"publish","type":"product","link":"https:\/\/artstella-elixirs-floraux.com\/en\/product\/fox-renard-wea-30-ml\/","title":{"rendered":"FOX\/RENARD WEA 30 ML"},"content":{"rendered":"","protected":false},"excerpt":{"rendered":"<p><strong><em>Fox (renard)<\/em><\/strong><\/p>\n<p>Pour d\u00e9velopper l\u2019ind\u00e9pendance de pens\u00e9e et la confiance en ses propres d\u00e9cisions. Aide \u00e0 trouver des solutions astucieuses face aux situations difficiles. Pour briser les liens du conditionnement de la soci\u00e9t\u00e9 et trouver sa propre voie.<\/p>","protected":false},"featured_media":4230,"template":"","meta":[],"product_brand":[],"product_cat":[145],"product_tag":[],"class_list":{"0":"post-4229","1":"product","2":"type-product","3":"status-publish","4":"has-post-thumbnail","6":"product_cat-les-elixirs-d-animaux","8":"first","9":"instock","10":"taxable","11":"shipping-taxable","12":"purchasable","13":"product-type-simple"},"etheme_brands":{"errors":{"invalid_taxonomy":["Invalid taxonomy."]},"error_data":[]},"jetpack_sharing_enabled":true,"jetpack-related-posts":[{"id":2749,"url":"https:\/\/artstella-elixirs-floraux.com\/en\/product\/woman-femme-bush-30ml\/","url_meta":{"origin":4229,"position":0},"title":"WOMAN Femme BUSH 30ml","author":"eveapprill","date":"9 March 2025","format":false,"excerpt":"Woman -\u00a0Femme Harmonise tous les d\u00e9s\u00e9quilibres durant les p\u00e9riodes de menstruations et de m\u00e9nopause. Permet \u00e0 la femme de d\u00e9couvrir son propre corps et sa beaut\u00e9, et de se trouver bien avec.","rel":"","context":"Similar post","block_context":{"text":"Similar post","link":""},"img":{"alt_text":"","src":"https:\/\/i0.wp.com\/artstella-elixirs-floraux.com\/wp-content\/uploads\/2025\/03\/5e65c23c-78a1-4c2c-944d-7fae066eb8e4.jpg?resize=350%2C200&ssl=1","width":350,"height":200,"srcset":"https:\/\/i0.wp.com\/artstella-elixirs-floraux.com\/wp-content\/uploads\/2025\/03\/5e65c23c-78a1-4c2c-944d-7fae066eb8e4.jpg?resize=350%2C200&ssl=1 1x, https:\/\/i0.wp.com\/artstella-elixirs-floraux.com\/wp-content\/uploads\/2025\/03\/5e65c23c-78a1-4c2c-944d-7fae066eb8e4.jpg?resize=525%2C300&ssl=1 1.5x, https:\/\/i0.wp.com\/artstella-elixirs-floraux.com\/wp-content\/uploads\/2025\/03\/5e65c23c-78a1-4c2c-944d-7fae066eb8e4.jpg?resize=700%2C400&ssl=1 2x"},"classes":[]},{"id":5156,"url":"https:\/\/artstella-elixirs-floraux.com\/en\/product\/creme-woman-femme\/","url_meta":{"origin":4229,"position":1},"title":"CREME WOMAN &#8211; Femme","author":"eveapprill","date":"9 March 2025","format":false,"excerpt":"Cr\u00e8me Woman - Femme soutient l'\u00e9quilibre du f\u00e9minin","rel":"","context":"Similar post","block_context":{"text":"Similar post","link":""},"img":{"alt_text":"","src":"https:\/\/i0.wp.com\/artstella-elixirs-floraux.com\/wp-content\/uploads\/2025\/03\/b78bd427-f8e9-40e9-9843-590ac990b48a.jpg?resize=350%2C200&ssl=1","width":350,"height":200,"srcset":"https:\/\/i0.wp.com\/artstella-elixirs-floraux.com\/wp-content\/uploads\/2025\/03\/b78bd427-f8e9-40e9-9843-590ac990b48a.jpg?resize=350%2C200&ssl=1 1x, https:\/\/i0.wp.com\/artstella-elixirs-floraux.com\/wp-content\/uploads\/2025\/03\/b78bd427-f8e9-40e9-9843-590ac990b48a.jpg?resize=525%2C300&ssl=1 1.5x, https:\/\/i0.wp.com\/artstella-elixirs-floraux.com\/wp-content\/uploads\/2025\/03\/b78bd427-f8e9-40e9-9843-590ac990b48a.jpg?resize=700%2C400&ssl=1 2x"},"classes":[]},{"id":3693,"url":"https:\/\/artstella-elixirs-floraux.com\/en\/product\/73-winged-gold-ltoe-15-mle\/","url_meta":{"origin":4229,"position":2},"title":"73. WINGED GOLD LTOE 15 MLE","author":"eveapprill","date":"9 March 2025","format":false,"excerpt":"Winged Gold \/ Envol d\u2019or Tel le son d\u2019un ancien gong chinois, il \u00e9veille la conscience \u00e0 l\u2019appel int\u00e9rieur, \u00e0 la mission et au destin de l\u2019\u00e2me. La tapisserie de nos multiples vies est tiss\u00e9e avec une gr\u00e2ce infinie\u00a0: l\u2019\u00e2me se reconna\u00eet enti\u00e8re. Lors de la m\u00e9ditation, cet \u00e9lixir am\u00e8ne\u2026","rel":"","context":"Similar post","block_context":{"text":"Similar post","link":""},"img":{"alt_text":"","src":"https:\/\/i0.wp.com\/artstella-elixirs-floraux.com\/wp-content\/uploads\/2025\/03\/09b74b60-c17b-452b-888e-23735a82c9ab.jpg?resize=350%2C200&ssl=1","width":350,"height":200,"srcset":"https:\/\/i0.wp.com\/artstella-elixirs-floraux.com\/wp-content\/uploads\/2025\/03\/09b74b60-c17b-452b-888e-23735a82c9ab.jpg?resize=350%2C200&ssl=1 1x, https:\/\/i0.wp.com\/artstella-elixirs-floraux.com\/wp-content\/uploads\/2025\/03\/09b74b60-c17b-452b-888e-23735a82c9ab.jpg?resize=525%2C300&ssl=1 1.5x, https:\/\/i0.wp.com\/artstella-elixirs-floraux.com\/wp-content\/uploads\/2025\/03\/09b74b60-c17b-452b-888e-23735a82c9ab.jpg?resize=700%2C400&ssl=1 2x"},"classes":[]},{"id":5528,"url":"https:\/\/artstella-elixirs-floraux.com\/en\/product\/go-create-spray-alaska-60-ml\/","url_meta":{"origin":4229,"position":3},"title":"GO CREATE SPRAY ALASKA 60ml","author":"eveapprill","date":"9 March 2025","format":false,"excerpt":"GO CREATE\u00a0 (Cr\u00e9ativit\u00e9) (spray 60ml) Combinaison soutenant l'abondance. Elle est faite pour nous aider \u00e0 co-cr\u00e9er ce que vous voulez, avez besoin de et d\u00e9sirez dans vos vie avec moins de r\u00e9sistance, plus de facilit\u00e9 et d'efficacit\u00e9.","rel":"","context":"Similar post","block_context":{"text":"Similar post","link":""},"img":{"alt_text":"","src":"https:\/\/i0.wp.com\/artstella-elixirs-floraux.com\/wp-content\/uploads\/2025\/03\/a3a37652-b137-43bd-9eb5-5397cb3760f1.jpg?resize=350%2C200&ssl=1","width":350,"height":200,"srcset":"https:\/\/i0.wp.com\/artstella-elixirs-floraux.com\/wp-content\/uploads\/2025\/03\/a3a37652-b137-43bd-9eb5-5397cb3760f1.jpg?resize=350%2C200&ssl=1 1x, https:\/\/i0.wp.com\/artstella-elixirs-floraux.com\/wp-content\/uploads\/2025\/03\/a3a37652-b137-43bd-9eb5-5397cb3760f1.jpg?resize=525%2C300&ssl=1 1.5x, https:\/\/i0.wp.com\/artstella-elixirs-floraux.com\/wp-content\/uploads\/2025\/03\/a3a37652-b137-43bd-9eb5-5397cb3760f1.jpg?resize=700%2C400&ssl=1 2x"},"classes":[]},{"id":3635,"url":"https:\/\/artstella-elixirs-floraux.com\/en\/product\/43-protective-presence-ltoe-15-ml\/","url_meta":{"origin":4229,"position":4},"title":"43. PROTECTIVE PRESENCE LTOE 15 ML","author":"eveapprill","date":"9 March 2025","format":false,"excerpt":"Protective Presence\/ Pr\u00e9sence protectrice Excellent pour ceux qui voyagent vers des destinations o\u00f9 leur s\u00e9curit\u00e9 personnelle est menac\u00e9e, cet \u00e9lixir prot\u00e8ge et donne un sens de continuit\u00e9 pendant des p\u00e9riodes de changement majeur","rel":"","context":"Similar post","block_context":{"text":"Similar post","link":""},"img":{"alt_text":"","src":"https:\/\/i0.wp.com\/artstella-elixirs-floraux.com\/wp-content\/uploads\/2025\/03\/3e497653-ce88-4bb8-826b-eb35aee480eb.jpg?resize=350%2C200&ssl=1","width":350,"height":200,"srcset":"https:\/\/i0.wp.com\/artstella-elixirs-floraux.com\/wp-content\/uploads\/2025\/03\/3e497653-ce88-4bb8-826b-eb35aee480eb.jpg?resize=350%2C200&ssl=1 1x, https:\/\/i0.wp.com\/artstella-elixirs-floraux.com\/wp-content\/uploads\/2025\/03\/3e497653-ce88-4bb8-826b-eb35aee480eb.jpg?resize=525%2C300&ssl=1 1.5x, https:\/\/i0.wp.com\/artstella-elixirs-floraux.com\/wp-content\/uploads\/2025\/03\/3e497653-ce88-4bb8-826b-eb35aee480eb.jpg?resize=700%2C400&ssl=1 2x"},"classes":[]},{"id":2288,"url":"https:\/\/artstella-elixirs-floraux.com\/en\/product\/soapberry-alaskan\/","url_meta":{"origin":4229,"position":5},"title":"Soapberry Alaskan","author":"eveapprill","date":"9 March 2025","format":false,"excerpt":"Soapberry. Sheperdia canadensis Crainte du pouvoir de la Nature, peur de son propre pouvoir, utilisation de son pouvoir de fa\u00e7on d\u00e9s\u00e9quilibr\u00e9e, inappropri\u00e9e et irresponsable.","rel":"","context":"Similar post","block_context":{"text":"Similar post","link":""},"img":{"alt_text":"","src":"https:\/\/i0.wp.com\/artstella-elixirs-floraux.com\/wp-content\/uploads\/2025\/03\/wp-image583.png?resize=350%2C200&ssl=1","width":350,"height":200},"classes":[]}],"_links":{"self":[{"href":"https:\/\/artstella-elixirs-floraux.com\/en\/wp-json\/wp\/v2\/product\/4229","targetHints":{"allow":["GET"]}}],"collection":[{"href":"https:\/\/artstella-elixirs-floraux.com\/en\/wp-json\/wp\/v2\/product"}],"about":[{"href":"https:\/\/artstella-elixirs-floraux.com\/en\/wp-json\/wp\/v2\/types\/product"}],"version-history":[{"count":0,"href":"https:\/\/artstella-elixirs-floraux.com\/en\/wp-json\/wp\/v2\/product\/4229\/revisions"}],"wp:featuredmedia":[{"embeddable":true,"href":"https:\/\/artstella-elixirs-floraux.com\/en\/wp-json\/wp\/v2\/media\/4230"}],"wp:attachment":[{"href":"https:\/\/artstella-elixirs-floraux.com\/en\/wp-json\/wp\/v2\/media?parent=4229"}],"wp:term":[{"taxonomy":"product_brand","embeddable":true,"href":"https:\/\/artstella-elixirs-floraux.com\/en\/wp-json\/wp\/v2\/product_brand?post=4229"},{"taxonomy":"product_cat","embeddable":true,"href":"https:\/\/artstella-elixirs-floraux.com\/en\/wp-json\/wp\/v2\/product_cat?post=4229"},{"taxonomy":"product_tag","embeddable":true,"href":"https:\/\/artstella-elixirs-floraux.com\/en\/wp-json\/wp\/v2\/product_tag?post=4229"}],"curies":[{"name":"wp","href":"https:\/\/api.w.org\/{rel}","templated":true}]}}