{"id":4231,"date":"2025-03-09T13:22:59","date_gmt":"2025-03-09T13:22:59","guid":{"rendered":"https:\/\/artstella-elixirs-floraux.com\/product\/frog-grenouille-wea-30-ml\/"},"modified":"2025-05-05T12:48:23","modified_gmt":"2025-05-05T12:48:23","slug":"frog-grenouille-wea-30-ml","status":"publish","type":"product","link":"https:\/\/artstella-elixirs-floraux.com\/en\/product\/frog-grenouille-wea-30-ml\/","title":{"rendered":"FROG\/GRENOUILLE WEA 30 ML"},"content":{"rendered":"","protected":false},"excerpt":{"rendered":"<p><strong><em>Frog (grenouille)<\/em><\/strong><\/p>\n<p>Aide \u00e0 vivre le quotidien comme quelque chose de miraculeux. Apporte la force et la certitude dans les moments de profonds changements \u00e9motionnels et spirituels. Pour embrasser le changement, la transformation comme une constance de la vie.<\/p>","protected":false},"featured_media":4232,"template":"","meta":[],"product_brand":[],"product_cat":[145],"product_tag":[],"class_list":{"0":"post-4231","1":"product","2":"type-product","3":"status-publish","4":"has-post-thumbnail","6":"product_cat-les-elixirs-d-animaux","8":"first","9":"instock","10":"taxable","11":"shipping-taxable","12":"purchasable","13":"product-type-simple"},"etheme_brands":{"errors":{"invalid_taxonomy":["Invalid taxonomy."]},"error_data":[]},"jetpack_sharing_enabled":true,"jetpack-related-posts":[{"id":4112,"url":"https:\/\/artstella-elixirs-floraux.com\/en\/product\/grenouille-rana-el-cham-15ml\/","url_meta":{"origin":4231,"position":0},"title":"GRENOUILLE\/ RANA EL CHAM 15ML","author":"eveapprill","date":"9 March 2025","format":false,"excerpt":"RANA \/ GRENOUILLE Gu\u00e9rison \u00e9motionnelle \u2013 Force pour affronter les changements. Renouveau. Aide \u00e0 comprendre sainement les besoins des autres. Permet de canaliser le flux cr\u00e9atif pour l\u2019exprimer notamment \u00e0 travers l\u2019art.","rel":"","context":"Similar post","block_context":{"text":"Similar post","link":""},"img":{"alt_text":"","src":"","width":0,"height":0},"classes":[]},{"id":3912,"url":"https:\/\/artstella-elixirs-floraux.com\/en\/product\/grenouille-a-e-15-ml-phi\/","url_meta":{"origin":4231,"position":1},"title":"GRENOUILLE A.E 15 ML PHI","author":"eveapprill","date":"9 March 2025","format":false,"excerpt":"Grenouille (Rana eculenta) Frosch Pour exprimer des sentiments tr\u00e8s profonds. Gr\u00e2ce \u00e0 une lib\u00e9ration int\u00e9rieure, il permet \u00e0 notre d\u00e9veloppement de se poursuivre. Il am\u00e9liore \u00e9galement la connaissance de nos sentiments.","rel":"","context":"Similar post","block_context":{"text":"Similar post","link":""},"img":{"alt_text":"","src":"","width":0,"height":0},"classes":[]},{"id":3615,"url":"https:\/\/artstella-elixirs-floraux.com\/en\/product\/33-light-of-my-eye-15-ml\/","url_meta":{"origin":4231,"position":2},"title":"LIGHT OF MY EYE 15 ML","author":"eveapprill","date":"9 March 2025","format":false,"excerpt":"Light of My Eye\/ \u00c9toile filante Selon la tradition am\u00e9rindienne, la Grenouille regarde vers les \u00e9toiles et le Grand Manitou la couvre de lumi\u00e8re c\u00e9leste (les grenouilles captent la lumi\u00e8re des \u00e9toiles","rel":"","context":"Similar post","block_context":{"text":"Similar post","link":""},"img":{"alt_text":"33. LIGHT OF MY EYE 15 ML","src":"https:\/\/i0.wp.com\/artstella-elixirs-floraux.com\/wp-content\/uploads\/2025\/03\/009eab9c-bfae-4b17-aa75-d7c293c51d7c.jpg?resize=350%2C200&ssl=1","width":350,"height":200,"srcset":"https:\/\/i0.wp.com\/artstella-elixirs-floraux.com\/wp-content\/uploads\/2025\/03\/009eab9c-bfae-4b17-aa75-d7c293c51d7c.jpg?resize=350%2C200&ssl=1 1x, https:\/\/i0.wp.com\/artstella-elixirs-floraux.com\/wp-content\/uploads\/2025\/03\/009eab9c-bfae-4b17-aa75-d7c293c51d7c.jpg?resize=525%2C300&ssl=1 1.5x, https:\/\/i0.wp.com\/artstella-elixirs-floraux.com\/wp-content\/uploads\/2025\/03\/009eab9c-bfae-4b17-aa75-d7c293c51d7c.jpg?resize=700%2C400&ssl=1 2x"},"classes":[]},{"id":4561,"url":"https:\/\/artstella-elixirs-floraux.com\/en\/product\/coffret-20-elixirs-danimaux-europeens\/","url_meta":{"origin":4231,"position":3},"title":"COFFRET 20 \u00e9lixirs d&rsquo;ANIMAUX EUROPEENS","author":"eveapprill","date":"9 March 2025","format":false,"excerpt":"Contient 20 \u00e9lixirs d'animaux europ\u00e9ens. Ours, Salamandre, Grenouille, Lapin, Libellule, Papillon de Nuit, Paon, Cheval, Chevreuil, Boeuf, Mouton, Papillon, Cygne, Phoque, Araign\u00e9e, Bouquetin, Cigogne, Grand duc, Bison, Loup","rel":"","context":"Similar post","block_context":{"text":"Similar post","link":""},"img":{"alt_text":"","src":"https:\/\/i0.wp.com\/artstella-elixirs-floraux.com\/wp-content\/uploads\/2025\/03\/wp-image1163.png?resize=350%2C200&ssl=1","width":350,"height":200,"srcset":"https:\/\/i0.wp.com\/artstella-elixirs-floraux.com\/wp-content\/uploads\/2025\/03\/wp-image1163.png?resize=350%2C200&ssl=1 1x, https:\/\/i0.wp.com\/artstella-elixirs-floraux.com\/wp-content\/uploads\/2025\/03\/wp-image1163.png?resize=525%2C300&ssl=1 1.5x, https:\/\/i0.wp.com\/artstella-elixirs-floraux.com\/wp-content\/uploads\/2025\/03\/wp-image1163.png?resize=700%2C400&ssl=1 2x"},"classes":[]},{"id":5875,"url":"https:\/\/artstella-elixirs-floraux.com\/en\/product\/soul-support-spray-120ml\/","url_meta":{"origin":4231,"position":4},"title":"SOUL SUPPORT SPRAY ALASKA","author":"eveapprill","date":"9 March 2025","format":false,"excerpt":"Soul support (Soutien de l\u2019\u00e2me) Correspond \u00e0 la pr\u00e9paration d\u2019urgence.","rel":"","context":"Similar post","block_context":{"text":"Similar post","link":""},"img":{"alt_text":"Sprays","src":"https:\/\/i0.wp.com\/artstella-elixirs-floraux.com\/wp-content\/uploads\/2025\/03\/7691d083-6c4b-4693-8449-eb757c5320ed.jpg?resize=350%2C200&ssl=1","width":350,"height":200,"srcset":"https:\/\/i0.wp.com\/artstella-elixirs-floraux.com\/wp-content\/uploads\/2025\/03\/7691d083-6c4b-4693-8449-eb757c5320ed.jpg?resize=350%2C200&ssl=1 1x, https:\/\/i0.wp.com\/artstella-elixirs-floraux.com\/wp-content\/uploads\/2025\/03\/7691d083-6c4b-4693-8449-eb757c5320ed.jpg?resize=525%2C300&ssl=1 1.5x, https:\/\/i0.wp.com\/artstella-elixirs-floraux.com\/wp-content\/uploads\/2025\/03\/7691d083-6c4b-4693-8449-eb757c5320ed.jpg?resize=700%2C400&ssl=1 2x"},"classes":[]},{"id":4088,"url":"https:\/\/artstella-elixirs-floraux.com\/en\/product\/arbol-de-mariposa-fleur-sylfos-15ml\/","url_meta":{"origin":4231,"position":5},"title":"ARBOL DE MARIPOSA FLEUR SYLFOS 15ML","author":"eveapprill","date":"9 March 2025","format":false,"excerpt":"ARBRE\u00a0 AUX PAPILLONS \/ ARBOL DE MARIPOSAS Butterfly-Bush\u00a0\u00a0\u00a0\u00a0Buddleja davidii Pour ceux qui ont besoin de faire un changement dans leur vie et qui reconnaissent avoir besoin d\u2019une aide spirituelle. Recommand\u00e9 pour les personnes qui n\u2019arrivent pas \u00e0 avancer \u00e0 cause de l\u2019orgueil ou qui r\u00e9agissent de fa\u00e7on n\u00e9gative face aux\u2026","rel":"","context":"Similar post","block_context":{"text":"Similar post","link":""},"img":{"alt_text":"","src":"","width":0,"height":0},"classes":[]}],"_links":{"self":[{"href":"https:\/\/artstella-elixirs-floraux.com\/en\/wp-json\/wp\/v2\/product\/4231","targetHints":{"allow":["GET"]}}],"collection":[{"href":"https:\/\/artstella-elixirs-floraux.com\/en\/wp-json\/wp\/v2\/product"}],"about":[{"href":"https:\/\/artstella-elixirs-floraux.com\/en\/wp-json\/wp\/v2\/types\/product"}],"version-history":[{"count":0,"href":"https:\/\/artstella-elixirs-floraux.com\/en\/wp-json\/wp\/v2\/product\/4231\/revisions"}],"wp:featuredmedia":[{"embeddable":true,"href":"https:\/\/artstella-elixirs-floraux.com\/en\/wp-json\/wp\/v2\/media\/4232"}],"wp:attachment":[{"href":"https:\/\/artstella-elixirs-floraux.com\/en\/wp-json\/wp\/v2\/media?parent=4231"}],"wp:term":[{"taxonomy":"product_brand","embeddable":true,"href":"https:\/\/artstella-elixirs-floraux.com\/en\/wp-json\/wp\/v2\/product_brand?post=4231"},{"taxonomy":"product_cat","embeddable":true,"href":"https:\/\/artstella-elixirs-floraux.com\/en\/wp-json\/wp\/v2\/product_cat?post=4231"},{"taxonomy":"product_tag","embeddable":true,"href":"https:\/\/artstella-elixirs-floraux.com\/en\/wp-json\/wp\/v2\/product_tag?post=4231"}],"curies":[{"name":"wp","href":"https:\/\/api.w.org\/{rel}","templated":true}]}}