{"id":4247,"date":"2025-03-09T13:23:16","date_gmt":"2025-03-09T13:23:16","guid":{"rendered":"https:\/\/artstella-elixirs-floraux.com\/product\/otter-loutre-wea-30-ml\/"},"modified":"2025-05-05T12:42:17","modified_gmt":"2025-05-05T12:42:17","slug":"otter-loutre-wea-30-ml","status":"publish","type":"product","link":"https:\/\/artstella-elixirs-floraux.com\/en\/product\/otter-loutre-wea-30-ml\/","title":{"rendered":"OTTER\/LOUTRE WEA 30 ML"},"content":{"rendered":"","protected":false},"excerpt":{"rendered":"<p><strong><em>Otter (loutre) <\/em><\/strong><\/p>\n<p>Aide \u00e0 acc\u00e9der et \u00e0 son enfant int\u00e9rieur joyeux. Encourage \u00e0 faire l\u2019exp\u00e9rience de la vie comme un jeu joyeux et amusant. Pour d\u00e9velopper l\u2019humour, le rire, la joie et le bonheur d\u2019\u00eatre vivant.<\/p>","protected":false},"featured_media":4248,"template":"","meta":[],"product_brand":[],"product_cat":[145],"product_tag":[],"class_list":{"0":"post-4247","1":"product","2":"type-product","3":"status-publish","4":"has-post-thumbnail","6":"product_cat-les-elixirs-d-animaux","8":"first","9":"instock","10":"taxable","11":"shipping-taxable","12":"purchasable","13":"product-type-simple"},"etheme_brands":{"errors":{"invalid_taxonomy":["Invalid taxonomy."]},"error_data":[]},"jetpack_sharing_enabled":true,"jetpack-related-posts":[{"id":3603,"url":"https:\/\/artstella-elixirs-floraux.com\/en\/product\/27-joyous-purification-ltoe-15-ml\/","url_meta":{"origin":4247,"position":0},"title":"Purification joyeuse LTOE 15 ML","author":"eveapprill","date":"9 March 2025","format":false,"excerpt":"Purification joyeuse-\u00a0 Joyous Purification Purifie le chakra de base. Alors que la purification est souvent per\u00e7ue comme un processus ardu et douloureux, cet \u00e9lixir en fait une exp\u00e9rience joyeuse","rel":"","context":"Similar post","block_context":{"text":"Similar post","link":""},"img":{"alt_text":"Purification joyeuse LTOE 15 ML","src":"https:\/\/i0.wp.com\/artstella-elixirs-floraux.com\/wp-content\/uploads\/2025\/03\/b03fbc32-d881-4bda-9574-bafb53ab0456.jpg?resize=350%2C200&ssl=1","width":350,"height":200,"srcset":"https:\/\/i0.wp.com\/artstella-elixirs-floraux.com\/wp-content\/uploads\/2025\/03\/b03fbc32-d881-4bda-9574-bafb53ab0456.jpg?resize=350%2C200&ssl=1 1x, https:\/\/i0.wp.com\/artstella-elixirs-floraux.com\/wp-content\/uploads\/2025\/03\/b03fbc32-d881-4bda-9574-bafb53ab0456.jpg?resize=525%2C300&ssl=1 1.5x, https:\/\/i0.wp.com\/artstella-elixirs-floraux.com\/wp-content\/uploads\/2025\/03\/b03fbc32-d881-4bda-9574-bafb53ab0456.jpg?resize=700%2C400&ssl=1 2x"},"classes":[]},{"id":4476,"url":"https:\/\/artstella-elixirs-floraux.com\/en\/product\/sunshine-wattle-15-ml-bush\/","url_meta":{"origin":4247,"position":1},"title":"SUNSHINE WATTLE 15 ML BUSH","author":"eveapprill","date":"9 March 2025","format":false,"excerpt":"Sunshine Wattle Se d\u00e9battre, stagn\u00e9 dans le pass\u00e9, s\u2019attendre \u00e0 un avenir sinistre. Optimisme, espoir, accepter la joie et la beaut\u00e9 du pr\u00e9sent, l\u2019attente joyeuse du futur.","rel":"","context":"Similar post","block_context":{"text":"Similar post","link":""},"img":{"alt_text":"","src":"https:\/\/i0.wp.com\/artstella-elixirs-floraux.com\/wp-content\/uploads\/2025\/03\/wp-image1068.png?resize=350%2C200&ssl=1","width":350,"height":200},"classes":[]},{"id":3930,"url":"https:\/\/artstella-elixirs-floraux.com\/en\/product\/cigogne-a-e-phi-15-ml\/","url_meta":{"origin":4247,"position":2},"title":"CIGOGNE A.E PHI 15 ML","author":"eveapprill","date":"9 March 2025","format":false,"excerpt":"Cigogne (Ciconia ciconia) Storch convient aux personnes stress\u00e9es et dispers\u00e9es, qui ont besoin de calme.","rel":"","context":"Similar post","block_context":{"text":"Similar post","link":""},"img":{"alt_text":"","src":"","width":0,"height":0},"classes":[]},{"id":3974,"url":"https:\/\/artstella-elixirs-floraux.com\/en\/product\/phoque-a-e-15-ml-phi\/","url_meta":{"origin":4247,"position":3},"title":"PHOQUE A.E 15 ML PHI","author":"eveapprill","date":"9 March 2025","format":false,"excerpt":"Phoque (Phoca vitulina) Seehund Am\u00e9liore la compr\u00e9hension pour le jeu.","rel":"","context":"Similar post","block_context":{"text":"Similar post","link":""},"img":{"alt_text":"","src":"","width":0,"height":0},"classes":[]},{"id":5220,"url":"https:\/\/artstella-elixirs-floraux.com\/en\/product\/beluga\/","url_meta":{"origin":4247,"position":4},"title":"Beluga","author":"eveapprill","date":"9 March 2025","format":false,"excerpt":"Cet \u00e9lixir nous rappelle la joie et la l\u00e9g\u00e8ret\u00e9 enfantine. Il nous apprend \u00e0 ne pas prendre la vie trop au s\u00e9rieux et \u00e0 rester enjou\u00e9","rel":"","context":"Similar post","block_context":{"text":"Similar post","link":""},"img":{"alt_text":"","src":"https:\/\/i0.wp.com\/artstella-elixirs-floraux.com\/wp-content\/uploads\/2025\/03\/wp-image1501.png?resize=350%2C200&ssl=1","width":350,"height":200},"classes":[]},{"id":5510,"url":"https:\/\/artstella-elixirs-floraux.com\/en\/product\/beluga-2\/","url_meta":{"origin":4247,"position":5},"title":"BELUGA","author":"eveapprill","date":"9 March 2025","format":false,"excerpt":"BELUGA \u00a0- Wei\u00dfwal \u00a0\u00a0(Delphinapterus leucas) Cet \u00e9lixir nous rappelle la joie et la l\u00e9g\u00e8ret\u00e9 enfantine. Il nous apprend \u00e0 ne pas prendre la vie trop au s\u00e9rieux et \u00e0 rester enjou\u00e9. L\u2019\u00e9lixir aide \u00e9motionnellement les personnes qui ont souffert de blocages, de chocs ou d\u2019\u00e9motions n\u00e9gatives pendant la vie f\u0153tale\u2026","rel":"","context":"Similar post","block_context":{"text":"Similar post","link":""},"img":{"alt_text":"","src":"https:\/\/i0.wp.com\/artstella-elixirs-floraux.com\/wp-content\/uploads\/2025\/03\/wp-image1750.png?resize=350%2C200&ssl=1","width":350,"height":200},"classes":[]}],"_links":{"self":[{"href":"https:\/\/artstella-elixirs-floraux.com\/en\/wp-json\/wp\/v2\/product\/4247","targetHints":{"allow":["GET"]}}],"collection":[{"href":"https:\/\/artstella-elixirs-floraux.com\/en\/wp-json\/wp\/v2\/product"}],"about":[{"href":"https:\/\/artstella-elixirs-floraux.com\/en\/wp-json\/wp\/v2\/types\/product"}],"version-history":[{"count":0,"href":"https:\/\/artstella-elixirs-floraux.com\/en\/wp-json\/wp\/v2\/product\/4247\/revisions"}],"wp:featuredmedia":[{"embeddable":true,"href":"https:\/\/artstella-elixirs-floraux.com\/en\/wp-json\/wp\/v2\/media\/4248"}],"wp:attachment":[{"href":"https:\/\/artstella-elixirs-floraux.com\/en\/wp-json\/wp\/v2\/media?parent=4247"}],"wp:term":[{"taxonomy":"product_brand","embeddable":true,"href":"https:\/\/artstella-elixirs-floraux.com\/en\/wp-json\/wp\/v2\/product_brand?post=4247"},{"taxonomy":"product_cat","embeddable":true,"href":"https:\/\/artstella-elixirs-floraux.com\/en\/wp-json\/wp\/v2\/product_cat?post=4247"},{"taxonomy":"product_tag","embeddable":true,"href":"https:\/\/artstella-elixirs-floraux.com\/en\/wp-json\/wp\/v2\/product_tag?post=4247"}],"curies":[{"name":"wp","href":"https:\/\/api.w.org\/{rel}","templated":true}]}}