{"id":4259,"date":"2025-03-09T13:23:30","date_gmt":"2025-03-09T13:23:30","guid":{"rendered":"https:\/\/artstella-elixirs-floraux.com\/product\/white-rhinoceros-30-ml-wea\/"},"modified":"2025-05-05T12:55:44","modified_gmt":"2025-05-05T12:55:44","slug":"white-rhinoceros-30-ml-wea","status":"publish","type":"product","link":"https:\/\/artstella-elixirs-floraux.com\/en\/product\/white-rhinoceros-30-ml-wea\/","title":{"rendered":"WHITE RHINOCEROS 30 ML WEA"},"content":{"rendered":"","protected":false},"excerpt":{"rendered":"<p><strong><em>White Rhinoceros (rhinoc\u00e9ros blanc)<\/em><\/strong><\/p>\n<p>Lenteur de mouvement\u00a0; progr\u00e8s r\u00e9gulier\u00a0; force ancr\u00e9e\u00a0; conscience spirituelle du Divin prenant forme.<\/p>","protected":false},"featured_media":4260,"template":"","meta":[],"product_brand":[],"product_cat":[150],"product_tag":[],"class_list":{"0":"post-4259","1":"product","2":"type-product","3":"status-publish","4":"has-post-thumbnail","6":"product_cat-les-elixirs-d-animaux-complementaires","8":"first","9":"instock","10":"taxable","11":"shipping-taxable","12":"purchasable","13":"product-type-simple"},"etheme_brands":{"errors":{"invalid_taxonomy":["Invalid taxonomy."]},"error_data":[]},"jetpack_sharing_enabled":true,"jetpack-related-posts":[{"id":3956,"url":"https:\/\/artstella-elixirs-floraux.com\/en\/product\/rhinoceros-phi-15-ml\/","url_meta":{"origin":4259,"position":0},"title":"RHINOCEROS PHI 15 ML","author":"eveapprill","date":"9 March 2025","format":false,"excerpt":"Rhinoc\u00e9ros (Cerathotherium simum) repr\u00e9sente le principe archa\u00efque de l\u2019\u00e9nergie yang. Il aide \u00e0 imposer notre volont\u00e9. Il arrive que nous devions traverser des processus profonds et douloureux.","rel":"","context":"Similar post","block_context":{"text":"Similar post","link":""},"img":{"alt_text":"","src":"","width":0,"height":0},"classes":[]},{"id":4563,"url":"https:\/\/artstella-elixirs-floraux.com\/en\/product\/coffret-10-elixirs-danimaux-dafrique\/","url_meta":{"origin":4259,"position":1},"title":"COFFRET 10 \u00e9lixirs d&rsquo;ANIMAUX D&rsquo;AFRIQUE","author":"eveapprill","date":"9 March 2025","format":false,"excerpt":"Contient 10 flacon d'\u00e9liixirs d'animaux d'Afrique : Singe, El\u00e9phant, Hippopotame, Gnou, L\u00e9opard, Lion, Rhinoc\u00e9ros, Autruche, Aigle \u00e0 t\u00ebte blanche, Serpent.","rel":"","context":"Similar post","block_context":{"text":"Similar post","link":""},"img":{"alt_text":"","src":"https:\/\/i0.wp.com\/artstella-elixirs-floraux.com\/wp-content\/uploads\/2025\/03\/wp-image1164.png?resize=350%2C200&ssl=1","width":350,"height":200,"srcset":"https:\/\/i0.wp.com\/artstella-elixirs-floraux.com\/wp-content\/uploads\/2025\/03\/wp-image1164.png?resize=350%2C200&ssl=1 1x, https:\/\/i0.wp.com\/artstella-elixirs-floraux.com\/wp-content\/uploads\/2025\/03\/wp-image1164.png?resize=525%2C300&ssl=1 1.5x, https:\/\/i0.wp.com\/artstella-elixirs-floraux.com\/wp-content\/uploads\/2025\/03\/wp-image1164.png?resize=700%2C400&ssl=1 2x"},"classes":[]},{"id":4594,"url":"https:\/\/artstella-elixirs-floraux.com\/en\/product\/livre-white-light-anglais\/","url_meta":{"origin":4259,"position":2},"title":"LIVRE WHITE LIGHT anglais","author":"eveapprill","date":"9 March 2025","format":false,"excerpt":"LIVRE WHITE LIGHT anglais","rel":"","context":"Similar post","block_context":{"text":"Similar post","link":""},"img":{"alt_text":"","src":"","width":0,"height":0},"classes":[]},{"id":2898,"url":"https:\/\/artstella-elixirs-floraux.com\/en\/product\/white-chestnut-15-ml-phi\/","url_meta":{"origin":4259,"position":3},"title":"WHITE CHESTNUT 15 ML PHI","author":"eveapprill","date":"9 March 2025","format":false,"excerpt":"White chesnut (Aezsculus hippocastanum) Marronnier blanc) Apaise les pens\u00e9es et favorise la clart\u00e9 mentale.","rel":"","context":"Similar post","block_context":{"text":"Similar post","link":""},"img":{"alt_text":"","src":"https:\/\/i0.wp.com\/artstella-elixirs-floraux.com\/wp-content\/uploads\/2025\/03\/wp-image1102.png?resize=350%2C200&ssl=1","width":350,"height":200},"classes":[]},{"id":4702,"url":"https:\/\/artstella-elixirs-floraux.com\/en\/product\/white-lightning-14-2ml-perelandra\/","url_meta":{"origin":4259,"position":4},"title":"WHITE LIGHTNING 14.2ML PERELANDRA","author":"eveapprill","date":"9 March 2025","format":false,"excerpt":"WHITE LIGHTNING 15 ML PERELANDRA","rel":"","context":"Similar post","block_context":{"text":"Similar post","link":""},"img":{"alt_text":"","src":"https:\/\/i0.wp.com\/artstella-elixirs-floraux.com\/wp-content\/uploads\/2025\/03\/wp-image1281.png?resize=350%2C200&ssl=1","width":350,"height":200},"classes":[]},{"id":4588,"url":"https:\/\/artstella-elixirs-floraux.com\/en\/product\/les-elixirs-white-light-en-francais\/","url_meta":{"origin":4259,"position":5},"title":"Les \u00e9lixirs \u00ab\u00a0WHITE LIGHT\u00a0\u00bb en fran\u00e7ais","author":"eveapprill","date":"9 March 2025","format":false,"excerpt":"Petit opuscule pr\u00e9sentant cet aspect particulier de la recherche de Ian White qu'il a men\u00e9e \u00e0 travers tous les continents.","rel":"","context":"Similar post","block_context":{"text":"Similar post","link":""},"img":{"alt_text":"","src":"","width":0,"height":0},"classes":[]}],"_links":{"self":[{"href":"https:\/\/artstella-elixirs-floraux.com\/en\/wp-json\/wp\/v2\/product\/4259","targetHints":{"allow":["GET"]}}],"collection":[{"href":"https:\/\/artstella-elixirs-floraux.com\/en\/wp-json\/wp\/v2\/product"}],"about":[{"href":"https:\/\/artstella-elixirs-floraux.com\/en\/wp-json\/wp\/v2\/types\/product"}],"version-history":[{"count":0,"href":"https:\/\/artstella-elixirs-floraux.com\/en\/wp-json\/wp\/v2\/product\/4259\/revisions"}],"wp:featuredmedia":[{"embeddable":true,"href":"https:\/\/artstella-elixirs-floraux.com\/en\/wp-json\/wp\/v2\/media\/4260"}],"wp:attachment":[{"href":"https:\/\/artstella-elixirs-floraux.com\/en\/wp-json\/wp\/v2\/media?parent=4259"}],"wp:term":[{"taxonomy":"product_brand","embeddable":true,"href":"https:\/\/artstella-elixirs-floraux.com\/en\/wp-json\/wp\/v2\/product_brand?post=4259"},{"taxonomy":"product_cat","embeddable":true,"href":"https:\/\/artstella-elixirs-floraux.com\/en\/wp-json\/wp\/v2\/product_cat?post=4259"},{"taxonomy":"product_tag","embeddable":true,"href":"https:\/\/artstella-elixirs-floraux.com\/en\/wp-json\/wp\/v2\/product_tag?post=4259"}],"curies":[{"name":"wp","href":"https:\/\/api.w.org\/{rel}","templated":true}]}}